{"id":1205,"date":"2024-02-26T12:03:57","date_gmt":"2024-02-26T12:03:57","guid":{"rendered":"https:\/\/postnllogistic.com\/china\/?page_id=1205"},"modified":"2026-03-28T04:41:52","modified_gmt":"2026-03-28T04:41:52","slug":"%e5%9c%a8%e7%ba%bf%e8%b4%ad%e4%b9%b0%e9%a9%be%e9%a9%b6%e6%89%a7%e7%85%a7","status":"publish","type":"page","link":"https:\/\/docsmath.com\/pt\/\u5728\u7ebf\u8d2d\u4e70\u9a7e\u9a76\u6267\u7167\/","title":{"rendered":"Comprar uma carta de condu\u00e7\u00e3o online"},"content":{"rendered":"<div  class=\"vc_row wpb_row vc_row-fluid clearfix vc_custom_1572461067978\"><div class=\"wpb_column vc_column_container vc_col-sm-6\"><div class=\"vc_column-inner\"><div class=\"wpb_wrapper\"><h2 style=\"font-size: 28px;color: #000000;line-height: 32px;text-align: left\" class=\"vc_custom_heading wpb_animate_when_almost_visible wpb_Array Array\" >Garanta o seu futuro na condu\u00e7\u00e3o com Docsmath.com: O seu fornecedor de confian\u00e7a de cartas de condu\u00e7\u00e3o portuguesas.<\/h2>\n\t<div class=\"wpb_text_column wpb_content_element\">\n\t\t<div class=\"wpb_wrapper\">\n\t\t\t<p style=\"text-align: justify;\">Na Docsmath.com, compreendemos a import\u00e2ncia de ter uma carta de condu\u00e7\u00e3o v\u00e1lida. Como o seu fornecedor de confian\u00e7a de cartas de condu\u00e7\u00e3o na China, seja para comprar cartas de condu\u00e7\u00e3o aut\u00eanticas ou falsificadas online,<a href=\"https:\/\/docsmath.com\/pt\/\u5728\u7ebf\u8d2d\u4e70\u9a7e\u9a76\u6267\u7167\/\">Garantimos que pode<\/a>Obtenha uma carta de condu\u00e7\u00e3o facilmente.<\/p>\n<h3 style=\"text-align: justify;\">Porqu\u00ea escolher-nos?<\/h3>\n<p style=\"text-align: justify;\">Somos uma reputada loja de cartas de condu\u00e7\u00e3o que satisfaz as diversas necessidades dos indiv\u00edduos em toda a China. O nosso compromisso consiste em fornecer documentos aut\u00eanticos que cumpram os requisitos legais. \u00c9 isto que nos distingue:<\/p>\n<p style=\"text-align: justify;\">Uma vasta gama de op\u00e7\u00f5es: quer precise de comprar uma carta de condu\u00e7\u00e3o por motivos pessoais ou profissionais, oferecemos cartas de condu\u00e7\u00e3o verdadeiras e falsas para satisfazer as suas necessidades. A nossa vasta sele\u00e7\u00e3o garante que encontra a op\u00e7\u00e3o perfeita.<\/p>\n<p style=\"text-align: justify;\">DOCUMENTOS LEGAIS: fique descansado que ao comprar uma carta de condu\u00e7\u00e3o connosco, est\u00e1 a investir em autenticidade. Os nossos documentos s\u00e3o legalmente reconhecidos, dando-lhe tranquilidade na estrada em Portugal.<\/p>\n<p style=\"text-align: justify;\">PROCESSO SEM EMENDA: a nossa plataforma de f\u00e1cil utiliza\u00e7\u00e3o facilita a compra de uma carta de condu\u00e7\u00e3o online. Com apenas alguns cliques, pode consultar o nosso invent\u00e1rio, selecionar a carta de condu\u00e7\u00e3o de que necessita e, em seguida, proceder \u00e0 sua compra com seguran\u00e7a.<\/p>\n<h3 style=\"text-align: justify;\">Comprar carta de condu\u00e7\u00e3o online legalmente<\/h3>\n<p style=\"text-align: justify;\"><a href=\"https:\/\/en.wikipedia.org\/wiki\/Driver%27s_license\">Em termos de legalidade<\/a>A Docsmath.com \u00e9 o seu parceiro de confian\u00e7a. Cumprimos todos os acordos legais para garantir que os nossos servi\u00e7os cumprem os requisitos regulamentares. As nossas cartas de condu\u00e7\u00e3o aut\u00eanticas s\u00e3o emitidas por canais oficiais, fornecendo-lhe documentos legalmente reconhecidos.<\/p>\n<h3 style=\"text-align: justify;\">Comprar uma carta de condu\u00e7\u00e3o na China<\/h3>\n<p style=\"text-align: justify;\">Obter uma carta de condu\u00e7\u00e3o na China pode ser uma tarefa assustadora. Isto \u00e9... <a href=\"https:\/\/docsmath.com\/pt\/\">Docsmath.com<\/a> \u00c9 aqui que entra a nossa experi\u00eancia. Simplificamos o processo, facilitando a obten\u00e7\u00e3o da sua carta de condu\u00e7\u00e3o na China. Com os nossos especialistas e experi\u00eancia, pode evitar atrasos e burocracias desnecess\u00e1rias.<\/p>\n<h3 style=\"text-align: justify;\">Transac\u00e7\u00f5es seguras<\/h3>\n<p style=\"text-align: justify;\">A sua seguran\u00e7a \u00e9 a nossa principal prioridade. No Docsmath.com, utilizamos uma encripta\u00e7\u00e3o forte para proteger as suas informa\u00e7\u00f5es pessoais e transac\u00e7\u00f5es financeiras. Pode confiar em n\u00f3s para tratarmos os seus dados com a m\u00e1xima confidencialidade.<\/p>\n<h3 style=\"text-align: justify;\">Experimente a conveni\u00eancia hoje mesmo!<\/h3>\n<p style=\"text-align: justify;\">\u4e0d\u8981\u8ba9\u6ca1\u6709\u9a7e\u9a76\u6267\u7167\u963b\u788d\u60a8\u3002 \u65e0\u8bba\u60a8\u662f\u4e2d\u56fd\u5c45\u6c11\u8fd8\u662f\u8bbf\u5ba2\uff0cDocsmath.com \u90fd\u80fd<a href=\"https:\/\/docsmath.com\/pt\/comprar-dolares-e-euros-online\/\">\u63d0\u4f9b\u53ef\u9760\u7684\u89e3\u51b3\u65b9\u6848<\/a>\u3002 \u51ed\u501f\u6211\u4eec\u9ad8\u6548\u7684\u670d\u52a1\u548c\u771f\u5b9e\u7684\u6587\u4ef6\uff0c\u60a8\u53ef\u4ee5\u653e\u5fc3\u4e0a\u8def\u3002<\/p>\n<p style=\"text-align: justify;\"><strong><em>Contacte-nos hoje para explorar os nossos produtos e iniciar a sua viagem de condu\u00e7\u00e3o com facilidade!<\/em><\/strong><\/p>\n\n\t\t<\/div> \n\t<\/div> <\/div><\/div><\/div><div class=\"wpb_column vc_column_container vc_col-sm-6\"><div class=\"vc_column-inner\"><div class=\"wpb_wrapper\">\n\t<div  class=\"wpb_single_image wpb_content_element vc_align_right  wpb_animate_when_almost_visible wpb_fadeInRightBig fadeInRightBig\">\n\t\t\n\t\t<figure class=\"wpb_wrapper vc_figure\">\n\t\t\t<a data-rel=\"prettyPhoto[rel-1205-1928915197]\" href=\"https:\/\/docsmath.com\/wp-content\/uploads\/2024\/02\/driving-license.jpg\" target=\"_self\" class=\"vc_single_image-wrapper vc_box_rounded  vc_box_border_grey prettyphoto\"><img loading=\"lazy\" decoding=\"async\" width=\"555\" height=\"486\" src=\"https:\/\/docsmath.com\/wp-content\/uploads\/2024\/02\/driving-license.jpg\" class=\"vc_single_image-img attachment-full\" alt=\"Comprar uma carta de condu\u00e7\u00e3o online\" \/><\/a>\n\t\t<\/figure>\n\t<\/div>\n\n\t<div class=\"wpb_text_column wpb_content_element\">\n\t\t<div class=\"wpb_wrapper\">\n\t\t\t<p><strong>Se tiver quaisquer quest\u00f5es ou preocupa\u00e7\u00f5es sobre o Servi\u00e7o, pode contactar-nos por e-mail (contact@docsmath.com) ou por telefone\/whatsapp (+447831833593) para solicitar quaisquer servi\u00e7os de que necessite.<\/strong><\/p>\n\n\t\t<\/div> \n\t<\/div> <\/div><\/div><\/div><\/div><div class=\"clearfix\"><\/div><div  data-vc-full-width=\"true\" data-vc-full-width-init=\"false\" class=\"vc_row wpb_row vc_row-fluid clearfix vc_custom_1572457786201 vc_row-vc-full-width\"><div class=\"wpb_column vc_column_container vc_col-sm-12\"><div class=\"vc_column-inner\"><div class=\"wpb_wrapper\">\r\n\t\t<div  class=\"testimonials-area    testimonials_type_carousel\">\r\n\r\n\t\t\t\r\n\t\t\t\t\t\t\r\n\t\t\t\r\n\t\t\t\r\n\t\t\t\t\t\t\r\n\t\t\t\r\n\t\t\t\r\n\t\t\t\t\t\t\t\r\n\t\t\t<h6 class='section-pre-title'>palavras<\/h6><h3 class='section-title' style='color:#ffffff;'  >O que dizem os nossos clientes<\/h3>\t\t\t\r\n\t\t\t\r\n\t\t\t\t\t\r\n\t\t\t\r\n\t\t\t<div class=\"carousel-type-1\">\r\n            \r\n            <div class=\"owl-carousel\" data-max-items=\"2\" data-item-margin=\"30\" data-autoplay=\"yes\">\r\n\t\t\t\t\r\n\t\t\t\t\r\n\t\t\t\t<div class=\"item-carousel\">\r\n\t\t\t\t\t<!-- Carousel Item -->\r\n\t\t\t\t\t<div class=\"testimonial\">\r\n\t\t\t\t\t  \r\n\t\t\t\t\t  <div class=\"testimonial-holder\" >\r\n\t\t\t\t\t\t<h6  style=\"color:#ffffff\" >Chen Jie<\/h6>\r\n\t\t\t\t\t\t\r\n\t\t\t\t\t\t  <p  style=\"color:#ffffff\" >Estava hesitante em comprar um passaporte online, mas depois de ler cr\u00edticas positivas sobre esta loja, decidi experimentar. Estou muito contente por o ter feito! O passaporte que recebi era de muito boa qualidade e parecia aut\u00eantico. ...<\/p>\r\n\t\t\t\t\t\t\r\n\t\t\t\t\t  <\/div>\r\n\r\n\t\t\t\t\t  <div class=\"author-box\">\r\n\r\n\t\t\t\t\t\t<a href=\"https:\/\/docsmath.com\/pt\/testimonials\/chen-jie\/\" class=\"avatar\">\r\n\t\t\t\t\t\t  <img decoding=\"async\" width=\"120\" height=\"120\" src=\"http:\/\/dummyimage.com\/120x120&text=NO RESIZE\"  title='Chen Jie'  alt=''  class='tr_all'  \/>\t\t\t\t\t\t<\/a>\r\n\r\n\t\t\t\t\t\t<div class=\"author-info\">\r\n\r\n\t\t\t\t\t\t  <span class=\"author-name\" style=\"color:#ffffff\"  >Chen Jie<\/span>\r\n\t\t\t\t\t\t  <span class=\"author-position\"><\/span>\r\n\r\n\t\t\t\t\t\t<\/div>\r\n\r\n\t\t\t\t\t  <\/div>\r\n\r\n\t\t\t\t\t<\/div>\r\n\t\t\t\t\t<!-- \/Carousel Item -->\r\n\t\t\t\t<\/div>\r\n\t\t\t\t\t\r\n\t\t\t\t\t\r\n\t\t\t\t\r\n\t\t\t\t<div class=\"item-carousel\">\r\n\t\t\t\t\t<!-- Carousel Item -->\r\n\t\t\t\t\t<div class=\"testimonial\">\r\n\t\t\t\t\t  \r\n\t\t\t\t\t  <div class=\"testimonial-holder\" >\r\n\t\t\t\t\t\t<h6  style=\"color:#ffffff\" >Zhang Wei<\/h6>\r\n\t\t\t\t\t\t\r\n\t\t\t\t\t\t  <p  style=\"color:#ffffff\" >Estava a precisar urgentemente de servi\u00e7os de c\u00e2mbio de RMB e esta loja ajudou-me. Os pre\u00e7os eram competitivos e a transa\u00e7\u00e3o foi r\u00e1pida e sem complica\u00e7\u00f5es. Os funcion\u00e1rios foram simp\u00e1ticos e profissionais e guiaram-me atrav\u00e9s do processo com facilidade. ...<\/p>\r\n\t\t\t\t\t\t\r\n\t\t\t\t\t  <\/div>\r\n\r\n\t\t\t\t\t  <div class=\"author-box\">\r\n\r\n\t\t\t\t\t\t<a href=\"https:\/\/docsmath.com\/pt\/testimonials\/zhang-wei\/\" class=\"avatar\">\r\n\t\t\t\t\t\t  <img decoding=\"async\" width=\"120\" height=\"120\" src=\"http:\/\/dummyimage.com\/120x120&text=NO RESIZE\"  title='Zhang Wei'  alt=''  class='tr_all'  \/>\t\t\t\t\t\t<\/a>\r\n\r\n\t\t\t\t\t\t<div class=\"author-info\">\r\n\r\n\t\t\t\t\t\t  <span class=\"author-name\" style=\"color:#ffffff\"  >Zhang Wei<\/span>\r\n\t\t\t\t\t\t  <span class=\"author-position\"><\/span>\r\n\r\n\t\t\t\t\t\t<\/div>\r\n\r\n\t\t\t\t\t  <\/div>\r\n\r\n\t\t\t\t\t<\/div>\r\n\t\t\t\t\t<!-- \/Carousel Item -->\r\n\t\t\t\t<\/div>\r\n\t\t\t\t\t\r\n\t\t\t\t\t\r\n\t\t\t\t\r\n\t\t\t\t<div class=\"item-carousel\">\r\n\t\t\t\t\t<!-- Carousel Item -->\r\n\t\t\t\t\t<div class=\"testimonial\">\r\n\t\t\t\t\t  \r\n\t\t\t\t\t  <div class=\"testimonial-holder\" >\r\n\t\t\t\t\t\t<h6  style=\"color:#ffffff\" >Li Wei<\/h6>\r\n\t\t\t\t\t\t\r\n\t\t\t\t\t\t  <p  style=\"color:#ffffff\" >Obter um passaporte e uma carta de condu\u00e7\u00e3o nesta loja foi muito f\u00e1cil! Todo o processo decorreu sem problemas e os documentos foram entregues de forma discreta e atempada. No in\u00edcio estava c\u00e9tico, mas a qualidade dos documentos excedeu as minhas expectativas. ...<\/p>\r\n\t\t\t\t\t\t\r\n\t\t\t\t\t  <\/div>\r\n\r\n\t\t\t\t\t  <div class=\"author-box\">\r\n\r\n\t\t\t\t\t\t<a href=\"https:\/\/docsmath.com\/pt\/testimonials\/li-wei\/\" class=\"avatar\">\r\n\t\t\t\t\t\t  <img decoding=\"async\" width=\"120\" height=\"120\" src=\"http:\/\/dummyimage.com\/120x120&text=NO RESIZE\"  title='Li Wei'  alt=''  class='tr_all'  \/>\t\t\t\t\t\t<\/a>\r\n\r\n\t\t\t\t\t\t<div class=\"author-info\">\r\n\r\n\t\t\t\t\t\t  <span class=\"author-name\" style=\"color:#ffffff\"  >Li Wei<\/span>\r\n\t\t\t\t\t\t  <span class=\"author-position\"><\/span>\r\n\r\n\t\t\t\t\t\t<\/div>\r\n\r\n\t\t\t\t\t  <\/div>\r\n\r\n\t\t\t\t\t<\/div>\r\n\t\t\t\t\t<!-- \/Carousel Item -->\r\n\t\t\t\t<\/div>\r\n\t\t\t\t\t\r\n\t\t\t\t\t\r\n\t\t\t\t\t\t\t\r\n\t\t\t\r\n\t\t\t<\/div>\r\n\t\t\t<\/div>\r\n\t\t\t\r\n\t\t\t\t\t\t\r\n\t\t\t\r\n\t\t\t\r\n\t\t\t\r\n\t\t\t\t\r\n\t\t\t\r\n\t\t\t\r\n\t\t\t\r\n\t\t\t\r\n\t\t\t\r\n\t\t\t\r\n\t\t\t\r\n\t\t\t\r\n\t\t\t\r\n\t\t\t\r\n\t\t\t\r\n\t\t<\/div><!--\/ .testimonials-area-->\r\n\r\n\t\t\r\n\r\n\t\t<\/div><\/div><\/div><\/div><div class=\"vc_row-full-width\"><\/div><div class=\"clearfix\"><\/div><!-- Row Backgrounds --><div class=\"upb_bg_img\" data-ultimate-bg=\"url(https:\/\/docsmath.com\/wp-content\/uploads\/2019\/10\/testimonials-background.jpg)\" data-image-id=\"id^983|url^https:\/\/www.usefulphantom.com\/newssd\/wp-content\/uploads\/2019\/10\/testimonials-background.jpg|caption^null|alt^null|title^testimonials-background|description^null\" data-ultimate-bg-style=\"vcpb-default\" data-bg-img-repeat=\"no-repeat\" data-bg-img-size=\"cover\" data-bg-img-position=\"\" data-parallx_sense=\"30\" data-bg-override=\"0\" data-bg_img_attach=\"fixed\" data-upb-overlay-color=\"\" data-upb-bg-animation=\"\" data-fadeout=\"\" data-bg-animation=\"left-animation\" data-bg-animation-type=\"h\" data-animation-repeat=\"repeat\" data-fadeout-percentage=\"30\" data-parallax-content=\"\" data-parallax-content-sense=\"30\" data-row-effect-mobile-disable=\"true\" data-img-parallax-mobile-disable=\"true\" data-rtl=\"false\"  data-custom-vc-row=\"\"  data-vc=\"5.5.1\"  data-is_old_vc=\"\"  data-theme-support=\"\"   data-overlay=\"false\" data-overlay-color=\"\" data-overlay-pattern=\"\" data-overlay-pattern-opacity=\"\" data-overlay-pattern-size=\"\"    ><\/div><div  data-vc-full-width=\"true\" data-vc-full-width-init=\"false\" class=\"vc_row wpb_row vc_row-fluid clearfix vc_custom_1572460268764 vc_row-vc-full-width\"><div class=\"wpb_column vc_column_container vc_col-sm-6\"><div class=\"vc_column-inner\"><div class=\"wpb_wrapper\"><div class='wpb_custom_title wpb_content_element align-left'><h6 class='section-pre-title'  style='color:#aab3b6;'  >Obter um or\u00e7amento<\/h6><h2 class='section-title'  style='color:#2a2c32;'  >Solicite um or\u00e7amento gratuito!<\/h2><\/div>\n\t<div class=\"wpb_text_column wpb_content_element\">\n\t\t<div class=\"wpb_wrapper\">\n\t\t\t<p>Contacte a nossa equipa ou preencha o formul\u00e1rio. Um representante entrar\u00e1 em contacto consigo em breve.<\/p>\n<p>Responderemos a todas as suas chamadas, mensagens de whatsapp e e-mails no prazo de 48-72 horas. Agradecemos a vossa paci\u00eancia e compreens\u00e3o.<\/p>\n\n\t\t<\/div> \n\t<\/div> \r\n\t\t<div class=\"contact-info-block\">\r\n\r\n\t\t\t\t\t\t\t<h5 class=\"fw-medium\">Escrit\u00f3rio na China<\/h5>\r\n\t\t\t\r\n\t\t\t<p>6 Ritan Rd, Chaoyang District, Pequim 10060 (CHINA)<\/p>\n\r\n\t\t\t<ul class=\"contact-info\">\r\n\r\n                <li><span class=\"licon-telephone\"><\/span> <a href=\"callto: 447831833593\">+447831833593<\/a><\/li>\r\n                <li><span class=\"licon-at-sign\"><\/span> <a href=\"mailto:contact@pronoveltydocs.com\">contact@pronoveltydocs.com<\/a><\/li>\r\n\r\n            <\/ul>\r\n\r\n\t\t<\/div><!--\/ .contact-info-block-->\r\n\r\n\t\t<\/div><\/div><\/div><div class=\"wpb_column vc_column_container vc_col-sm-6\"><div class=\"vc_column-inner\"><div class=\"wpb_wrapper\"><div role=\"form\" class=\"wpcf7\" id=\"wpcf7-f985-o1\" lang=\"en-US\" dir=\"ltr\">\n<div class=\"screen-reader-response\"><\/div>\n<form action=\"\/pt\/wp-json\/wp\/v2\/pages\/1205#wpcf7-f985-o1\" method=\"post\" class=\"wpcf7-form\" novalidate=\"novalidate\" data-trp-original-action=\"\/pt\/wp-json\/wp\/v2\/pages\/1205#wpcf7-f985-o1\">\n<div style=\"display: none;\">\n<input type=\"hidden\" name=\"_wpcf7\" value=\"985\" \/>\n<input type=\"hidden\" name=\"_wpcf7_version\" value=\"5.1.4\" \/>\n<input type=\"hidden\" name=\"_wpcf7_locale\" value=\"en_US\" \/>\n<input type=\"hidden\" name=\"_wpcf7_unit_tag\" value=\"wpcf7-f985-o1\" \/>\n<input type=\"hidden\" name=\"_wpcf7_container_post\" value=\"0\" \/>\n<\/div>\n<div class=\"form-style1 fx-cols-2\">\n<div class=\"form-column\"><span class=\"wpcf7-form-control-wrap text-325\"><input type=\"text\" name=\"text-325\" value=\"\" size=\"40\" class=\"wpcf7-form-control wpcf7-text wpcf7-validates-as-required\" aria-required=\"true\" aria-invalid=\"false\" placeholder=\"O seu nome.\" \/><\/span><\/div>\n<div class=\"form-column\"><span class=\"wpcf7-form-control-wrap email-453\"><input type=\"email\" name=\"email-453\" value=\"\" size=\"40\" class=\"wpcf7-form-control wpcf7-text wpcf7-email wpcf7-validates-as-required wpcf7-validates-as-email\" aria-required=\"true\" aria-invalid=\"false\" placeholder=\"O seu correio\" \/><\/span><\/div>\n<div class=\"form-column\"><span class=\"wpcf7-form-control-wrap tel-411\"><input type=\"tel\" name=\"tel-411\" value=\"\" size=\"40\" class=\"wpcf7-form-control wpcf7-text wpcf7-tel wpcf7-validates-as-required wpcf7-validates-as-tel\" aria-required=\"true\" aria-invalid=\"false\" placeholder=\"n\u00famero de telefone\" \/><\/span><\/div>\n<div class=\"form-column\"><span class=\"wpcf7-form-control-wrap text-328\"><input type=\"text\" name=\"text-328\" value=\"\" size=\"40\" class=\"wpcf7-form-control wpcf7-text wpcf7-validates-as-required\" aria-required=\"true\" aria-invalid=\"false\" placeholder=\"O seu pa\u00eds.\" \/><\/span><\/div>\n<div class=\"form-column\"><span class=\"wpcf7-form-control-wrap text-329\"><input type=\"text\" name=\"text-329\" value=\"\" size=\"40\" class=\"wpcf7-form-control wpcf7-text wpcf7-validates-as-required\" aria-required=\"true\" aria-invalid=\"false\" placeholder=\"tem\u00e1tico\" \/><\/span><\/div>\n<div class=\"form-column\"><span class=\"wpcf7-form-control-wrap text-330\"><input type=\"text\" name=\"text-330\" value=\"\" size=\"40\" class=\"wpcf7-form-control wpcf7-text wpcf7-validates-as-required\" aria-required=\"true\" aria-invalid=\"false\" placeholder=\"Refer\u00eancia aos servi\u00e7os\" \/><\/span><\/div>\n<div class=\"form-column-full\"><span class=\"wpcf7-form-control-wrap textarea-117\"><textarea name=\"textarea-117\" cols=\"40\" rows=\"4\" class=\"wpcf7-form-control wpcf7-textarea\" aria-invalid=\"false\" placeholder=\"informa\u00e7\u00e3o\"><\/textarea><\/span><\/div>\n<div class=\"form-column-full align-left\"><input type=\"submit\" value=\"Enviar mensagem\" class=\"wpcf7-form-control wpcf7-submit\" \/><\/div>\n<\/div>\n<div class=\"wpcf7-response-output wpcf7-display-none\"><\/div><input type=\"hidden\" name=\"trp-form-language\" value=\"pt\"\/><\/form><\/div><\/div><\/div><\/div><\/div><div class=\"vc_row-full-width\"><\/div><div class=\"clearfix\"><\/div>","protected":false},"excerpt":{"rendered":"\u901a\u8fc7 Docsmath.com \u786e\u4fdd\u60a8\u7684\u9a7e\u9a76\u672a\u6765\uff1a\u60a8\u503c\u5f97\u4fe1\u8d56\u7684\u4e2d\u56fd\u9a7e\u9a76\u6267\u7167\u4f9b\u5e94\u5546 \u5728 Docsmath.com [...]","protected":false},"author":1,"featured_media":0,"parent":0,"menu_order":0,"comment_status":"closed","ping_status":"closed","template":"","meta":{"_joinchat":[],"footnotes":""},"yoast_head":"<!-- This site is optimized with the Yoast SEO plugin v24.1 - https:\/\/yoast.com\/wordpress\/plugins\/seo\/ -->\n<title>\u9a7e\u9a76\u6267\u7167\u4e70\u5356 \u2013 \u5728\u7ebf\u8d2d\u4e70\u9a7e\u9a76\u6267\u7167 | DocsMath<\/title>\n<meta name=\"description\" content=\"\u60f3\u5728\u7f51\u4e0a\u8d2d\u4e70\u9a7e\u9a76\u6267\u7167\uff1f\u4e86\u89e3\u5176\u4e2d\u7684\u98ce\u9669\u3001\u6cd5\u5f8b\u540e\u679c\uff0c\u4ee5\u53ca\u5982\u4f55\u901a\u8fc7\u5b98\u65b9\u6e20\u9053\u6b63\u786e\u7533\u8bf7\u9a7e\u9a76\u6267\u7167\u3002\" \/>\n<meta name=\"robots\" content=\"index, follow, max-snippet:-1, max-image-preview:large, max-video-preview:-1\" \/>\n<link rel=\"canonical\" href=\"https:\/\/docsmath.com\/pt\/\u5728\u7ebf\u8d2d\u4e70\u9a7e\u9a76\u6267\u7167\/\" \/>\n<meta property=\"og:locale\" content=\"pt_PT\" \/>\n<meta property=\"og:type\" content=\"article\" \/>\n<meta property=\"og:title\" content=\"\u9a7e\u9a76\u6267\u7167\u4e70\u5356 \u2013 \u5728\u7ebf\u8d2d\u4e70\u9a7e\u9a76\u6267\u7167 | DocsMath\" \/>\n<meta property=\"og:description\" content=\"\u60f3\u5728\u7f51\u4e0a\u8d2d\u4e70\u9a7e\u9a76\u6267\u7167\uff1f\u4e86\u89e3\u5176\u4e2d\u7684\u98ce\u9669\u3001\u6cd5\u5f8b\u540e\u679c\uff0c\u4ee5\u53ca\u5982\u4f55\u901a\u8fc7\u5b98\u65b9\u6e20\u9053\u6b63\u786e\u7533\u8bf7\u9a7e\u9a76\u6267\u7167\u3002\" \/>\n<meta property=\"og:url\" content=\"https:\/\/docsmath.com\/pt\/\u5728\u7ebf\u8d2d\u4e70\u9a7e\u9a76\u6267\u7167\/\" \/>\n<meta property=\"og:site_name\" content=\"DocsMath\" \/>\n<meta property=\"article:modified_time\" content=\"2026-03-28T04:41:52+00:00\" \/>\n<meta name=\"twitter:card\" content=\"summary_large_image\" \/>\n<meta name=\"twitter:label1\" content=\"Est. reading time\" \/>\n\t<meta name=\"twitter:data1\" content=\"1 minuto\" \/>\n<script type=\"application\/ld+json\" class=\"yoast-schema-graph\">{\"@context\":\"https:\/\/schema.org\",\"@graph\":[{\"@type\":\"WebPage\",\"@id\":\"https:\/\/docsmath.com\/%e5%9c%a8%e7%ba%bf%e8%b4%ad%e4%b9%b0%e9%a9%be%e9%a9%b6%e6%89%a7%e7%85%a7\/\",\"url\":\"https:\/\/docsmath.com\/%e5%9c%a8%e7%ba%bf%e8%b4%ad%e4%b9%b0%e9%a9%be%e9%a9%b6%e6%89%a7%e7%85%a7\/\",\"name\":\"\u9a7e\u9a76\u6267\u7167\u4e70\u5356 \u2013 \u5728\u7ebf\u8d2d\u4e70\u9a7e\u9a76\u6267\u7167 | DocsMath\",\"isPartOf\":{\"@id\":\"https:\/\/docsmath.com\/#website\"},\"datePublished\":\"2024-02-26T12:03:57+00:00\",\"dateModified\":\"2026-03-28T04:41:52+00:00\",\"description\":\"\u60f3\u5728\u7f51\u4e0a\u8d2d\u4e70\u9a7e\u9a76\u6267\u7167\uff1f\u4e86\u89e3\u5176\u4e2d\u7684\u98ce\u9669\u3001\u6cd5\u5f8b\u540e\u679c\uff0c\u4ee5\u53ca\u5982\u4f55\u901a\u8fc7\u5b98\u65b9\u6e20\u9053\u6b63\u786e\u7533\u8bf7\u9a7e\u9a76\u6267\u7167\u3002\",\"breadcrumb\":{\"@id\":\"https:\/\/docsmath.com\/%e5%9c%a8%e7%ba%bf%e8%b4%ad%e4%b9%b0%e9%a9%be%e9%a9%b6%e6%89%a7%e7%85%a7\/#breadcrumb\"},\"inLanguage\":\"pt-PT\",\"potentialAction\":[{\"@type\":\"ReadAction\",\"target\":[\"https:\/\/docsmath.com\/%e5%9c%a8%e7%ba%bf%e8%b4%ad%e4%b9%b0%e9%a9%be%e9%a9%b6%e6%89%a7%e7%85%a7\/\"]}]},{\"@type\":\"BreadcrumbList\",\"@id\":\"https:\/\/docsmath.com\/%e5%9c%a8%e7%ba%bf%e8%b4%ad%e4%b9%b0%e9%a9%be%e9%a9%b6%e6%89%a7%e7%85%a7\/#breadcrumb\",\"itemListElement\":[{\"@type\":\"ListItem\",\"position\":1,\"name\":\"Home\",\"item\":\"https:\/\/docsmath.com\/\"},{\"@type\":\"ListItem\",\"position\":2,\"name\":\"\u5728\u7ebf\u8d2d\u4e70\u9a7e\u9a76\u6267\u7167\"}]},{\"@type\":\"WebSite\",\"@id\":\"https:\/\/docsmath.com\/#website\",\"url\":\"https:\/\/docsmath.com\/\",\"name\":\"DocsMath\",\"description\":\"#1 Place to Buy Documents &amp; Chemical Products\",\"potentialAction\":[{\"@type\":\"SearchAction\",\"target\":{\"@type\":\"EntryPoint\",\"urlTemplate\":\"https:\/\/docsmath.com\/?s={search_term_string}\"},\"query-input\":{\"@type\":\"PropertyValueSpecification\",\"valueRequired\":true,\"valueName\":\"search_term_string\"}}],\"inLanguage\":\"pt-PT\"}]}<\/script>\n<!-- \/ Yoast SEO plugin. -->","yoast_head_json":{"title":"\u9a7e\u9a76\u6267\u7167\u4e70\u5356 \u2013 \u5728\u7ebf\u8d2d\u4e70\u9a7e\u9a76\u6267\u7167 | DocsMath","description":"\u60f3\u5728\u7f51\u4e0a\u8d2d\u4e70\u9a7e\u9a76\u6267\u7167\uff1f\u4e86\u89e3\u5176\u4e2d\u7684\u98ce\u9669\u3001\u6cd5\u5f8b\u540e\u679c\uff0c\u4ee5\u53ca\u5982\u4f55\u901a\u8fc7\u5b98\u65b9\u6e20\u9053\u6b63\u786e\u7533\u8bf7\u9a7e\u9a76\u6267\u7167\u3002","robots":{"index":"index","follow":"follow","max-snippet":"max-snippet:-1","max-image-preview":"max-image-preview:large","max-video-preview":"max-video-preview:-1"},"canonical":"https:\/\/docsmath.com\/pt\/\u5728\u7ebf\u8d2d\u4e70\u9a7e\u9a76\u6267\u7167\/","og_locale":"pt_PT","og_type":"article","og_title":"\u9a7e\u9a76\u6267\u7167\u4e70\u5356 \u2013 \u5728\u7ebf\u8d2d\u4e70\u9a7e\u9a76\u6267\u7167 | DocsMath","og_description":"\u60f3\u5728\u7f51\u4e0a\u8d2d\u4e70\u9a7e\u9a76\u6267\u7167\uff1f\u4e86\u89e3\u5176\u4e2d\u7684\u98ce\u9669\u3001\u6cd5\u5f8b\u540e\u679c\uff0c\u4ee5\u53ca\u5982\u4f55\u901a\u8fc7\u5b98\u65b9\u6e20\u9053\u6b63\u786e\u7533\u8bf7\u9a7e\u9a76\u6267\u7167\u3002","og_url":"https:\/\/docsmath.com\/pt\/\u5728\u7ebf\u8d2d\u4e70\u9a7e\u9a76\u6267\u7167\/","og_site_name":"DocsMath","article_modified_time":"2026-03-28T04:41:52+00:00","twitter_card":"summary_large_image","twitter_misc":{"Est. reading time":"1 minuto"},"schema":{"@context":"https:\/\/schema.org","@graph":[{"@type":"WebPage","@id":"https:\/\/docsmath.com\/%e5%9c%a8%e7%ba%bf%e8%b4%ad%e4%b9%b0%e9%a9%be%e9%a9%b6%e6%89%a7%e7%85%a7\/","url":"https:\/\/docsmath.com\/%e5%9c%a8%e7%ba%bf%e8%b4%ad%e4%b9%b0%e9%a9%be%e9%a9%b6%e6%89%a7%e7%85%a7\/","name":"\u9a7e\u9a76\u6267\u7167\u4e70\u5356 \u2013 \u5728\u7ebf\u8d2d\u4e70\u9a7e\u9a76\u6267\u7167 | DocsMath","isPartOf":{"@id":"https:\/\/docsmath.com\/#website"},"datePublished":"2024-02-26T12:03:57+00:00","dateModified":"2026-03-28T04:41:52+00:00","description":"\u60f3\u5728\u7f51\u4e0a\u8d2d\u4e70\u9a7e\u9a76\u6267\u7167\uff1f\u4e86\u89e3\u5176\u4e2d\u7684\u98ce\u9669\u3001\u6cd5\u5f8b\u540e\u679c\uff0c\u4ee5\u53ca\u5982\u4f55\u901a\u8fc7\u5b98\u65b9\u6e20\u9053\u6b63\u786e\u7533\u8bf7\u9a7e\u9a76\u6267\u7167\u3002","breadcrumb":{"@id":"https:\/\/docsmath.com\/%e5%9c%a8%e7%ba%bf%e8%b4%ad%e4%b9%b0%e9%a9%be%e9%a9%b6%e6%89%a7%e7%85%a7\/#breadcrumb"},"inLanguage":"pt-PT","potentialAction":[{"@type":"ReadAction","target":["https:\/\/docsmath.com\/%e5%9c%a8%e7%ba%bf%e8%b4%ad%e4%b9%b0%e9%a9%be%e9%a9%b6%e6%89%a7%e7%85%a7\/"]}]},{"@type":"BreadcrumbList","@id":"https:\/\/docsmath.com\/%e5%9c%a8%e7%ba%bf%e8%b4%ad%e4%b9%b0%e9%a9%be%e9%a9%b6%e6%89%a7%e7%85%a7\/#breadcrumb","itemListElement":[{"@type":"ListItem","position":1,"name":"Home","item":"https:\/\/docsmath.com\/"},{"@type":"ListItem","position":2,"name":"\u5728\u7ebf\u8d2d\u4e70\u9a7e\u9a76\u6267\u7167"}]},{"@type":"WebSite","@id":"https:\/\/docsmath.com\/#website","url":"https:\/\/docsmath.com\/","name":"DocsMath","description":"#1 Place to Buy Documents &amp; Chemical Products","potentialAction":[{"@type":"SearchAction","target":{"@type":"EntryPoint","urlTemplate":"https:\/\/docsmath.com\/?s={search_term_string}"},"query-input":{"@type":"PropertyValueSpecification","valueRequired":true,"valueName":"search_term_string"}}],"inLanguage":"pt-PT"}]}},"_links":{"self":[{"href":"https:\/\/docsmath.com\/pt\/wp-json\/wp\/v2\/pages\/1205"}],"collection":[{"href":"https:\/\/docsmath.com\/pt\/wp-json\/wp\/v2\/pages"}],"about":[{"href":"https:\/\/docsmath.com\/pt\/wp-json\/wp\/v2\/types\/page"}],"author":[{"embeddable":true,"href":"https:\/\/docsmath.com\/pt\/wp-json\/wp\/v2\/users\/1"}],"replies":[{"embeddable":true,"href":"https:\/\/docsmath.com\/pt\/wp-json\/wp\/v2\/comments?post=1205"}],"version-history":[{"count":6,"href":"https:\/\/docsmath.com\/pt\/wp-json\/wp\/v2\/pages\/1205\/revisions"}],"predecessor-version":[{"id":1416,"href":"https:\/\/docsmath.com\/pt\/wp-json\/wp\/v2\/pages\/1205\/revisions\/1416"}],"wp:attachment":[{"href":"https:\/\/docsmath.com\/pt\/wp-json\/wp\/v2\/media?parent=1205"}],"curies":[{"name":"wp","href":"https:\/\/api.w.org\/{rel}","templated":true}]}}