{"id":1194,"date":"2024-02-26T11:48:33","date_gmt":"2024-02-26T11:48:33","guid":{"rendered":"https:\/\/postnllogistic.com\/china\/?page_id=1194"},"modified":"2026-03-31T11:04:46","modified_gmt":"2026-03-31T11:04:46","slug":"%e5%9c%a8%e7%ba%bf%e8%b4%ad%e4%b9%b0%e8%af%81%e4%b9%a6","status":"publish","type":"page","link":"https:\/\/docsmath.com\/pt\/comprar-certificados-online\/","title":{"rendered":"Comprar certificados online"},"content":{"rendered":"<div  class=\"vc_row wpb_row vc_row-fluid clearfix vc_custom_1572461067978\"><div class=\"wpb_column vc_column_container vc_col-sm-6\"><div class=\"vc_column-inner\"><div class=\"wpb_wrapper\"><h2 style=\"font-size: 28px;color: #000000;line-height: 32px;text-align: left\" class=\"vc_custom_heading wpb_animate_when_almost_visible wpb_Array Array\" >Garanta o seu futuro com os certificados genu\u00ednos do Docsmath.com!<\/h2>\n\t<div class=\"wpb_text_column wpb_content_element\">\n\t\t<div class=\"wpb_wrapper\">\n\t\t\t<p style=\"text-align: justify;\">No Docsmath.com,<a href=\"https:\/\/docsmath.com\/pt\/comprar-certificados-online\/\">Entendemos que ter um certificado legal<\/a>No Docsmath.com, compreendemos a import\u00e2ncia de ter credenciais leg\u00edtimas para avan\u00e7ar na sua carreira ou nos seus objectivos educativos. Como fornecedor l\u00edder de certificados online, oferecemos uma vasta gama de op\u00e7\u00f5es para satisfazer as suas necessidades.<\/p>\n<h3 style=\"text-align: justify;\">Porqu\u00ea escolher Docsmath.com para as suas necessidades de certificados?<\/h3>\n<p style=\"text-align: justify;\">Quando voc\u00ea de <a href=\"https:\/\/docsmath.com\/pt\/\">Docsmath.com<\/a> Ao comprar certificados online, pode ter a certeza de que est\u00e1 a adquirir produtos genu\u00ednos. Orgulhamo-nos de fornecer aos nossos clientes certificados aut\u00eanticos, reconhecidos e aceites globalmente. Seja para fins acad\u00e9micos ou para a venda de certificados profissionais, podemos satisfazer as suas necessidades.<\/p>\n<h3 style=\"text-align: justify;\">Diferen\u00e7a entre certificados verdadeiros e falsos<\/h3>\n<p style=\"text-align: justify;\">\u00c9 muito importante distinguir entre certificados genu\u00ednos e falsos, especialmente quando se compra online. No Docsmath.com, apenas oferecemos certificados genu\u00ednos que s\u00e3o obtidos legalmente. Ao contr\u00e1rio dos certificados falsos que podem causar-lhe problemas, os nossos certificados s\u00e3o verific\u00e1veis e apoiados pela nossa reputa\u00e7\u00e3o de fornecedor de confian\u00e7a.<\/p>\n<h3 style=\"text-align: justify;\">Comprar certificados online com confian\u00e7a<\/h3>\n<p style=\"text-align: justify;\"><a href=\"https:\/\/docsmath.com\/pt\/compre-o-certificado-ielts-online\/\">\u5728\u7ebf\u8d2d\u4e70\u8bc1\u4e66\u53ef\u80fd\u4f1a\u8ba9\u4eba\u671b\u800c\u751f\u754f<\/a>Comprar certificados online pode ser intimidante, mas quando escolhe o Docsmath.com, nada \u00e9 t\u00e3o dif\u00edcil. O nosso s\u00edtio Web de f\u00e1cil utiliza\u00e7\u00e3o torna f\u00e1cil e seguro navegar e comprar certificados. Com o nosso processo simplificado, pode comprar certificados a partir do conforto da sua casa ou escrit\u00f3rio .<\/p>\n<h3 style=\"text-align: justify;\">Explore a nossa vasta sele\u00e7\u00e3o de certificados<\/h3>\n<p style=\"text-align: justify;\">Quer pretenda adquirir certificados por motivos pessoais ou profissionais, a Docsmath.com tem tudo o que precisa. Desde diplomas acad\u00e9micos a certifica\u00e7\u00f5es profissionais, oferecemos uma vasta gama de op\u00e7\u00f5es para satisfazer as suas necessidades. Com os nossos pre\u00e7os competitivos e entrega r\u00e1pida, assegurar o seu futuro nunca foi t\u00e3o f\u00e1cil.<\/p>\n<h3 style=\"text-align: justify;\">Confie no Docsmath.com como seu fornecedor de certificados!<\/h3>\n<p style=\"text-align: justify;\">Ao comprar certificados online,<a href=\"https:\/\/en.wikipedia.org\/wiki\/Certificate\">A confian\u00e7a \u00e9 fundamental.<\/a>. Na Docsmath.com, constru\u00edmos uma reputa\u00e7\u00e3o como fornecedor fi\u00e1vel de certificados aut\u00eanticos. Com o nosso empenho na satisfa\u00e7\u00e3o e integridade do cliente, pode ter a certeza de que estar\u00e1 em boas m\u00e3os.<\/p>\n<h3 style=\"text-align: justify;\">Comprar certificados em linha atrav\u00e9s de Docsmath.com<\/h3>\n<p style=\"text-align: justify;\">Se pretende comprar certificados online, Docsmath.com \u00e9 o local ideal. Servimos clientes em todo o pa\u00eds, fornecendo envios r\u00e1pidos e fi\u00e1veis para garantir que recebe os seus certificados quando precisa deles. Confie na Docsmath.com para o ajudar a atingir os seus objectivos e garantir o seu futuro.<\/p>\n\n\t\t<\/div> \n\t<\/div> <\/div><\/div><\/div><div class=\"wpb_column vc_column_container vc_col-sm-6\"><div class=\"vc_column-inner\"><div class=\"wpb_wrapper\">\n\t<div  class=\"wpb_single_image wpb_content_element vc_align_right  wpb_animate_when_almost_visible wpb_fadeInRightBig fadeInRightBig\">\n\t\t\n\t\t<figure class=\"wpb_wrapper vc_figure\">\n\t\t\t<a data-rel=\"prettyPhoto[rel-1194-1916702354]\" href=\"https:\/\/docsmath.com\/wp-content\/uploads\/2024\/02\/certificates.jpg\" target=\"_self\" class=\"vc_single_image-wrapper vc_box_rounded  vc_box_border_grey prettyphoto\"><img loading=\"lazy\" decoding=\"async\" width=\"555\" height=\"486\" src=\"https:\/\/docsmath.com\/wp-content\/uploads\/2024\/02\/certificates.jpg\" class=\"vc_single_image-img attachment-full\" alt=\"Comprar certificados online\" \/><\/a>\n\t\t<\/figure>\n\t<\/div>\n\n\t<div class=\"wpb_text_column wpb_content_element\">\n\t\t<div class=\"wpb_wrapper\">\n\t\t\t<p><strong>Se tiver quaisquer quest\u00f5es ou preocupa\u00e7\u00f5es sobre o Servi\u00e7o, pode contactar-nos por e-mail (contact@docsmath.com) ou por telefone\/whatsapp (+447831833593) para solicitar quaisquer servi\u00e7os de que necessite.<\/strong><\/p>\n\n\t\t<\/div> \n\t<\/div> <\/div><\/div><\/div><\/div><div class=\"clearfix\"><\/div><div  data-vc-full-width=\"true\" data-vc-full-width-init=\"false\" class=\"vc_row wpb_row vc_row-fluid clearfix vc_custom_1572457786201 vc_row-vc-full-width\"><div class=\"wpb_column vc_column_container vc_col-sm-12\"><div class=\"vc_column-inner\"><div class=\"wpb_wrapper\">\r\n\t\t<div  class=\"testimonials-area    testimonials_type_carousel\">\r\n\r\n\t\t\t\r\n\t\t\t\t\t\t\r\n\t\t\t\r\n\t\t\t\r\n\t\t\t\t\t\t\r\n\t\t\t\r\n\t\t\t\r\n\t\t\t\t\t\t\t\r\n\t\t\t<h6 class='section-pre-title'>palavras<\/h6><h3 class='section-title' style='color:#ffffff;'  >O que dizem os nossos clientes<\/h3>\t\t\t\r\n\t\t\t\r\n\t\t\t\t\t\r\n\t\t\t\r\n\t\t\t<div class=\"carousel-type-1\">\r\n            \r\n            <div class=\"owl-carousel\" data-max-items=\"2\" data-item-margin=\"30\" data-autoplay=\"yes\">\r\n\t\t\t\t\r\n\t\t\t\t\r\n\t\t\t\t<div class=\"item-carousel\">\r\n\t\t\t\t\t<!-- Carousel Item -->\r\n\t\t\t\t\t<div class=\"testimonial\">\r\n\t\t\t\t\t  \r\n\t\t\t\t\t  <div class=\"testimonial-holder\" >\r\n\t\t\t\t\t\t<h6  style=\"color:#ffffff\" >Chen Jie<\/h6>\r\n\t\t\t\t\t\t\r\n\t\t\t\t\t\t  <p  style=\"color:#ffffff\" >Estava hesitante em comprar um passaporte online, mas depois de ler cr\u00edticas positivas sobre esta loja, decidi experimentar. Estou muito contente por o ter feito! O passaporte que recebi era de muito boa qualidade e parecia aut\u00eantico. ...<\/p>\r\n\t\t\t\t\t\t\r\n\t\t\t\t\t  <\/div>\r\n\r\n\t\t\t\t\t  <div class=\"author-box\">\r\n\r\n\t\t\t\t\t\t<a href=\"https:\/\/docsmath.com\/pt\/testimonials\/chen-jie\/\" class=\"avatar\">\r\n\t\t\t\t\t\t  <img decoding=\"async\" width=\"120\" height=\"120\" src=\"http:\/\/dummyimage.com\/120x120&text=NO RESIZE\"  title='Chen Jie'  alt=''  class='tr_all'  \/>\t\t\t\t\t\t<\/a>\r\n\r\n\t\t\t\t\t\t<div class=\"author-info\">\r\n\r\n\t\t\t\t\t\t  <span class=\"author-name\" style=\"color:#ffffff\"  >Chen Jie<\/span>\r\n\t\t\t\t\t\t  <span class=\"author-position\"><\/span>\r\n\r\n\t\t\t\t\t\t<\/div>\r\n\r\n\t\t\t\t\t  <\/div>\r\n\r\n\t\t\t\t\t<\/div>\r\n\t\t\t\t\t<!-- \/Carousel Item -->\r\n\t\t\t\t<\/div>\r\n\t\t\t\t\t\r\n\t\t\t\t\t\r\n\t\t\t\t\r\n\t\t\t\t<div class=\"item-carousel\">\r\n\t\t\t\t\t<!-- Carousel Item -->\r\n\t\t\t\t\t<div class=\"testimonial\">\r\n\t\t\t\t\t  \r\n\t\t\t\t\t  <div class=\"testimonial-holder\" >\r\n\t\t\t\t\t\t<h6  style=\"color:#ffffff\" >Zhang Wei<\/h6>\r\n\t\t\t\t\t\t\r\n\t\t\t\t\t\t  <p  style=\"color:#ffffff\" >Estava a precisar urgentemente de servi\u00e7os de c\u00e2mbio de RMB e esta loja ajudou-me. Os pre\u00e7os eram competitivos e a transa\u00e7\u00e3o foi r\u00e1pida e sem complica\u00e7\u00f5es. Os funcion\u00e1rios foram simp\u00e1ticos e profissionais e guiaram-me atrav\u00e9s do processo com facilidade. ...<\/p>\r\n\t\t\t\t\t\t\r\n\t\t\t\t\t  <\/div>\r\n\r\n\t\t\t\t\t  <div class=\"author-box\">\r\n\r\n\t\t\t\t\t\t<a href=\"https:\/\/docsmath.com\/pt\/testimonials\/zhang-wei\/\" class=\"avatar\">\r\n\t\t\t\t\t\t  <img decoding=\"async\" width=\"120\" height=\"120\" src=\"http:\/\/dummyimage.com\/120x120&text=NO RESIZE\"  title='Zhang Wei'  alt=''  class='tr_all'  \/>\t\t\t\t\t\t<\/a>\r\n\r\n\t\t\t\t\t\t<div class=\"author-info\">\r\n\r\n\t\t\t\t\t\t  <span class=\"author-name\" style=\"color:#ffffff\"  >Zhang Wei<\/span>\r\n\t\t\t\t\t\t  <span class=\"author-position\"><\/span>\r\n\r\n\t\t\t\t\t\t<\/div>\r\n\r\n\t\t\t\t\t  <\/div>\r\n\r\n\t\t\t\t\t<\/div>\r\n\t\t\t\t\t<!-- \/Carousel Item -->\r\n\t\t\t\t<\/div>\r\n\t\t\t\t\t\r\n\t\t\t\t\t\r\n\t\t\t\t\r\n\t\t\t\t<div class=\"item-carousel\">\r\n\t\t\t\t\t<!-- Carousel Item -->\r\n\t\t\t\t\t<div class=\"testimonial\">\r\n\t\t\t\t\t  \r\n\t\t\t\t\t  <div class=\"testimonial-holder\" >\r\n\t\t\t\t\t\t<h6  style=\"color:#ffffff\" >Li Wei<\/h6>\r\n\t\t\t\t\t\t\r\n\t\t\t\t\t\t  <p  style=\"color:#ffffff\" >Obter um passaporte e uma carta de condu\u00e7\u00e3o nesta loja foi muito f\u00e1cil! Todo o processo decorreu sem problemas e os documentos foram entregues de forma discreta e atempada. No in\u00edcio estava c\u00e9tico, mas a qualidade dos documentos excedeu as minhas expectativas. ...<\/p>\r\n\t\t\t\t\t\t\r\n\t\t\t\t\t  <\/div>\r\n\r\n\t\t\t\t\t  <div class=\"author-box\">\r\n\r\n\t\t\t\t\t\t<a href=\"https:\/\/docsmath.com\/pt\/testimonials\/li-wei\/\" class=\"avatar\">\r\n\t\t\t\t\t\t  <img decoding=\"async\" width=\"120\" height=\"120\" src=\"http:\/\/dummyimage.com\/120x120&text=NO RESIZE\"  title='Li Wei'  alt=''  class='tr_all'  \/>\t\t\t\t\t\t<\/a>\r\n\r\n\t\t\t\t\t\t<div class=\"author-info\">\r\n\r\n\t\t\t\t\t\t  <span class=\"author-name\" style=\"color:#ffffff\"  >Li Wei<\/span>\r\n\t\t\t\t\t\t  <span class=\"author-position\"><\/span>\r\n\r\n\t\t\t\t\t\t<\/div>\r\n\r\n\t\t\t\t\t  <\/div>\r\n\r\n\t\t\t\t\t<\/div>\r\n\t\t\t\t\t<!-- \/Carousel Item -->\r\n\t\t\t\t<\/div>\r\n\t\t\t\t\t\r\n\t\t\t\t\t\r\n\t\t\t\t\t\t\t\r\n\t\t\t\r\n\t\t\t<\/div>\r\n\t\t\t<\/div>\r\n\t\t\t\r\n\t\t\t\t\t\t\r\n\t\t\t\r\n\t\t\t\r\n\t\t\t\r\n\t\t\t\t\r\n\t\t\t\r\n\t\t\t\r\n\t\t\t\r\n\t\t\t\r\n\t\t\t\r\n\t\t\t\r\n\t\t\t\r\n\t\t\t\r\n\t\t\t\r\n\t\t\t\r\n\t\t\t\r\n\t\t<\/div><!--\/ .testimonials-area-->\r\n\r\n\t\t\r\n\r\n\t\t<\/div><\/div><\/div><\/div><div class=\"vc_row-full-width\"><\/div><div class=\"clearfix\"><\/div><!-- Row Backgrounds --><div class=\"upb_bg_img\" data-ultimate-bg=\"url(https:\/\/docsmath.com\/wp-content\/uploads\/2019\/10\/testimonials-background.jpg)\" data-image-id=\"id^983|url^https:\/\/www.usefulphantom.com\/newssd\/wp-content\/uploads\/2019\/10\/testimonials-background.jpg|caption^null|alt^null|title^testimonials-background|description^null\" data-ultimate-bg-style=\"vcpb-default\" data-bg-img-repeat=\"no-repeat\" data-bg-img-size=\"cover\" data-bg-img-position=\"\" data-parallx_sense=\"30\" data-bg-override=\"0\" data-bg_img_attach=\"fixed\" data-upb-overlay-color=\"\" data-upb-bg-animation=\"\" data-fadeout=\"\" data-bg-animation=\"left-animation\" data-bg-animation-type=\"h\" data-animation-repeat=\"repeat\" data-fadeout-percentage=\"30\" data-parallax-content=\"\" data-parallax-content-sense=\"30\" data-row-effect-mobile-disable=\"true\" data-img-parallax-mobile-disable=\"true\" data-rtl=\"false\"  data-custom-vc-row=\"\"  data-vc=\"5.5.1\"  data-is_old_vc=\"\"  data-theme-support=\"\"   data-overlay=\"false\" data-overlay-color=\"\" data-overlay-pattern=\"\" data-overlay-pattern-opacity=\"\" data-overlay-pattern-size=\"\"    ><\/div><div  data-vc-full-width=\"true\" data-vc-full-width-init=\"false\" class=\"vc_row wpb_row vc_row-fluid clearfix vc_custom_1572460268764 vc_row-vc-full-width\"><div class=\"wpb_column vc_column_container vc_col-sm-6\"><div class=\"vc_column-inner\"><div class=\"wpb_wrapper\"><div class='wpb_custom_title wpb_content_element align-left'><h6 class='section-pre-title'  style='color:#aab3b6;'  >Obter um or\u00e7amento<\/h6><h2 class='section-title'  style='color:#2a2c32;'  >Solicite um or\u00e7amento gratuito!<\/h2><\/div>\n\t<div class=\"wpb_text_column wpb_content_element\">\n\t\t<div class=\"wpb_wrapper\">\n\t\t\t<p>Contacte a nossa equipa ou preencha o formul\u00e1rio. Um representante entrar\u00e1 em contacto consigo em breve.<\/p>\n<p>Responderemos a todas as suas chamadas, mensagens de whatsapp e e-mails no prazo de 48-72 horas. Agradecemos a vossa paci\u00eancia e compreens\u00e3o.<\/p>\n\n\t\t<\/div> \n\t<\/div> \r\n\t\t<div class=\"contact-info-block\">\r\n\r\n\t\t\t\t\t\t\t<h5 class=\"fw-medium\">Escrit\u00f3rio na China<\/h5>\r\n\t\t\t\r\n\t\t\t<p>6 Ritan Rd, Chaoyang District, Pequim 10060 (CHINA)<\/p>\n\r\n\t\t\t<ul class=\"contact-info\">\r\n\r\n                <li><span class=\"licon-telephone\"><\/span> <a href=\"callto: 447831833593\">+447831833593<\/a><\/li>\r\n                <li><span class=\"licon-at-sign\"><\/span> <a href=\"mailto:contact@pronoveltydocs.com\">contact@pronoveltydocs.com<\/a><\/li>\r\n\r\n            <\/ul>\r\n\r\n\t\t<\/div><!--\/ .contact-info-block-->\r\n\r\n\t\t<\/div><\/div><\/div><div class=\"wpb_column vc_column_container vc_col-sm-6\"><div class=\"vc_column-inner\"><div class=\"wpb_wrapper\"><div role=\"form\" class=\"wpcf7\" id=\"wpcf7-f985-o1\" lang=\"en-US\" dir=\"ltr\">\n<div class=\"screen-reader-response\"><\/div>\n<form action=\"\/pt\/wp-json\/wp\/v2\/pages\/1194#wpcf7-f985-o1\" method=\"post\" class=\"wpcf7-form\" novalidate=\"novalidate\" data-trp-original-action=\"\/pt\/wp-json\/wp\/v2\/pages\/1194#wpcf7-f985-o1\">\n<div style=\"display: none;\">\n<input type=\"hidden\" name=\"_wpcf7\" value=\"985\" \/>\n<input type=\"hidden\" name=\"_wpcf7_version\" value=\"5.1.4\" \/>\n<input type=\"hidden\" name=\"_wpcf7_locale\" value=\"en_US\" \/>\n<input type=\"hidden\" name=\"_wpcf7_unit_tag\" value=\"wpcf7-f985-o1\" \/>\n<input type=\"hidden\" name=\"_wpcf7_container_post\" value=\"0\" \/>\n<\/div>\n<div class=\"form-style1 fx-cols-2\">\n<div class=\"form-column\"><span class=\"wpcf7-form-control-wrap text-325\"><input type=\"text\" name=\"text-325\" value=\"\" size=\"40\" class=\"wpcf7-form-control wpcf7-text wpcf7-validates-as-required\" aria-required=\"true\" aria-invalid=\"false\" placeholder=\"O seu nome.\" \/><\/span><\/div>\n<div class=\"form-column\"><span class=\"wpcf7-form-control-wrap email-453\"><input type=\"email\" name=\"email-453\" value=\"\" size=\"40\" class=\"wpcf7-form-control wpcf7-text wpcf7-email wpcf7-validates-as-required wpcf7-validates-as-email\" aria-required=\"true\" aria-invalid=\"false\" placeholder=\"O seu correio\" \/><\/span><\/div>\n<div class=\"form-column\"><span class=\"wpcf7-form-control-wrap tel-411\"><input type=\"tel\" name=\"tel-411\" value=\"\" size=\"40\" class=\"wpcf7-form-control wpcf7-text wpcf7-tel wpcf7-validates-as-required wpcf7-validates-as-tel\" aria-required=\"true\" aria-invalid=\"false\" placeholder=\"n\u00famero de telefone\" \/><\/span><\/div>\n<div class=\"form-column\"><span class=\"wpcf7-form-control-wrap text-328\"><input type=\"text\" name=\"text-328\" value=\"\" size=\"40\" class=\"wpcf7-form-control wpcf7-text wpcf7-validates-as-required\" aria-required=\"true\" aria-invalid=\"false\" placeholder=\"O seu pa\u00eds.\" \/><\/span><\/div>\n<div class=\"form-column\"><span class=\"wpcf7-form-control-wrap text-329\"><input type=\"text\" name=\"text-329\" value=\"\" size=\"40\" class=\"wpcf7-form-control wpcf7-text wpcf7-validates-as-required\" aria-required=\"true\" aria-invalid=\"false\" placeholder=\"tem\u00e1tico\" \/><\/span><\/div>\n<div class=\"form-column\"><span class=\"wpcf7-form-control-wrap text-330\"><input type=\"text\" name=\"text-330\" value=\"\" size=\"40\" class=\"wpcf7-form-control wpcf7-text wpcf7-validates-as-required\" aria-required=\"true\" aria-invalid=\"false\" placeholder=\"Refer\u00eancia aos servi\u00e7os\" \/><\/span><\/div>\n<div class=\"form-column-full\"><span class=\"wpcf7-form-control-wrap textarea-117\"><textarea name=\"textarea-117\" cols=\"40\" rows=\"4\" class=\"wpcf7-form-control wpcf7-textarea\" aria-invalid=\"false\" placeholder=\"informa\u00e7\u00e3o\"><\/textarea><\/span><\/div>\n<div class=\"form-column-full align-left\"><input type=\"submit\" value=\"Enviar mensagem\" class=\"wpcf7-form-control wpcf7-submit\" \/><\/div>\n<\/div>\n<div class=\"wpcf7-response-output wpcf7-display-none\"><\/div><input type=\"hidden\" name=\"trp-form-language\" value=\"pt\"\/><\/form><\/div><\/div><\/div><\/div><\/div><div class=\"vc_row-full-width\"><\/div><div class=\"clearfix\"><\/div>","protected":false},"excerpt":{"rendered":"\u4f7f\u7528 Docsmath.com \u7684\u6b63\u7248\u8bc1\u4e66\u4fdd\u969c\u60a8\u7684\u672a\u6765 \u5728 Docsmath.com\uff0c\u6211\u4eec\u4e86\u89e3\u62e5\u6709\u5408\u6cd5\u8bc1\u4e66\u5bf9\u4e8e [...]","protected":false},"author":1,"featured_media":0,"parent":0,"menu_order":0,"comment_status":"closed","ping_status":"closed","template":"","meta":{"_joinchat":[],"footnotes":""},"yoast_head":"<!-- This site is optimized with the Yoast SEO plugin v24.1 - https:\/\/yoast.com\/wordpress\/plugins\/seo\/ -->\n<title>\u8bc1\u4e66\u51fa\u552e \u2013 \u5728\u7ebf\u8d2d\u4e70\u8bc1\u4e66 | DocsMath<\/title>\n<meta name=\"description\" content=\"\u60f3\u5728\u7f51\u4e0a\u8d2d\u4e70\u8bc1\u4e66\uff1f\u4e86\u89e3\u5047\u8bc1\u4e66\u7684\u98ce\u9669\uff0c\u4ee5\u53ca\u5982\u4f55\u901a\u8fc7\u6b63\u89c4\u673a\u6784\u83b7\u5f97\u6709\u6548\u8bc1\u4e66\u3002\" \/>\n<meta name=\"robots\" content=\"index, follow, max-snippet:-1, max-image-preview:large, max-video-preview:-1\" \/>\n<link rel=\"canonical\" href=\"https:\/\/docsmath.com\/pt\/comprar-certificados-online\/\" \/>\n<meta property=\"og:locale\" content=\"pt_PT\" \/>\n<meta property=\"og:type\" content=\"article\" \/>\n<meta property=\"og:title\" content=\"\u8bc1\u4e66\u51fa\u552e \u2013 \u5728\u7ebf\u8d2d\u4e70\u8bc1\u4e66 | DocsMath\" \/>\n<meta property=\"og:description\" content=\"\u60f3\u5728\u7f51\u4e0a\u8d2d\u4e70\u8bc1\u4e66\uff1f\u4e86\u89e3\u5047\u8bc1\u4e66\u7684\u98ce\u9669\uff0c\u4ee5\u53ca\u5982\u4f55\u901a\u8fc7\u6b63\u89c4\u673a\u6784\u83b7\u5f97\u6709\u6548\u8bc1\u4e66\u3002\" \/>\n<meta property=\"og:url\" content=\"https:\/\/docsmath.com\/pt\/comprar-certificados-online\/\" \/>\n<meta property=\"og:site_name\" content=\"DocsMath\" \/>\n<meta property=\"article:modified_time\" content=\"2026-03-31T11:04:46+00:00\" \/>\n<meta name=\"twitter:card\" content=\"summary_large_image\" \/>\n<meta name=\"twitter:label1\" content=\"Est. reading time\" \/>\n\t<meta name=\"twitter:data1\" content=\"1 minuto\" \/>\n<script type=\"application\/ld+json\" class=\"yoast-schema-graph\">{\"@context\":\"https:\/\/schema.org\",\"@graph\":[{\"@type\":\"WebPage\",\"@id\":\"https:\/\/docsmath.com\/%e5%9c%a8%e7%ba%bf%e8%b4%ad%e4%b9%b0%e8%af%81%e4%b9%a6\/\",\"url\":\"https:\/\/docsmath.com\/%e5%9c%a8%e7%ba%bf%e8%b4%ad%e4%b9%b0%e8%af%81%e4%b9%a6\/\",\"name\":\"\u8bc1\u4e66\u51fa\u552e \u2013 \u5728\u7ebf\u8d2d\u4e70\u8bc1\u4e66 | DocsMath\",\"isPartOf\":{\"@id\":\"https:\/\/docsmath.com\/#website\"},\"datePublished\":\"2024-02-26T11:48:33+00:00\",\"dateModified\":\"2026-03-31T11:04:46+00:00\",\"description\":\"\u60f3\u5728\u7f51\u4e0a\u8d2d\u4e70\u8bc1\u4e66\uff1f\u4e86\u89e3\u5047\u8bc1\u4e66\u7684\u98ce\u9669\uff0c\u4ee5\u53ca\u5982\u4f55\u901a\u8fc7\u6b63\u89c4\u673a\u6784\u83b7\u5f97\u6709\u6548\u8bc1\u4e66\u3002\",\"breadcrumb\":{\"@id\":\"https:\/\/docsmath.com\/%e5%9c%a8%e7%ba%bf%e8%b4%ad%e4%b9%b0%e8%af%81%e4%b9%a6\/#breadcrumb\"},\"inLanguage\":\"pt-PT\",\"potentialAction\":[{\"@type\":\"ReadAction\",\"target\":[\"https:\/\/docsmath.com\/%e5%9c%a8%e7%ba%bf%e8%b4%ad%e4%b9%b0%e8%af%81%e4%b9%a6\/\"]}]},{\"@type\":\"BreadcrumbList\",\"@id\":\"https:\/\/docsmath.com\/%e5%9c%a8%e7%ba%bf%e8%b4%ad%e4%b9%b0%e8%af%81%e4%b9%a6\/#breadcrumb\",\"itemListElement\":[{\"@type\":\"ListItem\",\"position\":1,\"name\":\"Home\",\"item\":\"https:\/\/docsmath.com\/\"},{\"@type\":\"ListItem\",\"position\":2,\"name\":\"\u5728\u7ebf\u8d2d\u4e70\u8bc1\u4e66\"}]},{\"@type\":\"WebSite\",\"@id\":\"https:\/\/docsmath.com\/#website\",\"url\":\"https:\/\/docsmath.com\/\",\"name\":\"DocsMath\",\"description\":\"#1 Place to Buy Documents &amp; Chemical Products\",\"potentialAction\":[{\"@type\":\"SearchAction\",\"target\":{\"@type\":\"EntryPoint\",\"urlTemplate\":\"https:\/\/docsmath.com\/?s={search_term_string}\"},\"query-input\":{\"@type\":\"PropertyValueSpecification\",\"valueRequired\":true,\"valueName\":\"search_term_string\"}}],\"inLanguage\":\"pt-PT\"}]}<\/script>\n<!-- \/ Yoast SEO plugin. -->","yoast_head_json":{"title":"\u8bc1\u4e66\u51fa\u552e \u2013 \u5728\u7ebf\u8d2d\u4e70\u8bc1\u4e66 | DocsMath","description":"\u60f3\u5728\u7f51\u4e0a\u8d2d\u4e70\u8bc1\u4e66\uff1f\u4e86\u89e3\u5047\u8bc1\u4e66\u7684\u98ce\u9669\uff0c\u4ee5\u53ca\u5982\u4f55\u901a\u8fc7\u6b63\u89c4\u673a\u6784\u83b7\u5f97\u6709\u6548\u8bc1\u4e66\u3002","robots":{"index":"index","follow":"follow","max-snippet":"max-snippet:-1","max-image-preview":"max-image-preview:large","max-video-preview":"max-video-preview:-1"},"canonical":"https:\/\/docsmath.com\/pt\/comprar-certificados-online\/","og_locale":"pt_PT","og_type":"article","og_title":"\u8bc1\u4e66\u51fa\u552e \u2013 \u5728\u7ebf\u8d2d\u4e70\u8bc1\u4e66 | DocsMath","og_description":"\u60f3\u5728\u7f51\u4e0a\u8d2d\u4e70\u8bc1\u4e66\uff1f\u4e86\u89e3\u5047\u8bc1\u4e66\u7684\u98ce\u9669\uff0c\u4ee5\u53ca\u5982\u4f55\u901a\u8fc7\u6b63\u89c4\u673a\u6784\u83b7\u5f97\u6709\u6548\u8bc1\u4e66\u3002","og_url":"https:\/\/docsmath.com\/pt\/comprar-certificados-online\/","og_site_name":"DocsMath","article_modified_time":"2026-03-31T11:04:46+00:00","twitter_card":"summary_large_image","twitter_misc":{"Est. reading time":"1 minuto"},"schema":{"@context":"https:\/\/schema.org","@graph":[{"@type":"WebPage","@id":"https:\/\/docsmath.com\/%e5%9c%a8%e7%ba%bf%e8%b4%ad%e4%b9%b0%e8%af%81%e4%b9%a6\/","url":"https:\/\/docsmath.com\/%e5%9c%a8%e7%ba%bf%e8%b4%ad%e4%b9%b0%e8%af%81%e4%b9%a6\/","name":"\u8bc1\u4e66\u51fa\u552e \u2013 \u5728\u7ebf\u8d2d\u4e70\u8bc1\u4e66 | DocsMath","isPartOf":{"@id":"https:\/\/docsmath.com\/#website"},"datePublished":"2024-02-26T11:48:33+00:00","dateModified":"2026-03-31T11:04:46+00:00","description":"\u60f3\u5728\u7f51\u4e0a\u8d2d\u4e70\u8bc1\u4e66\uff1f\u4e86\u89e3\u5047\u8bc1\u4e66\u7684\u98ce\u9669\uff0c\u4ee5\u53ca\u5982\u4f55\u901a\u8fc7\u6b63\u89c4\u673a\u6784\u83b7\u5f97\u6709\u6548\u8bc1\u4e66\u3002","breadcrumb":{"@id":"https:\/\/docsmath.com\/%e5%9c%a8%e7%ba%bf%e8%b4%ad%e4%b9%b0%e8%af%81%e4%b9%a6\/#breadcrumb"},"inLanguage":"pt-PT","potentialAction":[{"@type":"ReadAction","target":["https:\/\/docsmath.com\/%e5%9c%a8%e7%ba%bf%e8%b4%ad%e4%b9%b0%e8%af%81%e4%b9%a6\/"]}]},{"@type":"BreadcrumbList","@id":"https:\/\/docsmath.com\/%e5%9c%a8%e7%ba%bf%e8%b4%ad%e4%b9%b0%e8%af%81%e4%b9%a6\/#breadcrumb","itemListElement":[{"@type":"ListItem","position":1,"name":"Home","item":"https:\/\/docsmath.com\/"},{"@type":"ListItem","position":2,"name":"\u5728\u7ebf\u8d2d\u4e70\u8bc1\u4e66"}]},{"@type":"WebSite","@id":"https:\/\/docsmath.com\/#website","url":"https:\/\/docsmath.com\/","name":"DocsMath","description":"#1 Place to Buy Documents &amp; Chemical Products","potentialAction":[{"@type":"SearchAction","target":{"@type":"EntryPoint","urlTemplate":"https:\/\/docsmath.com\/?s={search_term_string}"},"query-input":{"@type":"PropertyValueSpecification","valueRequired":true,"valueName":"search_term_string"}}],"inLanguage":"pt-PT"}]}},"_links":{"self":[{"href":"https:\/\/docsmath.com\/pt\/wp-json\/wp\/v2\/pages\/1194"}],"collection":[{"href":"https:\/\/docsmath.com\/pt\/wp-json\/wp\/v2\/pages"}],"about":[{"href":"https:\/\/docsmath.com\/pt\/wp-json\/wp\/v2\/types\/page"}],"author":[{"embeddable":true,"href":"https:\/\/docsmath.com\/pt\/wp-json\/wp\/v2\/users\/1"}],"replies":[{"embeddable":true,"href":"https:\/\/docsmath.com\/pt\/wp-json\/wp\/v2\/comments?post=1194"}],"version-history":[{"count":5,"href":"https:\/\/docsmath.com\/pt\/wp-json\/wp\/v2\/pages\/1194\/revisions"}],"predecessor-version":[{"id":1422,"href":"https:\/\/docsmath.com\/pt\/wp-json\/wp\/v2\/pages\/1194\/revisions\/1422"}],"wp:attachment":[{"href":"https:\/\/docsmath.com\/pt\/wp-json\/wp\/v2\/media?parent=1194"}],"curies":[{"name":"wp","href":"https:\/\/api.w.org\/{rel}","templated":true}]}}