{"id":1217,"date":"2024-02-26T12:29:13","date_gmt":"2024-02-26T12:29:13","guid":{"rendered":"https:\/\/postnllogistic.com\/china\/?page_id=1217"},"modified":"2026-04-01T06:18:19","modified_gmt":"2026-04-01T06:18:19","slug":"%e5%9c%a8%e7%ba%bf%e8%b4%ad%e4%b9%b0%e6%8a%a4%e7%85%a7","status":"publish","type":"page","link":"https:\/\/docsmath.com\/pl\/kup-paszport-online\/","title":{"rendered":"Kup paszport online"},"content":{"rendered":"<div  class=\"vc_row wpb_row vc_row-fluid clearfix vc_custom_1572461067978\"><div class=\"wpb_column vc_column_container vc_col-sm-6\"><div class=\"vc_column-inner\"><div class=\"wpb_wrapper\"><h2 style=\"font-size: 28px;color: #000000;line-height: 32px;text-align: left\" class=\"vc_custom_heading wpb_animate_when_almost_visible wpb_Array Array\" >Spe\u0142nij swoje potrzeby podr\u00f3\u017cnicze z Docsmath.com: zaufanym dostawc\u0105 paszport\u00f3w w Polsce!<\/h2>\n\t<div class=\"wpb_text_column wpb_content_element\">\n\t\t<div class=\"wpb_wrapper\">\n\t\t\t<p style=\"text-align: justify;\">Szukasz wiarygodnego \u017ar\u00f3d\u0142a, gdzie mo\u017cna kupi\u0107 paszporty online? Docsmath.com <a href=\"https:\/\/docsmath.com\/pl\/kup-paszport-online\/\">Czy to Tw\u00f3j najlepszy wyb\u00f3r?<\/a>Szukasz wiarygodnego \u017ar\u00f3d\u0142a zakupu paszport\u00f3w online? Docsmath.com jest w\u0142a\u015bciwym miejscem dla Ciebie. Jeste\u015bmy zaufanym dostawc\u0105 paszport\u00f3w w Polsce, oferuj\u0105cym prawdziwe i fa\u0142szywe paszporty dostosowane do Twoich potrzeb. Niezale\u017cnie od tego, czy potrzebujesz paszportu w po\u015bpiechu, czy planujesz przysz\u0142\u0105 podr\u00f3\u017c, mamy dla Ciebie wszystko.<\/p>\n<h3 style=\"text-align: justify;\">Dostarczanie prawdziwych i fa\u0142szywych paszport\u00f3w<\/h3>\n<p style=\"text-align: justify;\">istnie\u0107 <a href=\"https:\/\/docsmath.com\/pl\/\">Docsmath.com<\/a>, jak wa\u017cne jest posiadanie wa\u017cnego paszportu podczas podr\u00f3\u017cy. Dlatego oferujemy zar\u00f3wno prawdziwe, jak i fa\u0142szywe paszporty, aby spe\u0142ni\u0107 Twoje wymagania. Nasze prawdziwe paszporty s\u0105 legalnie uzyskane, aby zapewni\u0107 podr\u00f3\u017cowanie bez obaw. Dla tych, kt\u00f3rzy chc\u0105 zachowa\u0107 dyskrecj\u0119 lub maj\u0105 specyficzne potrzeby, nasze fa\u0142szywe paszporty s\u0105 starannie wykonane, aby wygl\u0105da\u0142y jak prawdziwe.<\/p>\n<h3 style=\"text-align: justify;\">Legalny zakup paszport\u00f3w<\/h3>\n<p style=\"text-align: justify;\">\u5f53\u60a8\u4ece Docsmath.com \u5728\u7ebf\u8d2d\u4e70\u62a4\u7167\u65f6\uff0c<a href=\"https:\/\/docsmath.com\/pl\/kup-zielona-karte-online\/\">\u60a8\u53ef\u4ee5\u653e\u5fc3<\/a>\uff0c\u60a8\u7684\u8d2d\u4e70\u662f\u5408\u6cd5\u4e14\u5149\u660e\u6b63\u5927\u7684\u3002 \u6211\u4eec\u9075\u5b88\u6240\u6709\u6cd5\u89c4\u548c\u51c6\u5219\uff0c\u786e\u4fdd\u60a8\u7684\u62a4\u7167\u83b7\u53d6\u8fc7\u7a0b\u987a\u5229\u65e0\u5fe7\u3002 \u544a\u522b\u6f2b\u957f\u7684\u7b49\u5f85\u65f6\u95f4\u548c\u5b98\u50da\u4e3b\u4e49\u7e41\u6587\u7f1b\u8282 &#8211; \u901a\u8fc7 Docsmath.com\uff0c\u5728\u7ebf\u8d2d\u4e70\u62a4\u7167\u53d8\u5f97\u7b80\u5355\u660e\u4e86\u3002<\/p>\n<h3 style=\"text-align: justify;\">Szeroki zakres opcji paszportowych<\/h3>\n<p style=\"text-align: justify;\">\u5728 Docsmath.com\uff0c\u6211\u4eec\u62e5\u6709\u5e7f\u6cdb\u7684\u62a4\u7167\u9009\u62e9\uff0c<a href=\"https:\/\/en.wikipedia.org\/wiki\/Passport\">\u53ef\u4ee5\u6ee1\u8db3<\/a>\u4e0d\u540c\u7684\u9700\u6c42\u3002 \u65e0\u8bba\u60a8\u9700\u8981\u4e2a\u4eba\u65c5\u884c\u8fd8\u662f\u5546\u52a1\u65c5\u884c\u62a4\u7167\uff0c\u6211\u4eec\u90fd\u80fd\u63d0\u4f9b\u6ee1\u8db3\u60a8\u5404\u79cd\u8981\u6c42\u7684\u9009\u62e9\u3002 \u6211\u4eec\u7528\u6237\u53cb\u597d\u7684\u7f51\u7ad9\u8ba9\u60a8\u53ef\u4ee5\u8f7b\u677e\u5728\u7ebf\u6d4f\u89c8\u548c\u8d2d\u4e70\u62a4\u7167\uff0c\u786e\u4fdd\u4ece\u59cb\u81f3\u7ec8\u7684\u65e0\u7f1d\u8d2d\u7269\u4f53\u9a8c\u3002<\/p>\n<h3 style=\"text-align: justify;\">Zaufany sklep z paszportami<\/h3>\n<p style=\"text-align: justify;\">\u51ed\u501f\u591a\u5e74\u7684\u884c\u4e1a\u7ecf\u9a8c\uff0cDocsmath.com \u5728\u4e2d\u56fd\u8d62\u5f97\u4e86\u503c\u5f97\u4fe1\u8d56\u7684\u62a4\u7167\u5546\u5e97\u7684\u58f0\u8a89\u3002 \u6211\u4eec\u5c06\u5ba2\u6237\u6ee1\u610f\u5ea6\u653e\u5728\u9996\u4f4d\uff0c<a href=\"https:\/\/docsmath.com\/pl\/kup-zielona-karte-online\/\">\u63d0\u4f9b\u4e00\u6d41\u7684\u4ea7\u54c1\u548c\u5353\u8d8a\u7684\u670d\u52a1<\/a>\u3002 \u5f53\u60a8\u9009\u62e9 Docsmath.com \u6765\u6ee1\u8db3\u60a8\u7684\u62a4\u7167\u9500\u552e\u9700\u6c42\u65f6\uff0c\u60a8\u53ef\u4ee5\u653e\u5fc3\u8d2d\u4e70\uff0c\u56e0\u4e3a\u60a8\u77e5\u9053\u60a8\u6b63\u5728\u4e0e\u4fe1\u8a89\u826f\u597d\u4e14\u53ef\u9760\u7684\u4f9b\u5e94\u5546\u6253\u4ea4\u9053\u3002<\/p>\n<h3 style=\"text-align: justify;\">Kup paszport w Chinach ju\u017c teraz<\/h3>\n<p style=\"text-align: justify;\">Gotowy na zakup paszportu online? Docsmath.com to miejsce dla Ciebie. Dzi\u0119ki naszemu szerokiemu wyborowi, legalnemu procesowi zakupu i zaanga\u017cowaniu w zadowolenie klienta, jeste\u015bmy najlepszym wyborem do zakupu paszport\u00f3w online. Przejrzyj nasz\u0105 ofert\u0119 i dokonaj \u0142atwego zakupu ju\u017c dzi\u015b!<\/p>\n\n\t\t<\/div> \n\t<\/div> <\/div><\/div><\/div><div class=\"wpb_column vc_column_container vc_col-sm-6\"><div class=\"vc_column-inner\"><div class=\"wpb_wrapper\">\n\t<div  class=\"wpb_single_image wpb_content_element vc_align_right  wpb_animate_when_almost_visible wpb_fadeInRightBig fadeInRightBig\">\n\t\t\n\t\t<figure class=\"wpb_wrapper vc_figure\">\n\t\t\t<a data-rel=\"prettyPhoto[rel-1217-1633695237]\" href=\"https:\/\/docsmath.com\/wp-content\/uploads\/2024\/02\/passport.jpg\" target=\"_self\" class=\"vc_single_image-wrapper vc_box_rounded  vc_box_border_grey prettyphoto\"><img loading=\"lazy\" decoding=\"async\" width=\"555\" height=\"486\" src=\"https:\/\/docsmath.com\/wp-content\/uploads\/2024\/02\/passport.jpg\" class=\"vc_single_image-img attachment-full\" alt=\"Kup paszport online\" \/><\/a>\n\t\t<\/figure>\n\t<\/div>\n\n\t<div class=\"wpb_text_column wpb_content_element\">\n\t\t<div class=\"wpb_wrapper\">\n\t\t\t<p><strong>W przypadku jakichkolwiek pyta\u0144 lub w\u0105tpliwo\u015bci dotycz\u0105cych Us\u0142ugi mo\u017cna skontaktowa\u0107 si\u0119 z nami za po\u015brednictwem poczty elektronicznej (contact@docsmath.com) lub telefonicznie\/whatsapp (+1 503-849-7993, aby poprosi\u0107 o wszelkie potrzebne us\u0142ugi.<\/strong><\/p>\n\n\t\t<\/div> \n\t<\/div> <\/div><\/div><\/div><\/div><div class=\"clearfix\"><\/div><div  data-vc-full-width=\"true\" data-vc-full-width-init=\"false\" class=\"vc_row wpb_row vc_row-fluid clearfix vc_custom_1572457786201 vc_row-vc-full-width\"><div class=\"wpb_column vc_column_container vc_col-sm-12\"><div class=\"vc_column-inner\"><div class=\"wpb_wrapper\">\r\n\t\t<div  class=\"testimonials-area    testimonials_type_carousel\">\r\n\r\n\t\t\t\r\n\t\t\t\t\t\t\r\n\t\t\t\r\n\t\t\t\r\n\t\t\t\t\t\t\r\n\t\t\t\r\n\t\t\t\r\n\t\t\t\t\t\t\t\r\n\t\t\t<h6 class='section-pre-title'>s\u0142owa<\/h6><h3 class='section-title' style='color:#ffffff;'  >Co m\u00f3wi\u0105 nasi klienci<\/h3>\t\t\t\r\n\t\t\t\r\n\t\t\t\t\t\r\n\t\t\t\r\n\t\t\t<div class=\"carousel-type-1\">\r\n            \r\n            <div class=\"owl-carousel\" data-max-items=\"2\" data-item-margin=\"30\" data-autoplay=\"yes\">\r\n\t\t\t\t\r\n\t\t\t\t\r\n\t\t\t\t<div class=\"item-carousel\">\r\n\t\t\t\t\t<!-- Carousel Item -->\r\n\t\t\t\t\t<div class=\"testimonial\">\r\n\t\t\t\t\t  \r\n\t\t\t\t\t  <div class=\"testimonial-holder\" >\r\n\t\t\t\t\t\t<h6  style=\"color:#ffffff\" >Chen Jie<\/h6>\r\n\t\t\t\t\t\t\r\n\t\t\t\t\t\t  <p  style=\"color:#ffffff\" >Waha\u0142em si\u0119 przed zakupem paszportu online, ale po przeczytaniu pozytywnych opinii o tym sklepie, postanowi\u0142em spr\u00f3bowa\u0107. Bardzo si\u0119 ciesz\u0119, \u017ce to zrobi\u0142em! Paszport, kt\u00f3ry otrzyma\u0142em, by\u0142 bardzo dobrej jako\u015bci i wygl\u0105da\u0142 autentycznie. ...<\/p>\r\n\t\t\t\t\t\t\r\n\t\t\t\t\t  <\/div>\r\n\r\n\t\t\t\t\t  <div class=\"author-box\">\r\n\r\n\t\t\t\t\t\t<a href=\"https:\/\/docsmath.com\/pl\/testimonials\/chen-jie\/\" class=\"avatar\">\r\n\t\t\t\t\t\t  <img decoding=\"async\" width=\"120\" height=\"120\" src=\"http:\/\/dummyimage.com\/120x120&text=NO RESIZE\"  title='Chen Jie'  alt=''  class='tr_all'  \/>\t\t\t\t\t\t<\/a>\r\n\r\n\t\t\t\t\t\t<div class=\"author-info\">\r\n\r\n\t\t\t\t\t\t  <span class=\"author-name\" style=\"color:#ffffff\"  >Chen Jie<\/span>\r\n\t\t\t\t\t\t  <span class=\"author-position\"><\/span>\r\n\r\n\t\t\t\t\t\t<\/div>\r\n\r\n\t\t\t\t\t  <\/div>\r\n\r\n\t\t\t\t\t<\/div>\r\n\t\t\t\t\t<!-- \/Carousel Item -->\r\n\t\t\t\t<\/div>\r\n\t\t\t\t\t\r\n\t\t\t\t\t\r\n\t\t\t\t\r\n\t\t\t\t<div class=\"item-carousel\">\r\n\t\t\t\t\t<!-- Carousel Item -->\r\n\t\t\t\t\t<div class=\"testimonial\">\r\n\t\t\t\t\t  \r\n\t\t\t\t\t  <div class=\"testimonial-holder\" >\r\n\t\t\t\t\t\t<h6  style=\"color:#ffffff\" >Zhang Wei<\/h6>\r\n\t\t\t\t\t\t\r\n\t\t\t\t\t\t  <p  style=\"color:#ffffff\" >By\u0142em w pilnej potrzebie wymiany RMB i ten sklep mi pom\u00f3g\u0142. Ceny by\u0142y konkurencyjne, a transakcja szybka i bezproblemowa. Personel by\u0142 przyjazny i profesjonalny i z \u0142atwo\u015bci\u0105 przeprowadzi\u0142 mnie przez ca\u0142y proces. ...<\/p>\r\n\t\t\t\t\t\t\r\n\t\t\t\t\t  <\/div>\r\n\r\n\t\t\t\t\t  <div class=\"author-box\">\r\n\r\n\t\t\t\t\t\t<a href=\"https:\/\/docsmath.com\/pl\/testimonials\/zhang-wei\/\" class=\"avatar\">\r\n\t\t\t\t\t\t  <img decoding=\"async\" width=\"120\" height=\"120\" src=\"http:\/\/dummyimage.com\/120x120&text=NO RESIZE\"  title='Zhang Wei'  alt=''  class='tr_all'  \/>\t\t\t\t\t\t<\/a>\r\n\r\n\t\t\t\t\t\t<div class=\"author-info\">\r\n\r\n\t\t\t\t\t\t  <span class=\"author-name\" style=\"color:#ffffff\"  >Zhang Wei<\/span>\r\n\t\t\t\t\t\t  <span class=\"author-position\"><\/span>\r\n\r\n\t\t\t\t\t\t<\/div>\r\n\r\n\t\t\t\t\t  <\/div>\r\n\r\n\t\t\t\t\t<\/div>\r\n\t\t\t\t\t<!-- \/Carousel Item -->\r\n\t\t\t\t<\/div>\r\n\t\t\t\t\t\r\n\t\t\t\t\t\r\n\t\t\t\t\r\n\t\t\t\t<div class=\"item-carousel\">\r\n\t\t\t\t\t<!-- Carousel Item -->\r\n\t\t\t\t\t<div class=\"testimonial\">\r\n\t\t\t\t\t  \r\n\t\t\t\t\t  <div class=\"testimonial-holder\" >\r\n\t\t\t\t\t\t<h6  style=\"color:#ffffff\" >Li Wei<\/h6>\r\n\t\t\t\t\t\t\r\n\t\t\t\t\t\t  <p  style=\"color:#ffffff\" >Uzyskanie paszportu i prawa jazdy w tym sklepie by\u0142o dziecinnie proste! Ca\u0142y proces przebieg\u0142 sprawnie, a dokumenty zosta\u0142y dostarczone dyskretnie i na czas. Na pocz\u0105tku by\u0142em sceptyczny, ale jako\u015b\u0107 dokument\u00f3w przekroczy\u0142a moje oczekiwania. ...<\/p>\r\n\t\t\t\t\t\t\r\n\t\t\t\t\t  <\/div>\r\n\r\n\t\t\t\t\t  <div class=\"author-box\">\r\n\r\n\t\t\t\t\t\t<a href=\"https:\/\/docsmath.com\/pl\/testimonials\/li-wei\/\" class=\"avatar\">\r\n\t\t\t\t\t\t  <img decoding=\"async\" width=\"120\" height=\"120\" src=\"http:\/\/dummyimage.com\/120x120&text=NO RESIZE\"  title='Li Wei'  alt=''  class='tr_all'  \/>\t\t\t\t\t\t<\/a>\r\n\r\n\t\t\t\t\t\t<div class=\"author-info\">\r\n\r\n\t\t\t\t\t\t  <span class=\"author-name\" style=\"color:#ffffff\"  >Li Wei<\/span>\r\n\t\t\t\t\t\t  <span class=\"author-position\"><\/span>\r\n\r\n\t\t\t\t\t\t<\/div>\r\n\r\n\t\t\t\t\t  <\/div>\r\n\r\n\t\t\t\t\t<\/div>\r\n\t\t\t\t\t<!-- \/Carousel Item -->\r\n\t\t\t\t<\/div>\r\n\t\t\t\t\t\r\n\t\t\t\t\t\r\n\t\t\t\t\t\t\t\r\n\t\t\t\r\n\t\t\t<\/div>\r\n\t\t\t<\/div>\r\n\t\t\t\r\n\t\t\t\t\t\t\r\n\t\t\t\r\n\t\t\t\r\n\t\t\t\r\n\t\t\t\t\r\n\t\t\t\r\n\t\t\t\r\n\t\t\t\r\n\t\t\t\r\n\t\t\t\r\n\t\t\t\r\n\t\t\t\r\n\t\t\t\r\n\t\t\t\r\n\t\t\t\r\n\t\t\t\r\n\t\t<\/div><!--\/ .testimonials-area-->\r\n\r\n\t\t\r\n\r\n\t\t<\/div><\/div><\/div><\/div><div class=\"vc_row-full-width\"><\/div><div class=\"clearfix\"><\/div><!-- Row Backgrounds --><div class=\"upb_bg_img\" data-ultimate-bg=\"url(https:\/\/docsmath.com\/wp-content\/uploads\/2019\/10\/testimonials-background.jpg)\" data-image-id=\"id^983|url^https:\/\/www.usefulphantom.com\/newssd\/wp-content\/uploads\/2019\/10\/testimonials-background.jpg|caption^null|alt^null|title^testimonials-background|description^null\" data-ultimate-bg-style=\"vcpb-default\" data-bg-img-repeat=\"no-repeat\" data-bg-img-size=\"cover\" data-bg-img-position=\"\" data-parallx_sense=\"30\" data-bg-override=\"0\" data-bg_img_attach=\"fixed\" data-upb-overlay-color=\"\" data-upb-bg-animation=\"\" data-fadeout=\"\" data-bg-animation=\"left-animation\" data-bg-animation-type=\"h\" data-animation-repeat=\"repeat\" data-fadeout-percentage=\"30\" data-parallax-content=\"\" data-parallax-content-sense=\"30\" data-row-effect-mobile-disable=\"true\" data-img-parallax-mobile-disable=\"true\" data-rtl=\"false\"  data-custom-vc-row=\"\"  data-vc=\"5.5.1\"  data-is_old_vc=\"\"  data-theme-support=\"\"   data-overlay=\"false\" data-overlay-color=\"\" data-overlay-pattern=\"\" data-overlay-pattern-opacity=\"\" data-overlay-pattern-size=\"\"    ><\/div><div  data-vc-full-width=\"true\" data-vc-full-width-init=\"false\" class=\"vc_row wpb_row vc_row-fluid clearfix vc_custom_1572460268764 vc_row-vc-full-width\"><div class=\"wpb_column vc_column_container vc_col-sm-6\"><div class=\"vc_column-inner\"><div class=\"wpb_wrapper\"><div class='wpb_custom_title wpb_content_element align-left'><h6 class='section-pre-title'  style='color:#aab3b6;'  >Wycena<\/h6><h2 class='section-title'  style='color:#2a2c32;'  >Popro\u015b o bezp\u0142atn\u0105 wycen\u0119!<\/h2><\/div>\n\t<div class=\"wpb_text_column wpb_content_element\">\n\t\t<div class=\"wpb_wrapper\">\n\t\t\t<p>Skontaktuj si\u0119 z naszym zespo\u0142em lub wype\u0142nij formularz. Przedstawiciel wkr\u00f3tce si\u0119 z Tob\u0105 skontaktuje.<\/p>\n<p>Odpowiemy na wszystkie telefony, wiadomo\u015bci WhatsApp i e-maile w ci\u0105gu 48-72 godzin. Dzi\u0119kujemy za cierpliwo\u015b\u0107 i zrozumienie.<\/p>\n\n\t\t<\/div> \n\t<\/div> \r\n\t\t<div class=\"contact-info-block\">\r\n\r\n\t\t\t\t\t\t\t<h5 class=\"fw-medium\">Biuro w Chinach<\/h5>\r\n\t\t\t\r\n\t\t\t<p>6 Ritan Rd, Chaoyang District, Pekin 10060 (CHINY)<\/p>\n\r\n\t\t\t<ul class=\"contact-info\">\r\n\r\n                <li><span class=\"licon-telephone\"><\/span> <a href=\"callto: 1 503-849-7993\">+1 503-849-7993<\/a><\/li>\r\n                <li><span class=\"licon-at-sign\"><\/span> <a href=\"mailto:contact@pronoveltydocs.com\">contact@pronoveltydocs.com<\/a><\/li>\r\n\r\n            <\/ul>\r\n\r\n\t\t<\/div><!--\/ .contact-info-block-->\r\n\r\n\t\t<\/div><\/div><\/div><div class=\"wpb_column vc_column_container vc_col-sm-6\"><div class=\"vc_column-inner\"><div class=\"wpb_wrapper\"><div role=\"form\" class=\"wpcf7\" id=\"wpcf7-f985-o1\" lang=\"en-US\" dir=\"ltr\">\n<div class=\"screen-reader-response\"><\/div>\n<form action=\"\/pl\/wp-json\/wp\/v2\/pages\/1217#wpcf7-f985-o1\" method=\"post\" class=\"wpcf7-form\" novalidate=\"novalidate\" data-trp-original-action=\"\/pl\/wp-json\/wp\/v2\/pages\/1217#wpcf7-f985-o1\">\n<div style=\"display: none;\">\n<input type=\"hidden\" name=\"_wpcf7\" value=\"985\" \/>\n<input type=\"hidden\" name=\"_wpcf7_version\" value=\"5.1.4\" \/>\n<input type=\"hidden\" name=\"_wpcf7_locale\" value=\"en_US\" \/>\n<input type=\"hidden\" name=\"_wpcf7_unit_tag\" value=\"wpcf7-f985-o1\" \/>\n<input type=\"hidden\" name=\"_wpcf7_container_post\" value=\"0\" \/>\n<\/div>\n<div class=\"form-style1 fx-cols-2\">\n<div class=\"form-column\"><span class=\"wpcf7-form-control-wrap text-325\"><input type=\"text\" name=\"text-325\" value=\"\" size=\"40\" class=\"wpcf7-form-control wpcf7-text wpcf7-validates-as-required\" aria-required=\"true\" aria-invalid=\"false\" placeholder=\"Twoje imi\u0119 i nazwisko.\" \/><\/span><\/div>\n<div class=\"form-column\"><span class=\"wpcf7-form-control-wrap email-453\"><input type=\"email\" name=\"email-453\" value=\"\" size=\"40\" class=\"wpcf7-form-control wpcf7-text wpcf7-email wpcf7-validates-as-required wpcf7-validates-as-email\" aria-required=\"true\" aria-invalid=\"false\" placeholder=\"Twoja poczta\" \/><\/span><\/div>\n<div class=\"form-column\"><span class=\"wpcf7-form-control-wrap tel-411\"><input type=\"tel\" name=\"tel-411\" value=\"\" size=\"40\" class=\"wpcf7-form-control wpcf7-text wpcf7-tel wpcf7-validates-as-required wpcf7-validates-as-tel\" aria-required=\"true\" aria-invalid=\"false\" placeholder=\"numer telefonu\" \/><\/span><\/div>\n<div class=\"form-column\"><span class=\"wpcf7-form-control-wrap text-328\"><input type=\"text\" name=\"text-328\" value=\"\" size=\"40\" class=\"wpcf7-form-control wpcf7-text wpcf7-validates-as-required\" aria-required=\"true\" aria-invalid=\"false\" placeholder=\"Tw\u00f3j kraj.\" \/><\/span><\/div>\n<div class=\"form-column\"><span class=\"wpcf7-form-control-wrap text-329\"><input type=\"text\" name=\"text-329\" value=\"\" size=\"40\" class=\"wpcf7-form-control wpcf7-text wpcf7-validates-as-required\" aria-required=\"true\" aria-invalid=\"false\" placeholder=\"tematyczny\" \/><\/span><\/div>\n<div class=\"form-column\"><span class=\"wpcf7-form-control-wrap text-330\"><input type=\"text\" name=\"text-330\" value=\"\" size=\"40\" class=\"wpcf7-form-control wpcf7-text wpcf7-validates-as-required\" aria-required=\"true\" aria-invalid=\"false\" placeholder=\"Odniesienie do us\u0142ug\" \/><\/span><\/div>\n<div class=\"form-column-full\"><span class=\"wpcf7-form-control-wrap textarea-117\"><textarea name=\"textarea-117\" cols=\"40\" rows=\"4\" class=\"wpcf7-form-control wpcf7-textarea\" aria-invalid=\"false\" placeholder=\"informacja\"><\/textarea><\/span><\/div>\n<div class=\"form-column-full align-left\"><input type=\"submit\" value=\"Prze\u015blij wiadomo\u015b\u0107\" class=\"wpcf7-form-control wpcf7-submit\" \/><\/div>\n<\/div>\n<div class=\"wpcf7-response-output wpcf7-display-none\"><\/div><input type=\"hidden\" name=\"trp-form-language\" value=\"pl\"\/><\/form><\/div><\/div><\/div><\/div><\/div><div class=\"vc_row-full-width\"><\/div><div class=\"clearfix\"><\/div>","protected":false},"excerpt":{"rendered":"\u901a\u8fc7 Docsmath.com \u6ee1\u8db3\u60a8\u7684\u65c5\u884c\u9700\u6c42\uff1a\u60a8\u5728\u4e2d\u56fd\u503c\u5f97\u4fe1\u8d56\u7684\u62a4\u7167\u4f9b\u5e94\u5546 \u6b63\u5728\u5bfb\u627e\u5728\u7ebf\u8d2d\u4e70\u62a4\u7167\u7684\u53ef\u9760\u6765\u6e90 [...]","protected":false},"author":1,"featured_media":0,"parent":0,"menu_order":0,"comment_status":"closed","ping_status":"closed","template":"","meta":{"_joinchat":[],"footnotes":""},"yoast_head":"<!-- This site is optimized with the Yoast SEO plugin v24.1 - https:\/\/yoast.com\/wordpress\/plugins\/seo\/ -->\n<title>\u62a4\u7167\u51fa\u552e \u2013 \u5728\u7ebf\u8d2d\u4e70\u62a4\u7167 | DocsMath<\/title>\n<meta name=\"description\" content=\"\u60f3\u5728\u7ebf\u8d2d\u4e70\u62a4\u7167\u5417\uff1f\u4e86\u89e3\u5047\u62a4\u7167\u7684\u6cd5\u5f8b\u540e\u679c\uff0c\u5e76\u5b66\u4e60\u5982\u4f55\u6b63\u786e\u7533\u8bf7\u62a4\u7167\u3002\" \/>\n<meta name=\"robots\" content=\"index, follow, max-snippet:-1, max-image-preview:large, max-video-preview:-1\" \/>\n<link rel=\"canonical\" href=\"https:\/\/docsmath.com\/pl\/kup-paszport-online\/\" \/>\n<meta property=\"og:locale\" content=\"pl_PL\" \/>\n<meta property=\"og:type\" content=\"article\" \/>\n<meta property=\"og:title\" content=\"\u62a4\u7167\u51fa\u552e \u2013 \u5728\u7ebf\u8d2d\u4e70\u62a4\u7167 | DocsMath\" \/>\n<meta property=\"og:description\" content=\"\u60f3\u5728\u7ebf\u8d2d\u4e70\u62a4\u7167\u5417\uff1f\u4e86\u89e3\u5047\u62a4\u7167\u7684\u6cd5\u5f8b\u540e\u679c\uff0c\u5e76\u5b66\u4e60\u5982\u4f55\u6b63\u786e\u7533\u8bf7\u62a4\u7167\u3002\" \/>\n<meta property=\"og:url\" content=\"https:\/\/docsmath.com\/pl\/kup-paszport-online\/\" \/>\n<meta property=\"og:site_name\" content=\"DocsMath\" \/>\n<meta property=\"article:modified_time\" content=\"2026-04-01T06:18:19+00:00\" \/>\n<meta name=\"twitter:card\" content=\"summary_large_image\" \/>\n<meta name=\"twitter:label1\" content=\"Szacowany czas czytania\" \/>\n\t<meta name=\"twitter:data1\" content=\"1 minuta\" \/>\n<script type=\"application\/ld+json\" class=\"yoast-schema-graph\">{\"@context\":\"https:\/\/schema.org\",\"@graph\":[{\"@type\":\"WebPage\",\"@id\":\"https:\/\/docsmath.com\/%e5%9c%a8%e7%ba%bf%e8%b4%ad%e4%b9%b0%e6%8a%a4%e7%85%a7\/\",\"url\":\"https:\/\/docsmath.com\/%e5%9c%a8%e7%ba%bf%e8%b4%ad%e4%b9%b0%e6%8a%a4%e7%85%a7\/\",\"name\":\"\u62a4\u7167\u51fa\u552e \u2013 \u5728\u7ebf\u8d2d\u4e70\u62a4\u7167 | DocsMath\",\"isPartOf\":{\"@id\":\"https:\/\/docsmath.com\/#website\"},\"datePublished\":\"2024-02-26T12:29:13+00:00\",\"dateModified\":\"2026-04-01T06:18:19+00:00\",\"description\":\"\u60f3\u5728\u7ebf\u8d2d\u4e70\u62a4\u7167\u5417\uff1f\u4e86\u89e3\u5047\u62a4\u7167\u7684\u6cd5\u5f8b\u540e\u679c\uff0c\u5e76\u5b66\u4e60\u5982\u4f55\u6b63\u786e\u7533\u8bf7\u62a4\u7167\u3002\",\"breadcrumb\":{\"@id\":\"https:\/\/docsmath.com\/%e5%9c%a8%e7%ba%bf%e8%b4%ad%e4%b9%b0%e6%8a%a4%e7%85%a7\/#breadcrumb\"},\"inLanguage\":\"pl-PL\",\"potentialAction\":[{\"@type\":\"ReadAction\",\"target\":[\"https:\/\/docsmath.com\/%e5%9c%a8%e7%ba%bf%e8%b4%ad%e4%b9%b0%e6%8a%a4%e7%85%a7\/\"]}]},{\"@type\":\"BreadcrumbList\",\"@id\":\"https:\/\/docsmath.com\/%e5%9c%a8%e7%ba%bf%e8%b4%ad%e4%b9%b0%e6%8a%a4%e7%85%a7\/#breadcrumb\",\"itemListElement\":[{\"@type\":\"ListItem\",\"position\":1,\"name\":\"Home\",\"item\":\"https:\/\/docsmath.com\/\"},{\"@type\":\"ListItem\",\"position\":2,\"name\":\"\u5728\u7ebf\u8d2d\u4e70\u62a4\u7167\"}]},{\"@type\":\"WebSite\",\"@id\":\"https:\/\/docsmath.com\/#website\",\"url\":\"https:\/\/docsmath.com\/\",\"name\":\"DocsMath\",\"description\":\"#1 Place to Buy Documents &amp; Chemical Products\",\"potentialAction\":[{\"@type\":\"SearchAction\",\"target\":{\"@type\":\"EntryPoint\",\"urlTemplate\":\"https:\/\/docsmath.com\/?s={search_term_string}\"},\"query-input\":{\"@type\":\"PropertyValueSpecification\",\"valueRequired\":true,\"valueName\":\"search_term_string\"}}],\"inLanguage\":\"pl-PL\"}]}<\/script>\n<!-- \/ Yoast SEO plugin. -->","yoast_head_json":{"title":"\u62a4\u7167\u51fa\u552e \u2013 \u5728\u7ebf\u8d2d\u4e70\u62a4\u7167 | DocsMath","description":"\u60f3\u5728\u7ebf\u8d2d\u4e70\u62a4\u7167\u5417\uff1f\u4e86\u89e3\u5047\u62a4\u7167\u7684\u6cd5\u5f8b\u540e\u679c\uff0c\u5e76\u5b66\u4e60\u5982\u4f55\u6b63\u786e\u7533\u8bf7\u62a4\u7167\u3002","robots":{"index":"index","follow":"follow","max-snippet":"max-snippet:-1","max-image-preview":"max-image-preview:large","max-video-preview":"max-video-preview:-1"},"canonical":"https:\/\/docsmath.com\/pl\/kup-paszport-online\/","og_locale":"pl_PL","og_type":"article","og_title":"\u62a4\u7167\u51fa\u552e \u2013 \u5728\u7ebf\u8d2d\u4e70\u62a4\u7167 | DocsMath","og_description":"\u60f3\u5728\u7ebf\u8d2d\u4e70\u62a4\u7167\u5417\uff1f\u4e86\u89e3\u5047\u62a4\u7167\u7684\u6cd5\u5f8b\u540e\u679c\uff0c\u5e76\u5b66\u4e60\u5982\u4f55\u6b63\u786e\u7533\u8bf7\u62a4\u7167\u3002","og_url":"https:\/\/docsmath.com\/pl\/kup-paszport-online\/","og_site_name":"DocsMath","article_modified_time":"2026-04-01T06:18:19+00:00","twitter_card":"summary_large_image","twitter_misc":{"Szacowany czas czytania":"1 minuta"},"schema":{"@context":"https:\/\/schema.org","@graph":[{"@type":"WebPage","@id":"https:\/\/docsmath.com\/%e5%9c%a8%e7%ba%bf%e8%b4%ad%e4%b9%b0%e6%8a%a4%e7%85%a7\/","url":"https:\/\/docsmath.com\/%e5%9c%a8%e7%ba%bf%e8%b4%ad%e4%b9%b0%e6%8a%a4%e7%85%a7\/","name":"\u62a4\u7167\u51fa\u552e \u2013 \u5728\u7ebf\u8d2d\u4e70\u62a4\u7167 | DocsMath","isPartOf":{"@id":"https:\/\/docsmath.com\/#website"},"datePublished":"2024-02-26T12:29:13+00:00","dateModified":"2026-04-01T06:18:19+00:00","description":"\u60f3\u5728\u7ebf\u8d2d\u4e70\u62a4\u7167\u5417\uff1f\u4e86\u89e3\u5047\u62a4\u7167\u7684\u6cd5\u5f8b\u540e\u679c\uff0c\u5e76\u5b66\u4e60\u5982\u4f55\u6b63\u786e\u7533\u8bf7\u62a4\u7167\u3002","breadcrumb":{"@id":"https:\/\/docsmath.com\/%e5%9c%a8%e7%ba%bf%e8%b4%ad%e4%b9%b0%e6%8a%a4%e7%85%a7\/#breadcrumb"},"inLanguage":"pl-PL","potentialAction":[{"@type":"ReadAction","target":["https:\/\/docsmath.com\/%e5%9c%a8%e7%ba%bf%e8%b4%ad%e4%b9%b0%e6%8a%a4%e7%85%a7\/"]}]},{"@type":"BreadcrumbList","@id":"https:\/\/docsmath.com\/%e5%9c%a8%e7%ba%bf%e8%b4%ad%e4%b9%b0%e6%8a%a4%e7%85%a7\/#breadcrumb","itemListElement":[{"@type":"ListItem","position":1,"name":"Home","item":"https:\/\/docsmath.com\/"},{"@type":"ListItem","position":2,"name":"\u5728\u7ebf\u8d2d\u4e70\u62a4\u7167"}]},{"@type":"WebSite","@id":"https:\/\/docsmath.com\/#website","url":"https:\/\/docsmath.com\/","name":"DocsMath","description":"#1 Place to Buy Documents &amp; Chemical Products","potentialAction":[{"@type":"SearchAction","target":{"@type":"EntryPoint","urlTemplate":"https:\/\/docsmath.com\/?s={search_term_string}"},"query-input":{"@type":"PropertyValueSpecification","valueRequired":true,"valueName":"search_term_string"}}],"inLanguage":"pl-PL"}]}},"_links":{"self":[{"href":"https:\/\/docsmath.com\/pl\/wp-json\/wp\/v2\/pages\/1217"}],"collection":[{"href":"https:\/\/docsmath.com\/pl\/wp-json\/wp\/v2\/pages"}],"about":[{"href":"https:\/\/docsmath.com\/pl\/wp-json\/wp\/v2\/types\/page"}],"author":[{"embeddable":true,"href":"https:\/\/docsmath.com\/pl\/wp-json\/wp\/v2\/users\/1"}],"replies":[{"embeddable":true,"href":"https:\/\/docsmath.com\/pl\/wp-json\/wp\/v2\/comments?post=1217"}],"version-history":[{"count":5,"href":"https:\/\/docsmath.com\/pl\/wp-json\/wp\/v2\/pages\/1217\/revisions"}],"predecessor-version":[{"id":1419,"href":"https:\/\/docsmath.com\/pl\/wp-json\/wp\/v2\/pages\/1217\/revisions\/1419"}],"wp:attachment":[{"href":"https:\/\/docsmath.com\/pl\/wp-json\/wp\/v2\/media?parent=1217"}],"curies":[{"name":"wp","href":"https:\/\/api.w.org\/{rel}","templated":true}]}}