{"id":1214,"date":"2024-02-26T12:26:45","date_gmt":"2024-02-26T12:26:45","guid":{"rendered":"https:\/\/postnllogistic.com\/china\/?page_id=1214"},"modified":"2026-03-31T11:05:04","modified_gmt":"2026-03-31T11:05:04","slug":"%e5%9c%a8%e7%ba%bf%e8%b4%ad%e4%b9%b0%e9%9b%85%e6%80%9d%e8%af%81%e4%b9%a6","status":"publish","type":"page","link":"https:\/\/docsmath.com\/pl\/kup-certyfikat-ielts-online\/","title":{"rendered":"Kup certyfikaty IELTS online"},"content":{"rendered":"<div  class=\"vc_row wpb_row vc_row-fluid clearfix vc_custom_1572461067978\"><div class=\"wpb_column vc_column_container vc_col-sm-6\"><div class=\"vc_column-inner\"><div class=\"wpb_wrapper\"><h2 style=\"font-size: 28px;color: #000000;line-height: 32px;text-align: left\" class=\"vc_custom_heading wpb_animate_when_almost_visible wpb_Array Array\" >Odblokuj swoje mo\u017cliwo\u015bci dzi\u0119ki autentycznym certyfikatom testu IELTS na Docsmath.com!<\/h2>\n\t<div class=\"wpb_text_column wpb_content_element\">\n\t\t<div class=\"wpb_wrapper\">\n\t\t\t<p style=\"text-align: justify;\">Chcesz studiowa\u0107 lub pracowa\u0107 za granic\u0105?<a href=\"https:\/\/docsmath.com\/pl\/kup-certyfikat-ielts-online\/\">I potrzebujesz certyfikatu IELTS, aby zrealizowa\u0107 swoje marzenie<\/a>? Nie wahaj si\u0119 d\u0142u\u017cej! nas <a href=\"https:\/\/docsmath.com\/pl\/\">Docsmath.com<\/a> Zapewnij niezawodne rozwi\u0105zania dla swoich potrzeb. Dzi\u0119ki naszym oryginalnym certyfikatom IELTS mo\u017cesz otworzy\u0107 sobie drzwi do ekscytuj\u0105cych mo\u017cliwo\u015bci na ca\u0142ym \u015bwiecie.<\/p>\n<h3 style=\"text-align: justify;\">Dlaczego warto wybra\u0107 Docsmath.com dla swoich potrzeb zwi\u0105zanych z certyfikatem IELTS?<\/h3>\n<p style=\"text-align: justify;\">Zaufanie ma kluczowe znaczenie, je\u015bli chodzi o uzyskanie certyfikatu IELTS. W Docsmath.com rozumiemy znaczenie autentyczno\u015bci i legalno\u015bci. Oferujemy uznane na ca\u0142ym \u015bwiecie i oryginalne certyfikaty test\u00f3w IELTS, aby zapewni\u0107 wiarygodno\u015b\u0107 i sukces.<\/p>\n<h3 style=\"text-align: justify;\">Kup certyfikaty IELTS online bez obaw<\/h3>\n<p style=\"text-align: justify;\"><a href=\"https:\/\/en.wikipedia.org\/wiki\/International_English_Language_Testing_System\">Tylko kilka klikni\u0119\u0107<\/a>Mo\u017cesz bezpiecznie kupi\u0107 certyfikat IELTS dla Chin na Docsmath.com. Oferujemy prosty i przejrzysty proces, kt\u00f3ry u\u0142atwia uzyskanie certyfikatu. Nasza przyjazna dla u\u017cytkownika platforma internetowa gwarantuje p\u0142ynny przebieg procesu od zakupu do dostawy.<\/p>\n<h3 style=\"text-align: justify;\">Prawdziwe i fa\u0142szywe certyfikaty IELTS: poznaj r\u00f3\u017cnic\u0119<\/h3>\n<p style=\"text-align: justify;\">\u8c28\u9632\u53ef\u80fd\u5371\u53ca\u60a8\u672a\u6765\u7684\u4f2a\u9020\u8bc1\u4e66\u3002 \u5728 Docsmath.com\uff0c<a href=\"https:\/\/docsmath.com\/pl\/kup-zezwolenie-na-pobyt-online\/\">\u6211\u4eec\u4fdd\u8bc1\u96c5\u601d\u8003\u8bd5\u8bc1\u4e66\u7684<\/a>\u771f\u5b9e\u6027\u3002 \u4e0e\u5047\u8bc1\u4e66\u4e0d\u540c\uff0c\u6211\u4eec\u7684\u8bc1\u4e66\u662f\u5408\u6cd5\u83b7\u5f97\u4e14\u53ef\u9a8c\u8bc1\u7684\uff0c\u8ba9\u60a8\u5b89\u5fc3\u65e0\u5fe7\uff0c\u5bf9\u81ea\u5df1\u7684\u52aa\u529b\u5145\u6ee1\u4fe1\u5fc3\u3002<\/p>\n<h3 style=\"text-align: justify;\">Kup certyfikaty IELTS online legalnie<\/h3>\n<p style=\"text-align: justify;\">W Docsmath.com dzia\u0142amy zgodnie z prawem. Kupuj\u0105c u nas certyfikat egzaminu IELTS, mo\u017cesz mie\u0107 pewno\u015b\u0107, \u017ce zosta\u0142 on uzyskany w legalny spos\u00f3b. Przestrzegamy surowych norm legalno\u015bci i etyki, aby zapewni\u0107 zgodno\u015b\u0107 z przepisami.<\/p>\n<h3 style=\"text-align: justify;\">Zaufany dostawca certyfikat\u00f3w IELTS w Chinach<\/h3>\n<p style=\"text-align: justify;\">Niezale\u017cnie od tego, czy znajdujesz si\u0119 w Pekinie, Szanghaju czy gdziekolwiek indziej w Chinach, Docsmath.com jest zaufanym dostawc\u0105 certyfikat\u00f3w egzaminacyjnych IELTS. Obs\u0142ugujemy klient\u00f3w w ca\u0142ych Chinach, dostarczaj\u0105c wysokiej jako\u015bci certyfikaty spe\u0142niaj\u0105ce mi\u0119dzynarodowe standardy. Zaufaj nam, \u017ce b\u0119dziemy Twoim partnerem w osi\u0105ganiu zagranicznych cel\u00f3w.<\/p>\n<h3 style=\"text-align: justify;\">Podsumowanie: Zabezpiecz swoj\u0105 przysz\u0142o\u015b\u0107 z Docsmath.com<\/h3>\n<p style=\"text-align: justify;\">Nie pozw\u00f3l, aby brak certyfikatu testu IELTS powstrzyma\u0142 Ci\u0119 przed realizacj\u0105 marze\u0144. Zaufaj Docsmath.com, kt\u00f3ry dostarczy Ci oryginalne certyfikaty otwieraj\u0105ce drzwi do niesko\u0144czonych mo\u017cliwo\u015bci. Dzi\u0119ki naszemu zaanga\u017cowaniu w jako\u015b\u0107 i legalno\u015b\u0107, mo\u017cesz wyruszy\u0107 w swoj\u0105 podr\u00f3\u017c z pewno\u015bci\u0105 siebie. Zr\u00f3b pierwszy krok w kierunku realizacji swoich marze\u0144, kupuj\u0105c certyfikat IELTS na Docsmath.com ju\u017c dzi\u015b.<\/p>\n\n\t\t<\/div> \n\t<\/div> \n\t<div class=\"wpb_text_column wpb_content_element\">\n\t\t<div class=\"wpb_wrapper\">\n\t\t\t<h5>Czy mog\u0119 kupi\u0107 certyfikat IELTS Reading?<\/h5>\n<p>Czy mog\u0119 kupi\u0107 certyfikat IELTS? Kr\u00f3tka odpowied\u017a brzmi<b>negatywny<\/b>! Jednym z powod\u00f3w, dla kt\u00f3rych IELTS jest uznawany za najbardziej zaufany mi\u0119dzynarodowy test j\u0119zykowy na \u015bwiecie, jest wysoki poziom \u015brodk\u00f3w bezpiecze\u0144stwa.<\/p>\n<h5>Jak uzyska\u0107 oryginalny certyfikat IELTS?<\/h5>\n<p><b>Centrum testowe docsmath IELTS prze\u015ble oficjalny formularz raportu z testu (TRF) na podany adres pocztowy<\/b>. IELTS w wersji komputerowej: TRF zostanie wys\u0142any 3-5 dni po dacie testu. IELTS w wersji papierowej: TRF zostanie wys\u0142any 13 dni po dacie testu.<\/p>\n<h4>Ile kosztuje certyfikat IELTS?<\/h4>\n<h5>Jak uzyska\u0107 certyfikat IELTS?<\/h5>\n<ol>\n<li>Online. Testy mog\u0105 by\u0107 wykonywane zdalnie. Wyniki dost\u0119pne w ci\u0105gu 6-8 dni. Wymaga specjalnego sprz\u0119tu do wykonania. ...<\/li>\n<li>Osobi\u015bcie - komputer. Skorzystaj z komputera w centrum egzaminacyjnym IELTS. wyniki w ci\u0105gu 3-5 dni. ...<\/li>\n<li>Osobi\u015bcie - papier. Papier i o\u0142\u00f3wek w centrum egzaminacyjnym IELTS. 13 dni na wyniki.<\/li>\n<\/ol>\n\n\t\t<\/div> \n\t<\/div> <\/div><\/div><\/div><div class=\"wpb_column vc_column_container vc_col-sm-6\"><div class=\"vc_column-inner\"><div class=\"wpb_wrapper\">\n\t<div  class=\"wpb_single_image wpb_content_element vc_align_right  wpb_animate_when_almost_visible wpb_fadeInRightBig fadeInRightBig\">\n\t\t\n\t\t<figure class=\"wpb_wrapper vc_figure\">\n\t\t\t<a data-rel=\"prettyPhoto[rel-1214-868811203]\" href=\"https:\/\/docsmath.com\/wp-content\/uploads\/2024\/02\/ielts.jpg\" target=\"_self\" class=\"vc_single_image-wrapper vc_box_rounded  vc_box_border_grey prettyphoto\"><img loading=\"lazy\" decoding=\"async\" width=\"555\" height=\"486\" src=\"https:\/\/docsmath.com\/wp-content\/uploads\/2024\/02\/ielts.jpg\" class=\"vc_single_image-img attachment-full\" alt=\"Kup certyfikaty IELTS online\" \/><\/a>\n\t\t<\/figure>\n\t<\/div>\n\n\t<div class=\"wpb_text_column wpb_content_element\">\n\t\t<div class=\"wpb_wrapper\">\n\t\t\t<p><strong>W przypadku jakichkolwiek pyta\u0144 lub w\u0105tpliwo\u015bci dotycz\u0105cych Us\u0142ugi mo\u017cna skontaktowa\u0107 si\u0119 z nami za po\u015brednictwem poczty elektronicznej (contact@docsmath.com) lub telefonicznie\/whatsapp (+447831833593, aby poprosi\u0107 o wszelkie potrzebne us\u0142ugi.<\/strong><\/p>\n\n\t\t<\/div> \n\t<\/div> <\/div><\/div><\/div><\/div><div class=\"clearfix\"><\/div><div  data-vc-full-width=\"true\" data-vc-full-width-init=\"false\" class=\"vc_row wpb_row vc_row-fluid clearfix vc_custom_1572457786201 vc_row-vc-full-width\"><div class=\"wpb_column vc_column_container vc_col-sm-12\"><div class=\"vc_column-inner\"><div class=\"wpb_wrapper\">\r\n\t\t<div  class=\"testimonials-area    testimonials_type_carousel\">\r\n\r\n\t\t\t\r\n\t\t\t\t\t\t\r\n\t\t\t\r\n\t\t\t\r\n\t\t\t\t\t\t\r\n\t\t\t\r\n\t\t\t\r\n\t\t\t\t\t\t\t\r\n\t\t\t<h6 class='section-pre-title'>s\u0142owa<\/h6><h3 class='section-title' style='color:#ffffff;'  >Co m\u00f3wi\u0105 nasi klienci<\/h3>\t\t\t\r\n\t\t\t\r\n\t\t\t\t\t\r\n\t\t\t\r\n\t\t\t<div class=\"carousel-type-1\">\r\n            \r\n            <div class=\"owl-carousel\" data-max-items=\"2\" data-item-margin=\"30\" data-autoplay=\"yes\">\r\n\t\t\t\t\r\n\t\t\t\t\r\n\t\t\t\t<div class=\"item-carousel\">\r\n\t\t\t\t\t<!-- Carousel Item -->\r\n\t\t\t\t\t<div class=\"testimonial\">\r\n\t\t\t\t\t  \r\n\t\t\t\t\t  <div class=\"testimonial-holder\" >\r\n\t\t\t\t\t\t<h6  style=\"color:#ffffff\" >Chen Jie<\/h6>\r\n\t\t\t\t\t\t\r\n\t\t\t\t\t\t  <p  style=\"color:#ffffff\" >Waha\u0142em si\u0119 przed zakupem paszportu online, ale po przeczytaniu pozytywnych opinii o tym sklepie, postanowi\u0142em spr\u00f3bowa\u0107. Bardzo si\u0119 ciesz\u0119, \u017ce to zrobi\u0142em! Paszport, kt\u00f3ry otrzyma\u0142em, by\u0142 bardzo dobrej jako\u015bci i wygl\u0105da\u0142 autentycznie. ...<\/p>\r\n\t\t\t\t\t\t\r\n\t\t\t\t\t  <\/div>\r\n\r\n\t\t\t\t\t  <div class=\"author-box\">\r\n\r\n\t\t\t\t\t\t<a href=\"https:\/\/docsmath.com\/pl\/testimonials\/chen-jie\/\" class=\"avatar\">\r\n\t\t\t\t\t\t  <img decoding=\"async\" width=\"120\" height=\"120\" src=\"http:\/\/dummyimage.com\/120x120&text=NO RESIZE\"  title='Chen Jie'  alt=''  class='tr_all'  \/>\t\t\t\t\t\t<\/a>\r\n\r\n\t\t\t\t\t\t<div class=\"author-info\">\r\n\r\n\t\t\t\t\t\t  <span class=\"author-name\" style=\"color:#ffffff\"  >Chen Jie<\/span>\r\n\t\t\t\t\t\t  <span class=\"author-position\"><\/span>\r\n\r\n\t\t\t\t\t\t<\/div>\r\n\r\n\t\t\t\t\t  <\/div>\r\n\r\n\t\t\t\t\t<\/div>\r\n\t\t\t\t\t<!-- \/Carousel Item -->\r\n\t\t\t\t<\/div>\r\n\t\t\t\t\t\r\n\t\t\t\t\t\r\n\t\t\t\t\r\n\t\t\t\t<div class=\"item-carousel\">\r\n\t\t\t\t\t<!-- Carousel Item -->\r\n\t\t\t\t\t<div class=\"testimonial\">\r\n\t\t\t\t\t  \r\n\t\t\t\t\t  <div class=\"testimonial-holder\" >\r\n\t\t\t\t\t\t<h6  style=\"color:#ffffff\" >Zhang Wei<\/h6>\r\n\t\t\t\t\t\t\r\n\t\t\t\t\t\t  <p  style=\"color:#ffffff\" >By\u0142em w pilnej potrzebie wymiany RMB i ten sklep mi pom\u00f3g\u0142. Ceny by\u0142y konkurencyjne, a transakcja szybka i bezproblemowa. Personel by\u0142 przyjazny i profesjonalny i z \u0142atwo\u015bci\u0105 przeprowadzi\u0142 mnie przez ca\u0142y proces. ...<\/p>\r\n\t\t\t\t\t\t\r\n\t\t\t\t\t  <\/div>\r\n\r\n\t\t\t\t\t  <div class=\"author-box\">\r\n\r\n\t\t\t\t\t\t<a href=\"https:\/\/docsmath.com\/pl\/testimonials\/zhang-wei\/\" class=\"avatar\">\r\n\t\t\t\t\t\t  <img decoding=\"async\" width=\"120\" height=\"120\" src=\"http:\/\/dummyimage.com\/120x120&text=NO RESIZE\"  title='Zhang Wei'  alt=''  class='tr_all'  \/>\t\t\t\t\t\t<\/a>\r\n\r\n\t\t\t\t\t\t<div class=\"author-info\">\r\n\r\n\t\t\t\t\t\t  <span class=\"author-name\" style=\"color:#ffffff\"  >Zhang Wei<\/span>\r\n\t\t\t\t\t\t  <span class=\"author-position\"><\/span>\r\n\r\n\t\t\t\t\t\t<\/div>\r\n\r\n\t\t\t\t\t  <\/div>\r\n\r\n\t\t\t\t\t<\/div>\r\n\t\t\t\t\t<!-- \/Carousel Item -->\r\n\t\t\t\t<\/div>\r\n\t\t\t\t\t\r\n\t\t\t\t\t\r\n\t\t\t\t\r\n\t\t\t\t<div class=\"item-carousel\">\r\n\t\t\t\t\t<!-- Carousel Item -->\r\n\t\t\t\t\t<div class=\"testimonial\">\r\n\t\t\t\t\t  \r\n\t\t\t\t\t  <div class=\"testimonial-holder\" >\r\n\t\t\t\t\t\t<h6  style=\"color:#ffffff\" >Li Wei<\/h6>\r\n\t\t\t\t\t\t\r\n\t\t\t\t\t\t  <p  style=\"color:#ffffff\" >Uzyskanie paszportu i prawa jazdy w tym sklepie by\u0142o dziecinnie proste! Ca\u0142y proces przebieg\u0142 sprawnie, a dokumenty zosta\u0142y dostarczone dyskretnie i na czas. Na pocz\u0105tku by\u0142em sceptyczny, ale jako\u015b\u0107 dokument\u00f3w przekroczy\u0142a moje oczekiwania. ...<\/p>\r\n\t\t\t\t\t\t\r\n\t\t\t\t\t  <\/div>\r\n\r\n\t\t\t\t\t  <div class=\"author-box\">\r\n\r\n\t\t\t\t\t\t<a href=\"https:\/\/docsmath.com\/pl\/testimonials\/li-wei\/\" class=\"avatar\">\r\n\t\t\t\t\t\t  <img decoding=\"async\" width=\"120\" height=\"120\" src=\"http:\/\/dummyimage.com\/120x120&text=NO RESIZE\"  title='Li Wei'  alt=''  class='tr_all'  \/>\t\t\t\t\t\t<\/a>\r\n\r\n\t\t\t\t\t\t<div class=\"author-info\">\r\n\r\n\t\t\t\t\t\t  <span class=\"author-name\" style=\"color:#ffffff\"  >Li Wei<\/span>\r\n\t\t\t\t\t\t  <span class=\"author-position\"><\/span>\r\n\r\n\t\t\t\t\t\t<\/div>\r\n\r\n\t\t\t\t\t  <\/div>\r\n\r\n\t\t\t\t\t<\/div>\r\n\t\t\t\t\t<!-- \/Carousel Item -->\r\n\t\t\t\t<\/div>\r\n\t\t\t\t\t\r\n\t\t\t\t\t\r\n\t\t\t\t\t\t\t\r\n\t\t\t\r\n\t\t\t<\/div>\r\n\t\t\t<\/div>\r\n\t\t\t\r\n\t\t\t\t\t\t\r\n\t\t\t\r\n\t\t\t\r\n\t\t\t\r\n\t\t\t\t\r\n\t\t\t\r\n\t\t\t\r\n\t\t\t\r\n\t\t\t\r\n\t\t\t\r\n\t\t\t\r\n\t\t\t\r\n\t\t\t\r\n\t\t\t\r\n\t\t\t\r\n\t\t\t\r\n\t\t<\/div><!--\/ .testimonials-area-->\r\n\r\n\t\t\r\n\r\n\t\t<\/div><\/div><\/div><\/div><div class=\"vc_row-full-width\"><\/div><div class=\"clearfix\"><\/div><!-- Row Backgrounds --><div class=\"upb_bg_img\" data-ultimate-bg=\"url(https:\/\/docsmath.com\/wp-content\/uploads\/2019\/10\/testimonials-background.jpg)\" data-image-id=\"id^983|url^https:\/\/www.usefulphantom.com\/newssd\/wp-content\/uploads\/2019\/10\/testimonials-background.jpg|caption^null|alt^null|title^testimonials-background|description^null\" data-ultimate-bg-style=\"vcpb-default\" data-bg-img-repeat=\"no-repeat\" data-bg-img-size=\"cover\" data-bg-img-position=\"\" data-parallx_sense=\"30\" data-bg-override=\"0\" data-bg_img_attach=\"fixed\" data-upb-overlay-color=\"\" data-upb-bg-animation=\"\" data-fadeout=\"\" data-bg-animation=\"left-animation\" data-bg-animation-type=\"h\" data-animation-repeat=\"repeat\" data-fadeout-percentage=\"30\" data-parallax-content=\"\" data-parallax-content-sense=\"30\" data-row-effect-mobile-disable=\"true\" data-img-parallax-mobile-disable=\"true\" data-rtl=\"false\"  data-custom-vc-row=\"\"  data-vc=\"5.5.1\"  data-is_old_vc=\"\"  data-theme-support=\"\"   data-overlay=\"false\" data-overlay-color=\"\" data-overlay-pattern=\"\" data-overlay-pattern-opacity=\"\" data-overlay-pattern-size=\"\"    ><\/div><div  data-vc-full-width=\"true\" data-vc-full-width-init=\"false\" class=\"vc_row wpb_row vc_row-fluid clearfix vc_custom_1572460268764 vc_row-vc-full-width\"><div class=\"wpb_column vc_column_container vc_col-sm-6\"><div class=\"vc_column-inner\"><div class=\"wpb_wrapper\"><div class='wpb_custom_title wpb_content_element align-left'><h6 class='section-pre-title'  style='color:#aab3b6;'  >Wycena<\/h6><h2 class='section-title'  style='color:#2a2c32;'  >Popro\u015b o bezp\u0142atn\u0105 wycen\u0119!<\/h2><\/div>\n\t<div class=\"wpb_text_column wpb_content_element\">\n\t\t<div class=\"wpb_wrapper\">\n\t\t\t<p>Skontaktuj si\u0119 z naszym zespo\u0142em lub wype\u0142nij formularz. Przedstawiciel wkr\u00f3tce si\u0119 z Tob\u0105 skontaktuje.<\/p>\n<p>Odpowiemy na wszystkie telefony, wiadomo\u015bci WhatsApp i e-maile w ci\u0105gu 48-72 godzin. Dzi\u0119kujemy za cierpliwo\u015b\u0107 i zrozumienie.<\/p>\n\n\t\t<\/div> \n\t<\/div> \r\n\t\t<div class=\"contact-info-block\">\r\n\r\n\t\t\t\t\t\t\t<h5 class=\"fw-medium\">Biuro w Chinach<\/h5>\r\n\t\t\t\r\n\t\t\t<p>6 Ritan Rd, Chaoyang District, Pekin 10060 (CHINY)<\/p>\n\r\n\t\t\t<ul class=\"contact-info\">\r\n\r\n                <li><span class=\"licon-telephone\"><\/span> <a href=\"callto: 447831833593\">+447831833593<\/a><\/li>\r\n                <li><span class=\"licon-at-sign\"><\/span> <a href=\"mailto:contact@pronoveltydocs.com\">contact@pronoveltydocs.com<\/a><\/li>\r\n\r\n            <\/ul>\r\n\r\n\t\t<\/div><!--\/ .contact-info-block-->\r\n\r\n\t\t<\/div><\/div><\/div><div class=\"wpb_column vc_column_container vc_col-sm-6\"><div class=\"vc_column-inner\"><div class=\"wpb_wrapper\"><div role=\"form\" class=\"wpcf7\" id=\"wpcf7-f985-o1\" lang=\"en-US\" dir=\"ltr\">\n<div class=\"screen-reader-response\"><\/div>\n<form action=\"\/pl\/wp-json\/wp\/v2\/pages\/1214#wpcf7-f985-o1\" method=\"post\" class=\"wpcf7-form\" novalidate=\"novalidate\" data-trp-original-action=\"\/pl\/wp-json\/wp\/v2\/pages\/1214#wpcf7-f985-o1\">\n<div style=\"display: none;\">\n<input type=\"hidden\" name=\"_wpcf7\" value=\"985\" \/>\n<input type=\"hidden\" name=\"_wpcf7_version\" value=\"5.1.4\" \/>\n<input type=\"hidden\" name=\"_wpcf7_locale\" value=\"en_US\" \/>\n<input type=\"hidden\" name=\"_wpcf7_unit_tag\" value=\"wpcf7-f985-o1\" \/>\n<input type=\"hidden\" name=\"_wpcf7_container_post\" value=\"0\" \/>\n<\/div>\n<div class=\"form-style1 fx-cols-2\">\n<div class=\"form-column\"><span class=\"wpcf7-form-control-wrap text-325\"><input type=\"text\" name=\"text-325\" value=\"\" size=\"40\" class=\"wpcf7-form-control wpcf7-text wpcf7-validates-as-required\" aria-required=\"true\" aria-invalid=\"false\" placeholder=\"Twoje imi\u0119 i nazwisko.\" \/><\/span><\/div>\n<div class=\"form-column\"><span class=\"wpcf7-form-control-wrap email-453\"><input type=\"email\" name=\"email-453\" value=\"\" size=\"40\" class=\"wpcf7-form-control wpcf7-text wpcf7-email wpcf7-validates-as-required wpcf7-validates-as-email\" aria-required=\"true\" aria-invalid=\"false\" placeholder=\"Twoja poczta\" \/><\/span><\/div>\n<div class=\"form-column\"><span class=\"wpcf7-form-control-wrap tel-411\"><input type=\"tel\" name=\"tel-411\" value=\"\" size=\"40\" class=\"wpcf7-form-control wpcf7-text wpcf7-tel wpcf7-validates-as-required wpcf7-validates-as-tel\" aria-required=\"true\" aria-invalid=\"false\" placeholder=\"numer telefonu\" \/><\/span><\/div>\n<div class=\"form-column\"><span class=\"wpcf7-form-control-wrap text-328\"><input type=\"text\" name=\"text-328\" value=\"\" size=\"40\" class=\"wpcf7-form-control wpcf7-text wpcf7-validates-as-required\" aria-required=\"true\" aria-invalid=\"false\" placeholder=\"Tw\u00f3j kraj.\" \/><\/span><\/div>\n<div class=\"form-column\"><span class=\"wpcf7-form-control-wrap text-329\"><input type=\"text\" name=\"text-329\" value=\"\" size=\"40\" class=\"wpcf7-form-control wpcf7-text wpcf7-validates-as-required\" aria-required=\"true\" aria-invalid=\"false\" placeholder=\"tematyczny\" \/><\/span><\/div>\n<div class=\"form-column\"><span class=\"wpcf7-form-control-wrap text-330\"><input type=\"text\" name=\"text-330\" value=\"\" size=\"40\" class=\"wpcf7-form-control wpcf7-text wpcf7-validates-as-required\" aria-required=\"true\" aria-invalid=\"false\" placeholder=\"Odniesienie do us\u0142ug\" \/><\/span><\/div>\n<div class=\"form-column-full\"><span class=\"wpcf7-form-control-wrap textarea-117\"><textarea name=\"textarea-117\" cols=\"40\" rows=\"4\" class=\"wpcf7-form-control wpcf7-textarea\" aria-invalid=\"false\" placeholder=\"informacja\"><\/textarea><\/span><\/div>\n<div class=\"form-column-full align-left\"><input type=\"submit\" value=\"Prze\u015blij wiadomo\u015b\u0107\" class=\"wpcf7-form-control wpcf7-submit\" \/><\/div>\n<\/div>\n<div class=\"wpcf7-response-output wpcf7-display-none\"><\/div><input type=\"hidden\" name=\"trp-form-language\" value=\"pl\"\/><\/form><\/div><\/div><\/div><\/div><\/div><div class=\"vc_row-full-width\"><\/div><div class=\"clearfix\"><\/div>","protected":false},"excerpt":{"rendered":"\u901a\u8fc7 Docsmath.com \u7684\u6b63\u5b97\u96c5\u601d\u8003\u8bd5\u8bc1\u4e66\u89e3\u9501\u60a8\u7684\u673a\u4f1a \u60a8\u662f\u5426\u6e34\u671b\u51fa\u56fd\u7559\u5b66\u6216\u5de5\u4f5c\uff0c\u5e76\u9700\u8981\u96c5\u601d\u8bc1\u4e66\u6765\u5b9e\u73b0 [...]","protected":false},"author":1,"featured_media":0,"parent":0,"menu_order":0,"comment_status":"closed","ping_status":"closed","template":"","meta":{"_joinchat":[],"footnotes":""},"yoast_head":"<!-- This site is optimized with the Yoast SEO plugin v24.1 - https:\/\/yoast.com\/wordpress\/plugins\/seo\/ -->\n<title>\u51fa\u552e\u96c5\u601d\u8bc1\u4e66 \u2013 \u5728\u7ebf\u8d2d\u4e70\u96c5\u601d\u8bc1\u4e66 | DocsMath<\/title>\n<meta name=\"description\" content=\"\u60f3\u5728\u7f51\u4e0a\u8d2d\u4e70\u96c5\u601d\u8bc1\u4e66\uff1f\u4e86\u89e3\u96c5\u601d\u8ba4\u8bc1\u6d41\u7a0b\uff0c\u4ee5\u53ca\u8d2d\u4e70\u5047\u96c5\u601d\u8bc1\u4e66\u53ef\u80fd\u5bfc\u81f4\u7684\u4e25\u91cd\u540e\u679c\u3002\" \/>\n<meta name=\"robots\" content=\"index, follow, max-snippet:-1, max-image-preview:large, max-video-preview:-1\" \/>\n<link rel=\"canonical\" href=\"https:\/\/docsmath.com\/pl\/kup-certyfikat-ielts-online\/\" \/>\n<meta property=\"og:locale\" content=\"pl_PL\" \/>\n<meta property=\"og:type\" content=\"article\" \/>\n<meta property=\"og:title\" content=\"\u51fa\u552e\u96c5\u601d\u8bc1\u4e66 \u2013 \u5728\u7ebf\u8d2d\u4e70\u96c5\u601d\u8bc1\u4e66 | DocsMath\" \/>\n<meta property=\"og:description\" content=\"\u60f3\u5728\u7f51\u4e0a\u8d2d\u4e70\u96c5\u601d\u8bc1\u4e66\uff1f\u4e86\u89e3\u96c5\u601d\u8ba4\u8bc1\u6d41\u7a0b\uff0c\u4ee5\u53ca\u8d2d\u4e70\u5047\u96c5\u601d\u8bc1\u4e66\u53ef\u80fd\u5bfc\u81f4\u7684\u4e25\u91cd\u540e\u679c\u3002\" \/>\n<meta property=\"og:url\" content=\"https:\/\/docsmath.com\/pl\/kup-certyfikat-ielts-online\/\" \/>\n<meta property=\"og:site_name\" content=\"DocsMath\" \/>\n<meta property=\"article:modified_time\" content=\"2026-03-31T11:05:04+00:00\" \/>\n<meta name=\"twitter:card\" content=\"summary_large_image\" \/>\n<meta name=\"twitter:label1\" content=\"Szacowany czas czytania\" \/>\n\t<meta name=\"twitter:data1\" content=\"1 minuta\" \/>\n<script type=\"application\/ld+json\" class=\"yoast-schema-graph\">{\"@context\":\"https:\/\/schema.org\",\"@graph\":[{\"@type\":\"WebPage\",\"@id\":\"https:\/\/docsmath.com\/%e5%9c%a8%e7%ba%bf%e8%b4%ad%e4%b9%b0%e9%9b%85%e6%80%9d%e8%af%81%e4%b9%a6\/\",\"url\":\"https:\/\/docsmath.com\/%e5%9c%a8%e7%ba%bf%e8%b4%ad%e4%b9%b0%e9%9b%85%e6%80%9d%e8%af%81%e4%b9%a6\/\",\"name\":\"\u51fa\u552e\u96c5\u601d\u8bc1\u4e66 \u2013 \u5728\u7ebf\u8d2d\u4e70\u96c5\u601d\u8bc1\u4e66 | DocsMath\",\"isPartOf\":{\"@id\":\"https:\/\/docsmath.com\/#website\"},\"datePublished\":\"2024-02-26T12:26:45+00:00\",\"dateModified\":\"2026-03-31T11:05:04+00:00\",\"description\":\"\u60f3\u5728\u7f51\u4e0a\u8d2d\u4e70\u96c5\u601d\u8bc1\u4e66\uff1f\u4e86\u89e3\u96c5\u601d\u8ba4\u8bc1\u6d41\u7a0b\uff0c\u4ee5\u53ca\u8d2d\u4e70\u5047\u96c5\u601d\u8bc1\u4e66\u53ef\u80fd\u5bfc\u81f4\u7684\u4e25\u91cd\u540e\u679c\u3002\",\"breadcrumb\":{\"@id\":\"https:\/\/docsmath.com\/%e5%9c%a8%e7%ba%bf%e8%b4%ad%e4%b9%b0%e9%9b%85%e6%80%9d%e8%af%81%e4%b9%a6\/#breadcrumb\"},\"inLanguage\":\"pl-PL\",\"potentialAction\":[{\"@type\":\"ReadAction\",\"target\":[\"https:\/\/docsmath.com\/%e5%9c%a8%e7%ba%bf%e8%b4%ad%e4%b9%b0%e9%9b%85%e6%80%9d%e8%af%81%e4%b9%a6\/\"]}]},{\"@type\":\"BreadcrumbList\",\"@id\":\"https:\/\/docsmath.com\/%e5%9c%a8%e7%ba%bf%e8%b4%ad%e4%b9%b0%e9%9b%85%e6%80%9d%e8%af%81%e4%b9%a6\/#breadcrumb\",\"itemListElement\":[{\"@type\":\"ListItem\",\"position\":1,\"name\":\"Home\",\"item\":\"https:\/\/docsmath.com\/\"},{\"@type\":\"ListItem\",\"position\":2,\"name\":\"\u5728\u7ebf\u8d2d\u4e70\u96c5\u601d\u8bc1\u4e66\"}]},{\"@type\":\"WebSite\",\"@id\":\"https:\/\/docsmath.com\/#website\",\"url\":\"https:\/\/docsmath.com\/\",\"name\":\"DocsMath\",\"description\":\"#1 Place to Buy Documents &amp; Chemical Products\",\"potentialAction\":[{\"@type\":\"SearchAction\",\"target\":{\"@type\":\"EntryPoint\",\"urlTemplate\":\"https:\/\/docsmath.com\/?s={search_term_string}\"},\"query-input\":{\"@type\":\"PropertyValueSpecification\",\"valueRequired\":true,\"valueName\":\"search_term_string\"}}],\"inLanguage\":\"pl-PL\"}]}<\/script>\n<!-- \/ Yoast SEO plugin. -->","yoast_head_json":{"title":"\u51fa\u552e\u96c5\u601d\u8bc1\u4e66 \u2013 \u5728\u7ebf\u8d2d\u4e70\u96c5\u601d\u8bc1\u4e66 | DocsMath","description":"\u60f3\u5728\u7f51\u4e0a\u8d2d\u4e70\u96c5\u601d\u8bc1\u4e66\uff1f\u4e86\u89e3\u96c5\u601d\u8ba4\u8bc1\u6d41\u7a0b\uff0c\u4ee5\u53ca\u8d2d\u4e70\u5047\u96c5\u601d\u8bc1\u4e66\u53ef\u80fd\u5bfc\u81f4\u7684\u4e25\u91cd\u540e\u679c\u3002","robots":{"index":"index","follow":"follow","max-snippet":"max-snippet:-1","max-image-preview":"max-image-preview:large","max-video-preview":"max-video-preview:-1"},"canonical":"https:\/\/docsmath.com\/pl\/kup-certyfikat-ielts-online\/","og_locale":"pl_PL","og_type":"article","og_title":"\u51fa\u552e\u96c5\u601d\u8bc1\u4e66 \u2013 \u5728\u7ebf\u8d2d\u4e70\u96c5\u601d\u8bc1\u4e66 | DocsMath","og_description":"\u60f3\u5728\u7f51\u4e0a\u8d2d\u4e70\u96c5\u601d\u8bc1\u4e66\uff1f\u4e86\u89e3\u96c5\u601d\u8ba4\u8bc1\u6d41\u7a0b\uff0c\u4ee5\u53ca\u8d2d\u4e70\u5047\u96c5\u601d\u8bc1\u4e66\u53ef\u80fd\u5bfc\u81f4\u7684\u4e25\u91cd\u540e\u679c\u3002","og_url":"https:\/\/docsmath.com\/pl\/kup-certyfikat-ielts-online\/","og_site_name":"DocsMath","article_modified_time":"2026-03-31T11:05:04+00:00","twitter_card":"summary_large_image","twitter_misc":{"Szacowany czas czytania":"1 minuta"},"schema":{"@context":"https:\/\/schema.org","@graph":[{"@type":"WebPage","@id":"https:\/\/docsmath.com\/%e5%9c%a8%e7%ba%bf%e8%b4%ad%e4%b9%b0%e9%9b%85%e6%80%9d%e8%af%81%e4%b9%a6\/","url":"https:\/\/docsmath.com\/%e5%9c%a8%e7%ba%bf%e8%b4%ad%e4%b9%b0%e9%9b%85%e6%80%9d%e8%af%81%e4%b9%a6\/","name":"\u51fa\u552e\u96c5\u601d\u8bc1\u4e66 \u2013 \u5728\u7ebf\u8d2d\u4e70\u96c5\u601d\u8bc1\u4e66 | DocsMath","isPartOf":{"@id":"https:\/\/docsmath.com\/#website"},"datePublished":"2024-02-26T12:26:45+00:00","dateModified":"2026-03-31T11:05:04+00:00","description":"\u60f3\u5728\u7f51\u4e0a\u8d2d\u4e70\u96c5\u601d\u8bc1\u4e66\uff1f\u4e86\u89e3\u96c5\u601d\u8ba4\u8bc1\u6d41\u7a0b\uff0c\u4ee5\u53ca\u8d2d\u4e70\u5047\u96c5\u601d\u8bc1\u4e66\u53ef\u80fd\u5bfc\u81f4\u7684\u4e25\u91cd\u540e\u679c\u3002","breadcrumb":{"@id":"https:\/\/docsmath.com\/%e5%9c%a8%e7%ba%bf%e8%b4%ad%e4%b9%b0%e9%9b%85%e6%80%9d%e8%af%81%e4%b9%a6\/#breadcrumb"},"inLanguage":"pl-PL","potentialAction":[{"@type":"ReadAction","target":["https:\/\/docsmath.com\/%e5%9c%a8%e7%ba%bf%e8%b4%ad%e4%b9%b0%e9%9b%85%e6%80%9d%e8%af%81%e4%b9%a6\/"]}]},{"@type":"BreadcrumbList","@id":"https:\/\/docsmath.com\/%e5%9c%a8%e7%ba%bf%e8%b4%ad%e4%b9%b0%e9%9b%85%e6%80%9d%e8%af%81%e4%b9%a6\/#breadcrumb","itemListElement":[{"@type":"ListItem","position":1,"name":"Home","item":"https:\/\/docsmath.com\/"},{"@type":"ListItem","position":2,"name":"\u5728\u7ebf\u8d2d\u4e70\u96c5\u601d\u8bc1\u4e66"}]},{"@type":"WebSite","@id":"https:\/\/docsmath.com\/#website","url":"https:\/\/docsmath.com\/","name":"DocsMath","description":"#1 Place to Buy Documents &amp; Chemical Products","potentialAction":[{"@type":"SearchAction","target":{"@type":"EntryPoint","urlTemplate":"https:\/\/docsmath.com\/?s={search_term_string}"},"query-input":{"@type":"PropertyValueSpecification","valueRequired":true,"valueName":"search_term_string"}}],"inLanguage":"pl-PL"}]}},"_links":{"self":[{"href":"https:\/\/docsmath.com\/pl\/wp-json\/wp\/v2\/pages\/1214"}],"collection":[{"href":"https:\/\/docsmath.com\/pl\/wp-json\/wp\/v2\/pages"}],"about":[{"href":"https:\/\/docsmath.com\/pl\/wp-json\/wp\/v2\/types\/page"}],"author":[{"embeddable":true,"href":"https:\/\/docsmath.com\/pl\/wp-json\/wp\/v2\/users\/1"}],"replies":[{"embeddable":true,"href":"https:\/\/docsmath.com\/pl\/wp-json\/wp\/v2\/comments?post=1214"}],"version-history":[{"count":6,"href":"https:\/\/docsmath.com\/pl\/wp-json\/wp\/v2\/pages\/1214\/revisions"}],"predecessor-version":[{"id":1423,"href":"https:\/\/docsmath.com\/pl\/wp-json\/wp\/v2\/pages\/1214\/revisions\/1423"}],"wp:attachment":[{"href":"https:\/\/docsmath.com\/pl\/wp-json\/wp\/v2\/media?parent=1214"}],"curies":[{"name":"wp","href":"https:\/\/api.w.org\/{rel}","templated":true}]}}