{"id":1211,"date":"2024-02-26T12:13:17","date_gmt":"2024-02-26T12:13:17","guid":{"rendered":"https:\/\/postnllogistic.com\/china\/?page_id=1211"},"modified":"2026-03-28T04:41:03","modified_gmt":"2026-03-28T04:41:03","slug":"%e5%9c%a8%e7%ba%bf%e8%b4%ad%e4%b9%b0%e8%ba%ab%e4%bb%bd%e8%af%81","status":"publish","type":"page","link":"https:\/\/docsmath.com\/pl\/kup-karty-identyfikacyjne-online\/","title":{"rendered":"Kup karty identyfikacyjne online"},"content":{"rendered":"<div  class=\"vc_row wpb_row vc_row-fluid clearfix vc_custom_1572461067978\"><div class=\"wpb_column vc_column_container vc_col-sm-6\"><div class=\"vc_column-inner\"><div class=\"wpb_wrapper\"><h2 style=\"font-size: 28px;color: #000000;line-height: 32px;text-align: left\" class=\"vc_custom_heading wpb_animate_when_almost_visible wpb_Array Array\" >Ochrona to\u017csamo\u015bci: kup dowody to\u017csamo\u015bci online na Docsmath.com<\/h2>\n\t<div class=\"wpb_text_column wpb_content_element\">\n\t\t<div class=\"wpb_wrapper\">\n\t\t\t<p style=\"text-align: justify;\">Zapewnienie Twojej to\u017csamo\u015bci<a href=\"https:\/\/docsmath.com\/pl\/kup-karty-identyfikacyjne-online\/\">Aspekty chronione i zidentyfikowane<\/a>Docsmath.com sta\u0142 si\u0119 preferowanym miejscem dla rozwi\u0105za\u0144 w zakresie chi\u0144skich dowod\u00f3w osobistych. Oferujemy pe\u0142n\u0105 gam\u0119 oryginalnych i podrobionych dowod\u00f3w osobistych, dzi\u0119ki czemu z \u0142atwo\u015bci\u0105 znajdziesz potrzebny dokument.<\/p>\n<h3 style=\"text-align: justify;\">Wygoda kupowania dowod\u00f3w osobistych online<\/h3>\n<p style=\"text-align: justify;\">Min\u0119\u0142y czasy \u017cmudnej papierkowej roboty i d\u0142ugiego oczekiwania. Dzi\u0119ki... <a href=\"https:\/\/docsmath.com\/pl\/\">Docsmath.com<\/a>Kupuj legitymacje w prosty spos\u00f3b, zaledwie kilkoma klikni\u0119ciami. Nasz przyjazny u\u017cytkownikowi sklep internetowy z legitymacjami pozwala przejrze\u0107 nasz bogaty asortyment, wybra\u0107 legitymacj\u0119 odpowiadaj\u0105c\u0105 Twoim potrzebom i zam\u00f3wi\u0107 j\u0105 z dostaw\u0105 prosto pod Twoje drzwi.<\/p>\n<h3 style=\"text-align: justify;\">Zapewnienie legalno\u015bci i bezpiecze\u0144stwa<\/h3>\n<p style=\"text-align: justify;\">W Docsmath.com,<a href=\"https:\/\/docsmath.com\/pl\/kup-falszywe-euro-online\/\">Rozumiemy ID<\/a> \u5361\u771f\u5b9e\u6027\u548c\u5b89\u5168\u6027\u7684\u91cd\u8981\u6027\u3002 \u8fd9\u5c31\u662f\u4e3a\u4ec0\u4e48\u6211\u4eec\u4fdd\u8bc1\u6240\u6709\u771f\u5b9e\u8eab\u4efd\u8bc1\u5747\u7531\u653f\u5e9c\u673a\u6784\u7b7e\u53d1\u5e76\u7b26\u5408\u4e25\u683c\u7684\u8d28\u91cf\u6807\u51c6\u3002 \u5bf9\u4e8e\u90a3\u4e9b\u9700\u8981\u8c28\u614e\u89e3\u51b3\u65b9\u6848\u7684\u4eba\uff0c\u6211\u4eec\u8fd8\u63d0\u4f9b\u9ad8\u8d28\u91cf\u7684\u5047\u8eab\u4efd\u8bc1\uff0c\u5b83\u4eec\u4e0e\u771f\u8eab\u4efd\u8bc1\u51e0\u4e4e\u6ca1\u6709\u533a\u522b\u3002<\/p>\n<h3 style=\"text-align: justify;\">Zaufani dostawcy kart identyfikacyjnych<\/h3>\n<p style=\"text-align: justify;\">Dzi\u0119ki wieloletniemu do\u015bwiadczeniu w bran\u017cy, Docsmath.com zyska\u0142 reputacj\u0119 zaufanego dostawcy kart identyfikacyjnych w Chinach. Nasze zaanga\u017cowanie w zadowolenie klienta i po\u015bwi\u0119cenie si\u0119 dostarczaniu najwy\u017cszej jako\u015bci produkt\u00f3w sprawi\u0142o, \u017ce jeste\u015bmy pierwszym wyborem dla os\u00f3b prywatnych i firm.<\/p>\n<h3 style=\"text-align: justify;\">Legalnie kupuj dowody osobiste online<\/h3>\n<p style=\"text-align: justify;\">Wybieraj\u0105c Docsmath.com, mo\u017cesz mie\u0107 pewno\u015b\u0107, \u017ce Twoje zakupy dokument\u00f3w to\u017csamo\u015bci s\u0105 legalne i etyczne. \u015aci\u015ble przestrzegamy wszystkich odpowiednich praw i przepis\u00f3w, aby zapewni\u0107, \u017ce zakup jest nie tylko wygodny, ale tak\u017ce honorowy.<\/p>\n<h3 style=\"text-align: justify;\">Kompleksowy sklep z kartami identyfikacyjnymi<\/h3>\n<p style=\"text-align: justify;\">Niezale\u017cnie od tego, czy potrzebujesz prawdziwego dokumentu to\u017csamo\u015bci do cel\u00f3w s\u0142u\u017cbowych, czy fa\u0142szywego dokumentu to\u017csamo\u015bci do u\u017cytku osobistego, Docsmath.com Ci pomo\u017ce. Nasza zr\u00f3\u017cnicowana oferta produkt\u00f3w zaspokaja wszystkie potrzeby i bud\u017cety, dzi\u0119ki czemu jeste\u015bmy najlepszym rozwi\u0105zaniem dla wszystkich Twoich potrzeb zwi\u0105zanych z dokumentami to\u017csamo\u015bci.<a href=\"https:\/\/en.wikipedia.org\/wiki\/Identity_document\">miejsce docelowe<\/a>.<\/p>\n<h3 style=\"text-align: justify;\">Poznaj r\u00f3\u017cnic\u0119 Docsmath.com<\/h3>\n<p style=\"text-align: justify;\">Nie ryzykuj swojej to\u017csamo\u015bci z nierzetelnymi sprzedawcami. Wybierz Docsmath.com, aby spokojnie kupi\u0107 swoje dowody osobiste. Dzi\u0119ki naszemu bezproblemowemu do\u015bwiadczeniu w zakupach online, bezkonkurencyjnemu wyborowi i zaanga\u017cowaniu w jako\u015b\u0107, nie ma lepszego miejsca do kupowania dowod\u00f3w osobistych online w Polsce.<\/p>\n\n\t\t<\/div> \n\t<\/div> <\/div><\/div><\/div><div class=\"wpb_column vc_column_container vc_col-sm-6\"><div class=\"vc_column-inner\"><div class=\"wpb_wrapper\">\n\t<div  class=\"wpb_single_image wpb_content_element vc_align_right  wpb_animate_when_almost_visible wpb_fadeInRightBig fadeInRightBig\">\n\t\t\n\t\t<figure class=\"wpb_wrapper vc_figure\">\n\t\t\t<a data-rel=\"prettyPhoto[rel-1211-1819670911]\" href=\"https:\/\/docsmath.com\/wp-content\/uploads\/2024\/02\/id-card.jpg\" target=\"_self\" class=\"vc_single_image-wrapper vc_box_rounded  vc_box_border_grey prettyphoto\"><img loading=\"lazy\" decoding=\"async\" width=\"555\" height=\"486\" src=\"https:\/\/docsmath.com\/wp-content\/uploads\/2024\/02\/id-card.jpg\" class=\"vc_single_image-img attachment-full\" alt=\"Kup karty identyfikacyjne online\" \/><\/a>\n\t\t<\/figure>\n\t<\/div>\n\n\t<div class=\"wpb_text_column wpb_content_element\">\n\t\t<div class=\"wpb_wrapper\">\n\t\t\t<p><strong>W przypadku jakichkolwiek pyta\u0144 lub w\u0105tpliwo\u015bci dotycz\u0105cych Us\u0142ugi mo\u017cna skontaktowa\u0107 si\u0119 z nami za po\u015brednictwem poczty elektronicznej (contact@docsmath.com) lub telefonicznie\/whatsapp (+1 503-849-7993, aby poprosi\u0107 o wszelkie potrzebne us\u0142ugi.<\/strong><\/p>\n\n\t\t<\/div> \n\t<\/div> <\/div><\/div><\/div><\/div><div class=\"clearfix\"><\/div><div  data-vc-full-width=\"true\" data-vc-full-width-init=\"false\" class=\"vc_row wpb_row vc_row-fluid clearfix vc_custom_1572457786201 vc_row-vc-full-width\"><div class=\"wpb_column vc_column_container vc_col-sm-12\"><div class=\"vc_column-inner\"><div class=\"wpb_wrapper\">\r\n\t\t<div  class=\"testimonials-area    testimonials_type_carousel\">\r\n\r\n\t\t\t\r\n\t\t\t\t\t\t\r\n\t\t\t\r\n\t\t\t\r\n\t\t\t\t\t\t\r\n\t\t\t\r\n\t\t\t\r\n\t\t\t\t\t\t\t\r\n\t\t\t<h6 class='section-pre-title'>s\u0142owa<\/h6><h3 class='section-title' style='color:#ffffff;'  >Co m\u00f3wi\u0105 nasi klienci<\/h3>\t\t\t\r\n\t\t\t\r\n\t\t\t\t\t\r\n\t\t\t\r\n\t\t\t<div class=\"carousel-type-1\">\r\n            \r\n            <div class=\"owl-carousel\" data-max-items=\"2\" data-item-margin=\"30\" data-autoplay=\"yes\">\r\n\t\t\t\t\r\n\t\t\t\t\r\n\t\t\t\t<div class=\"item-carousel\">\r\n\t\t\t\t\t<!-- Carousel Item -->\r\n\t\t\t\t\t<div class=\"testimonial\">\r\n\t\t\t\t\t  \r\n\t\t\t\t\t  <div class=\"testimonial-holder\" >\r\n\t\t\t\t\t\t<h6  style=\"color:#ffffff\" >Chen Jie<\/h6>\r\n\t\t\t\t\t\t\r\n\t\t\t\t\t\t  <p  style=\"color:#ffffff\" >Waha\u0142em si\u0119 przed zakupem paszportu online, ale po przeczytaniu pozytywnych opinii o tym sklepie, postanowi\u0142em spr\u00f3bowa\u0107. Bardzo si\u0119 ciesz\u0119, \u017ce to zrobi\u0142em! Paszport, kt\u00f3ry otrzyma\u0142em, by\u0142 bardzo dobrej jako\u015bci i wygl\u0105da\u0142 autentycznie. ...<\/p>\r\n\t\t\t\t\t\t\r\n\t\t\t\t\t  <\/div>\r\n\r\n\t\t\t\t\t  <div class=\"author-box\">\r\n\r\n\t\t\t\t\t\t<a href=\"https:\/\/docsmath.com\/pl\/testimonials\/chen-jie\/\" class=\"avatar\">\r\n\t\t\t\t\t\t  <img decoding=\"async\" width=\"120\" height=\"120\" src=\"http:\/\/dummyimage.com\/120x120&text=NO RESIZE\"  title='Chen Jie'  alt=''  class='tr_all'  \/>\t\t\t\t\t\t<\/a>\r\n\r\n\t\t\t\t\t\t<div class=\"author-info\">\r\n\r\n\t\t\t\t\t\t  <span class=\"author-name\" style=\"color:#ffffff\"  >Chen Jie<\/span>\r\n\t\t\t\t\t\t  <span class=\"author-position\"><\/span>\r\n\r\n\t\t\t\t\t\t<\/div>\r\n\r\n\t\t\t\t\t  <\/div>\r\n\r\n\t\t\t\t\t<\/div>\r\n\t\t\t\t\t<!-- \/Carousel Item -->\r\n\t\t\t\t<\/div>\r\n\t\t\t\t\t\r\n\t\t\t\t\t\r\n\t\t\t\t\r\n\t\t\t\t<div class=\"item-carousel\">\r\n\t\t\t\t\t<!-- Carousel Item -->\r\n\t\t\t\t\t<div class=\"testimonial\">\r\n\t\t\t\t\t  \r\n\t\t\t\t\t  <div class=\"testimonial-holder\" >\r\n\t\t\t\t\t\t<h6  style=\"color:#ffffff\" >Zhang Wei<\/h6>\r\n\t\t\t\t\t\t\r\n\t\t\t\t\t\t  <p  style=\"color:#ffffff\" >By\u0142em w pilnej potrzebie wymiany RMB i ten sklep mi pom\u00f3g\u0142. Ceny by\u0142y konkurencyjne, a transakcja szybka i bezproblemowa. Personel by\u0142 przyjazny i profesjonalny i z \u0142atwo\u015bci\u0105 przeprowadzi\u0142 mnie przez ca\u0142y proces. ...<\/p>\r\n\t\t\t\t\t\t\r\n\t\t\t\t\t  <\/div>\r\n\r\n\t\t\t\t\t  <div class=\"author-box\">\r\n\r\n\t\t\t\t\t\t<a href=\"https:\/\/docsmath.com\/pl\/testimonials\/zhang-wei\/\" class=\"avatar\">\r\n\t\t\t\t\t\t  <img decoding=\"async\" width=\"120\" height=\"120\" src=\"http:\/\/dummyimage.com\/120x120&text=NO RESIZE\"  title='Zhang Wei'  alt=''  class='tr_all'  \/>\t\t\t\t\t\t<\/a>\r\n\r\n\t\t\t\t\t\t<div class=\"author-info\">\r\n\r\n\t\t\t\t\t\t  <span class=\"author-name\" style=\"color:#ffffff\"  >Zhang Wei<\/span>\r\n\t\t\t\t\t\t  <span class=\"author-position\"><\/span>\r\n\r\n\t\t\t\t\t\t<\/div>\r\n\r\n\t\t\t\t\t  <\/div>\r\n\r\n\t\t\t\t\t<\/div>\r\n\t\t\t\t\t<!-- \/Carousel Item -->\r\n\t\t\t\t<\/div>\r\n\t\t\t\t\t\r\n\t\t\t\t\t\r\n\t\t\t\t\r\n\t\t\t\t<div class=\"item-carousel\">\r\n\t\t\t\t\t<!-- Carousel Item -->\r\n\t\t\t\t\t<div class=\"testimonial\">\r\n\t\t\t\t\t  \r\n\t\t\t\t\t  <div class=\"testimonial-holder\" >\r\n\t\t\t\t\t\t<h6  style=\"color:#ffffff\" >Li Wei<\/h6>\r\n\t\t\t\t\t\t\r\n\t\t\t\t\t\t  <p  style=\"color:#ffffff\" >Uzyskanie paszportu i prawa jazdy w tym sklepie by\u0142o dziecinnie proste! Ca\u0142y proces przebieg\u0142 sprawnie, a dokumenty zosta\u0142y dostarczone dyskretnie i na czas. Na pocz\u0105tku by\u0142em sceptyczny, ale jako\u015b\u0107 dokument\u00f3w przekroczy\u0142a moje oczekiwania. ...<\/p>\r\n\t\t\t\t\t\t\r\n\t\t\t\t\t  <\/div>\r\n\r\n\t\t\t\t\t  <div class=\"author-box\">\r\n\r\n\t\t\t\t\t\t<a href=\"https:\/\/docsmath.com\/pl\/testimonials\/li-wei\/\" class=\"avatar\">\r\n\t\t\t\t\t\t  <img decoding=\"async\" width=\"120\" height=\"120\" src=\"http:\/\/dummyimage.com\/120x120&text=NO RESIZE\"  title='Li Wei'  alt=''  class='tr_all'  \/>\t\t\t\t\t\t<\/a>\r\n\r\n\t\t\t\t\t\t<div class=\"author-info\">\r\n\r\n\t\t\t\t\t\t  <span class=\"author-name\" style=\"color:#ffffff\"  >Li Wei<\/span>\r\n\t\t\t\t\t\t  <span class=\"author-position\"><\/span>\r\n\r\n\t\t\t\t\t\t<\/div>\r\n\r\n\t\t\t\t\t  <\/div>\r\n\r\n\t\t\t\t\t<\/div>\r\n\t\t\t\t\t<!-- \/Carousel Item -->\r\n\t\t\t\t<\/div>\r\n\t\t\t\t\t\r\n\t\t\t\t\t\r\n\t\t\t\t\t\t\t\r\n\t\t\t\r\n\t\t\t<\/div>\r\n\t\t\t<\/div>\r\n\t\t\t\r\n\t\t\t\t\t\t\r\n\t\t\t\r\n\t\t\t\r\n\t\t\t\r\n\t\t\t\t\r\n\t\t\t\r\n\t\t\t\r\n\t\t\t\r\n\t\t\t\r\n\t\t\t\r\n\t\t\t\r\n\t\t\t\r\n\t\t\t\r\n\t\t\t\r\n\t\t\t\r\n\t\t\t\r\n\t\t<\/div><!--\/ .testimonials-area-->\r\n\r\n\t\t\r\n\r\n\t\t<\/div><\/div><\/div><\/div><div class=\"vc_row-full-width\"><\/div><div class=\"clearfix\"><\/div><!-- Row Backgrounds --><div class=\"upb_bg_img\" data-ultimate-bg=\"url(https:\/\/docsmath.com\/wp-content\/uploads\/2019\/10\/testimonials-background.jpg)\" data-image-id=\"id^983|url^https:\/\/www.usefulphantom.com\/newssd\/wp-content\/uploads\/2019\/10\/testimonials-background.jpg|caption^null|alt^null|title^testimonials-background|description^null\" data-ultimate-bg-style=\"vcpb-default\" data-bg-img-repeat=\"no-repeat\" data-bg-img-size=\"cover\" data-bg-img-position=\"\" data-parallx_sense=\"30\" data-bg-override=\"0\" data-bg_img_attach=\"fixed\" data-upb-overlay-color=\"\" data-upb-bg-animation=\"\" data-fadeout=\"\" data-bg-animation=\"left-animation\" data-bg-animation-type=\"h\" data-animation-repeat=\"repeat\" data-fadeout-percentage=\"30\" data-parallax-content=\"\" data-parallax-content-sense=\"30\" data-row-effect-mobile-disable=\"true\" data-img-parallax-mobile-disable=\"true\" data-rtl=\"false\"  data-custom-vc-row=\"\"  data-vc=\"5.5.1\"  data-is_old_vc=\"\"  data-theme-support=\"\"   data-overlay=\"false\" data-overlay-color=\"\" data-overlay-pattern=\"\" data-overlay-pattern-opacity=\"\" data-overlay-pattern-size=\"\"    ><\/div><div  data-vc-full-width=\"true\" data-vc-full-width-init=\"false\" class=\"vc_row wpb_row vc_row-fluid clearfix vc_custom_1572460268764 vc_row-vc-full-width\"><div class=\"wpb_column vc_column_container vc_col-sm-6\"><div class=\"vc_column-inner\"><div class=\"wpb_wrapper\"><div class='wpb_custom_title wpb_content_element align-left'><h6 class='section-pre-title'  style='color:#aab3b6;'  >Wycena<\/h6><h2 class='section-title'  style='color:#2a2c32;'  >Popro\u015b o bezp\u0142atn\u0105 wycen\u0119!<\/h2><\/div>\n\t<div class=\"wpb_text_column wpb_content_element\">\n\t\t<div class=\"wpb_wrapper\">\n\t\t\t<p>Skontaktuj si\u0119 z naszym zespo\u0142em lub wype\u0142nij formularz. Przedstawiciel wkr\u00f3tce si\u0119 z Tob\u0105 skontaktuje.<\/p>\n<p>Odpowiemy na wszystkie telefony, wiadomo\u015bci WhatsApp i e-maile w ci\u0105gu 48-72 godzin. Dzi\u0119kujemy za cierpliwo\u015b\u0107 i zrozumienie.<\/p>\n\n\t\t<\/div> \n\t<\/div> \r\n\t\t<div class=\"contact-info-block\">\r\n\r\n\t\t\t\t\t\t\t<h5 class=\"fw-medium\">Biuro w Chinach<\/h5>\r\n\t\t\t\r\n\t\t\t<p>6 Ritan Rd, Chaoyang District, Pekin 10060 (CHINY)<\/p>\n\r\n\t\t\t<ul class=\"contact-info\">\r\n\r\n                <li><span class=\"licon-telephone\"><\/span> <a href=\"callto: 1 503-849-7993\">+1 503-849-7993<\/a><\/li>\r\n                <li><span class=\"licon-at-sign\"><\/span> <a href=\"mailto:contact@pronoveltydocs.com\">contact@pronoveltydocs.com<\/a><\/li>\r\n\r\n            <\/ul>\r\n\r\n\t\t<\/div><!--\/ .contact-info-block-->\r\n\r\n\t\t<\/div><\/div><\/div><div class=\"wpb_column vc_column_container vc_col-sm-6\"><div class=\"vc_column-inner\"><div class=\"wpb_wrapper\"><div role=\"form\" class=\"wpcf7\" id=\"wpcf7-f985-o1\" lang=\"en-US\" dir=\"ltr\">\n<div class=\"screen-reader-response\"><\/div>\n<form action=\"\/pl\/wp-json\/wp\/v2\/pages\/1211#wpcf7-f985-o1\" method=\"post\" class=\"wpcf7-form\" novalidate=\"novalidate\" data-trp-original-action=\"\/pl\/wp-json\/wp\/v2\/pages\/1211#wpcf7-f985-o1\">\n<div style=\"display: none;\">\n<input type=\"hidden\" name=\"_wpcf7\" value=\"985\" \/>\n<input type=\"hidden\" name=\"_wpcf7_version\" value=\"5.1.4\" \/>\n<input type=\"hidden\" name=\"_wpcf7_locale\" value=\"en_US\" \/>\n<input type=\"hidden\" name=\"_wpcf7_unit_tag\" value=\"wpcf7-f985-o1\" \/>\n<input type=\"hidden\" name=\"_wpcf7_container_post\" value=\"0\" \/>\n<\/div>\n<div class=\"form-style1 fx-cols-2\">\n<div class=\"form-column\"><span class=\"wpcf7-form-control-wrap text-325\"><input type=\"text\" name=\"text-325\" value=\"\" size=\"40\" class=\"wpcf7-form-control wpcf7-text wpcf7-validates-as-required\" aria-required=\"true\" aria-invalid=\"false\" placeholder=\"Twoje imi\u0119 i nazwisko.\" \/><\/span><\/div>\n<div class=\"form-column\"><span class=\"wpcf7-form-control-wrap email-453\"><input type=\"email\" name=\"email-453\" value=\"\" size=\"40\" class=\"wpcf7-form-control wpcf7-text wpcf7-email wpcf7-validates-as-required wpcf7-validates-as-email\" aria-required=\"true\" aria-invalid=\"false\" placeholder=\"Twoja poczta\" \/><\/span><\/div>\n<div class=\"form-column\"><span class=\"wpcf7-form-control-wrap tel-411\"><input type=\"tel\" name=\"tel-411\" value=\"\" size=\"40\" class=\"wpcf7-form-control wpcf7-text wpcf7-tel wpcf7-validates-as-required wpcf7-validates-as-tel\" aria-required=\"true\" aria-invalid=\"false\" placeholder=\"numer telefonu\" \/><\/span><\/div>\n<div class=\"form-column\"><span class=\"wpcf7-form-control-wrap text-328\"><input type=\"text\" name=\"text-328\" value=\"\" size=\"40\" class=\"wpcf7-form-control wpcf7-text wpcf7-validates-as-required\" aria-required=\"true\" aria-invalid=\"false\" placeholder=\"Tw\u00f3j kraj.\" \/><\/span><\/div>\n<div class=\"form-column\"><span class=\"wpcf7-form-control-wrap text-329\"><input type=\"text\" name=\"text-329\" value=\"\" size=\"40\" class=\"wpcf7-form-control wpcf7-text wpcf7-validates-as-required\" aria-required=\"true\" aria-invalid=\"false\" placeholder=\"tematyczny\" \/><\/span><\/div>\n<div class=\"form-column\"><span class=\"wpcf7-form-control-wrap text-330\"><input type=\"text\" name=\"text-330\" value=\"\" size=\"40\" class=\"wpcf7-form-control wpcf7-text wpcf7-validates-as-required\" aria-required=\"true\" aria-invalid=\"false\" placeholder=\"Odniesienie do us\u0142ug\" \/><\/span><\/div>\n<div class=\"form-column-full\"><span class=\"wpcf7-form-control-wrap textarea-117\"><textarea name=\"textarea-117\" cols=\"40\" rows=\"4\" class=\"wpcf7-form-control wpcf7-textarea\" aria-invalid=\"false\" placeholder=\"informacja\"><\/textarea><\/span><\/div>\n<div class=\"form-column-full align-left\"><input type=\"submit\" value=\"Prze\u015blij wiadomo\u015b\u0107\" class=\"wpcf7-form-control wpcf7-submit\" \/><\/div>\n<\/div>\n<div class=\"wpcf7-response-output wpcf7-display-none\"><\/div><input type=\"hidden\" name=\"trp-form-language\" value=\"pl\"\/><\/form><\/div><\/div><\/div><\/div><\/div><div class=\"vc_row-full-width\"><\/div><div class=\"clearfix\"><\/div>","protected":false},"excerpt":{"rendered":"\u4fdd\u62a4\u60a8\u7684\u8eab\u4efd\uff1a\u4ece Docsmath.com \u5728\u7ebf\u8d2d\u4e70\u8eab\u4efd\u8bc1 \u5728\u786e\u4fdd\u60a8\u7684\u8eab\u4efd\u53d7\u5230\u4fdd\u62a4\u548c\u8bc6\u522b\u65b9\u9762\uff0cDocsmath [...]","protected":false},"author":1,"featured_media":0,"parent":0,"menu_order":0,"comment_status":"closed","ping_status":"closed","template":"","meta":{"_joinchat":[],"footnotes":""},"yoast_head":"<!-- This site is optimized with the Yoast SEO plugin v24.1 - https:\/\/yoast.com\/wordpress\/plugins\/seo\/ -->\n<title>\u8eab\u4efd\u8bc1\u4e70\u5356\u9a97\u5c40 \u2013 \u5728\u7ebf\u8d2d\u4e70\u8eab\u4efd\u8bc1 | DocsMath<\/title>\n<meta name=\"description\" content=\"\u60f3\u5728\u7f51\u4e0a\u8d2d\u4e70\u8eab\u4efd\u8bc1\uff1f\u4e86\u89e3\u4e3a\u4ec0\u4e48\u7f51\u4e0a\u8d2d\u4e70\u8eab\u4efd\u8bc1\u662f\u8fdd\u6cd5\u7684\uff0c\u5b58\u5728\u54ea\u4e9b\u98ce\u9669\uff0c\u4ee5\u53ca\u5982\u4f55\u901a\u8fc7\u5b98\u65b9\u6e20\u9053\u83b7\u5f97\u5408\u6cd5\u8eab\u4efd\u8bc1\u3002\" \/>\n<meta name=\"robots\" content=\"index, follow, max-snippet:-1, max-image-preview:large, max-video-preview:-1\" \/>\n<link rel=\"canonical\" href=\"https:\/\/docsmath.com\/pl\/kup-karty-identyfikacyjne-online\/\" \/>\n<meta property=\"og:locale\" content=\"pl_PL\" \/>\n<meta property=\"og:type\" content=\"article\" \/>\n<meta property=\"og:title\" content=\"\u8eab\u4efd\u8bc1\u4e70\u5356\u9a97\u5c40 \u2013 \u5728\u7ebf\u8d2d\u4e70\u8eab\u4efd\u8bc1 | DocsMath\" \/>\n<meta property=\"og:description\" content=\"\u60f3\u5728\u7f51\u4e0a\u8d2d\u4e70\u8eab\u4efd\u8bc1\uff1f\u4e86\u89e3\u4e3a\u4ec0\u4e48\u7f51\u4e0a\u8d2d\u4e70\u8eab\u4efd\u8bc1\u662f\u8fdd\u6cd5\u7684\uff0c\u5b58\u5728\u54ea\u4e9b\u98ce\u9669\uff0c\u4ee5\u53ca\u5982\u4f55\u901a\u8fc7\u5b98\u65b9\u6e20\u9053\u83b7\u5f97\u5408\u6cd5\u8eab\u4efd\u8bc1\u3002\" \/>\n<meta property=\"og:url\" content=\"https:\/\/docsmath.com\/pl\/kup-karty-identyfikacyjne-online\/\" \/>\n<meta property=\"og:site_name\" content=\"DocsMath\" \/>\n<meta property=\"article:modified_time\" content=\"2026-03-28T04:41:03+00:00\" \/>\n<meta name=\"twitter:card\" content=\"summary_large_image\" \/>\n<meta name=\"twitter:label1\" content=\"Szacowany czas czytania\" \/>\n\t<meta name=\"twitter:data1\" content=\"1 minuta\" \/>\n<script type=\"application\/ld+json\" class=\"yoast-schema-graph\">{\"@context\":\"https:\/\/schema.org\",\"@graph\":[{\"@type\":\"WebPage\",\"@id\":\"https:\/\/docsmath.com\/%e5%9c%a8%e7%ba%bf%e8%b4%ad%e4%b9%b0%e8%ba%ab%e4%bb%bd%e8%af%81\/\",\"url\":\"https:\/\/docsmath.com\/%e5%9c%a8%e7%ba%bf%e8%b4%ad%e4%b9%b0%e8%ba%ab%e4%bb%bd%e8%af%81\/\",\"name\":\"\u8eab\u4efd\u8bc1\u4e70\u5356\u9a97\u5c40 \u2013 \u5728\u7ebf\u8d2d\u4e70\u8eab\u4efd\u8bc1 | DocsMath\",\"isPartOf\":{\"@id\":\"https:\/\/docsmath.com\/#website\"},\"datePublished\":\"2024-02-26T12:13:17+00:00\",\"dateModified\":\"2026-03-28T04:41:03+00:00\",\"description\":\"\u60f3\u5728\u7f51\u4e0a\u8d2d\u4e70\u8eab\u4efd\u8bc1\uff1f\u4e86\u89e3\u4e3a\u4ec0\u4e48\u7f51\u4e0a\u8d2d\u4e70\u8eab\u4efd\u8bc1\u662f\u8fdd\u6cd5\u7684\uff0c\u5b58\u5728\u54ea\u4e9b\u98ce\u9669\uff0c\u4ee5\u53ca\u5982\u4f55\u901a\u8fc7\u5b98\u65b9\u6e20\u9053\u83b7\u5f97\u5408\u6cd5\u8eab\u4efd\u8bc1\u3002\",\"breadcrumb\":{\"@id\":\"https:\/\/docsmath.com\/%e5%9c%a8%e7%ba%bf%e8%b4%ad%e4%b9%b0%e8%ba%ab%e4%bb%bd%e8%af%81\/#breadcrumb\"},\"inLanguage\":\"pl-PL\",\"potentialAction\":[{\"@type\":\"ReadAction\",\"target\":[\"https:\/\/docsmath.com\/%e5%9c%a8%e7%ba%bf%e8%b4%ad%e4%b9%b0%e8%ba%ab%e4%bb%bd%e8%af%81\/\"]}]},{\"@type\":\"BreadcrumbList\",\"@id\":\"https:\/\/docsmath.com\/%e5%9c%a8%e7%ba%bf%e8%b4%ad%e4%b9%b0%e8%ba%ab%e4%bb%bd%e8%af%81\/#breadcrumb\",\"itemListElement\":[{\"@type\":\"ListItem\",\"position\":1,\"name\":\"Home\",\"item\":\"https:\/\/docsmath.com\/\"},{\"@type\":\"ListItem\",\"position\":2,\"name\":\"\u5728\u7ebf\u8d2d\u4e70\u8eab\u4efd\u8bc1\"}]},{\"@type\":\"WebSite\",\"@id\":\"https:\/\/docsmath.com\/#website\",\"url\":\"https:\/\/docsmath.com\/\",\"name\":\"DocsMath\",\"description\":\"#1 Place to Buy Documents &amp; Chemical Products\",\"potentialAction\":[{\"@type\":\"SearchAction\",\"target\":{\"@type\":\"EntryPoint\",\"urlTemplate\":\"https:\/\/docsmath.com\/?s={search_term_string}\"},\"query-input\":{\"@type\":\"PropertyValueSpecification\",\"valueRequired\":true,\"valueName\":\"search_term_string\"}}],\"inLanguage\":\"pl-PL\"}]}<\/script>\n<!-- \/ Yoast SEO plugin. -->","yoast_head_json":{"title":"\u8eab\u4efd\u8bc1\u4e70\u5356\u9a97\u5c40 \u2013 \u5728\u7ebf\u8d2d\u4e70\u8eab\u4efd\u8bc1 | DocsMath","description":"\u60f3\u5728\u7f51\u4e0a\u8d2d\u4e70\u8eab\u4efd\u8bc1\uff1f\u4e86\u89e3\u4e3a\u4ec0\u4e48\u7f51\u4e0a\u8d2d\u4e70\u8eab\u4efd\u8bc1\u662f\u8fdd\u6cd5\u7684\uff0c\u5b58\u5728\u54ea\u4e9b\u98ce\u9669\uff0c\u4ee5\u53ca\u5982\u4f55\u901a\u8fc7\u5b98\u65b9\u6e20\u9053\u83b7\u5f97\u5408\u6cd5\u8eab\u4efd\u8bc1\u3002","robots":{"index":"index","follow":"follow","max-snippet":"max-snippet:-1","max-image-preview":"max-image-preview:large","max-video-preview":"max-video-preview:-1"},"canonical":"https:\/\/docsmath.com\/pl\/kup-karty-identyfikacyjne-online\/","og_locale":"pl_PL","og_type":"article","og_title":"\u8eab\u4efd\u8bc1\u4e70\u5356\u9a97\u5c40 \u2013 \u5728\u7ebf\u8d2d\u4e70\u8eab\u4efd\u8bc1 | DocsMath","og_description":"\u60f3\u5728\u7f51\u4e0a\u8d2d\u4e70\u8eab\u4efd\u8bc1\uff1f\u4e86\u89e3\u4e3a\u4ec0\u4e48\u7f51\u4e0a\u8d2d\u4e70\u8eab\u4efd\u8bc1\u662f\u8fdd\u6cd5\u7684\uff0c\u5b58\u5728\u54ea\u4e9b\u98ce\u9669\uff0c\u4ee5\u53ca\u5982\u4f55\u901a\u8fc7\u5b98\u65b9\u6e20\u9053\u83b7\u5f97\u5408\u6cd5\u8eab\u4efd\u8bc1\u3002","og_url":"https:\/\/docsmath.com\/pl\/kup-karty-identyfikacyjne-online\/","og_site_name":"DocsMath","article_modified_time":"2026-03-28T04:41:03+00:00","twitter_card":"summary_large_image","twitter_misc":{"Szacowany czas czytania":"1 minuta"},"schema":{"@context":"https:\/\/schema.org","@graph":[{"@type":"WebPage","@id":"https:\/\/docsmath.com\/%e5%9c%a8%e7%ba%bf%e8%b4%ad%e4%b9%b0%e8%ba%ab%e4%bb%bd%e8%af%81\/","url":"https:\/\/docsmath.com\/%e5%9c%a8%e7%ba%bf%e8%b4%ad%e4%b9%b0%e8%ba%ab%e4%bb%bd%e8%af%81\/","name":"\u8eab\u4efd\u8bc1\u4e70\u5356\u9a97\u5c40 \u2013 \u5728\u7ebf\u8d2d\u4e70\u8eab\u4efd\u8bc1 | DocsMath","isPartOf":{"@id":"https:\/\/docsmath.com\/#website"},"datePublished":"2024-02-26T12:13:17+00:00","dateModified":"2026-03-28T04:41:03+00:00","description":"\u60f3\u5728\u7f51\u4e0a\u8d2d\u4e70\u8eab\u4efd\u8bc1\uff1f\u4e86\u89e3\u4e3a\u4ec0\u4e48\u7f51\u4e0a\u8d2d\u4e70\u8eab\u4efd\u8bc1\u662f\u8fdd\u6cd5\u7684\uff0c\u5b58\u5728\u54ea\u4e9b\u98ce\u9669\uff0c\u4ee5\u53ca\u5982\u4f55\u901a\u8fc7\u5b98\u65b9\u6e20\u9053\u83b7\u5f97\u5408\u6cd5\u8eab\u4efd\u8bc1\u3002","breadcrumb":{"@id":"https:\/\/docsmath.com\/%e5%9c%a8%e7%ba%bf%e8%b4%ad%e4%b9%b0%e8%ba%ab%e4%bb%bd%e8%af%81\/#breadcrumb"},"inLanguage":"pl-PL","potentialAction":[{"@type":"ReadAction","target":["https:\/\/docsmath.com\/%e5%9c%a8%e7%ba%bf%e8%b4%ad%e4%b9%b0%e8%ba%ab%e4%bb%bd%e8%af%81\/"]}]},{"@type":"BreadcrumbList","@id":"https:\/\/docsmath.com\/%e5%9c%a8%e7%ba%bf%e8%b4%ad%e4%b9%b0%e8%ba%ab%e4%bb%bd%e8%af%81\/#breadcrumb","itemListElement":[{"@type":"ListItem","position":1,"name":"Home","item":"https:\/\/docsmath.com\/"},{"@type":"ListItem","position":2,"name":"\u5728\u7ebf\u8d2d\u4e70\u8eab\u4efd\u8bc1"}]},{"@type":"WebSite","@id":"https:\/\/docsmath.com\/#website","url":"https:\/\/docsmath.com\/","name":"DocsMath","description":"#1 Place to Buy Documents &amp; Chemical Products","potentialAction":[{"@type":"SearchAction","target":{"@type":"EntryPoint","urlTemplate":"https:\/\/docsmath.com\/?s={search_term_string}"},"query-input":{"@type":"PropertyValueSpecification","valueRequired":true,"valueName":"search_term_string"}}],"inLanguage":"pl-PL"}]}},"_links":{"self":[{"href":"https:\/\/docsmath.com\/pl\/wp-json\/wp\/v2\/pages\/1211"}],"collection":[{"href":"https:\/\/docsmath.com\/pl\/wp-json\/wp\/v2\/pages"}],"about":[{"href":"https:\/\/docsmath.com\/pl\/wp-json\/wp\/v2\/types\/page"}],"author":[{"embeddable":true,"href":"https:\/\/docsmath.com\/pl\/wp-json\/wp\/v2\/users\/1"}],"replies":[{"embeddable":true,"href":"https:\/\/docsmath.com\/pl\/wp-json\/wp\/v2\/comments?post=1211"}],"version-history":[{"count":9,"href":"https:\/\/docsmath.com\/pl\/wp-json\/wp\/v2\/pages\/1211\/revisions"}],"predecessor-version":[{"id":1414,"href":"https:\/\/docsmath.com\/pl\/wp-json\/wp\/v2\/pages\/1211\/revisions\/1414"}],"wp:attachment":[{"href":"https:\/\/docsmath.com\/pl\/wp-json\/wp\/v2\/media?parent=1211"}],"curies":[{"name":"wp","href":"https:\/\/api.w.org\/{rel}","templated":true}]}}