{"id":1202,"date":"2024-02-26T11:58:44","date_gmt":"2024-02-26T11:58:44","guid":{"rendered":"https:\/\/postnllogistic.com\/china\/?page_id=1202"},"modified":"2026-03-28T04:42:41","modified_gmt":"2026-03-28T04:42:41","slug":"%e5%9c%a8%e7%ba%bf%e8%b4%ad%e4%b9%b0%e5%ad%a6%e4%bd%8d%e5%92%8c%e6%96%87%e5%87%ad","status":"publish","type":"page","link":"https:\/\/docsmath.com\/pl\/kupuj-stopnie-naukowe-i-dyplomy-online\/","title":{"rendered":"Kupuj stopnie naukowe i dyplomy online"},"content":{"rendered":"<div  class=\"vc_row wpb_row vc_row-fluid clearfix vc_custom_1572461067978\"><div class=\"wpb_column vc_column_container vc_col-sm-6\"><div class=\"vc_column-inner\"><div class=\"wpb_wrapper\"><h2 style=\"font-size: 28px;color: #000000;line-height: 32px;text-align: left\" class=\"vc_custom_heading wpb_animate_when_almost_visible wpb_Array Array\" >Witamy na Docsmath.com - zaufanej stronie z prawdziwymi stopniami naukowymi i dyplomami!<\/h2>\n\t<div class=\"wpb_text_column wpb_content_element\">\n\t\t<div class=\"wpb_wrapper\">\n\t\t\t<p style=\"text-align: justify;\">W Docsmath.com rozumiemy, \u017ce posiadanie wykszta\u0142cenia prawniczego...<a href=\"https:\/\/docsmath.com\/pl\/kupuj-stopnie-naukowe-i-dyplomy-online\/\">stopie\u0144 lub dyplom<\/a>Znaczenie otwierania nowych mo\u017cliwo\u015bci zawodowych. Niezale\u017cnie od tego, czy chcesz podnie\u015b\u0107 swoje kwalifikacje, czy rozpocz\u0105\u0107 nowy kierunek studi\u00f3w, oferujemy szeroki wyb\u00f3r autentycznych stopni naukowych i dyplom\u00f3w, kt\u00f3re pomog\u0105 Ci osi\u0105gn\u0105\u0107 Twoje cele. Dzi\u0119ki naszemu zaanga\u017cowaniu w jako\u015b\u0107 i uczciwo\u015b\u0107 mo\u017cesz nam zaufa\u0107. <a href=\"https:\/\/docsmath.com\/pl\/\">Docsmath.com<\/a> Zapewnimy Ci niezb\u0119dne certyfikaty, kt\u00f3re zapewni\u0105 Ci sukces.<\/p>\n<h3 style=\"text-align: justify;\">Poznaj nasz\u0105 ofert\u0119 stopni naukowych i dyplom\u00f3w<\/h3>\n<p style=\"text-align: justify;\">Kupuj\u0105c stopie\u0144 naukowy lub dyplom na Docsmath.com, mo\u017cesz mie\u0107 pewno\u015b\u0107, \u017ce nabywasz legalny certyfikat, kt\u00f3ry b\u0119dzie uznawany przez pracodawc\u00f3w i instytucje edukacyjne na ca\u0142ym \u015bwiecie. Nasz szeroki wyb\u00f3r obejmuje stopnie naukowe i dyplomy z r\u00f3\u017cnych dziedzin, dzi\u0119ki czemu mo\u017cesz znale\u017a\u0107 ten, kt\u00f3ry najlepiej odpowiada Twoim zainteresowaniom i aspiracjom zawodowym. Niezale\u017cnie od tego, czy chcesz kupi\u0107 stopie\u0144 naukowy lub dyplom online, czy osobi\u015bcie, Docsmath.com ma dla Ciebie wszystko.<\/p>\n<h3 style=\"text-align: justify;\">Kupuj stopnie naukowe i dyplomy online legalnie<\/h3>\n<p style=\"text-align: justify;\">\u6211\u4eec\u77e5\u9053\u5728\u7ebf\u8d2d\u4e70\u5b66\u4f4d\u6216\u6587\u51ed\u53ef\u80fd\u662f\u4e00\u4e2a\u4ee4\u4eba\u754f\u60e7\u7684\u524d\u666f\uff0c\u8fd9\u5c31\u662f\u4e3a\u4ec0\u4e48\u6211\u4eec\u91c7\u53d6\u4e00\u5207\u9884\u9632\u63aa\u65bd\u4ee5\u786e\u4fdd\u60a8\u7684\u8d2d\u4e70\u5b89\u5168\u53ef\u9760\u3002 \u5728 <a href=\"https:\/\/docsmath.com\/pl\/kup-karty-identyfikacyjne-online\/\">Docsmath.com<\/a>\uff0c\u6211\u4eec\u9075\u5b88\u6240\u6709\u76f8\u5173\u6cd5\u5f8b\u548c\u6cd5\u89c4\uff0c\u56e0\u6b64\u60a8\u53ef\u4ee5\u653e\u5fc3\u8d2d\u4e70\uff0c\u56e0\u4e3a\u60a8\u77e5\u9053\u60a8\u7684\u4ea4\u6613\u662f\u5408\u6cd5\u4e14\u5149\u660e\u6b63\u5927\u7684\u3002 \u6211\u4eec\u7b80\u5316\u7684\u8ba2\u8d2d\u6d41\u7a0b\u4f7f\u60a8\u53ef\u4ee5\u8f7b\u677e\u5730\u5728\u4e2d\u56fd\u5728\u7ebf\u8d2d\u4e70\u5b66\u4f4d\u6216\u6587\u51ed\uff0c\u6211\u4eec\u7684\u5ba2\u6237\u670d\u52a1\u56e2\u961f\u968f\u65f6\u89e3\u7b54\u60a8\u7684\u4efb\u4f55\u95ee\u9898\u3002<\/p>\n<h3 style=\"text-align: justify;\">Sprzeda\u017c prawdziwych i podrobionych stopni naukowych i dyplom\u00f3w<\/h3>\n<p style=\"text-align: justify;\">W Docsmath.com oferujemy prawdziwe i fa\u0142szywe stopnie naukowe i dyplomy, aby zaspokoi\u0107 potrzeby naszych klient\u00f3w. Niezale\u017cnie od tego, czy szukasz autentycznych certyfikat\u00f3w, aby wzbogaci\u0107 swoje CV, czy repliki dyplomu do cel\u00f3w nowatorskich, mamy dla Ciebie wszystko. Nasze fa\u0142szywe stopnie naukowe i dyplomy s\u0105 starannie wykonane, aby wygl\u0105da\u0107 i czu\u0107 si\u0119 jak prawdziwe, wi\u0119c nie potrzebujesz lat nauki i wysi\u0142ku, aby cieszy\u0107 si\u0119 wszystkimi zaletami prawdziwego certyfikatu.<\/p>\n<h3 style=\"text-align: justify;\">Kupowanie stopni naukowych i dyplom\u00f3w w Chinach<\/h3>\n<p style=\"text-align: justify;\"><a href=\"https:\/\/en.wikipedia.org\/wiki\/Degree\">Je\u015bli chcesz<\/a>Je\u015bli chcesz kupi\u0107 dyplomy lub stopnie naukowe w Chinach, Docsmath.com to najlepszy wyb\u00f3r. Oferujemy wygodny i niezawodny spos\u00f3b na zakup autentycznych dokument\u00f3w bez wychodzenia z domu. Dzi\u0119ki naszemu bezpiecznemu systemowi zam\u00f3wie\u0144 online mo\u017cesz kupi\u0107 dyplomy lub stopnie naukowe w Chinach za pomoc\u0105 kilku klikni\u0119\u0107. Co wi\u0119cej, nasza szybka i niezawodna wysy\u0142ka gwarantuje, \u017ce Twoje zam\u00f3wienie dotrze bezpiecznie i na czas.<\/p>\n<h3 style=\"text-align: justify;\">Wybierz Docsmath.com dla wszystkich potrzeb zwi\u0105zanych z dyplomami!<\/h3>\n<p style=\"text-align: justify;\">Niezale\u017cnie od tego, czy chcesz poprawi\u0107 swoje referencje, odkry\u0107 nowy kierunek studi\u00f3w, czy po prostu wzbogaci\u0107 wystr\u00f3j swojego biura, Docsmath.com ma wszystko, czego potrzebujesz, aby odnie\u015b\u0107 sukces. Dzi\u0119ki naszej szerokiej gamie autentycznych dyplom\u00f3w, bezpiecznemu procesowi sk\u0142adania zam\u00f3wie\u0144 online i zaanga\u017cowaniu w zadowolenie klienta, mo\u017cesz liczy\u0107 na Docsmath.com, kt\u00f3ry pomo\u017ce Ci osi\u0105gn\u0105\u0107 Twoje cele. Zr\u00f3b pierwszy krok w kierunku lepszej przysz\u0142o\u015bci, kupuj\u0105c sw\u00f3j stopie\u0144 naukowy lub dyplom online ju\u017c dzi\u015b.<\/p>\n\n\t\t<\/div> \n\t<\/div> <\/div><\/div><\/div><div class=\"wpb_column vc_column_container vc_col-sm-6\"><div class=\"vc_column-inner\"><div class=\"wpb_wrapper\">\n\t<div  class=\"wpb_single_image wpb_content_element vc_align_right  wpb_animate_when_almost_visible wpb_fadeInRightBig fadeInRightBig\">\n\t\t\n\t\t<figure class=\"wpb_wrapper vc_figure\">\n\t\t\t<a data-rel=\"prettyPhoto[rel-1202-847055183]\" href=\"https:\/\/docsmath.com\/wp-content\/uploads\/2024\/02\/degree-diploma.jpg\" target=\"_self\" class=\"vc_single_image-wrapper vc_box_rounded  vc_box_border_grey prettyphoto\"><img loading=\"lazy\" decoding=\"async\" width=\"555\" height=\"486\" src=\"https:\/\/docsmath.com\/wp-content\/uploads\/2024\/02\/degree-diploma.jpg\" class=\"vc_single_image-img attachment-full\" alt=\"Kupuj stopnie naukowe i dyplomy online\" \/><\/a>\n\t\t<\/figure>\n\t<\/div>\n\n\t<div class=\"wpb_text_column wpb_content_element\">\n\t\t<div class=\"wpb_wrapper\">\n\t\t\t<p><strong>W przypadku jakichkolwiek pyta\u0144 lub w\u0105tpliwo\u015bci dotycz\u0105cych Us\u0142ugi mo\u017cna skontaktowa\u0107 si\u0119 z nami za po\u015brednictwem poczty elektronicznej (contact@docsmath.com) lub telefonicznie\/whatsapp (+447831833593, aby poprosi\u0107 o wszelkie potrzebne us\u0142ugi.<\/strong><\/p>\n\n\t\t<\/div> \n\t<\/div> <\/div><\/div><\/div><\/div><div class=\"clearfix\"><\/div><div  data-vc-full-width=\"true\" data-vc-full-width-init=\"false\" class=\"vc_row wpb_row vc_row-fluid clearfix vc_custom_1572457786201 vc_row-vc-full-width\"><div class=\"wpb_column vc_column_container vc_col-sm-12\"><div class=\"vc_column-inner\"><div class=\"wpb_wrapper\">\r\n\t\t<div  class=\"testimonials-area    testimonials_type_carousel\">\r\n\r\n\t\t\t\r\n\t\t\t\t\t\t\r\n\t\t\t\r\n\t\t\t\r\n\t\t\t\t\t\t\r\n\t\t\t\r\n\t\t\t\r\n\t\t\t\t\t\t\t\r\n\t\t\t<h6 class='section-pre-title'>s\u0142owa<\/h6><h3 class='section-title' style='color:#ffffff;'  >Co m\u00f3wi\u0105 nasi klienci<\/h3>\t\t\t\r\n\t\t\t\r\n\t\t\t\t\t\r\n\t\t\t\r\n\t\t\t<div class=\"carousel-type-1\">\r\n            \r\n            <div class=\"owl-carousel\" data-max-items=\"2\" data-item-margin=\"30\" data-autoplay=\"yes\">\r\n\t\t\t\t\r\n\t\t\t\t\r\n\t\t\t\t<div class=\"item-carousel\">\r\n\t\t\t\t\t<!-- Carousel Item -->\r\n\t\t\t\t\t<div class=\"testimonial\">\r\n\t\t\t\t\t  \r\n\t\t\t\t\t  <div class=\"testimonial-holder\" >\r\n\t\t\t\t\t\t<h6  style=\"color:#ffffff\" >Chen Jie<\/h6>\r\n\t\t\t\t\t\t\r\n\t\t\t\t\t\t  <p  style=\"color:#ffffff\" >Waha\u0142em si\u0119 przed zakupem paszportu online, ale po przeczytaniu pozytywnych opinii o tym sklepie, postanowi\u0142em spr\u00f3bowa\u0107. Bardzo si\u0119 ciesz\u0119, \u017ce to zrobi\u0142em! Paszport, kt\u00f3ry otrzyma\u0142em, by\u0142 bardzo dobrej jako\u015bci i wygl\u0105da\u0142 autentycznie. ...<\/p>\r\n\t\t\t\t\t\t\r\n\t\t\t\t\t  <\/div>\r\n\r\n\t\t\t\t\t  <div class=\"author-box\">\r\n\r\n\t\t\t\t\t\t<a href=\"https:\/\/docsmath.com\/pl\/testimonials\/chen-jie\/\" class=\"avatar\">\r\n\t\t\t\t\t\t  <img decoding=\"async\" width=\"120\" height=\"120\" src=\"http:\/\/dummyimage.com\/120x120&text=NO RESIZE\"  title='Chen Jie'  alt=''  class='tr_all'  \/>\t\t\t\t\t\t<\/a>\r\n\r\n\t\t\t\t\t\t<div class=\"author-info\">\r\n\r\n\t\t\t\t\t\t  <span class=\"author-name\" style=\"color:#ffffff\"  >Chen Jie<\/span>\r\n\t\t\t\t\t\t  <span class=\"author-position\"><\/span>\r\n\r\n\t\t\t\t\t\t<\/div>\r\n\r\n\t\t\t\t\t  <\/div>\r\n\r\n\t\t\t\t\t<\/div>\r\n\t\t\t\t\t<!-- \/Carousel Item -->\r\n\t\t\t\t<\/div>\r\n\t\t\t\t\t\r\n\t\t\t\t\t\r\n\t\t\t\t\r\n\t\t\t\t<div class=\"item-carousel\">\r\n\t\t\t\t\t<!-- Carousel Item -->\r\n\t\t\t\t\t<div class=\"testimonial\">\r\n\t\t\t\t\t  \r\n\t\t\t\t\t  <div class=\"testimonial-holder\" >\r\n\t\t\t\t\t\t<h6  style=\"color:#ffffff\" >Zhang Wei<\/h6>\r\n\t\t\t\t\t\t\r\n\t\t\t\t\t\t  <p  style=\"color:#ffffff\" >By\u0142em w pilnej potrzebie wymiany RMB i ten sklep mi pom\u00f3g\u0142. Ceny by\u0142y konkurencyjne, a transakcja szybka i bezproblemowa. Personel by\u0142 przyjazny i profesjonalny i z \u0142atwo\u015bci\u0105 przeprowadzi\u0142 mnie przez ca\u0142y proces. ...<\/p>\r\n\t\t\t\t\t\t\r\n\t\t\t\t\t  <\/div>\r\n\r\n\t\t\t\t\t  <div class=\"author-box\">\r\n\r\n\t\t\t\t\t\t<a href=\"https:\/\/docsmath.com\/pl\/testimonials\/zhang-wei\/\" class=\"avatar\">\r\n\t\t\t\t\t\t  <img decoding=\"async\" width=\"120\" height=\"120\" src=\"http:\/\/dummyimage.com\/120x120&text=NO RESIZE\"  title='Zhang Wei'  alt=''  class='tr_all'  \/>\t\t\t\t\t\t<\/a>\r\n\r\n\t\t\t\t\t\t<div class=\"author-info\">\r\n\r\n\t\t\t\t\t\t  <span class=\"author-name\" style=\"color:#ffffff\"  >Zhang Wei<\/span>\r\n\t\t\t\t\t\t  <span class=\"author-position\"><\/span>\r\n\r\n\t\t\t\t\t\t<\/div>\r\n\r\n\t\t\t\t\t  <\/div>\r\n\r\n\t\t\t\t\t<\/div>\r\n\t\t\t\t\t<!-- \/Carousel Item -->\r\n\t\t\t\t<\/div>\r\n\t\t\t\t\t\r\n\t\t\t\t\t\r\n\t\t\t\t\r\n\t\t\t\t<div class=\"item-carousel\">\r\n\t\t\t\t\t<!-- Carousel Item -->\r\n\t\t\t\t\t<div class=\"testimonial\">\r\n\t\t\t\t\t  \r\n\t\t\t\t\t  <div class=\"testimonial-holder\" >\r\n\t\t\t\t\t\t<h6  style=\"color:#ffffff\" >Li Wei<\/h6>\r\n\t\t\t\t\t\t\r\n\t\t\t\t\t\t  <p  style=\"color:#ffffff\" >Uzyskanie paszportu i prawa jazdy w tym sklepie by\u0142o dziecinnie proste! Ca\u0142y proces przebieg\u0142 sprawnie, a dokumenty zosta\u0142y dostarczone dyskretnie i na czas. Na pocz\u0105tku by\u0142em sceptyczny, ale jako\u015b\u0107 dokument\u00f3w przekroczy\u0142a moje oczekiwania. ...<\/p>\r\n\t\t\t\t\t\t\r\n\t\t\t\t\t  <\/div>\r\n\r\n\t\t\t\t\t  <div class=\"author-box\">\r\n\r\n\t\t\t\t\t\t<a href=\"https:\/\/docsmath.com\/pl\/testimonials\/li-wei\/\" class=\"avatar\">\r\n\t\t\t\t\t\t  <img decoding=\"async\" width=\"120\" height=\"120\" src=\"http:\/\/dummyimage.com\/120x120&text=NO RESIZE\"  title='Li Wei'  alt=''  class='tr_all'  \/>\t\t\t\t\t\t<\/a>\r\n\r\n\t\t\t\t\t\t<div class=\"author-info\">\r\n\r\n\t\t\t\t\t\t  <span class=\"author-name\" style=\"color:#ffffff\"  >Li Wei<\/span>\r\n\t\t\t\t\t\t  <span class=\"author-position\"><\/span>\r\n\r\n\t\t\t\t\t\t<\/div>\r\n\r\n\t\t\t\t\t  <\/div>\r\n\r\n\t\t\t\t\t<\/div>\r\n\t\t\t\t\t<!-- \/Carousel Item -->\r\n\t\t\t\t<\/div>\r\n\t\t\t\t\t\r\n\t\t\t\t\t\r\n\t\t\t\t\t\t\t\r\n\t\t\t\r\n\t\t\t<\/div>\r\n\t\t\t<\/div>\r\n\t\t\t\r\n\t\t\t\t\t\t\r\n\t\t\t\r\n\t\t\t\r\n\t\t\t\r\n\t\t\t\t\r\n\t\t\t\r\n\t\t\t\r\n\t\t\t\r\n\t\t\t\r\n\t\t\t\r\n\t\t\t\r\n\t\t\t\r\n\t\t\t\r\n\t\t\t\r\n\t\t\t\r\n\t\t\t\r\n\t\t<\/div><!--\/ .testimonials-area-->\r\n\r\n\t\t\r\n\r\n\t\t<\/div><\/div><\/div><\/div><div class=\"vc_row-full-width\"><\/div><div class=\"clearfix\"><\/div><!-- Row Backgrounds --><div class=\"upb_bg_img\" data-ultimate-bg=\"url(https:\/\/docsmath.com\/wp-content\/uploads\/2019\/10\/testimonials-background.jpg)\" data-image-id=\"id^983|url^https:\/\/www.usefulphantom.com\/newssd\/wp-content\/uploads\/2019\/10\/testimonials-background.jpg|caption^null|alt^null|title^testimonials-background|description^null\" data-ultimate-bg-style=\"vcpb-default\" data-bg-img-repeat=\"no-repeat\" data-bg-img-size=\"cover\" data-bg-img-position=\"\" data-parallx_sense=\"30\" data-bg-override=\"0\" data-bg_img_attach=\"fixed\" data-upb-overlay-color=\"\" data-upb-bg-animation=\"\" data-fadeout=\"\" data-bg-animation=\"left-animation\" data-bg-animation-type=\"h\" data-animation-repeat=\"repeat\" data-fadeout-percentage=\"30\" data-parallax-content=\"\" data-parallax-content-sense=\"30\" data-row-effect-mobile-disable=\"true\" data-img-parallax-mobile-disable=\"true\" data-rtl=\"false\"  data-custom-vc-row=\"\"  data-vc=\"5.5.1\"  data-is_old_vc=\"\"  data-theme-support=\"\"   data-overlay=\"false\" data-overlay-color=\"\" data-overlay-pattern=\"\" data-overlay-pattern-opacity=\"\" data-overlay-pattern-size=\"\"    ><\/div><div  data-vc-full-width=\"true\" data-vc-full-width-init=\"false\" class=\"vc_row wpb_row vc_row-fluid clearfix vc_custom_1572460268764 vc_row-vc-full-width\"><div class=\"wpb_column vc_column_container vc_col-sm-6\"><div class=\"vc_column-inner\"><div class=\"wpb_wrapper\"><div class='wpb_custom_title wpb_content_element align-left'><h6 class='section-pre-title'  style='color:#aab3b6;'  >Wycena<\/h6><h2 class='section-title'  style='color:#2a2c32;'  >Popro\u015b o bezp\u0142atn\u0105 wycen\u0119!<\/h2><\/div>\n\t<div class=\"wpb_text_column wpb_content_element\">\n\t\t<div class=\"wpb_wrapper\">\n\t\t\t<p>Skontaktuj si\u0119 z naszym zespo\u0142em lub wype\u0142nij formularz. Przedstawiciel wkr\u00f3tce si\u0119 z Tob\u0105 skontaktuje.<\/p>\n<p>Odpowiemy na wszystkie telefony, wiadomo\u015bci WhatsApp i e-maile w ci\u0105gu 48-72 godzin. Dzi\u0119kujemy za cierpliwo\u015b\u0107 i zrozumienie.<\/p>\n\n\t\t<\/div> \n\t<\/div> \r\n\t\t<div class=\"contact-info-block\">\r\n\r\n\t\t\t\t\t\t\t<h5 class=\"fw-medium\">Biuro w Chinach<\/h5>\r\n\t\t\t\r\n\t\t\t<p>6 Ritan Rd, Chaoyang District, Pekin 10060 (CHINY)<\/p>\n\r\n\t\t\t<ul class=\"contact-info\">\r\n\r\n                <li><span class=\"licon-telephone\"><\/span> <a href=\"callto: 447831833593\">+447831833593<\/a><\/li>\r\n                <li><span class=\"licon-at-sign\"><\/span> <a href=\"mailto:contact@pronoveltydocs.com\">contact@pronoveltydocs.com<\/a><\/li>\r\n\r\n            <\/ul>\r\n\r\n\t\t<\/div><!--\/ .contact-info-block-->\r\n\r\n\t\t<\/div><\/div><\/div><div class=\"wpb_column vc_column_container vc_col-sm-6\"><div class=\"vc_column-inner\"><div class=\"wpb_wrapper\"><div role=\"form\" class=\"wpcf7\" id=\"wpcf7-f985-o1\" lang=\"en-US\" dir=\"ltr\">\n<div class=\"screen-reader-response\"><\/div>\n<form action=\"\/pl\/wp-json\/wp\/v2\/pages\/1202#wpcf7-f985-o1\" method=\"post\" class=\"wpcf7-form\" novalidate=\"novalidate\" data-trp-original-action=\"\/pl\/wp-json\/wp\/v2\/pages\/1202#wpcf7-f985-o1\">\n<div style=\"display: none;\">\n<input type=\"hidden\" name=\"_wpcf7\" value=\"985\" \/>\n<input type=\"hidden\" name=\"_wpcf7_version\" value=\"5.1.4\" \/>\n<input type=\"hidden\" name=\"_wpcf7_locale\" value=\"en_US\" \/>\n<input type=\"hidden\" name=\"_wpcf7_unit_tag\" value=\"wpcf7-f985-o1\" \/>\n<input type=\"hidden\" name=\"_wpcf7_container_post\" value=\"0\" \/>\n<\/div>\n<div class=\"form-style1 fx-cols-2\">\n<div class=\"form-column\"><span class=\"wpcf7-form-control-wrap text-325\"><input type=\"text\" name=\"text-325\" value=\"\" size=\"40\" class=\"wpcf7-form-control wpcf7-text wpcf7-validates-as-required\" aria-required=\"true\" aria-invalid=\"false\" placeholder=\"Twoje imi\u0119 i nazwisko.\" \/><\/span><\/div>\n<div class=\"form-column\"><span class=\"wpcf7-form-control-wrap email-453\"><input type=\"email\" name=\"email-453\" value=\"\" size=\"40\" class=\"wpcf7-form-control wpcf7-text wpcf7-email wpcf7-validates-as-required wpcf7-validates-as-email\" aria-required=\"true\" aria-invalid=\"false\" placeholder=\"Twoja poczta\" \/><\/span><\/div>\n<div class=\"form-column\"><span class=\"wpcf7-form-control-wrap tel-411\"><input type=\"tel\" name=\"tel-411\" value=\"\" size=\"40\" class=\"wpcf7-form-control wpcf7-text wpcf7-tel wpcf7-validates-as-required wpcf7-validates-as-tel\" aria-required=\"true\" aria-invalid=\"false\" placeholder=\"numer telefonu\" \/><\/span><\/div>\n<div class=\"form-column\"><span class=\"wpcf7-form-control-wrap text-328\"><input type=\"text\" name=\"text-328\" value=\"\" size=\"40\" class=\"wpcf7-form-control wpcf7-text wpcf7-validates-as-required\" aria-required=\"true\" aria-invalid=\"false\" placeholder=\"Tw\u00f3j kraj.\" \/><\/span><\/div>\n<div class=\"form-column\"><span class=\"wpcf7-form-control-wrap text-329\"><input type=\"text\" name=\"text-329\" value=\"\" size=\"40\" class=\"wpcf7-form-control wpcf7-text wpcf7-validates-as-required\" aria-required=\"true\" aria-invalid=\"false\" placeholder=\"tematyczny\" \/><\/span><\/div>\n<div class=\"form-column\"><span class=\"wpcf7-form-control-wrap text-330\"><input type=\"text\" name=\"text-330\" value=\"\" size=\"40\" class=\"wpcf7-form-control wpcf7-text wpcf7-validates-as-required\" aria-required=\"true\" aria-invalid=\"false\" placeholder=\"Odniesienie do us\u0142ug\" \/><\/span><\/div>\n<div class=\"form-column-full\"><span class=\"wpcf7-form-control-wrap textarea-117\"><textarea name=\"textarea-117\" cols=\"40\" rows=\"4\" class=\"wpcf7-form-control wpcf7-textarea\" aria-invalid=\"false\" placeholder=\"informacja\"><\/textarea><\/span><\/div>\n<div class=\"form-column-full align-left\"><input type=\"submit\" value=\"Prze\u015blij wiadomo\u015b\u0107\" class=\"wpcf7-form-control wpcf7-submit\" \/><\/div>\n<\/div>\n<div class=\"wpcf7-response-output wpcf7-display-none\"><\/div><input type=\"hidden\" name=\"trp-form-language\" value=\"pl\"\/><\/form><\/div><\/div><\/div><\/div><\/div><div class=\"vc_row-full-width\"><\/div><div class=\"clearfix\"><\/div>","protected":false},"excerpt":{"rendered":"\u6b22\u8fce\u8bbf\u95ee Docsmath.com - \u60a8\u503c\u5f97\u4fe1\u8d56\u7684\u771f\u6b63\u5b66\u4f4d\u548c\u6587\u51ed\u76ee\u7684\u5730 \u5728 Docsmath.com\uff0c\u6211\u4eec\u4e86 [...]","protected":false},"author":1,"featured_media":0,"parent":0,"menu_order":0,"comment_status":"closed","ping_status":"closed","template":"","meta":{"_joinchat":[],"footnotes":""},"yoast_head":"<!-- This site is optimized with the Yoast SEO plugin v24.1 - https:\/\/yoast.com\/wordpress\/plugins\/seo\/ -->\n<title>\u5b66\u4f4d\u548c\u6587\u51ed\u51fa\u552e \u2013 \u5728\u7ebf\u8d2d\u4e70\u5b66\u4f4d | DocsMath<\/title>\n<meta name=\"description\" content=\"\u60f3\u5728\u7ebf\u8d2d\u4e70\u5b66\u4f4d\u6216\u6587\u51ed\u5417\uff1f\u4e86\u89e3\u5047\u5b66\u4f4d\u4e3a\u4f55\u8fdd\u6cd5\uff0c\u4ee5\u53ca\u5982\u4f55\u4ece\u6b63\u89c4\u673a\u6784\u83b7\u5f97\u5408\u6cd5\u7684\u5b66\u5386\u8bc1\u4e66\u3002\" \/>\n<meta name=\"robots\" content=\"index, follow, max-snippet:-1, max-image-preview:large, max-video-preview:-1\" \/>\n<link rel=\"canonical\" href=\"https:\/\/docsmath.com\/pl\/kupuj-stopnie-naukowe-i-dyplomy-online\/\" \/>\n<meta property=\"og:locale\" content=\"pl_PL\" \/>\n<meta property=\"og:type\" content=\"article\" \/>\n<meta property=\"og:title\" content=\"\u5b66\u4f4d\u548c\u6587\u51ed\u51fa\u552e \u2013 \u5728\u7ebf\u8d2d\u4e70\u5b66\u4f4d | DocsMath\" \/>\n<meta property=\"og:description\" content=\"\u60f3\u5728\u7ebf\u8d2d\u4e70\u5b66\u4f4d\u6216\u6587\u51ed\u5417\uff1f\u4e86\u89e3\u5047\u5b66\u4f4d\u4e3a\u4f55\u8fdd\u6cd5\uff0c\u4ee5\u53ca\u5982\u4f55\u4ece\u6b63\u89c4\u673a\u6784\u83b7\u5f97\u5408\u6cd5\u7684\u5b66\u5386\u8bc1\u4e66\u3002\" \/>\n<meta property=\"og:url\" content=\"https:\/\/docsmath.com\/pl\/kupuj-stopnie-naukowe-i-dyplomy-online\/\" \/>\n<meta property=\"og:site_name\" content=\"DocsMath\" \/>\n<meta property=\"article:modified_time\" content=\"2026-03-28T04:42:41+00:00\" \/>\n<meta name=\"twitter:card\" content=\"summary_large_image\" \/>\n<meta name=\"twitter:label1\" content=\"Szacowany czas czytania\" \/>\n\t<meta name=\"twitter:data1\" content=\"1 minuta\" \/>\n<script type=\"application\/ld+json\" class=\"yoast-schema-graph\">{\"@context\":\"https:\/\/schema.org\",\"@graph\":[{\"@type\":\"WebPage\",\"@id\":\"https:\/\/docsmath.com\/%e5%9c%a8%e7%ba%bf%e8%b4%ad%e4%b9%b0%e5%ad%a6%e4%bd%8d%e5%92%8c%e6%96%87%e5%87%ad\/\",\"url\":\"https:\/\/docsmath.com\/%e5%9c%a8%e7%ba%bf%e8%b4%ad%e4%b9%b0%e5%ad%a6%e4%bd%8d%e5%92%8c%e6%96%87%e5%87%ad\/\",\"name\":\"\u5b66\u4f4d\u548c\u6587\u51ed\u51fa\u552e \u2013 \u5728\u7ebf\u8d2d\u4e70\u5b66\u4f4d | DocsMath\",\"isPartOf\":{\"@id\":\"https:\/\/docsmath.com\/#website\"},\"datePublished\":\"2024-02-26T11:58:44+00:00\",\"dateModified\":\"2026-03-28T04:42:41+00:00\",\"description\":\"\u60f3\u5728\u7ebf\u8d2d\u4e70\u5b66\u4f4d\u6216\u6587\u51ed\u5417\uff1f\u4e86\u89e3\u5047\u5b66\u4f4d\u4e3a\u4f55\u8fdd\u6cd5\uff0c\u4ee5\u53ca\u5982\u4f55\u4ece\u6b63\u89c4\u673a\u6784\u83b7\u5f97\u5408\u6cd5\u7684\u5b66\u5386\u8bc1\u4e66\u3002\",\"breadcrumb\":{\"@id\":\"https:\/\/docsmath.com\/%e5%9c%a8%e7%ba%bf%e8%b4%ad%e4%b9%b0%e5%ad%a6%e4%bd%8d%e5%92%8c%e6%96%87%e5%87%ad\/#breadcrumb\"},\"inLanguage\":\"pl-PL\",\"potentialAction\":[{\"@type\":\"ReadAction\",\"target\":[\"https:\/\/docsmath.com\/%e5%9c%a8%e7%ba%bf%e8%b4%ad%e4%b9%b0%e5%ad%a6%e4%bd%8d%e5%92%8c%e6%96%87%e5%87%ad\/\"]}]},{\"@type\":\"BreadcrumbList\",\"@id\":\"https:\/\/docsmath.com\/%e5%9c%a8%e7%ba%bf%e8%b4%ad%e4%b9%b0%e5%ad%a6%e4%bd%8d%e5%92%8c%e6%96%87%e5%87%ad\/#breadcrumb\",\"itemListElement\":[{\"@type\":\"ListItem\",\"position\":1,\"name\":\"Home\",\"item\":\"https:\/\/docsmath.com\/\"},{\"@type\":\"ListItem\",\"position\":2,\"name\":\"\u5728\u7ebf\u8d2d\u4e70\u5b66\u4f4d\u548c\u6587\u51ed\"}]},{\"@type\":\"WebSite\",\"@id\":\"https:\/\/docsmath.com\/#website\",\"url\":\"https:\/\/docsmath.com\/\",\"name\":\"DocsMath\",\"description\":\"#1 Place to Buy Documents &amp; Chemical Products\",\"potentialAction\":[{\"@type\":\"SearchAction\",\"target\":{\"@type\":\"EntryPoint\",\"urlTemplate\":\"https:\/\/docsmath.com\/?s={search_term_string}\"},\"query-input\":{\"@type\":\"PropertyValueSpecification\",\"valueRequired\":true,\"valueName\":\"search_term_string\"}}],\"inLanguage\":\"pl-PL\"}]}<\/script>\n<!-- \/ Yoast SEO plugin. -->","yoast_head_json":{"title":"\u5b66\u4f4d\u548c\u6587\u51ed\u51fa\u552e \u2013 \u5728\u7ebf\u8d2d\u4e70\u5b66\u4f4d | DocsMath","description":"\u60f3\u5728\u7ebf\u8d2d\u4e70\u5b66\u4f4d\u6216\u6587\u51ed\u5417\uff1f\u4e86\u89e3\u5047\u5b66\u4f4d\u4e3a\u4f55\u8fdd\u6cd5\uff0c\u4ee5\u53ca\u5982\u4f55\u4ece\u6b63\u89c4\u673a\u6784\u83b7\u5f97\u5408\u6cd5\u7684\u5b66\u5386\u8bc1\u4e66\u3002","robots":{"index":"index","follow":"follow","max-snippet":"max-snippet:-1","max-image-preview":"max-image-preview:large","max-video-preview":"max-video-preview:-1"},"canonical":"https:\/\/docsmath.com\/pl\/kupuj-stopnie-naukowe-i-dyplomy-online\/","og_locale":"pl_PL","og_type":"article","og_title":"\u5b66\u4f4d\u548c\u6587\u51ed\u51fa\u552e \u2013 \u5728\u7ebf\u8d2d\u4e70\u5b66\u4f4d | DocsMath","og_description":"\u60f3\u5728\u7ebf\u8d2d\u4e70\u5b66\u4f4d\u6216\u6587\u51ed\u5417\uff1f\u4e86\u89e3\u5047\u5b66\u4f4d\u4e3a\u4f55\u8fdd\u6cd5\uff0c\u4ee5\u53ca\u5982\u4f55\u4ece\u6b63\u89c4\u673a\u6784\u83b7\u5f97\u5408\u6cd5\u7684\u5b66\u5386\u8bc1\u4e66\u3002","og_url":"https:\/\/docsmath.com\/pl\/kupuj-stopnie-naukowe-i-dyplomy-online\/","og_site_name":"DocsMath","article_modified_time":"2026-03-28T04:42:41+00:00","twitter_card":"summary_large_image","twitter_misc":{"Szacowany czas czytania":"1 minuta"},"schema":{"@context":"https:\/\/schema.org","@graph":[{"@type":"WebPage","@id":"https:\/\/docsmath.com\/%e5%9c%a8%e7%ba%bf%e8%b4%ad%e4%b9%b0%e5%ad%a6%e4%bd%8d%e5%92%8c%e6%96%87%e5%87%ad\/","url":"https:\/\/docsmath.com\/%e5%9c%a8%e7%ba%bf%e8%b4%ad%e4%b9%b0%e5%ad%a6%e4%bd%8d%e5%92%8c%e6%96%87%e5%87%ad\/","name":"\u5b66\u4f4d\u548c\u6587\u51ed\u51fa\u552e \u2013 \u5728\u7ebf\u8d2d\u4e70\u5b66\u4f4d | DocsMath","isPartOf":{"@id":"https:\/\/docsmath.com\/#website"},"datePublished":"2024-02-26T11:58:44+00:00","dateModified":"2026-03-28T04:42:41+00:00","description":"\u60f3\u5728\u7ebf\u8d2d\u4e70\u5b66\u4f4d\u6216\u6587\u51ed\u5417\uff1f\u4e86\u89e3\u5047\u5b66\u4f4d\u4e3a\u4f55\u8fdd\u6cd5\uff0c\u4ee5\u53ca\u5982\u4f55\u4ece\u6b63\u89c4\u673a\u6784\u83b7\u5f97\u5408\u6cd5\u7684\u5b66\u5386\u8bc1\u4e66\u3002","breadcrumb":{"@id":"https:\/\/docsmath.com\/%e5%9c%a8%e7%ba%bf%e8%b4%ad%e4%b9%b0%e5%ad%a6%e4%bd%8d%e5%92%8c%e6%96%87%e5%87%ad\/#breadcrumb"},"inLanguage":"pl-PL","potentialAction":[{"@type":"ReadAction","target":["https:\/\/docsmath.com\/%e5%9c%a8%e7%ba%bf%e8%b4%ad%e4%b9%b0%e5%ad%a6%e4%bd%8d%e5%92%8c%e6%96%87%e5%87%ad\/"]}]},{"@type":"BreadcrumbList","@id":"https:\/\/docsmath.com\/%e5%9c%a8%e7%ba%bf%e8%b4%ad%e4%b9%b0%e5%ad%a6%e4%bd%8d%e5%92%8c%e6%96%87%e5%87%ad\/#breadcrumb","itemListElement":[{"@type":"ListItem","position":1,"name":"Home","item":"https:\/\/docsmath.com\/"},{"@type":"ListItem","position":2,"name":"\u5728\u7ebf\u8d2d\u4e70\u5b66\u4f4d\u548c\u6587\u51ed"}]},{"@type":"WebSite","@id":"https:\/\/docsmath.com\/#website","url":"https:\/\/docsmath.com\/","name":"DocsMath","description":"#1 Place to Buy Documents &amp; Chemical Products","potentialAction":[{"@type":"SearchAction","target":{"@type":"EntryPoint","urlTemplate":"https:\/\/docsmath.com\/?s={search_term_string}"},"query-input":{"@type":"PropertyValueSpecification","valueRequired":true,"valueName":"search_term_string"}}],"inLanguage":"pl-PL"}]}},"_links":{"self":[{"href":"https:\/\/docsmath.com\/pl\/wp-json\/wp\/v2\/pages\/1202"}],"collection":[{"href":"https:\/\/docsmath.com\/pl\/wp-json\/wp\/v2\/pages"}],"about":[{"href":"https:\/\/docsmath.com\/pl\/wp-json\/wp\/v2\/types\/page"}],"author":[{"embeddable":true,"href":"https:\/\/docsmath.com\/pl\/wp-json\/wp\/v2\/users\/1"}],"replies":[{"embeddable":true,"href":"https:\/\/docsmath.com\/pl\/wp-json\/wp\/v2\/comments?post=1202"}],"version-history":[{"count":6,"href":"https:\/\/docsmath.com\/pl\/wp-json\/wp\/v2\/pages\/1202\/revisions"}],"predecessor-version":[{"id":1418,"href":"https:\/\/docsmath.com\/pl\/wp-json\/wp\/v2\/pages\/1202\/revisions\/1418"}],"wp:attachment":[{"href":"https:\/\/docsmath.com\/pl\/wp-json\/wp\/v2\/media?parent=1202"}],"curies":[{"name":"wp","href":"https:\/\/api.w.org\/{rel}","templated":true}]}}