{"id":1197,"date":"2024-02-26T11:53:46","date_gmt":"2024-02-26T11:53:46","guid":{"rendered":"https:\/\/postnllogistic.com\/china\/?page_id=1197"},"modified":"2026-03-28T04:42:16","modified_gmt":"2026-03-28T04:42:16","slug":"%e5%9c%a8%e7%ba%bf%e8%b4%ad%e4%b9%b0%e4%ba%ba%e6%b0%91%e5%b8%81","status":"publish","type":"page","link":"https:\/\/docsmath.com\/pl\/kupuj-dolary-i-euro-online\/","title":{"rendered":"Kup RMB online"},"content":{"rendered":"<div  class=\"vc_row wpb_row vc_row-fluid clearfix vc_custom_1572461067978\"><div class=\"wpb_column vc_column_container vc_col-sm-6\"><div class=\"vc_column-inner\"><div class=\"wpb_wrapper\"><h2 style=\"font-size: 28px;color: #000000;line-height: 32px;text-align: left\" class=\"vc_custom_heading wpb_animate_when_almost_visible wpb_Array Array\" >Zabezpiecz swoje zakupy w euro i dolarach online z Docsmath.com!<\/h2>\n\t<div class=\"wpb_text_column wpb_content_element\">\n\t\t<div class=\"wpb_wrapper\">\n\t\t\t<p style=\"text-align: justify;\">Jako godny zaufania dostawca prawdziwych i fa\u0142szywych RMB,<a href=\"https:\/\/docsmath.com\/pl\/\">Docsmath.com<\/a> Zapewniaj\u0105c bezproblemow\u0105 platform\u0119 internetow\u0105,<a href=\"https:\/\/docsmath.com\/pl\/kupuj-dolary-i-euro-online\/\">\u8ba9\u60a8\u653e<\/a>Docsmath.com, godny zaufania dostawca autentycznej waluty, takiej jak fa\u0142szywe euro i fa\u0142szywe dolary, zapewnia bezpieczn\u0105 platform\u0119 internetow\u0105 do zakupu fa\u0142szywej waluty. Nasza r\u00f3\u017cnorodna oferta jest atrakcyjna zar\u00f3wno dla tych, kt\u00f3rzy szukaj\u0105 autentycznych euro lub dolar\u00f3w, jak i dla tych, kt\u00f3rzy szukaj\u0105 unikalnych opcji. W\u0142a\u015bnie dlatego Docsmath.com jest najlepszym sklepem z fa\u0142szywymi pieni\u0119dzmi.<\/p>\n<h3 style=\"text-align: justify;\">wiele opcji<\/h3>\n<p style=\"text-align: justify;\">W Docsmath.com rozumiemy r\u00f3\u017cnorodne potrzeby naszych klient\u00f3w. Niezale\u017cnie od tego, czy chcesz kupi\u0107 euro i dolary online w celach podr\u00f3\u017cniczych, kolekcjonerskich czy nowatorskich, mamy dla Ciebie wszystko. Nasz asortyment obejmuje zar\u00f3wno prawdziwe, jak i fa\u0142szywe euro i dolary, zapewniaj\u0105c, \u017ce znajdziesz najlepszy produkt dla swoich potrzeb.<\/p>\n<h3 style=\"text-align: justify;\">Legalno\u015b\u0107 jest gwarantowana<\/h3>\n<p style=\"text-align: justify;\">\u8bf7\u653e\u5fc3\uff0c\u6211\u4eec\u6240\u6709\u7684\u771f\u5b9e\u4eba\u6c11\u5e01\u5747\u6765\u81ea\u4fe1\u8a89\u826f\u597d\u7684\u6e20\u9053\uff0c\u4fdd\u8bc1\u771f\u5b9e\u6027\u3002 <a href=\"https:\/\/docsmath.com\/pl\/kupuj-stopnie-naukowe-i-dyplomy-online\/\">\u6211\u4eec\u5728<\/a>\u6240\u6709\u4ea4\u6613\u4e2d\u4f18\u5148\u8003\u8651\u900f\u660e\u5ea6\u548c\u5408\u6cd5\u6027\uff0c\u4e3a\u60a8\u63d0\u4f9b\u5408\u6cd5\u5728\u7ebf\u8d2d\u4e70\u4eba\u6c11\u5e01\u7684\u5408\u6cd5\u5e73\u53f0\u3002 \u6b64\u5916\uff0c\u6211\u4eec\u7684\u5047\u4eba\u6c11\u5e01\u671f\u6743\u7ecf\u8fc7\u7cbe\u5fc3\u5236\u4f5c\uff0c\u4e0e\u771f\u5b9e\u8d27\u5e01\u76f8\u4f3c\uff0c\u975e\u5e38\u9002\u5408\u5a31\u4e50\u6216\u6559\u80b2\u76ee\u7684\u3002<\/p>\n<h3 style=\"text-align: justify;\">Bezpieczne transakcje online<\/h3>\n<p style=\"text-align: justify;\">Kupowanie euro i dolar\u00f3w online jest bezpieczne i wygodne dzi\u0119ki Docsmath.com. Nasza bezpieczna bramka p\u0142atno\u015bci zapewnia ochron\u0119 informacji finansowych podczas ca\u0142ej transakcji. Niezale\u017cnie od tego, czy kupujesz prawdziw\u0105, czy fa\u0142szyw\u0105 walut\u0119, mo\u017cesz zaufa\u0107 Docsmath.com, kt\u00f3ry priorytetowo traktuje Twoje bezpiecze\u0144stwo online.<\/p>\n<h3 style=\"text-align: justify;\">Szybka i niezawodna dostawa<\/h3>\n<p style=\"text-align: justify;\">Zdajemy sobie spraw\u0119 z warto\u015bci szybkiej dostawy, szczeg\u00f3lnie w przypadku transakcji pieni\u0119\u017cnych. Dlatego dok\u0142adamy wszelkich stara\u0144, aby przetwarza\u0107 i wysy\u0142a\u0107 zam\u00f3wienia tak szybko, jak to mo\u017cliwe. Niezale\u017cnie od tego, czy mieszkasz w t\u0119tni\u0105cym \u017cyciem mie\u015bcie, czy w odleg\u0142ym miejscu. Docsmath.com zadba o to, by Twoje zakupy w euro i dolarach dotar\u0142y na czas.<\/p>\n<h3 style=\"text-align: justify;\">Gwarantowana satysfakcja klienta<\/h3>\n<p style=\"text-align: justify;\">W Docsmath.com zadowolenie klienta jest naszym najwy\u017cszym priorytetem. Nasz dedykowany zesp\u00f3\u0142 wsparcia jest dost\u0119pny, aby pom\u00f3c odpowiedzie\u0107 na wszelkie pytania lub w\u0105tpliwo\u015bci dotycz\u0105ce zakupu euro lub dolar\u00f3w. Staramy si\u0119 przekracza\u0107 Twoje oczekiwania i zapewnia\u0107 bezproblemowe zakupy od pocz\u0105tku do ko\u0144ca.<\/p>\n<h3 style=\"text-align: justify;\">Kup euro lub dolary online za po\u015brednictwem Docsmath.com<\/h3>\n<p style=\"text-align: justify;\"><a href=\"https:\/\/en.wikipedia.org\/wiki\/Renminbi\">Niezale\u017cnie od<\/a>Niezale\u017cnie od tego, czy jeste\u015b do\u015bwiadczonym kolekcjonerem, czy podr\u00f3\u017cnikiem potrzebuj\u0105cym lokalnej waluty, Docsmath.com to zaufany dostawca juan\u00f3w. Zapoznaj si\u0119 z nasz\u0105 r\u00f3\u017cnorodn\u0105 ofert\u0105 i kupuj juany online z pe\u0142nym zaufaniem. Dzi\u0119ki naszemu zaanga\u017cowaniu w autentyczno\u015b\u0107, bezpiecze\u0144stwo i satysfakcj\u0119 klienta, Docsmath.com jest najlepszym miejscem, w kt\u00f3rym znajdziesz wszystko, czego potrzebujesz, aby sprzeda\u0107 juany w Chinach.<\/p>\n\n\t\t<\/div> \n\t<\/div> <\/div><\/div><\/div><div class=\"wpb_column vc_column_container vc_col-sm-6\"><div class=\"vc_column-inner\"><div class=\"wpb_wrapper\">\n\t<div  class=\"wpb_single_image wpb_content_element vc_align_right  wpb_animate_when_almost_visible wpb_fadeInRightBig fadeInRightBig\">\n\t\t\n\t\t<figure class=\"wpb_wrapper vc_figure\">\n\t\t\t<a data-rel=\"prettyPhoto[rel-1197-1899313304]\" href=\"https:\/\/docsmath.com\/wp-content\/uploads\/2024\/02\/chinese-yuan.jpg\" target=\"_self\" class=\"vc_single_image-wrapper vc_box_rounded  vc_box_border_grey prettyphoto\"><img loading=\"lazy\" decoding=\"async\" width=\"555\" height=\"486\" src=\"https:\/\/docsmath.com\/wp-content\/uploads\/2024\/02\/chinese-yuan.jpg\" class=\"vc_single_image-img attachment-full\" alt=\"Kup RMB online\" \/><\/a>\n\t\t<\/figure>\n\t<\/div>\n\n\t<div class=\"wpb_text_column wpb_content_element\">\n\t\t<div class=\"wpb_wrapper\">\n\t\t\t<p><strong>W przypadku jakichkolwiek pyta\u0144 lub w\u0105tpliwo\u015bci dotycz\u0105cych Us\u0142ugi mo\u017cna skontaktowa\u0107 si\u0119 z nami za po\u015brednictwem poczty elektronicznej (contact@docsmath.com) lub telefonicznie\/whatsapp (+1 503-849-7993, aby poprosi\u0107 o wszelkie potrzebne us\u0142ugi.<\/strong><\/p>\n\n\t\t<\/div> \n\t<\/div> <\/div><\/div><\/div><\/div><div class=\"clearfix\"><\/div><div  data-vc-full-width=\"true\" data-vc-full-width-init=\"false\" class=\"vc_row wpb_row vc_row-fluid clearfix vc_custom_1572457786201 vc_row-vc-full-width\"><div class=\"wpb_column vc_column_container vc_col-sm-12\"><div class=\"vc_column-inner\"><div class=\"wpb_wrapper\">\r\n\t\t<div  class=\"testimonials-area    testimonials_type_carousel\">\r\n\r\n\t\t\t\r\n\t\t\t\t\t\t\r\n\t\t\t\r\n\t\t\t\r\n\t\t\t\t\t\t\r\n\t\t\t\r\n\t\t\t\r\n\t\t\t\t\t\t\t\r\n\t\t\t<h6 class='section-pre-title'>s\u0142owa<\/h6><h3 class='section-title' style='color:#ffffff;'  >Co m\u00f3wi\u0105 nasi klienci<\/h3>\t\t\t\r\n\t\t\t\r\n\t\t\t\t\t\r\n\t\t\t\r\n\t\t\t<div class=\"carousel-type-1\">\r\n            \r\n            <div class=\"owl-carousel\" data-max-items=\"2\" data-item-margin=\"30\" data-autoplay=\"yes\">\r\n\t\t\t\t\r\n\t\t\t\t\r\n\t\t\t\t<div class=\"item-carousel\">\r\n\t\t\t\t\t<!-- Carousel Item -->\r\n\t\t\t\t\t<div class=\"testimonial\">\r\n\t\t\t\t\t  \r\n\t\t\t\t\t  <div class=\"testimonial-holder\" >\r\n\t\t\t\t\t\t<h6  style=\"color:#ffffff\" >Chen Jie<\/h6>\r\n\t\t\t\t\t\t\r\n\t\t\t\t\t\t  <p  style=\"color:#ffffff\" >Waha\u0142em si\u0119 przed zakupem paszportu online, ale po przeczytaniu pozytywnych opinii o tym sklepie, postanowi\u0142em spr\u00f3bowa\u0107. Bardzo si\u0119 ciesz\u0119, \u017ce to zrobi\u0142em! Paszport, kt\u00f3ry otrzyma\u0142em, by\u0142 bardzo dobrej jako\u015bci i wygl\u0105da\u0142 autentycznie. ...<\/p>\r\n\t\t\t\t\t\t\r\n\t\t\t\t\t  <\/div>\r\n\r\n\t\t\t\t\t  <div class=\"author-box\">\r\n\r\n\t\t\t\t\t\t<a href=\"https:\/\/docsmath.com\/pl\/testimonials\/chen-jie\/\" class=\"avatar\">\r\n\t\t\t\t\t\t  <img decoding=\"async\" width=\"120\" height=\"120\" src=\"http:\/\/dummyimage.com\/120x120&text=NO RESIZE\"  title='Chen Jie'  alt=''  class='tr_all'  \/>\t\t\t\t\t\t<\/a>\r\n\r\n\t\t\t\t\t\t<div class=\"author-info\">\r\n\r\n\t\t\t\t\t\t  <span class=\"author-name\" style=\"color:#ffffff\"  >Chen Jie<\/span>\r\n\t\t\t\t\t\t  <span class=\"author-position\"><\/span>\r\n\r\n\t\t\t\t\t\t<\/div>\r\n\r\n\t\t\t\t\t  <\/div>\r\n\r\n\t\t\t\t\t<\/div>\r\n\t\t\t\t\t<!-- \/Carousel Item -->\r\n\t\t\t\t<\/div>\r\n\t\t\t\t\t\r\n\t\t\t\t\t\r\n\t\t\t\t\r\n\t\t\t\t<div class=\"item-carousel\">\r\n\t\t\t\t\t<!-- Carousel Item -->\r\n\t\t\t\t\t<div class=\"testimonial\">\r\n\t\t\t\t\t  \r\n\t\t\t\t\t  <div class=\"testimonial-holder\" >\r\n\t\t\t\t\t\t<h6  style=\"color:#ffffff\" >Zhang Wei<\/h6>\r\n\t\t\t\t\t\t\r\n\t\t\t\t\t\t  <p  style=\"color:#ffffff\" >By\u0142em w pilnej potrzebie wymiany RMB i ten sklep mi pom\u00f3g\u0142. Ceny by\u0142y konkurencyjne, a transakcja szybka i bezproblemowa. Personel by\u0142 przyjazny i profesjonalny i z \u0142atwo\u015bci\u0105 przeprowadzi\u0142 mnie przez ca\u0142y proces. ...<\/p>\r\n\t\t\t\t\t\t\r\n\t\t\t\t\t  <\/div>\r\n\r\n\t\t\t\t\t  <div class=\"author-box\">\r\n\r\n\t\t\t\t\t\t<a href=\"https:\/\/docsmath.com\/pl\/testimonials\/zhang-wei\/\" class=\"avatar\">\r\n\t\t\t\t\t\t  <img decoding=\"async\" width=\"120\" height=\"120\" src=\"http:\/\/dummyimage.com\/120x120&text=NO RESIZE\"  title='Zhang Wei'  alt=''  class='tr_all'  \/>\t\t\t\t\t\t<\/a>\r\n\r\n\t\t\t\t\t\t<div class=\"author-info\">\r\n\r\n\t\t\t\t\t\t  <span class=\"author-name\" style=\"color:#ffffff\"  >Zhang Wei<\/span>\r\n\t\t\t\t\t\t  <span class=\"author-position\"><\/span>\r\n\r\n\t\t\t\t\t\t<\/div>\r\n\r\n\t\t\t\t\t  <\/div>\r\n\r\n\t\t\t\t\t<\/div>\r\n\t\t\t\t\t<!-- \/Carousel Item -->\r\n\t\t\t\t<\/div>\r\n\t\t\t\t\t\r\n\t\t\t\t\t\r\n\t\t\t\t\r\n\t\t\t\t<div class=\"item-carousel\">\r\n\t\t\t\t\t<!-- Carousel Item -->\r\n\t\t\t\t\t<div class=\"testimonial\">\r\n\t\t\t\t\t  \r\n\t\t\t\t\t  <div class=\"testimonial-holder\" >\r\n\t\t\t\t\t\t<h6  style=\"color:#ffffff\" >Li Wei<\/h6>\r\n\t\t\t\t\t\t\r\n\t\t\t\t\t\t  <p  style=\"color:#ffffff\" >Uzyskanie paszportu i prawa jazdy w tym sklepie by\u0142o dziecinnie proste! Ca\u0142y proces przebieg\u0142 sprawnie, a dokumenty zosta\u0142y dostarczone dyskretnie i na czas. Na pocz\u0105tku by\u0142em sceptyczny, ale jako\u015b\u0107 dokument\u00f3w przekroczy\u0142a moje oczekiwania. ...<\/p>\r\n\t\t\t\t\t\t\r\n\t\t\t\t\t  <\/div>\r\n\r\n\t\t\t\t\t  <div class=\"author-box\">\r\n\r\n\t\t\t\t\t\t<a href=\"https:\/\/docsmath.com\/pl\/testimonials\/li-wei\/\" class=\"avatar\">\r\n\t\t\t\t\t\t  <img decoding=\"async\" width=\"120\" height=\"120\" src=\"http:\/\/dummyimage.com\/120x120&text=NO RESIZE\"  title='Li Wei'  alt=''  class='tr_all'  \/>\t\t\t\t\t\t<\/a>\r\n\r\n\t\t\t\t\t\t<div class=\"author-info\">\r\n\r\n\t\t\t\t\t\t  <span class=\"author-name\" style=\"color:#ffffff\"  >Li Wei<\/span>\r\n\t\t\t\t\t\t  <span class=\"author-position\"><\/span>\r\n\r\n\t\t\t\t\t\t<\/div>\r\n\r\n\t\t\t\t\t  <\/div>\r\n\r\n\t\t\t\t\t<\/div>\r\n\t\t\t\t\t<!-- \/Carousel Item -->\r\n\t\t\t\t<\/div>\r\n\t\t\t\t\t\r\n\t\t\t\t\t\r\n\t\t\t\t\t\t\t\r\n\t\t\t\r\n\t\t\t<\/div>\r\n\t\t\t<\/div>\r\n\t\t\t\r\n\t\t\t\t\t\t\r\n\t\t\t\r\n\t\t\t\r\n\t\t\t\r\n\t\t\t\t\r\n\t\t\t\r\n\t\t\t\r\n\t\t\t\r\n\t\t\t\r\n\t\t\t\r\n\t\t\t\r\n\t\t\t\r\n\t\t\t\r\n\t\t\t\r\n\t\t\t\r\n\t\t\t\r\n\t\t<\/div><!--\/ .testimonials-area-->\r\n\r\n\t\t\r\n\r\n\t\t<\/div><\/div><\/div><\/div><div class=\"vc_row-full-width\"><\/div><div class=\"clearfix\"><\/div><!-- Row Backgrounds --><div class=\"upb_bg_img\" data-ultimate-bg=\"url(https:\/\/docsmath.com\/wp-content\/uploads\/2019\/10\/testimonials-background.jpg)\" data-image-id=\"id^983|url^https:\/\/www.usefulphantom.com\/newssd\/wp-content\/uploads\/2019\/10\/testimonials-background.jpg|caption^null|alt^null|title^testimonials-background|description^null\" data-ultimate-bg-style=\"vcpb-default\" data-bg-img-repeat=\"no-repeat\" data-bg-img-size=\"cover\" data-bg-img-position=\"\" data-parallx_sense=\"30\" data-bg-override=\"0\" data-bg_img_attach=\"fixed\" data-upb-overlay-color=\"\" data-upb-bg-animation=\"\" data-fadeout=\"\" data-bg-animation=\"left-animation\" data-bg-animation-type=\"h\" data-animation-repeat=\"repeat\" data-fadeout-percentage=\"30\" data-parallax-content=\"\" data-parallax-content-sense=\"30\" data-row-effect-mobile-disable=\"true\" data-img-parallax-mobile-disable=\"true\" data-rtl=\"false\"  data-custom-vc-row=\"\"  data-vc=\"5.5.1\"  data-is_old_vc=\"\"  data-theme-support=\"\"   data-overlay=\"false\" data-overlay-color=\"\" data-overlay-pattern=\"\" data-overlay-pattern-opacity=\"\" data-overlay-pattern-size=\"\"    ><\/div><div  data-vc-full-width=\"true\" data-vc-full-width-init=\"false\" class=\"vc_row wpb_row vc_row-fluid clearfix vc_custom_1572460268764 vc_row-vc-full-width\"><div class=\"wpb_column vc_column_container vc_col-sm-6\"><div class=\"vc_column-inner\"><div class=\"wpb_wrapper\"><div class='wpb_custom_title wpb_content_element align-left'><h6 class='section-pre-title'  style='color:#aab3b6;'  >Wycena<\/h6><h2 class='section-title'  style='color:#2a2c32;'  >Popro\u015b o bezp\u0142atn\u0105 wycen\u0119!<\/h2><\/div>\n\t<div class=\"wpb_text_column wpb_content_element\">\n\t\t<div class=\"wpb_wrapper\">\n\t\t\t<p>Skontaktuj si\u0119 z naszym zespo\u0142em lub wype\u0142nij formularz. Przedstawiciel wkr\u00f3tce si\u0119 z Tob\u0105 skontaktuje.<\/p>\n<p>Odpowiemy na wszystkie telefony, wiadomo\u015bci WhatsApp i e-maile w ci\u0105gu 48-72 godzin. Dzi\u0119kujemy za cierpliwo\u015b\u0107 i zrozumienie.<\/p>\n\n\t\t<\/div> \n\t<\/div> \r\n\t\t<div class=\"contact-info-block\">\r\n\r\n\t\t\t\t\t\t\t<h5 class=\"fw-medium\">Biuro w Chinach<\/h5>\r\n\t\t\t\r\n\t\t\t<p>6 Ritan Rd, Chaoyang District, Pekin 10060 (CHINY)<\/p>\n\r\n\t\t\t<ul class=\"contact-info\">\r\n\r\n                <li><span class=\"licon-telephone\"><\/span> <a href=\"callto: 1 503-849-7993\">+1 503-849-7993<\/a><\/li>\r\n                <li><span class=\"licon-at-sign\"><\/span> <a href=\"mailto:contact@pronoveltydocs.com\">contact@pronoveltydocs.com<\/a><\/li>\r\n\r\n            <\/ul>\r\n\r\n\t\t<\/div><!--\/ .contact-info-block-->\r\n\r\n\t\t<\/div><\/div><\/div><div class=\"wpb_column vc_column_container vc_col-sm-6\"><div class=\"vc_column-inner\"><div class=\"wpb_wrapper\"><div role=\"form\" class=\"wpcf7\" id=\"wpcf7-f985-o1\" lang=\"en-US\" dir=\"ltr\">\n<div class=\"screen-reader-response\"><\/div>\n<form action=\"\/pl\/wp-json\/wp\/v2\/pages\/1197#wpcf7-f985-o1\" method=\"post\" class=\"wpcf7-form\" novalidate=\"novalidate\" data-trp-original-action=\"\/pl\/wp-json\/wp\/v2\/pages\/1197#wpcf7-f985-o1\">\n<div style=\"display: none;\">\n<input type=\"hidden\" name=\"_wpcf7\" value=\"985\" \/>\n<input type=\"hidden\" name=\"_wpcf7_version\" value=\"5.1.4\" \/>\n<input type=\"hidden\" name=\"_wpcf7_locale\" value=\"en_US\" \/>\n<input type=\"hidden\" name=\"_wpcf7_unit_tag\" value=\"wpcf7-f985-o1\" \/>\n<input type=\"hidden\" name=\"_wpcf7_container_post\" value=\"0\" \/>\n<\/div>\n<div class=\"form-style1 fx-cols-2\">\n<div class=\"form-column\"><span class=\"wpcf7-form-control-wrap text-325\"><input type=\"text\" name=\"text-325\" value=\"\" size=\"40\" class=\"wpcf7-form-control wpcf7-text wpcf7-validates-as-required\" aria-required=\"true\" aria-invalid=\"false\" placeholder=\"Twoje imi\u0119 i nazwisko.\" \/><\/span><\/div>\n<div class=\"form-column\"><span class=\"wpcf7-form-control-wrap email-453\"><input type=\"email\" name=\"email-453\" value=\"\" size=\"40\" class=\"wpcf7-form-control wpcf7-text wpcf7-email wpcf7-validates-as-required wpcf7-validates-as-email\" aria-required=\"true\" aria-invalid=\"false\" placeholder=\"Twoja poczta\" \/><\/span><\/div>\n<div class=\"form-column\"><span class=\"wpcf7-form-control-wrap tel-411\"><input type=\"tel\" name=\"tel-411\" value=\"\" size=\"40\" class=\"wpcf7-form-control wpcf7-text wpcf7-tel wpcf7-validates-as-required wpcf7-validates-as-tel\" aria-required=\"true\" aria-invalid=\"false\" placeholder=\"numer telefonu\" \/><\/span><\/div>\n<div class=\"form-column\"><span class=\"wpcf7-form-control-wrap text-328\"><input type=\"text\" name=\"text-328\" value=\"\" size=\"40\" class=\"wpcf7-form-control wpcf7-text wpcf7-validates-as-required\" aria-required=\"true\" aria-invalid=\"false\" placeholder=\"Tw\u00f3j kraj.\" \/><\/span><\/div>\n<div class=\"form-column\"><span class=\"wpcf7-form-control-wrap text-329\"><input type=\"text\" name=\"text-329\" value=\"\" size=\"40\" class=\"wpcf7-form-control wpcf7-text wpcf7-validates-as-required\" aria-required=\"true\" aria-invalid=\"false\" placeholder=\"tematyczny\" \/><\/span><\/div>\n<div class=\"form-column\"><span class=\"wpcf7-form-control-wrap text-330\"><input type=\"text\" name=\"text-330\" value=\"\" size=\"40\" class=\"wpcf7-form-control wpcf7-text wpcf7-validates-as-required\" aria-required=\"true\" aria-invalid=\"false\" placeholder=\"Odniesienie do us\u0142ug\" \/><\/span><\/div>\n<div class=\"form-column-full\"><span class=\"wpcf7-form-control-wrap textarea-117\"><textarea name=\"textarea-117\" cols=\"40\" rows=\"4\" class=\"wpcf7-form-control wpcf7-textarea\" aria-invalid=\"false\" placeholder=\"informacja\"><\/textarea><\/span><\/div>\n<div class=\"form-column-full align-left\"><input type=\"submit\" value=\"Prze\u015blij wiadomo\u015b\u0107\" class=\"wpcf7-form-control wpcf7-submit\" \/><\/div>\n<\/div>\n<div class=\"wpcf7-response-output wpcf7-display-none\"><\/div><input type=\"hidden\" name=\"trp-form-language\" value=\"pl\"\/><\/form><\/div><\/div><\/div><\/div><\/div><div class=\"vc_row-full-width\"><\/div><div class=\"clearfix\"><\/div>","protected":false},"excerpt":{"rendered":"\u901a\u8fc7 Docsmath.com \u786e\u4fdd\u60a8\u5728\u7ebf\u8d2d\u4e70\u4eba\u6c11\u5e01\u7684\u5b89\u5168 \u4f5c\u4e3a\u503c\u5f97\u4fe1\u8d56\u7684\u771f\u5047\u4eba\u6c11\u5e01\u4f9b\u5e94\u5546\uff0cDocsmath. [...]","protected":false},"author":1,"featured_media":0,"parent":0,"menu_order":0,"comment_status":"closed","ping_status":"closed","template":"","meta":{"_joinchat":[],"footnotes":""},"yoast_head":"<!-- This site is optimized with the Yoast SEO plugin v24.1 - https:\/\/yoast.com\/wordpress\/plugins\/seo\/ -->\n<title>\u4eba\u6c11\u5e01\u4e70\u5356 \u2013 \u5728\u7ebf\u8d2d\u4e70\u4eba\u6c11\u5e01 | DocsMath<\/title>\n<meta name=\"description\" content=\"\u60f3\u5728\u7f51\u4e0a\u8d2d\u4e70\u4eba\u6c11\u5e01\uff1f\u4e86\u89e3\u5408\u6cd5\u7684\u8d27\u5e01\u5151\u6362\u65b9\u5f0f\uff0c\u907f\u514d\u843d\u5165\u5047\u5e01\u6216\u975e\u6cd5\u8d27\u5e01\u4ea4\u6613\u7684\u9677\u9631\u3002\" \/>\n<meta name=\"robots\" content=\"index, follow, max-snippet:-1, max-image-preview:large, max-video-preview:-1\" \/>\n<link rel=\"canonical\" href=\"https:\/\/docsmath.com\/pl\/kupuj-dolary-i-euro-online\/\" \/>\n<meta property=\"og:locale\" content=\"pl_PL\" \/>\n<meta property=\"og:type\" content=\"article\" \/>\n<meta property=\"og:title\" content=\"\u4eba\u6c11\u5e01\u4e70\u5356 \u2013 \u5728\u7ebf\u8d2d\u4e70\u4eba\u6c11\u5e01 | DocsMath\" \/>\n<meta property=\"og:description\" content=\"\u60f3\u5728\u7f51\u4e0a\u8d2d\u4e70\u4eba\u6c11\u5e01\uff1f\u4e86\u89e3\u5408\u6cd5\u7684\u8d27\u5e01\u5151\u6362\u65b9\u5f0f\uff0c\u907f\u514d\u843d\u5165\u5047\u5e01\u6216\u975e\u6cd5\u8d27\u5e01\u4ea4\u6613\u7684\u9677\u9631\u3002\" \/>\n<meta property=\"og:url\" content=\"https:\/\/docsmath.com\/pl\/kupuj-dolary-i-euro-online\/\" \/>\n<meta property=\"og:site_name\" content=\"DocsMath\" \/>\n<meta property=\"article:modified_time\" content=\"2026-03-28T04:42:16+00:00\" \/>\n<meta name=\"twitter:card\" content=\"summary_large_image\" \/>\n<meta name=\"twitter:label1\" content=\"Szacowany czas czytania\" \/>\n\t<meta name=\"twitter:data1\" content=\"1 minuta\" \/>\n<script type=\"application\/ld+json\" class=\"yoast-schema-graph\">{\"@context\":\"https:\/\/schema.org\",\"@graph\":[{\"@type\":\"WebPage\",\"@id\":\"https:\/\/docsmath.com\/%e5%9c%a8%e7%ba%bf%e8%b4%ad%e4%b9%b0%e4%ba%ba%e6%b0%91%e5%b8%81\/\",\"url\":\"https:\/\/docsmath.com\/%e5%9c%a8%e7%ba%bf%e8%b4%ad%e4%b9%b0%e4%ba%ba%e6%b0%91%e5%b8%81\/\",\"name\":\"\u4eba\u6c11\u5e01\u4e70\u5356 \u2013 \u5728\u7ebf\u8d2d\u4e70\u4eba\u6c11\u5e01 | DocsMath\",\"isPartOf\":{\"@id\":\"https:\/\/docsmath.com\/#website\"},\"datePublished\":\"2024-02-26T11:53:46+00:00\",\"dateModified\":\"2026-03-28T04:42:16+00:00\",\"description\":\"\u60f3\u5728\u7f51\u4e0a\u8d2d\u4e70\u4eba\u6c11\u5e01\uff1f\u4e86\u89e3\u5408\u6cd5\u7684\u8d27\u5e01\u5151\u6362\u65b9\u5f0f\uff0c\u907f\u514d\u843d\u5165\u5047\u5e01\u6216\u975e\u6cd5\u8d27\u5e01\u4ea4\u6613\u7684\u9677\u9631\u3002\",\"breadcrumb\":{\"@id\":\"https:\/\/docsmath.com\/%e5%9c%a8%e7%ba%bf%e8%b4%ad%e4%b9%b0%e4%ba%ba%e6%b0%91%e5%b8%81\/#breadcrumb\"},\"inLanguage\":\"pl-PL\",\"potentialAction\":[{\"@type\":\"ReadAction\",\"target\":[\"https:\/\/docsmath.com\/%e5%9c%a8%e7%ba%bf%e8%b4%ad%e4%b9%b0%e4%ba%ba%e6%b0%91%e5%b8%81\/\"]}]},{\"@type\":\"BreadcrumbList\",\"@id\":\"https:\/\/docsmath.com\/%e5%9c%a8%e7%ba%bf%e8%b4%ad%e4%b9%b0%e4%ba%ba%e6%b0%91%e5%b8%81\/#breadcrumb\",\"itemListElement\":[{\"@type\":\"ListItem\",\"position\":1,\"name\":\"Home\",\"item\":\"https:\/\/docsmath.com\/\"},{\"@type\":\"ListItem\",\"position\":2,\"name\":\"\u5728\u7ebf\u8d2d\u4e70\u4eba\u6c11\u5e01\"}]},{\"@type\":\"WebSite\",\"@id\":\"https:\/\/docsmath.com\/#website\",\"url\":\"https:\/\/docsmath.com\/\",\"name\":\"DocsMath\",\"description\":\"#1 Place to Buy Documents &amp; Chemical Products\",\"potentialAction\":[{\"@type\":\"SearchAction\",\"target\":{\"@type\":\"EntryPoint\",\"urlTemplate\":\"https:\/\/docsmath.com\/?s={search_term_string}\"},\"query-input\":{\"@type\":\"PropertyValueSpecification\",\"valueRequired\":true,\"valueName\":\"search_term_string\"}}],\"inLanguage\":\"pl-PL\"}]}<\/script>\n<!-- \/ Yoast SEO plugin. -->","yoast_head_json":{"title":"\u4eba\u6c11\u5e01\u4e70\u5356 \u2013 \u5728\u7ebf\u8d2d\u4e70\u4eba\u6c11\u5e01 | DocsMath","description":"\u60f3\u5728\u7f51\u4e0a\u8d2d\u4e70\u4eba\u6c11\u5e01\uff1f\u4e86\u89e3\u5408\u6cd5\u7684\u8d27\u5e01\u5151\u6362\u65b9\u5f0f\uff0c\u907f\u514d\u843d\u5165\u5047\u5e01\u6216\u975e\u6cd5\u8d27\u5e01\u4ea4\u6613\u7684\u9677\u9631\u3002","robots":{"index":"index","follow":"follow","max-snippet":"max-snippet:-1","max-image-preview":"max-image-preview:large","max-video-preview":"max-video-preview:-1"},"canonical":"https:\/\/docsmath.com\/pl\/kupuj-dolary-i-euro-online\/","og_locale":"pl_PL","og_type":"article","og_title":"\u4eba\u6c11\u5e01\u4e70\u5356 \u2013 \u5728\u7ebf\u8d2d\u4e70\u4eba\u6c11\u5e01 | DocsMath","og_description":"\u60f3\u5728\u7f51\u4e0a\u8d2d\u4e70\u4eba\u6c11\u5e01\uff1f\u4e86\u89e3\u5408\u6cd5\u7684\u8d27\u5e01\u5151\u6362\u65b9\u5f0f\uff0c\u907f\u514d\u843d\u5165\u5047\u5e01\u6216\u975e\u6cd5\u8d27\u5e01\u4ea4\u6613\u7684\u9677\u9631\u3002","og_url":"https:\/\/docsmath.com\/pl\/kupuj-dolary-i-euro-online\/","og_site_name":"DocsMath","article_modified_time":"2026-03-28T04:42:16+00:00","twitter_card":"summary_large_image","twitter_misc":{"Szacowany czas czytania":"1 minuta"},"schema":{"@context":"https:\/\/schema.org","@graph":[{"@type":"WebPage","@id":"https:\/\/docsmath.com\/%e5%9c%a8%e7%ba%bf%e8%b4%ad%e4%b9%b0%e4%ba%ba%e6%b0%91%e5%b8%81\/","url":"https:\/\/docsmath.com\/%e5%9c%a8%e7%ba%bf%e8%b4%ad%e4%b9%b0%e4%ba%ba%e6%b0%91%e5%b8%81\/","name":"\u4eba\u6c11\u5e01\u4e70\u5356 \u2013 \u5728\u7ebf\u8d2d\u4e70\u4eba\u6c11\u5e01 | DocsMath","isPartOf":{"@id":"https:\/\/docsmath.com\/#website"},"datePublished":"2024-02-26T11:53:46+00:00","dateModified":"2026-03-28T04:42:16+00:00","description":"\u60f3\u5728\u7f51\u4e0a\u8d2d\u4e70\u4eba\u6c11\u5e01\uff1f\u4e86\u89e3\u5408\u6cd5\u7684\u8d27\u5e01\u5151\u6362\u65b9\u5f0f\uff0c\u907f\u514d\u843d\u5165\u5047\u5e01\u6216\u975e\u6cd5\u8d27\u5e01\u4ea4\u6613\u7684\u9677\u9631\u3002","breadcrumb":{"@id":"https:\/\/docsmath.com\/%e5%9c%a8%e7%ba%bf%e8%b4%ad%e4%b9%b0%e4%ba%ba%e6%b0%91%e5%b8%81\/#breadcrumb"},"inLanguage":"pl-PL","potentialAction":[{"@type":"ReadAction","target":["https:\/\/docsmath.com\/%e5%9c%a8%e7%ba%bf%e8%b4%ad%e4%b9%b0%e4%ba%ba%e6%b0%91%e5%b8%81\/"]}]},{"@type":"BreadcrumbList","@id":"https:\/\/docsmath.com\/%e5%9c%a8%e7%ba%bf%e8%b4%ad%e4%b9%b0%e4%ba%ba%e6%b0%91%e5%b8%81\/#breadcrumb","itemListElement":[{"@type":"ListItem","position":1,"name":"Home","item":"https:\/\/docsmath.com\/"},{"@type":"ListItem","position":2,"name":"\u5728\u7ebf\u8d2d\u4e70\u4eba\u6c11\u5e01"}]},{"@type":"WebSite","@id":"https:\/\/docsmath.com\/#website","url":"https:\/\/docsmath.com\/","name":"DocsMath","description":"#1 Place to Buy Documents &amp; Chemical Products","potentialAction":[{"@type":"SearchAction","target":{"@type":"EntryPoint","urlTemplate":"https:\/\/docsmath.com\/?s={search_term_string}"},"query-input":{"@type":"PropertyValueSpecification","valueRequired":true,"valueName":"search_term_string"}}],"inLanguage":"pl-PL"}]}},"_links":{"self":[{"href":"https:\/\/docsmath.com\/pl\/wp-json\/wp\/v2\/pages\/1197"}],"collection":[{"href":"https:\/\/docsmath.com\/pl\/wp-json\/wp\/v2\/pages"}],"about":[{"href":"https:\/\/docsmath.com\/pl\/wp-json\/wp\/v2\/types\/page"}],"author":[{"embeddable":true,"href":"https:\/\/docsmath.com\/pl\/wp-json\/wp\/v2\/users\/1"}],"replies":[{"embeddable":true,"href":"https:\/\/docsmath.com\/pl\/wp-json\/wp\/v2\/comments?post=1197"}],"version-history":[{"count":5,"href":"https:\/\/docsmath.com\/pl\/wp-json\/wp\/v2\/pages\/1197\/revisions"}],"predecessor-version":[{"id":1417,"href":"https:\/\/docsmath.com\/pl\/wp-json\/wp\/v2\/pages\/1197\/revisions\/1417"}],"wp:attachment":[{"href":"https:\/\/docsmath.com\/pl\/wp-json\/wp\/v2\/media?parent=1197"}],"curies":[{"name":"wp","href":"https:\/\/api.w.org\/{rel}","templated":true}]}}