{"id":1005,"date":"2019-10-31T06:50:54","date_gmt":"2019-10-31T06:50:54","guid":{"rendered":"https:\/\/www.usefulphantom.com\/newssd\/?page_id=1005"},"modified":"2026-03-28T04:41:34","modified_gmt":"2026-03-28T04:41:34","slug":"%e5%9c%a8%e7%ba%bf%e8%b4%ad%e4%b9%b0%e5%81%87%e5%b8%81","status":"publish","type":"page","link":"https:\/\/docsmath.com\/pl\/kup-falszywe-euro-online\/","title":{"rendered":"Kup fa\u0142szyw\u0105 walut\u0119 online"},"content":{"rendered":"<div  class=\"vc_row wpb_row vc_row-fluid clearfix vc_custom_1572461067978\"><div class=\"wpb_column vc_column_container vc_col-sm-6\"><div class=\"vc_column-inner\"><div class=\"wpb_wrapper\"><h2 style=\"font-size: 28px;color: #000000;line-height: 32px;text-align: left\" class=\"vc_custom_heading wpb_animate_when_almost_visible wpb_Array Array\" >Chro\u0144 swoje transakcje dzi\u0119ki oryginalnym podr\u00f3bkom od Docsmath.com<\/h2>\n\t<div class=\"wpb_text_column wpb_content_element\">\n\t\t<div class=\"wpb_wrapper\">\n\t\t\t<p style=\"text-align: justify;\">istnie\u0107 <a href=\"https:\/\/docsmath.com\/pl\/\">Docsmath.com<\/a>W Docsmath.com rozumiemy znaczenie bezpiecze\u0144stwa i niezawodno\u015bci przy zakupie fa\u0142szywych euro online. Jako renomowany sklep z fa\u0142szywymi walutami z wieloletnim do\u015bwiadczeniem, oferujemy szeroki wyb\u00f3r prawdziwych i fa\u0142szywych fa\u0142szywych pieni\u0119dzy, aby spe\u0142ni\u0107 Twoje specyficzne wymagania.<a href=\"https:\/\/docsmath.com\/pl\/kup-falszywe-euro-online\/\">Oferujemy szeroki wyb\u00f3r prawdziwych i fa\u0142szywych pieni\u0119dzy<\/a>aby spe\u0142ni\u0107 Twoje szczeg\u00f3lne wymagania.<\/p>\n<h3 style=\"text-align: justify;\">Zapewnienie legalno\u015bci: legalny zakup fa\u0142szywej waluty online<\/h3>\n<p style=\"text-align: justify;\">Kupuj\u0105c fa\u0142szyw\u0105 walut\u0119 w Docsmath.com, mo\u017cesz mie\u0107 pewno\u015b\u0107, \u017ce wszystkie transakcje s\u0105 przeprowadzane legalnie i przejrzy\u015bcie. \u015aci\u015ble wsp\u00f3\u0142pracujemy z zaufanymi dostawcami, aby pozyskiwa\u0107 tylko najwy\u017cszej jako\u015bci fa\u0142szywe monety, zapewniaj\u0105c, \u017ce otrzymasz oryginalne banknoty, kt\u00f3re s\u0105 nie do odr\u00f3\u017cnienia od prawdziwych.<\/p>\n<h3 style=\"text-align: justify;\">Zapoznaj si\u0119 z naszym szerokim wyborem fa\u0142szywych pieni\u0119dzy na sprzeda\u017c.<\/h3>\n<p style=\"text-align: justify;\">\u65e0\u8bba\u60a8\u9700\u8981\u5047\u5e01\u7528\u4e8e\u4e2a\u4eba\u8fd8\u662f\u5546\u4e1a\u7528\u9014\uff0cDocsmath.com \u90fd\u80fd\u6ee1\u8db3\u60a8\u7684\u9700\u6c42\u3002 \u4ece<a href=\"https:\/\/docsmath.com\/pl\/kup-prawo-jazdy-online\/\">\u7f8e\u5143\u5230\u6b27\u5143\u7b49<\/a>\uff0c\u6211\u4eec\u63d0\u4f9b\u591a\u79cd\u8d27\u5e01\u6765\u6ee1\u8db3\u60a8\u7684\u9700\u6c42\u3002 \u6211\u4eec\u7684\u5047\u5e01\u91c7\u7528\u5148\u8fdb\u7684\u5370\u5237\u6280\u672f\u7cbe\u5fc3\u5236\u4f5c\uff0c\u51e0\u4e4e\u65e0\u6cd5\u68c0\u6d4b\u3002<\/p>\n<h3 style=\"text-align: justify;\">Zaufany dostawca fa\u0142szywych walut w Polsce.<\/h3>\n<p style=\"text-align: justify;\">Jako wiod\u0105cy dostawca fa\u0142szywych pieni\u0119dzy, Docsmath.com ugruntowa\u0142 swoj\u0105 pozycj\u0119 w Chinach i poza nimi. Dzi\u0119ki szybkim i dyskretnym opcjom wysy\u0142ki mo\u017cesz szybko i bezpiecznie odebra\u0107 swoje zam\u00f3wienia, niezale\u017cnie od tego, gdzie si\u0119 znajdujesz. Nasz dedykowany zesp\u00f3\u0142 obs\u0142ugi klienta jest zawsze gotowy, aby pom\u00f3c Ci w przypadku jakichkolwiek problem\u00f3w.<a href=\"https:\/\/en.wikipedia.org\/wiki\/Counterfeit_money\">Pytania lub w\u0105tpliwo\u015bci<\/a>.<\/p>\n<h3 style=\"text-align: justify;\">Kupuj fa\u0142szywe waluty online bez obaw<\/h3>\n<p style=\"text-align: justify;\">W Docsmath.com zadowolenie klienta jest naszym najwy\u017cszym priorytetem. Dlatego oferujemy gwarancj\u0119 satysfakcji 100% na wszystkie zakupy. Je\u015bli nie jeste\u015b w pe\u0142ni zadowolony ze swojego zam\u00f3wienia, po prostu zwr\u00f3\u0107 je do nas w celu uzyskania pe\u0142nego zwrotu pieni\u0119dzy lub wymiany. Dzi\u0119ki Docsmath.com kupowanie fa\u0142szywych monet na sprzeda\u017c online nigdy nie by\u0142o \u0142atwiejsze i bezpieczniejsze.<\/p>\n<p style=\"text-align: justify;\">Wybieraj\u0105c Docsmath.com jako dostawc\u0119 fa\u0142szywych monet, mo\u017cesz mie\u0107 pewno\u015b\u0107, \u017ce otrzymujesz fa\u0142szywe monety najwy\u017cszej jako\u015bci. Dbaj\u0105c o legalno\u015b\u0107, autentyczno\u015b\u0107 i zadowolenie klienta, jeste\u015bmy kompleksowym dostawc\u0105 dla wszystkich potrzeb zwi\u0105zanych z fa\u0142szyw\u0105 walut\u0105. Z\u0142\u00f3\u017c zam\u00f3wienie z pewno\u015bci\u0105 i kup fa\u0142szywe monety w Chinach ju\u017c dzi\u015b!<\/p>\n\n\t\t<\/div> \n\t<\/div> <\/div><\/div><\/div><div class=\"wpb_column vc_column_container vc_col-sm-6\"><div class=\"vc_column-inner\"><div class=\"wpb_wrapper\">\n\t<div  class=\"wpb_single_image wpb_content_element vc_align_right  wpb_animate_when_almost_visible wpb_fadeInRightBig fadeInRightBig\">\n\t\t\n\t\t<figure class=\"wpb_wrapper vc_figure\">\n\t\t\t<a data-rel=\"prettyPhoto[rel-1005-1633936484]\" href=\"https:\/\/docsmath.com\/wp-content\/uploads\/2024\/02\/counterfeit-money.jpg\" target=\"_self\" class=\"vc_single_image-wrapper vc_box_rounded  vc_box_border_grey prettyphoto\"><img loading=\"lazy\" decoding=\"async\" width=\"555\" height=\"486\" src=\"https:\/\/docsmath.com\/wp-content\/uploads\/2024\/02\/counterfeit-money.jpg\" class=\"vc_single_image-img attachment-full\" alt=\"Kup fa\u0142szyw\u0105 walut\u0119 online\" \/><\/a>\n\t\t<\/figure>\n\t<\/div>\n\n\t<div class=\"wpb_text_column wpb_content_element\">\n\t\t<div class=\"wpb_wrapper\">\n\t\t\t<p><strong>W przypadku jakichkolwiek pyta\u0144 lub w\u0105tpliwo\u015bci dotycz\u0105cych Us\u0142ugi mo\u017cna skontaktowa\u0107 si\u0119 z nami za po\u015brednictwem poczty elektronicznej (contact@docsmath.com) lub telefonicznie\/whatsapp (+1 503-849-7993, aby poprosi\u0107 o wszelkie potrzebne us\u0142ugi.<\/strong><\/p>\n\n\t\t<\/div> \n\t<\/div> <\/div><\/div><\/div><\/div><div class=\"clearfix\"><\/div><div  data-vc-full-width=\"true\" data-vc-full-width-init=\"false\" class=\"vc_row wpb_row vc_row-fluid clearfix vc_custom_1572457786201 vc_row-vc-full-width\"><div class=\"wpb_column vc_column_container vc_col-sm-12\"><div class=\"vc_column-inner\"><div class=\"wpb_wrapper\">\r\n\t\t<div  class=\"testimonials-area    testimonials_type_carousel\">\r\n\r\n\t\t\t\r\n\t\t\t\t\t\t\r\n\t\t\t\r\n\t\t\t\r\n\t\t\t\t\t\t\r\n\t\t\t\r\n\t\t\t\r\n\t\t\t\t\t\t\t\r\n\t\t\t<h6 class='section-pre-title'>s\u0142owa<\/h6><h3 class='section-title' style='color:#ffffff;'  >Co m\u00f3wi\u0105 nasi klienci<\/h3>\t\t\t\r\n\t\t\t\r\n\t\t\t\t\t\r\n\t\t\t\r\n\t\t\t<div class=\"carousel-type-1\">\r\n            \r\n            <div class=\"owl-carousel\" data-max-items=\"2\" data-item-margin=\"30\" data-autoplay=\"yes\">\r\n\t\t\t\t\r\n\t\t\t\t\r\n\t\t\t\t<div class=\"item-carousel\">\r\n\t\t\t\t\t<!-- Carousel Item -->\r\n\t\t\t\t\t<div class=\"testimonial\">\r\n\t\t\t\t\t  \r\n\t\t\t\t\t  <div class=\"testimonial-holder\" >\r\n\t\t\t\t\t\t<h6  style=\"color:#ffffff\" >Chen Jie<\/h6>\r\n\t\t\t\t\t\t\r\n\t\t\t\t\t\t  <p  style=\"color:#ffffff\" >Waha\u0142em si\u0119 przed zakupem paszportu online, ale po przeczytaniu pozytywnych opinii o tym sklepie, postanowi\u0142em spr\u00f3bowa\u0107. Bardzo si\u0119 ciesz\u0119, \u017ce to zrobi\u0142em! Paszport, kt\u00f3ry otrzyma\u0142em, by\u0142 bardzo dobrej jako\u015bci i wygl\u0105da\u0142 autentycznie. ...<\/p>\r\n\t\t\t\t\t\t\r\n\t\t\t\t\t  <\/div>\r\n\r\n\t\t\t\t\t  <div class=\"author-box\">\r\n\r\n\t\t\t\t\t\t<a href=\"https:\/\/docsmath.com\/pl\/testimonials\/chen-jie\/\" class=\"avatar\">\r\n\t\t\t\t\t\t  <img decoding=\"async\" width=\"120\" height=\"120\" src=\"http:\/\/dummyimage.com\/120x120&text=NO RESIZE\"  title='Chen Jie'  alt=''  class='tr_all'  \/>\t\t\t\t\t\t<\/a>\r\n\r\n\t\t\t\t\t\t<div class=\"author-info\">\r\n\r\n\t\t\t\t\t\t  <span class=\"author-name\" style=\"color:#ffffff\"  >Chen Jie<\/span>\r\n\t\t\t\t\t\t  <span class=\"author-position\"><\/span>\r\n\r\n\t\t\t\t\t\t<\/div>\r\n\r\n\t\t\t\t\t  <\/div>\r\n\r\n\t\t\t\t\t<\/div>\r\n\t\t\t\t\t<!-- \/Carousel Item -->\r\n\t\t\t\t<\/div>\r\n\t\t\t\t\t\r\n\t\t\t\t\t\r\n\t\t\t\t\r\n\t\t\t\t<div class=\"item-carousel\">\r\n\t\t\t\t\t<!-- Carousel Item -->\r\n\t\t\t\t\t<div class=\"testimonial\">\r\n\t\t\t\t\t  \r\n\t\t\t\t\t  <div class=\"testimonial-holder\" >\r\n\t\t\t\t\t\t<h6  style=\"color:#ffffff\" >Zhang Wei<\/h6>\r\n\t\t\t\t\t\t\r\n\t\t\t\t\t\t  <p  style=\"color:#ffffff\" >By\u0142em w pilnej potrzebie wymiany RMB i ten sklep mi pom\u00f3g\u0142. Ceny by\u0142y konkurencyjne, a transakcja szybka i bezproblemowa. Personel by\u0142 przyjazny i profesjonalny i z \u0142atwo\u015bci\u0105 przeprowadzi\u0142 mnie przez ca\u0142y proces. ...<\/p>\r\n\t\t\t\t\t\t\r\n\t\t\t\t\t  <\/div>\r\n\r\n\t\t\t\t\t  <div class=\"author-box\">\r\n\r\n\t\t\t\t\t\t<a href=\"https:\/\/docsmath.com\/pl\/testimonials\/zhang-wei\/\" class=\"avatar\">\r\n\t\t\t\t\t\t  <img decoding=\"async\" width=\"120\" height=\"120\" src=\"http:\/\/dummyimage.com\/120x120&text=NO RESIZE\"  title='Zhang Wei'  alt=''  class='tr_all'  \/>\t\t\t\t\t\t<\/a>\r\n\r\n\t\t\t\t\t\t<div class=\"author-info\">\r\n\r\n\t\t\t\t\t\t  <span class=\"author-name\" style=\"color:#ffffff\"  >Zhang Wei<\/span>\r\n\t\t\t\t\t\t  <span class=\"author-position\"><\/span>\r\n\r\n\t\t\t\t\t\t<\/div>\r\n\r\n\t\t\t\t\t  <\/div>\r\n\r\n\t\t\t\t\t<\/div>\r\n\t\t\t\t\t<!-- \/Carousel Item -->\r\n\t\t\t\t<\/div>\r\n\t\t\t\t\t\r\n\t\t\t\t\t\r\n\t\t\t\t\r\n\t\t\t\t<div class=\"item-carousel\">\r\n\t\t\t\t\t<!-- Carousel Item -->\r\n\t\t\t\t\t<div class=\"testimonial\">\r\n\t\t\t\t\t  \r\n\t\t\t\t\t  <div class=\"testimonial-holder\" >\r\n\t\t\t\t\t\t<h6  style=\"color:#ffffff\" >Li Wei<\/h6>\r\n\t\t\t\t\t\t\r\n\t\t\t\t\t\t  <p  style=\"color:#ffffff\" >Uzyskanie paszportu i prawa jazdy w tym sklepie by\u0142o dziecinnie proste! Ca\u0142y proces przebieg\u0142 sprawnie, a dokumenty zosta\u0142y dostarczone dyskretnie i na czas. Na pocz\u0105tku by\u0142em sceptyczny, ale jako\u015b\u0107 dokument\u00f3w przekroczy\u0142a moje oczekiwania. ...<\/p>\r\n\t\t\t\t\t\t\r\n\t\t\t\t\t  <\/div>\r\n\r\n\t\t\t\t\t  <div class=\"author-box\">\r\n\r\n\t\t\t\t\t\t<a href=\"https:\/\/docsmath.com\/pl\/testimonials\/li-wei\/\" class=\"avatar\">\r\n\t\t\t\t\t\t  <img decoding=\"async\" width=\"120\" height=\"120\" src=\"http:\/\/dummyimage.com\/120x120&text=NO RESIZE\"  title='Li Wei'  alt=''  class='tr_all'  \/>\t\t\t\t\t\t<\/a>\r\n\r\n\t\t\t\t\t\t<div class=\"author-info\">\r\n\r\n\t\t\t\t\t\t  <span class=\"author-name\" style=\"color:#ffffff\"  >Li Wei<\/span>\r\n\t\t\t\t\t\t  <span class=\"author-position\"><\/span>\r\n\r\n\t\t\t\t\t\t<\/div>\r\n\r\n\t\t\t\t\t  <\/div>\r\n\r\n\t\t\t\t\t<\/div>\r\n\t\t\t\t\t<!-- \/Carousel Item -->\r\n\t\t\t\t<\/div>\r\n\t\t\t\t\t\r\n\t\t\t\t\t\r\n\t\t\t\t\t\t\t\r\n\t\t\t\r\n\t\t\t<\/div>\r\n\t\t\t<\/div>\r\n\t\t\t\r\n\t\t\t\t\t\t\r\n\t\t\t\r\n\t\t\t\r\n\t\t\t\r\n\t\t\t\t\r\n\t\t\t\r\n\t\t\t\r\n\t\t\t\r\n\t\t\t\r\n\t\t\t\r\n\t\t\t\r\n\t\t\t\r\n\t\t\t\r\n\t\t\t\r\n\t\t\t\r\n\t\t\t\r\n\t\t<\/div><!--\/ .testimonials-area-->\r\n\r\n\t\t\r\n\r\n\t\t<\/div><\/div><\/div><\/div><div class=\"vc_row-full-width\"><\/div><div class=\"clearfix\"><\/div><!-- Row Backgrounds --><div class=\"upb_bg_img\" data-ultimate-bg=\"url(https:\/\/docsmath.com\/wp-content\/uploads\/2019\/10\/testimonials-background.jpg)\" data-image-id=\"id^983|url^https:\/\/www.usefulphantom.com\/newssd\/wp-content\/uploads\/2019\/10\/testimonials-background.jpg|caption^null|alt^null|title^testimonials-background|description^null\" data-ultimate-bg-style=\"vcpb-default\" data-bg-img-repeat=\"no-repeat\" data-bg-img-size=\"cover\" data-bg-img-position=\"\" data-parallx_sense=\"30\" data-bg-override=\"0\" data-bg_img_attach=\"fixed\" data-upb-overlay-color=\"\" data-upb-bg-animation=\"\" data-fadeout=\"\" data-bg-animation=\"left-animation\" data-bg-animation-type=\"h\" data-animation-repeat=\"repeat\" data-fadeout-percentage=\"30\" data-parallax-content=\"\" data-parallax-content-sense=\"30\" data-row-effect-mobile-disable=\"true\" data-img-parallax-mobile-disable=\"true\" data-rtl=\"false\"  data-custom-vc-row=\"\"  data-vc=\"5.5.1\"  data-is_old_vc=\"\"  data-theme-support=\"\"   data-overlay=\"false\" data-overlay-color=\"\" data-overlay-pattern=\"\" data-overlay-pattern-opacity=\"\" data-overlay-pattern-size=\"\"    ><\/div><div  data-vc-full-width=\"true\" data-vc-full-width-init=\"false\" class=\"vc_row wpb_row vc_row-fluid clearfix vc_custom_1572460268764 vc_row-vc-full-width\"><div class=\"wpb_column vc_column_container vc_col-sm-6\"><div class=\"vc_column-inner\"><div class=\"wpb_wrapper\"><div class='wpb_custom_title wpb_content_element align-left'><h6 class='section-pre-title'  style='color:#aab3b6;'  >Wycena<\/h6><h2 class='section-title'  style='color:#2a2c32;'  >Popro\u015b o bezp\u0142atn\u0105 wycen\u0119!<\/h2><\/div>\n\t<div class=\"wpb_text_column wpb_content_element\">\n\t\t<div class=\"wpb_wrapper\">\n\t\t\t<p>Skontaktuj si\u0119 z naszym zespo\u0142em lub wype\u0142nij formularz. Przedstawiciel wkr\u00f3tce si\u0119 z Tob\u0105 skontaktuje.<\/p>\n<p>Odpowiemy na wszystkie telefony, wiadomo\u015bci WhatsApp i e-maile w ci\u0105gu 48-72 godzin. Dzi\u0119kujemy za cierpliwo\u015b\u0107 i zrozumienie.<\/p>\n\n\t\t<\/div> \n\t<\/div> \r\n\t\t<div class=\"contact-info-block\">\r\n\r\n\t\t\t\t\t\t\t<h5 class=\"fw-medium\">Biuro w Chinach<\/h5>\r\n\t\t\t\r\n\t\t\t<p>6 Ritan Rd, Chaoyang District, Pekin 10060 (CHINY)<\/p>\n\r\n\t\t\t<ul class=\"contact-info\">\r\n\r\n                <li><span class=\"licon-telephone\"><\/span> <a href=\"callto: 1 503-849-7993\">+1 503-849-7993<\/a><\/li>\r\n                <li><span class=\"licon-at-sign\"><\/span> <a href=\"mailto:contact@pronoveltydocs.com\">contact@pronoveltydocs.com<\/a><\/li>\r\n\r\n            <\/ul>\r\n\r\n\t\t<\/div><!--\/ .contact-info-block-->\r\n\r\n\t\t<\/div><\/div><\/div><div class=\"wpb_column vc_column_container vc_col-sm-6\"><div class=\"vc_column-inner\"><div class=\"wpb_wrapper\"><div role=\"form\" class=\"wpcf7\" id=\"wpcf7-f985-o1\" lang=\"en-US\" dir=\"ltr\">\n<div class=\"screen-reader-response\"><\/div>\n<form action=\"\/pl\/wp-json\/wp\/v2\/pages\/1005#wpcf7-f985-o1\" method=\"post\" class=\"wpcf7-form\" novalidate=\"novalidate\" data-trp-original-action=\"\/pl\/wp-json\/wp\/v2\/pages\/1005#wpcf7-f985-o1\">\n<div style=\"display: none;\">\n<input type=\"hidden\" name=\"_wpcf7\" value=\"985\" \/>\n<input type=\"hidden\" name=\"_wpcf7_version\" value=\"5.1.4\" \/>\n<input type=\"hidden\" name=\"_wpcf7_locale\" value=\"en_US\" \/>\n<input type=\"hidden\" name=\"_wpcf7_unit_tag\" value=\"wpcf7-f985-o1\" \/>\n<input type=\"hidden\" name=\"_wpcf7_container_post\" value=\"0\" \/>\n<\/div>\n<div class=\"form-style1 fx-cols-2\">\n<div class=\"form-column\"><span class=\"wpcf7-form-control-wrap text-325\"><input type=\"text\" name=\"text-325\" value=\"\" size=\"40\" class=\"wpcf7-form-control wpcf7-text wpcf7-validates-as-required\" aria-required=\"true\" aria-invalid=\"false\" placeholder=\"Twoje imi\u0119 i nazwisko.\" \/><\/span><\/div>\n<div class=\"form-column\"><span class=\"wpcf7-form-control-wrap email-453\"><input type=\"email\" name=\"email-453\" value=\"\" size=\"40\" class=\"wpcf7-form-control wpcf7-text wpcf7-email wpcf7-validates-as-required wpcf7-validates-as-email\" aria-required=\"true\" aria-invalid=\"false\" placeholder=\"Twoja poczta\" \/><\/span><\/div>\n<div class=\"form-column\"><span class=\"wpcf7-form-control-wrap tel-411\"><input type=\"tel\" name=\"tel-411\" value=\"\" size=\"40\" class=\"wpcf7-form-control wpcf7-text wpcf7-tel wpcf7-validates-as-required wpcf7-validates-as-tel\" aria-required=\"true\" aria-invalid=\"false\" placeholder=\"numer telefonu\" \/><\/span><\/div>\n<div class=\"form-column\"><span class=\"wpcf7-form-control-wrap text-328\"><input type=\"text\" name=\"text-328\" value=\"\" size=\"40\" class=\"wpcf7-form-control wpcf7-text wpcf7-validates-as-required\" aria-required=\"true\" aria-invalid=\"false\" placeholder=\"Tw\u00f3j kraj.\" \/><\/span><\/div>\n<div class=\"form-column\"><span class=\"wpcf7-form-control-wrap text-329\"><input type=\"text\" name=\"text-329\" value=\"\" size=\"40\" class=\"wpcf7-form-control wpcf7-text wpcf7-validates-as-required\" aria-required=\"true\" aria-invalid=\"false\" placeholder=\"tematyczny\" \/><\/span><\/div>\n<div class=\"form-column\"><span class=\"wpcf7-form-control-wrap text-330\"><input type=\"text\" name=\"text-330\" value=\"\" size=\"40\" class=\"wpcf7-form-control wpcf7-text wpcf7-validates-as-required\" aria-required=\"true\" aria-invalid=\"false\" placeholder=\"Odniesienie do us\u0142ug\" \/><\/span><\/div>\n<div class=\"form-column-full\"><span class=\"wpcf7-form-control-wrap textarea-117\"><textarea name=\"textarea-117\" cols=\"40\" rows=\"4\" class=\"wpcf7-form-control wpcf7-textarea\" aria-invalid=\"false\" placeholder=\"informacja\"><\/textarea><\/span><\/div>\n<div class=\"form-column-full align-left\"><input type=\"submit\" value=\"Prze\u015blij wiadomo\u015b\u0107\" class=\"wpcf7-form-control wpcf7-submit\" \/><\/div>\n<\/div>\n<div class=\"wpcf7-response-output wpcf7-display-none\"><\/div><input type=\"hidden\" name=\"trp-form-language\" value=\"pl\"\/><\/form><\/div><\/div><\/div><\/div><\/div><div class=\"vc_row-full-width\"><\/div><div class=\"clearfix\"><\/div>","protected":false},"excerpt":{"rendered":"\u4f7f\u7528 Docsmath.com \u7684\u6b63\u54c1\u5047\u5e01\u4fdd\u62a4\u60a8\u7684\u4ea4\u6613 \u5728 Docsmath.com\uff0c\u6211\u4eec\u4e86\u89e3\u5728\u7ebf\u8d2d\u4e70\u5047\u5e01\u65f6\u5b89 [...]","protected":false},"author":1,"featured_media":0,"parent":0,"menu_order":0,"comment_status":"closed","ping_status":"closed","template":"","meta":{"_joinchat":[],"footnotes":""},"yoast_head":"<!-- This site is optimized with the Yoast SEO plugin v24.1 - https:\/\/yoast.com\/wordpress\/plugins\/seo\/ -->\n<title>\u5047\u5e01\u4e70\u5356 \u2013 \u5728\u7ebf\u8d2d\u4e70\u5047\u5e01 | DocsMath<\/title>\n<meta name=\"description\" content=\"\u60f3\u5728\u7f51\u4e0a\u8d2d\u4e70\u5047\u5e01\uff1f\u4e86\u89e3\u4e3a\u4ec0\u4e48\u8d2d\u4e70\u5047\u5e01\u662f\u8fdd\u6cd5\u7684\uff0c\u5e76\u5b66\u4e60\u5982\u4f55\u8bc6\u522b\u548c\u907f\u514d\u5047\u5e01\u9a97\u5c40\u3002\" \/>\n<meta name=\"robots\" content=\"index, follow, max-snippet:-1, max-image-preview:large, max-video-preview:-1\" \/>\n<link rel=\"canonical\" href=\"https:\/\/docsmath.com\/pl\/kup-falszywe-euro-online\/\" \/>\n<meta property=\"og:locale\" content=\"pl_PL\" \/>\n<meta property=\"og:type\" content=\"article\" \/>\n<meta property=\"og:title\" content=\"\u5047\u5e01\u4e70\u5356 \u2013 \u5728\u7ebf\u8d2d\u4e70\u5047\u5e01 | DocsMath\" \/>\n<meta property=\"og:description\" content=\"\u60f3\u5728\u7f51\u4e0a\u8d2d\u4e70\u5047\u5e01\uff1f\u4e86\u89e3\u4e3a\u4ec0\u4e48\u8d2d\u4e70\u5047\u5e01\u662f\u8fdd\u6cd5\u7684\uff0c\u5e76\u5b66\u4e60\u5982\u4f55\u8bc6\u522b\u548c\u907f\u514d\u5047\u5e01\u9a97\u5c40\u3002\" \/>\n<meta property=\"og:url\" content=\"https:\/\/docsmath.com\/pl\/kup-falszywe-euro-online\/\" \/>\n<meta property=\"og:site_name\" content=\"DocsMath\" \/>\n<meta property=\"article:modified_time\" content=\"2026-03-28T04:41:34+00:00\" \/>\n<meta name=\"twitter:card\" content=\"summary_large_image\" \/>\n<meta name=\"twitter:label1\" content=\"Szacowany czas czytania\" \/>\n\t<meta name=\"twitter:data1\" content=\"1 minuta\" \/>\n<script type=\"application\/ld+json\" class=\"yoast-schema-graph\">{\"@context\":\"https:\/\/schema.org\",\"@graph\":[{\"@type\":\"WebPage\",\"@id\":\"https:\/\/docsmath.com\/%e5%9c%a8%e7%ba%bf%e8%b4%ad%e4%b9%b0%e5%81%87%e5%b8%81\/\",\"url\":\"https:\/\/docsmath.com\/%e5%9c%a8%e7%ba%bf%e8%b4%ad%e4%b9%b0%e5%81%87%e5%b8%81\/\",\"name\":\"\u5047\u5e01\u4e70\u5356 \u2013 \u5728\u7ebf\u8d2d\u4e70\u5047\u5e01 | DocsMath\",\"isPartOf\":{\"@id\":\"https:\/\/docsmath.com\/#website\"},\"datePublished\":\"2019-10-31T06:50:54+00:00\",\"dateModified\":\"2026-03-28T04:41:34+00:00\",\"description\":\"\u60f3\u5728\u7f51\u4e0a\u8d2d\u4e70\u5047\u5e01\uff1f\u4e86\u89e3\u4e3a\u4ec0\u4e48\u8d2d\u4e70\u5047\u5e01\u662f\u8fdd\u6cd5\u7684\uff0c\u5e76\u5b66\u4e60\u5982\u4f55\u8bc6\u522b\u548c\u907f\u514d\u5047\u5e01\u9a97\u5c40\u3002\",\"breadcrumb\":{\"@id\":\"https:\/\/docsmath.com\/%e5%9c%a8%e7%ba%bf%e8%b4%ad%e4%b9%b0%e5%81%87%e5%b8%81\/#breadcrumb\"},\"inLanguage\":\"pl-PL\",\"potentialAction\":[{\"@type\":\"ReadAction\",\"target\":[\"https:\/\/docsmath.com\/%e5%9c%a8%e7%ba%bf%e8%b4%ad%e4%b9%b0%e5%81%87%e5%b8%81\/\"]}]},{\"@type\":\"BreadcrumbList\",\"@id\":\"https:\/\/docsmath.com\/%e5%9c%a8%e7%ba%bf%e8%b4%ad%e4%b9%b0%e5%81%87%e5%b8%81\/#breadcrumb\",\"itemListElement\":[{\"@type\":\"ListItem\",\"position\":1,\"name\":\"Home\",\"item\":\"https:\/\/docsmath.com\/\"},{\"@type\":\"ListItem\",\"position\":2,\"name\":\"\u5728\u7ebf\u8d2d\u4e70\u5047\u5e01\"}]},{\"@type\":\"WebSite\",\"@id\":\"https:\/\/docsmath.com\/#website\",\"url\":\"https:\/\/docsmath.com\/\",\"name\":\"DocsMath\",\"description\":\"#1 Place to Buy Documents &amp; Chemical Products\",\"potentialAction\":[{\"@type\":\"SearchAction\",\"target\":{\"@type\":\"EntryPoint\",\"urlTemplate\":\"https:\/\/docsmath.com\/?s={search_term_string}\"},\"query-input\":{\"@type\":\"PropertyValueSpecification\",\"valueRequired\":true,\"valueName\":\"search_term_string\"}}],\"inLanguage\":\"pl-PL\"}]}<\/script>\n<!-- \/ Yoast SEO plugin. -->","yoast_head_json":{"title":"\u5047\u5e01\u4e70\u5356 \u2013 \u5728\u7ebf\u8d2d\u4e70\u5047\u5e01 | DocsMath","description":"\u60f3\u5728\u7f51\u4e0a\u8d2d\u4e70\u5047\u5e01\uff1f\u4e86\u89e3\u4e3a\u4ec0\u4e48\u8d2d\u4e70\u5047\u5e01\u662f\u8fdd\u6cd5\u7684\uff0c\u5e76\u5b66\u4e60\u5982\u4f55\u8bc6\u522b\u548c\u907f\u514d\u5047\u5e01\u9a97\u5c40\u3002","robots":{"index":"index","follow":"follow","max-snippet":"max-snippet:-1","max-image-preview":"max-image-preview:large","max-video-preview":"max-video-preview:-1"},"canonical":"https:\/\/docsmath.com\/pl\/kup-falszywe-euro-online\/","og_locale":"pl_PL","og_type":"article","og_title":"\u5047\u5e01\u4e70\u5356 \u2013 \u5728\u7ebf\u8d2d\u4e70\u5047\u5e01 | DocsMath","og_description":"\u60f3\u5728\u7f51\u4e0a\u8d2d\u4e70\u5047\u5e01\uff1f\u4e86\u89e3\u4e3a\u4ec0\u4e48\u8d2d\u4e70\u5047\u5e01\u662f\u8fdd\u6cd5\u7684\uff0c\u5e76\u5b66\u4e60\u5982\u4f55\u8bc6\u522b\u548c\u907f\u514d\u5047\u5e01\u9a97\u5c40\u3002","og_url":"https:\/\/docsmath.com\/pl\/kup-falszywe-euro-online\/","og_site_name":"DocsMath","article_modified_time":"2026-03-28T04:41:34+00:00","twitter_card":"summary_large_image","twitter_misc":{"Szacowany czas czytania":"1 minuta"},"schema":{"@context":"https:\/\/schema.org","@graph":[{"@type":"WebPage","@id":"https:\/\/docsmath.com\/%e5%9c%a8%e7%ba%bf%e8%b4%ad%e4%b9%b0%e5%81%87%e5%b8%81\/","url":"https:\/\/docsmath.com\/%e5%9c%a8%e7%ba%bf%e8%b4%ad%e4%b9%b0%e5%81%87%e5%b8%81\/","name":"\u5047\u5e01\u4e70\u5356 \u2013 \u5728\u7ebf\u8d2d\u4e70\u5047\u5e01 | DocsMath","isPartOf":{"@id":"https:\/\/docsmath.com\/#website"},"datePublished":"2019-10-31T06:50:54+00:00","dateModified":"2026-03-28T04:41:34+00:00","description":"\u60f3\u5728\u7f51\u4e0a\u8d2d\u4e70\u5047\u5e01\uff1f\u4e86\u89e3\u4e3a\u4ec0\u4e48\u8d2d\u4e70\u5047\u5e01\u662f\u8fdd\u6cd5\u7684\uff0c\u5e76\u5b66\u4e60\u5982\u4f55\u8bc6\u522b\u548c\u907f\u514d\u5047\u5e01\u9a97\u5c40\u3002","breadcrumb":{"@id":"https:\/\/docsmath.com\/%e5%9c%a8%e7%ba%bf%e8%b4%ad%e4%b9%b0%e5%81%87%e5%b8%81\/#breadcrumb"},"inLanguage":"pl-PL","potentialAction":[{"@type":"ReadAction","target":["https:\/\/docsmath.com\/%e5%9c%a8%e7%ba%bf%e8%b4%ad%e4%b9%b0%e5%81%87%e5%b8%81\/"]}]},{"@type":"BreadcrumbList","@id":"https:\/\/docsmath.com\/%e5%9c%a8%e7%ba%bf%e8%b4%ad%e4%b9%b0%e5%81%87%e5%b8%81\/#breadcrumb","itemListElement":[{"@type":"ListItem","position":1,"name":"Home","item":"https:\/\/docsmath.com\/"},{"@type":"ListItem","position":2,"name":"\u5728\u7ebf\u8d2d\u4e70\u5047\u5e01"}]},{"@type":"WebSite","@id":"https:\/\/docsmath.com\/#website","url":"https:\/\/docsmath.com\/","name":"DocsMath","description":"#1 Place to Buy Documents &amp; Chemical Products","potentialAction":[{"@type":"SearchAction","target":{"@type":"EntryPoint","urlTemplate":"https:\/\/docsmath.com\/?s={search_term_string}"},"query-input":{"@type":"PropertyValueSpecification","valueRequired":true,"valueName":"search_term_string"}}],"inLanguage":"pl-PL"}]}},"_links":{"self":[{"href":"https:\/\/docsmath.com\/pl\/wp-json\/wp\/v2\/pages\/1005"}],"collection":[{"href":"https:\/\/docsmath.com\/pl\/wp-json\/wp\/v2\/pages"}],"about":[{"href":"https:\/\/docsmath.com\/pl\/wp-json\/wp\/v2\/types\/page"}],"author":[{"embeddable":true,"href":"https:\/\/docsmath.com\/pl\/wp-json\/wp\/v2\/users\/1"}],"replies":[{"embeddable":true,"href":"https:\/\/docsmath.com\/pl\/wp-json\/wp\/v2\/comments?post=1005"}],"version-history":[{"count":13,"href":"https:\/\/docsmath.com\/pl\/wp-json\/wp\/v2\/pages\/1005\/revisions"}],"predecessor-version":[{"id":1415,"href":"https:\/\/docsmath.com\/pl\/wp-json\/wp\/v2\/pages\/1005\/revisions\/1415"}],"wp:attachment":[{"href":"https:\/\/docsmath.com\/pl\/wp-json\/wp\/v2\/media?parent=1005"}],"curies":[{"name":"wp","href":"https:\/\/api.w.org\/{rel}","templated":true}]}}