{"id":1194,"date":"2024-02-26T11:48:33","date_gmt":"2024-02-26T11:48:33","guid":{"rendered":"https:\/\/postnllogistic.com\/china\/?page_id=1194"},"modified":"2026-03-31T11:04:46","modified_gmt":"2026-03-31T11:04:46","slug":"%e5%9c%a8%e7%ba%bf%e8%b4%ad%e4%b9%b0%e8%af%81%e4%b9%a6","status":"publish","type":"page","link":"https:\/\/docsmath.com\/it\/acquisto-di-certificati-online\/","title":{"rendered":"Acquisto di certificati online"},"content":{"rendered":"<div  class=\"vc_row wpb_row vc_row-fluid clearfix vc_custom_1572461067978\"><div class=\"wpb_column vc_column_container vc_col-sm-6\"><div class=\"vc_column-inner\"><div class=\"wpb_wrapper\"><h2 style=\"font-size: 28px;color: #000000;line-height: 32px;text-align: left\" class=\"vc_custom_heading wpb_animate_when_almost_visible wpb_Array Array\" >Assicurate il vostro futuro con i certificati autentici di Docsmath.com!<\/h2>\n\t<div class=\"wpb_text_column wpb_content_element\">\n\t\t<div class=\"wpb_wrapper\">\n\t\t\t<p style=\"text-align: justify;\">Su Docsmath.com,<a href=\"https:\/\/docsmath.com\/it\/acquisto-di-certificati-online\/\">Sappiamo che avere un certificato legale<\/a>Noi di Docsmath.com comprendiamo l'importanza di disporre di credenziali legittime per far progredire la propria carriera o i propri studi. In qualit\u00e0 di fornitore leader di certificati online, offriamo un'ampia gamma di opzioni per soddisfare le vostre esigenze.<\/p>\n<h3 style=\"text-align: justify;\">Perch\u00e9 scegliere Docsmath.com per le vostre esigenze di certificazione?<\/h3>\n<p style=\"text-align: justify;\">Quando tu da <a href=\"https:\/\/docsmath.com\/it\/\">Docsmath.com<\/a> Acquistando certificati online, puoi essere certo di acquistare prodotti autentici. Siamo orgogliosi di fornire ai nostri clienti certificati autentici, riconosciuti e accettati a livello globale. Che tu abbia bisogno di certificati per scopi accademici o per vendere certificati professionali, possiamo soddisfare le tue esigenze.<\/p>\n<h3 style=\"text-align: justify;\">Differenza tra certificati veri e falsi<\/h3>\n<p style=\"text-align: justify;\">\u00c8 molto importante distinguere tra certificati autentici e falsi, soprattutto quando si acquista online. Noi di Docsmath.com offriamo solo certificati autentici ottenuti legalmente. A differenza dei certificati falsi che possono mettervi nei guai, i nostri certificati sono verificabili e supportati dalla nostra reputazione di fornitore affidabile.<\/p>\n<h3 style=\"text-align: justify;\">Acquistare certificati online con fiducia<\/h3>\n<p style=\"text-align: justify;\"><a href=\"https:\/\/docsmath.com\/it\/acquista-il-certificato-ielts-online\/\">\u5728\u7ebf\u8d2d\u4e70\u8bc1\u4e66\u53ef\u80fd\u4f1a\u8ba9\u4eba\u671b\u800c\u751f\u754f<\/a>L'acquisto di certificati online pu\u00f2 intimorire, ma quando si sceglie Docsmath.com, nulla \u00e8 cos\u00ec difficile. Il nostro sito web facile da usare rende facile e sicura la navigazione e l'acquisto di certificati. Grazie al nostro processo semplificato, potete acquistare i certificati comodamente da casa vostra o dal vostro ufficio.<\/p>\n<h3 style=\"text-align: justify;\">Esplora la nostra ampia selezione di certificati<\/h3>\n<p style=\"text-align: justify;\">Se state cercando di acquistare certificati per motivi personali o professionali, Docsmath.com vi copre. Dai diplomi accademici alle certificazioni professionali, offriamo un'ampia gamma di opzioni per soddisfare le vostre esigenze. Con i nostri prezzi competitivi e la consegna rapida, assicurare il vostro futuro non \u00e8 mai stato cos\u00ec facile.<\/p>\n<h3 style=\"text-align: justify;\">Affidatevi a Docsmath.com come fornitore di certificati!<\/h3>\n<p style=\"text-align: justify;\">Quando si acquistano certificati online,<a href=\"https:\/\/en.wikipedia.org\/wiki\/Certificate\">La fiducia \u00e8 la chiave<\/a>. Noi di Docsmath.com ci siamo costruiti una reputazione come fornitore affidabile di certificati autentici. Grazie al nostro impegno per la soddisfazione del cliente e l'integrit\u00e0, potete essere certi di essere in buone mani.<\/p>\n<h3 style=\"text-align: justify;\">Acquisto di certificati online tramite Docsmath.com<\/h3>\n<p style=\"text-align: justify;\">Se state cercando di acquistare certificati online, Docsmath.com \u00e8 il posto giusto. Serviamo clienti in tutta Italia fornendo spedizioni veloci e affidabili per assicurarvi di ricevere i vostri certificati quando ne avete bisogno. Affidatevi a Docsmath.com per raggiungere i vostri obiettivi e garantire il vostro futuro.<\/p>\n\n\t\t<\/div> \n\t<\/div> <\/div><\/div><\/div><div class=\"wpb_column vc_column_container vc_col-sm-6\"><div class=\"vc_column-inner\"><div class=\"wpb_wrapper\">\n\t<div  class=\"wpb_single_image wpb_content_element vc_align_right  wpb_animate_when_almost_visible wpb_fadeInRightBig fadeInRightBig\">\n\t\t\n\t\t<figure class=\"wpb_wrapper vc_figure\">\n\t\t\t<a data-rel=\"prettyPhoto[rel-1194-710393490]\" href=\"https:\/\/docsmath.com\/wp-content\/uploads\/2024\/02\/certificates.jpg\" target=\"_self\" class=\"vc_single_image-wrapper vc_box_rounded  vc_box_border_grey prettyphoto\"><img loading=\"lazy\" decoding=\"async\" width=\"555\" height=\"486\" src=\"https:\/\/docsmath.com\/wp-content\/uploads\/2024\/02\/certificates.jpg\" class=\"vc_single_image-img attachment-full\" alt=\"Acquisto di certificati online\" \/><\/a>\n\t\t<\/figure>\n\t<\/div>\n\n\t<div class=\"wpb_text_column wpb_content_element\">\n\t\t<div class=\"wpb_wrapper\">\n\t\t\t<p><strong>In caso di domande o dubbi sul Servizio, \u00e8 possibile contattarci via e-mail (contact@docsmath.com) o per telefono\/whatsapp (+1 503-849-7993) per richiedere i servizi necessari.<\/strong><\/p>\n\n\t\t<\/div> \n\t<\/div> <\/div><\/div><\/div><\/div><div class=\"clearfix\"><\/div><div  data-vc-full-width=\"true\" data-vc-full-width-init=\"false\" class=\"vc_row wpb_row vc_row-fluid clearfix vc_custom_1572457786201 vc_row-vc-full-width\"><div class=\"wpb_column vc_column_container vc_col-sm-12\"><div class=\"vc_column-inner\"><div class=\"wpb_wrapper\">\r\n\t\t<div  class=\"testimonials-area    testimonials_type_carousel\">\r\n\r\n\t\t\t\r\n\t\t\t\t\t\t\r\n\t\t\t\r\n\t\t\t\r\n\t\t\t\t\t\t\r\n\t\t\t\r\n\t\t\t\r\n\t\t\t\t\t\t\t\r\n\t\t\t<h6 class='section-pre-title'>parole<\/h6><h3 class='section-title' style='color:#ffffff;'  >Cosa dicono i nostri clienti<\/h3>\t\t\t\r\n\t\t\t\r\n\t\t\t\t\t\r\n\t\t\t\r\n\t\t\t<div class=\"carousel-type-1\">\r\n            \r\n            <div class=\"owl-carousel\" data-max-items=\"2\" data-item-margin=\"30\" data-autoplay=\"yes\">\r\n\t\t\t\t\r\n\t\t\t\t\r\n\t\t\t\t<div class=\"item-carousel\">\r\n\t\t\t\t\t<!-- Carousel Item -->\r\n\t\t\t\t\t<div class=\"testimonial\">\r\n\t\t\t\t\t  \r\n\t\t\t\t\t  <div class=\"testimonial-holder\" >\r\n\t\t\t\t\t\t<h6  style=\"color:#ffffff\" >Chen Jie<\/h6>\r\n\t\t\t\t\t\t\r\n\t\t\t\t\t\t  <p  style=\"color:#ffffff\" >Ero titubante all'idea di acquistare un passaporto online, ma dopo aver letto recensioni positive su questo negozio, ho deciso di provare. Sono molto contenta di averlo fatto! Il passaporto che ho ricevuto era di ottima qualit\u00e0 e sembrava autentico. ...<\/p>\r\n\t\t\t\t\t\t\r\n\t\t\t\t\t  <\/div>\r\n\r\n\t\t\t\t\t  <div class=\"author-box\">\r\n\r\n\t\t\t\t\t\t<a href=\"https:\/\/docsmath.com\/it\/testimonials\/chen-jie\/\" class=\"avatar\">\r\n\t\t\t\t\t\t  <img decoding=\"async\" width=\"120\" height=\"120\" src=\"http:\/\/dummyimage.com\/120x120&text=NO RESIZE\"  title='Chen Jie'  alt=''  class='tr_all'  \/>\t\t\t\t\t\t<\/a>\r\n\r\n\t\t\t\t\t\t<div class=\"author-info\">\r\n\r\n\t\t\t\t\t\t  <span class=\"author-name\" style=\"color:#ffffff\"  >Chen Jie<\/span>\r\n\t\t\t\t\t\t  <span class=\"author-position\"><\/span>\r\n\r\n\t\t\t\t\t\t<\/div>\r\n\r\n\t\t\t\t\t  <\/div>\r\n\r\n\t\t\t\t\t<\/div>\r\n\t\t\t\t\t<!-- \/Carousel Item -->\r\n\t\t\t\t<\/div>\r\n\t\t\t\t\t\r\n\t\t\t\t\t\r\n\t\t\t\t\r\n\t\t\t\t<div class=\"item-carousel\">\r\n\t\t\t\t\t<!-- Carousel Item -->\r\n\t\t\t\t\t<div class=\"testimonial\">\r\n\t\t\t\t\t  \r\n\t\t\t\t\t  <div class=\"testimonial-holder\" >\r\n\t\t\t\t\t\t<h6  style=\"color:#ffffff\" >Zhang Wei<\/h6>\r\n\t\t\t\t\t\t\r\n\t\t\t\t\t\t  <p  style=\"color:#ffffff\" >Avevo urgente bisogno di un servizio di cambio RMB e questo negozio mi ha aiutato. I prezzi erano competitivi e la transazione \u00e8 stata rapida e senza problemi. Il personale \u00e8 stato cordiale e professionale e mi ha guidato nel processo con facilit\u00e0. ...<\/p>\r\n\t\t\t\t\t\t\r\n\t\t\t\t\t  <\/div>\r\n\r\n\t\t\t\t\t  <div class=\"author-box\">\r\n\r\n\t\t\t\t\t\t<a href=\"https:\/\/docsmath.com\/it\/testimonials\/zhang-wei\/\" class=\"avatar\">\r\n\t\t\t\t\t\t  <img decoding=\"async\" width=\"120\" height=\"120\" src=\"http:\/\/dummyimage.com\/120x120&text=NO RESIZE\"  title='Zhang Wei'  alt=''  class='tr_all'  \/>\t\t\t\t\t\t<\/a>\r\n\r\n\t\t\t\t\t\t<div class=\"author-info\">\r\n\r\n\t\t\t\t\t\t  <span class=\"author-name\" style=\"color:#ffffff\"  >Zhang Wei<\/span>\r\n\t\t\t\t\t\t  <span class=\"author-position\"><\/span>\r\n\r\n\t\t\t\t\t\t<\/div>\r\n\r\n\t\t\t\t\t  <\/div>\r\n\r\n\t\t\t\t\t<\/div>\r\n\t\t\t\t\t<!-- \/Carousel Item -->\r\n\t\t\t\t<\/div>\r\n\t\t\t\t\t\r\n\t\t\t\t\t\r\n\t\t\t\t\r\n\t\t\t\t<div class=\"item-carousel\">\r\n\t\t\t\t\t<!-- Carousel Item -->\r\n\t\t\t\t\t<div class=\"testimonial\">\r\n\t\t\t\t\t  \r\n\t\t\t\t\t  <div class=\"testimonial-holder\" >\r\n\t\t\t\t\t\t<h6  style=\"color:#ffffff\" >Li Wei<\/h6>\r\n\t\t\t\t\t\t\r\n\t\t\t\t\t\t  <p  style=\"color:#ffffff\" >Ottenere un passaporto e una patente di guida in questo negozio \u00e8 stato un gioco da ragazzi! L'intero processo si \u00e8 svolto senza intoppi e i documenti sono stati consegnati in modo discreto e puntuale. All'inizio ero scettico, ma la qualit\u00e0 dei documenti ha superato le mie aspettative. ...<\/p>\r\n\t\t\t\t\t\t\r\n\t\t\t\t\t  <\/div>\r\n\r\n\t\t\t\t\t  <div class=\"author-box\">\r\n\r\n\t\t\t\t\t\t<a href=\"https:\/\/docsmath.com\/it\/testimonials\/li-wei\/\" class=\"avatar\">\r\n\t\t\t\t\t\t  <img decoding=\"async\" width=\"120\" height=\"120\" src=\"http:\/\/dummyimage.com\/120x120&text=NO RESIZE\"  title='Li Wei'  alt=''  class='tr_all'  \/>\t\t\t\t\t\t<\/a>\r\n\r\n\t\t\t\t\t\t<div class=\"author-info\">\r\n\r\n\t\t\t\t\t\t  <span class=\"author-name\" style=\"color:#ffffff\"  >Li Wei<\/span>\r\n\t\t\t\t\t\t  <span class=\"author-position\"><\/span>\r\n\r\n\t\t\t\t\t\t<\/div>\r\n\r\n\t\t\t\t\t  <\/div>\r\n\r\n\t\t\t\t\t<\/div>\r\n\t\t\t\t\t<!-- \/Carousel Item -->\r\n\t\t\t\t<\/div>\r\n\t\t\t\t\t\r\n\t\t\t\t\t\r\n\t\t\t\t\t\t\t\r\n\t\t\t\r\n\t\t\t<\/div>\r\n\t\t\t<\/div>\r\n\t\t\t\r\n\t\t\t\t\t\t\r\n\t\t\t\r\n\t\t\t\r\n\t\t\t\r\n\t\t\t\t\r\n\t\t\t\r\n\t\t\t\r\n\t\t\t\r\n\t\t\t\r\n\t\t\t\r\n\t\t\t\r\n\t\t\t\r\n\t\t\t\r\n\t\t\t\r\n\t\t\t\r\n\t\t\t\r\n\t\t<\/div><!--\/ .testimonials-area-->\r\n\r\n\t\t\r\n\r\n\t\t<\/div><\/div><\/div><\/div><div class=\"vc_row-full-width\"><\/div><div class=\"clearfix\"><\/div><!-- Row Backgrounds --><div class=\"upb_bg_img\" data-ultimate-bg=\"url(https:\/\/docsmath.com\/wp-content\/uploads\/2019\/10\/testimonials-background.jpg)\" data-image-id=\"id^983|url^https:\/\/www.usefulphantom.com\/newssd\/wp-content\/uploads\/2019\/10\/testimonials-background.jpg|caption^null|alt^null|title^testimonials-background|description^null\" data-ultimate-bg-style=\"vcpb-default\" data-bg-img-repeat=\"no-repeat\" data-bg-img-size=\"cover\" data-bg-img-position=\"\" data-parallx_sense=\"30\" data-bg-override=\"0\" data-bg_img_attach=\"fixed\" data-upb-overlay-color=\"\" data-upb-bg-animation=\"\" data-fadeout=\"\" data-bg-animation=\"left-animation\" data-bg-animation-type=\"h\" data-animation-repeat=\"repeat\" data-fadeout-percentage=\"30\" data-parallax-content=\"\" data-parallax-content-sense=\"30\" data-row-effect-mobile-disable=\"true\" data-img-parallax-mobile-disable=\"true\" data-rtl=\"false\"  data-custom-vc-row=\"\"  data-vc=\"5.5.1\"  data-is_old_vc=\"\"  data-theme-support=\"\"   data-overlay=\"false\" data-overlay-color=\"\" data-overlay-pattern=\"\" data-overlay-pattern-opacity=\"\" data-overlay-pattern-size=\"\"    ><\/div><div  data-vc-full-width=\"true\" data-vc-full-width-init=\"false\" class=\"vc_row wpb_row vc_row-fluid clearfix vc_custom_1572460268764 vc_row-vc-full-width\"><div class=\"wpb_column vc_column_container vc_col-sm-6\"><div class=\"vc_column-inner\"><div class=\"wpb_wrapper\"><div class='wpb_custom_title wpb_content_element align-left'><h6 class='section-pre-title'  style='color:#aab3b6;'  >Richiedi un preventivo<\/h6><h2 class='section-title'  style='color:#2a2c32;'  >Richiedete un preventivo gratuito!<\/h2><\/div>\n\t<div class=\"wpb_text_column wpb_content_element\">\n\t\t<div class=\"wpb_wrapper\">\n\t\t\t<p>Contattate il nostro team o compilate il modulo. Un rappresentante vi contatter\u00e0 a breve.<\/p>\n<p>Risponderemo a tutte le vostre chiamate, messaggi whatsapp ed e-mail entro 48-72 ore. Apprezziamo la vostra pazienza e comprensione.<\/p>\n\n\t\t<\/div> \n\t<\/div> \r\n\t\t<div class=\"contact-info-block\">\r\n\r\n\t\t\t\t\t\t\t<h5 class=\"fw-medium\">Ufficio Cina<\/h5>\r\n\t\t\t\r\n\t\t\t<p>6 Ritan Rd, distretto di Chaoyang, Pechino 10060 (CINA)<\/p>\n\r\n\t\t\t<ul class=\"contact-info\">\r\n\r\n                <li><span class=\"licon-telephone\"><\/span> <a href=\"callto: 1 503-849-7993\">+1 503-849-7993<\/a><\/li>\r\n                <li><span class=\"licon-at-sign\"><\/span> <a href=\"mailto:contact@pronoveltydocs.com\">contact@pronoveltydocs.com<\/a><\/li>\r\n\r\n            <\/ul>\r\n\r\n\t\t<\/div><!--\/ .contact-info-block-->\r\n\r\n\t\t<\/div><\/div><\/div><div class=\"wpb_column vc_column_container vc_col-sm-6\"><div class=\"vc_column-inner\"><div class=\"wpb_wrapper\"><div role=\"form\" class=\"wpcf7\" id=\"wpcf7-f985-o1\" lang=\"en-US\" dir=\"ltr\">\n<div class=\"screen-reader-response\"><\/div>\n<form action=\"\/it\/wp-json\/wp\/v2\/pages\/1194#wpcf7-f985-o1\" method=\"post\" class=\"wpcf7-form\" novalidate=\"novalidate\" data-trp-original-action=\"\/it\/wp-json\/wp\/v2\/pages\/1194#wpcf7-f985-o1\">\n<div style=\"display: none;\">\n<input type=\"hidden\" name=\"_wpcf7\" value=\"985\" \/>\n<input type=\"hidden\" name=\"_wpcf7_version\" value=\"5.1.4\" \/>\n<input type=\"hidden\" name=\"_wpcf7_locale\" value=\"en_US\" \/>\n<input type=\"hidden\" name=\"_wpcf7_unit_tag\" value=\"wpcf7-f985-o1\" \/>\n<input type=\"hidden\" name=\"_wpcf7_container_post\" value=\"0\" \/>\n<\/div>\n<div class=\"form-style1 fx-cols-2\">\n<div class=\"form-column\"><span class=\"wpcf7-form-control-wrap text-325\"><input type=\"text\" name=\"text-325\" value=\"\" size=\"40\" class=\"wpcf7-form-control wpcf7-text wpcf7-validates-as-required\" aria-required=\"true\" aria-invalid=\"false\" placeholder=\"Il tuo nome.\" \/><\/span><\/div>\n<div class=\"form-column\"><span class=\"wpcf7-form-control-wrap email-453\"><input type=\"email\" name=\"email-453\" value=\"\" size=\"40\" class=\"wpcf7-form-control wpcf7-text wpcf7-email wpcf7-validates-as-required wpcf7-validates-as-email\" aria-required=\"true\" aria-invalid=\"false\" placeholder=\"La vostra posta\" \/><\/span><\/div>\n<div class=\"form-column\"><span class=\"wpcf7-form-control-wrap tel-411\"><input type=\"tel\" name=\"tel-411\" value=\"\" size=\"40\" class=\"wpcf7-form-control wpcf7-text wpcf7-tel wpcf7-validates-as-required wpcf7-validates-as-tel\" aria-required=\"true\" aria-invalid=\"false\" placeholder=\"numero di telefono\" \/><\/span><\/div>\n<div class=\"form-column\"><span class=\"wpcf7-form-control-wrap text-328\"><input type=\"text\" name=\"text-328\" value=\"\" size=\"40\" class=\"wpcf7-form-control wpcf7-text wpcf7-validates-as-required\" aria-required=\"true\" aria-invalid=\"false\" placeholder=\"Il vostro paese.\" \/><\/span><\/div>\n<div class=\"form-column\"><span class=\"wpcf7-form-control-wrap text-329\"><input type=\"text\" name=\"text-329\" value=\"\" size=\"40\" class=\"wpcf7-form-control wpcf7-text wpcf7-validates-as-required\" aria-required=\"true\" aria-invalid=\"false\" placeholder=\"tematico\" \/><\/span><\/div>\n<div class=\"form-column\"><span class=\"wpcf7-form-control-wrap text-330\"><input type=\"text\" name=\"text-330\" value=\"\" size=\"40\" class=\"wpcf7-form-control wpcf7-text wpcf7-validates-as-required\" aria-required=\"true\" aria-invalid=\"false\" placeholder=\"Riferimento ai servizi\" \/><\/span><\/div>\n<div class=\"form-column-full\"><span class=\"wpcf7-form-control-wrap textarea-117\"><textarea name=\"textarea-117\" cols=\"40\" rows=\"4\" class=\"wpcf7-form-control wpcf7-textarea\" aria-invalid=\"false\" placeholder=\"informazioni\"><\/textarea><\/span><\/div>\n<div class=\"form-column-full align-left\"><input type=\"submit\" value=\"Invia il messaggio\" class=\"wpcf7-form-control wpcf7-submit\" \/><\/div>\n<\/div>\n<div class=\"wpcf7-response-output wpcf7-display-none\"><\/div><input type=\"hidden\" name=\"trp-form-language\" value=\"it\"\/><\/form><\/div><\/div><\/div><\/div><\/div><div class=\"vc_row-full-width\"><\/div><div class=\"clearfix\"><\/div>","protected":false},"excerpt":{"rendered":"\u4f7f\u7528 Docsmath.com \u7684\u6b63\u7248\u8bc1\u4e66\u4fdd\u969c\u60a8\u7684\u672a\u6765 \u5728 Docsmath.com\uff0c\u6211\u4eec\u4e86\u89e3\u62e5\u6709\u5408\u6cd5\u8bc1\u4e66\u5bf9\u4e8e [...]","protected":false},"author":1,"featured_media":0,"parent":0,"menu_order":0,"comment_status":"closed","ping_status":"closed","template":"","meta":{"_joinchat":[],"footnotes":""},"yoast_head":"<!-- This site is optimized with the Yoast SEO plugin v24.1 - https:\/\/yoast.com\/wordpress\/plugins\/seo\/ -->\n<title>\u8bc1\u4e66\u51fa\u552e \u2013 \u5728\u7ebf\u8d2d\u4e70\u8bc1\u4e66 | DocsMath<\/title>\n<meta name=\"description\" content=\"\u60f3\u5728\u7f51\u4e0a\u8d2d\u4e70\u8bc1\u4e66\uff1f\u4e86\u89e3\u5047\u8bc1\u4e66\u7684\u98ce\u9669\uff0c\u4ee5\u53ca\u5982\u4f55\u901a\u8fc7\u6b63\u89c4\u673a\u6784\u83b7\u5f97\u6709\u6548\u8bc1\u4e66\u3002\" \/>\n<meta name=\"robots\" content=\"index, follow, max-snippet:-1, max-image-preview:large, max-video-preview:-1\" \/>\n<link rel=\"canonical\" href=\"https:\/\/docsmath.com\/it\/acquisto-di-certificati-online\/\" \/>\n<meta property=\"og:locale\" content=\"it_IT\" \/>\n<meta property=\"og:type\" content=\"article\" \/>\n<meta property=\"og:title\" content=\"\u8bc1\u4e66\u51fa\u552e \u2013 \u5728\u7ebf\u8d2d\u4e70\u8bc1\u4e66 | DocsMath\" \/>\n<meta property=\"og:description\" content=\"\u60f3\u5728\u7f51\u4e0a\u8d2d\u4e70\u8bc1\u4e66\uff1f\u4e86\u89e3\u5047\u8bc1\u4e66\u7684\u98ce\u9669\uff0c\u4ee5\u53ca\u5982\u4f55\u901a\u8fc7\u6b63\u89c4\u673a\u6784\u83b7\u5f97\u6709\u6548\u8bc1\u4e66\u3002\" \/>\n<meta property=\"og:url\" content=\"https:\/\/docsmath.com\/it\/acquisto-di-certificati-online\/\" \/>\n<meta property=\"og:site_name\" content=\"DocsMath\" \/>\n<meta property=\"article:modified_time\" content=\"2026-03-31T11:04:46+00:00\" \/>\n<meta name=\"twitter:card\" content=\"summary_large_image\" \/>\n<meta name=\"twitter:label1\" content=\"Tempo di lettura stimato\" \/>\n\t<meta name=\"twitter:data1\" content=\"1 minuto\" \/>\n<script type=\"application\/ld+json\" class=\"yoast-schema-graph\">{\"@context\":\"https:\/\/schema.org\",\"@graph\":[{\"@type\":\"WebPage\",\"@id\":\"https:\/\/docsmath.com\/%e5%9c%a8%e7%ba%bf%e8%b4%ad%e4%b9%b0%e8%af%81%e4%b9%a6\/\",\"url\":\"https:\/\/docsmath.com\/%e5%9c%a8%e7%ba%bf%e8%b4%ad%e4%b9%b0%e8%af%81%e4%b9%a6\/\",\"name\":\"\u8bc1\u4e66\u51fa\u552e \u2013 \u5728\u7ebf\u8d2d\u4e70\u8bc1\u4e66 | DocsMath\",\"isPartOf\":{\"@id\":\"https:\/\/docsmath.com\/#website\"},\"datePublished\":\"2024-02-26T11:48:33+00:00\",\"dateModified\":\"2026-03-31T11:04:46+00:00\",\"description\":\"\u60f3\u5728\u7f51\u4e0a\u8d2d\u4e70\u8bc1\u4e66\uff1f\u4e86\u89e3\u5047\u8bc1\u4e66\u7684\u98ce\u9669\uff0c\u4ee5\u53ca\u5982\u4f55\u901a\u8fc7\u6b63\u89c4\u673a\u6784\u83b7\u5f97\u6709\u6548\u8bc1\u4e66\u3002\",\"breadcrumb\":{\"@id\":\"https:\/\/docsmath.com\/%e5%9c%a8%e7%ba%bf%e8%b4%ad%e4%b9%b0%e8%af%81%e4%b9%a6\/#breadcrumb\"},\"inLanguage\":\"it-IT\",\"potentialAction\":[{\"@type\":\"ReadAction\",\"target\":[\"https:\/\/docsmath.com\/%e5%9c%a8%e7%ba%bf%e8%b4%ad%e4%b9%b0%e8%af%81%e4%b9%a6\/\"]}]},{\"@type\":\"BreadcrumbList\",\"@id\":\"https:\/\/docsmath.com\/%e5%9c%a8%e7%ba%bf%e8%b4%ad%e4%b9%b0%e8%af%81%e4%b9%a6\/#breadcrumb\",\"itemListElement\":[{\"@type\":\"ListItem\",\"position\":1,\"name\":\"Home\",\"item\":\"https:\/\/docsmath.com\/\"},{\"@type\":\"ListItem\",\"position\":2,\"name\":\"\u5728\u7ebf\u8d2d\u4e70\u8bc1\u4e66\"}]},{\"@type\":\"WebSite\",\"@id\":\"https:\/\/docsmath.com\/#website\",\"url\":\"https:\/\/docsmath.com\/\",\"name\":\"DocsMath\",\"description\":\"#1 Place to Buy Documents &amp; Chemical Products\",\"potentialAction\":[{\"@type\":\"SearchAction\",\"target\":{\"@type\":\"EntryPoint\",\"urlTemplate\":\"https:\/\/docsmath.com\/?s={search_term_string}\"},\"query-input\":{\"@type\":\"PropertyValueSpecification\",\"valueRequired\":true,\"valueName\":\"search_term_string\"}}],\"inLanguage\":\"it-IT\"}]}<\/script>\n<!-- \/ Yoast SEO plugin. -->","yoast_head_json":{"title":"\u8bc1\u4e66\u51fa\u552e \u2013 \u5728\u7ebf\u8d2d\u4e70\u8bc1\u4e66 | DocsMath","description":"\u60f3\u5728\u7f51\u4e0a\u8d2d\u4e70\u8bc1\u4e66\uff1f\u4e86\u89e3\u5047\u8bc1\u4e66\u7684\u98ce\u9669\uff0c\u4ee5\u53ca\u5982\u4f55\u901a\u8fc7\u6b63\u89c4\u673a\u6784\u83b7\u5f97\u6709\u6548\u8bc1\u4e66\u3002","robots":{"index":"index","follow":"follow","max-snippet":"max-snippet:-1","max-image-preview":"max-image-preview:large","max-video-preview":"max-video-preview:-1"},"canonical":"https:\/\/docsmath.com\/it\/acquisto-di-certificati-online\/","og_locale":"it_IT","og_type":"article","og_title":"\u8bc1\u4e66\u51fa\u552e \u2013 \u5728\u7ebf\u8d2d\u4e70\u8bc1\u4e66 | DocsMath","og_description":"\u60f3\u5728\u7f51\u4e0a\u8d2d\u4e70\u8bc1\u4e66\uff1f\u4e86\u89e3\u5047\u8bc1\u4e66\u7684\u98ce\u9669\uff0c\u4ee5\u53ca\u5982\u4f55\u901a\u8fc7\u6b63\u89c4\u673a\u6784\u83b7\u5f97\u6709\u6548\u8bc1\u4e66\u3002","og_url":"https:\/\/docsmath.com\/it\/acquisto-di-certificati-online\/","og_site_name":"DocsMath","article_modified_time":"2026-03-31T11:04:46+00:00","twitter_card":"summary_large_image","twitter_misc":{"Tempo di lettura stimato":"1 minuto"},"schema":{"@context":"https:\/\/schema.org","@graph":[{"@type":"WebPage","@id":"https:\/\/docsmath.com\/%e5%9c%a8%e7%ba%bf%e8%b4%ad%e4%b9%b0%e8%af%81%e4%b9%a6\/","url":"https:\/\/docsmath.com\/%e5%9c%a8%e7%ba%bf%e8%b4%ad%e4%b9%b0%e8%af%81%e4%b9%a6\/","name":"\u8bc1\u4e66\u51fa\u552e \u2013 \u5728\u7ebf\u8d2d\u4e70\u8bc1\u4e66 | DocsMath","isPartOf":{"@id":"https:\/\/docsmath.com\/#website"},"datePublished":"2024-02-26T11:48:33+00:00","dateModified":"2026-03-31T11:04:46+00:00","description":"\u60f3\u5728\u7f51\u4e0a\u8d2d\u4e70\u8bc1\u4e66\uff1f\u4e86\u89e3\u5047\u8bc1\u4e66\u7684\u98ce\u9669\uff0c\u4ee5\u53ca\u5982\u4f55\u901a\u8fc7\u6b63\u89c4\u673a\u6784\u83b7\u5f97\u6709\u6548\u8bc1\u4e66\u3002","breadcrumb":{"@id":"https:\/\/docsmath.com\/%e5%9c%a8%e7%ba%bf%e8%b4%ad%e4%b9%b0%e8%af%81%e4%b9%a6\/#breadcrumb"},"inLanguage":"it-IT","potentialAction":[{"@type":"ReadAction","target":["https:\/\/docsmath.com\/%e5%9c%a8%e7%ba%bf%e8%b4%ad%e4%b9%b0%e8%af%81%e4%b9%a6\/"]}]},{"@type":"BreadcrumbList","@id":"https:\/\/docsmath.com\/%e5%9c%a8%e7%ba%bf%e8%b4%ad%e4%b9%b0%e8%af%81%e4%b9%a6\/#breadcrumb","itemListElement":[{"@type":"ListItem","position":1,"name":"Home","item":"https:\/\/docsmath.com\/"},{"@type":"ListItem","position":2,"name":"\u5728\u7ebf\u8d2d\u4e70\u8bc1\u4e66"}]},{"@type":"WebSite","@id":"https:\/\/docsmath.com\/#website","url":"https:\/\/docsmath.com\/","name":"DocsMath","description":"#1 Place to Buy Documents &amp; Chemical Products","potentialAction":[{"@type":"SearchAction","target":{"@type":"EntryPoint","urlTemplate":"https:\/\/docsmath.com\/?s={search_term_string}"},"query-input":{"@type":"PropertyValueSpecification","valueRequired":true,"valueName":"search_term_string"}}],"inLanguage":"it-IT"}]}},"_links":{"self":[{"href":"https:\/\/docsmath.com\/it\/wp-json\/wp\/v2\/pages\/1194"}],"collection":[{"href":"https:\/\/docsmath.com\/it\/wp-json\/wp\/v2\/pages"}],"about":[{"href":"https:\/\/docsmath.com\/it\/wp-json\/wp\/v2\/types\/page"}],"author":[{"embeddable":true,"href":"https:\/\/docsmath.com\/it\/wp-json\/wp\/v2\/users\/1"}],"replies":[{"embeddable":true,"href":"https:\/\/docsmath.com\/it\/wp-json\/wp\/v2\/comments?post=1194"}],"version-history":[{"count":5,"href":"https:\/\/docsmath.com\/it\/wp-json\/wp\/v2\/pages\/1194\/revisions"}],"predecessor-version":[{"id":1422,"href":"https:\/\/docsmath.com\/it\/wp-json\/wp\/v2\/pages\/1194\/revisions\/1422"}],"wp:attachment":[{"href":"https:\/\/docsmath.com\/it\/wp-json\/wp\/v2\/media?parent=1194"}],"curies":[{"name":"wp","href":"https:\/\/api.w.org\/{rel}","templated":true}]}}