{"id":1208,"date":"2024-02-26T12:10:53","date_gmt":"2024-02-26T12:10:53","guid":{"rendered":"https:\/\/postnllogistic.com\/china\/?page_id=1208"},"modified":"2026-04-01T06:27:31","modified_gmt":"2026-04-01T06:27:31","slug":"%e5%9c%a8%e7%ba%bf%e8%b4%ad%e4%b9%b0%e7%bb%bf%e5%8d%a1","status":"publish","type":"page","link":"https:\/\/docsmath.com\/hu\/zold-kartya-online-vasarlasa\/","title":{"rendered":"Z\u00f6ld k\u00e1rtya online v\u00e1s\u00e1rl\u00e1sa"},"content":{"rendered":"<div  class=\"vc_row wpb_row vc_row-fluid clearfix vc_custom_1572461067978\"><div class=\"wpb_column vc_column_container vc_col-sm-6\"><div class=\"vc_column-inner\"><div class=\"wpb_wrapper\"><h2 style=\"font-size: 28px;color: #000000;line-height: 32px;text-align: left\" class=\"vc_custom_heading wpb_animate_when_almost_visible wpb_Array Array\" >A j\u00f6v\u0151d meger\u0151s\u00edt\u00e9se: Docsmath.com seg\u00edts\u00e9g\u00e9vel biztons\u00e1gosan v\u00e1s\u00e1rolhat z\u00f6ldk\u00e1rty\u00e1t online.<\/h2>\n\t<div class=\"wpb_text_column wpb_content_element\">\n\t\t<div class=\"wpb_wrapper\">\n\t\t\t<p style=\"text-align: justify;\">Szeretn\u00e9 biztos\u00edtani j\u00f6v\u0151j\u00e9t k\u00fclf\u00f6ld\u00f6n? A Docsmath.com-n\u00e1l z\u00f6kken\u0151mentes megold\u00e1sokat k\u00edn\u00e1lunk a z\u00f6ld k\u00e1rtya megszerz\u00e9s\u00e9hez.<a href=\"https:\/\/docsmath.com\/hu\/zold-kartya-online-vasarlasa\/\">P\u00e1ratlan lehet\u0151s\u00e9geket k\u00edn\u00e1lunk \u00d6nnek<\/a>K\u00fclf\u00f6ld\u00f6n szeretn\u00e9 biztos\u00edtani a j\u00f6v\u0151j\u00e9t? A Docsmath.com-n\u00e1l z\u00f6kken\u0151mentes megold\u00e1st k\u00edn\u00e1lunk a z\u00f6ldk\u00e1rtya megszerz\u00e9s\u00e9hez, amely p\u00e1ratlan lehet\u0151s\u00e9geket biztos\u00edt \u00d6nnek egy szebb holnapra. Megb\u00edzhat\u00f3 z\u00f6ldk\u00e1rtya-szolg\u00e1ltat\u00f3k\u00e9nt biztos\u00edtjuk a probl\u00e9mamentes folyamatot, f\u00fcggetlen\u00fcl att\u00f3l, hogy val\u00f3di z\u00f6ldk\u00e1rty\u00e1t vagy hamis\u00edtv\u00e1nyt keres. Hadd vezess\u00fck v\u00e9gig \u00d6nt a leg\u00e1lis online z\u00f6ldk\u00e1rtya-v\u00e1s\u00e1rl\u00e1s l\u00e9p\u00e9sein.<\/p>\n<h3 style=\"text-align: justify;\">Vizsg\u00e1lja meg a lehet\u0151s\u00e9geket: z\u00f6ldk\u00e1rty\u00e1k online v\u00e1s\u00e1rl\u00e1sa<\/h3>\n<p style=\"text-align: justify;\">Z\u00f6ld k\u00e1rtya v\u00e1s\u00e1rl\u00e1sakor k\u00e9rj\u00fck, b\u00edzzon benne <a href=\"https:\/\/docsmath.com\/hu\/\">Docsmath.com<\/a> B\u00edzzon a Docsmath.com \u00e1ltal k\u00edn\u00e1lt hiteless\u00e9gben \u00e9s megb\u00edzhat\u00f3s\u00e1gban, amikor z\u00f6ld k\u00e1rty\u00e1kat v\u00e1s\u00e1rol. Z\u00f6ldk\u00e1rtya \u00fczlet\u00fcnk sz\u00e9les v\u00e1laszt\u00e9kkal rendelkezik, hogy megfeleljen az \u00d6n egyedi ig\u00e9nyeinek \u00e9s v\u00e1gyainak. Ak\u00e1r val\u00f3di z\u00f6ldk\u00e1rty\u00e1t, ak\u00e1r hamis z\u00f6ldk\u00e1rty\u00e1t szeretne, \u00e1tfog\u00f3 v\u00e1laszt\u00e9kkal \u00e1llunk rendelkez\u00e9s\u00e9re.<\/p>\n<h3 style=\"text-align: justify;\">Mi\u00e9rt v\u00e1lasszon minket?<\/h3>\n<p style=\"text-align: justify;\">A Docsmath.com-n\u00e1l az integrit\u00e1s \u00e9s a jogszer\u0171s\u00e9g minden tranzakci\u00f3nkban priorit\u00e1st \u00e9lvez. Az \u00e1tl\u00e1that\u00f3s\u00e1g ir\u00e1nti elk\u00f6telezetts\u00e9g\u00fcnk biztos\u00edtja, hogy amikor z\u00f6ldk\u00e1rty\u00e1t v\u00e1s\u00e1rol t\u0151l\u00fcnk online, akkor egy t\u00f6rv\u00e9nyes folyamatban vesz r\u00e9szt. T\u00f6bb \u00e9ves tapasztalatunkkal, mint j\u00f3 h\u00edr\u0171 z\u00f6ldk\u00e1rtya-sz\u00e1ll\u00edt\u00f3, garant\u00e1ljuk az \u00d6n el\u00e9gedetts\u00e9g\u00e9t \u00e9s nyugalm\u00e1t.<\/p>\n<h3 style=\"text-align: justify;\">B\u00f6ng\u00e9sszen a jogi t\u00e1jk\u00e9pben: v\u00e1s\u00e1roljon z\u00f6ldk\u00e1rty\u00e1t online leg\u00e1lisan<\/h3>\n<p style=\"text-align: justify;\">Biztos lehet benne, hogy ha a Docsmath.com-ot v\u00e1lasztja, akkor a leg\u00e1lis utat v\u00e1lasztja a z\u00f6ldk\u00e1rtya megszerz\u00e9s\u00e9hez. Mi betartjuk a jogi protokollokat, ami azt jelenti, hogy nyugodtan v\u00e1s\u00e1rolhat z\u00f6ldk\u00e1rty\u00e1t K\u00edn\u00e1ban, tudva, hogy a j\u00f6v\u0151je j\u00f3 kezekben van. B\u00edzzon benn\u00fcnk, hogy seg\u00edt\u00fcnk \u00d6nnek sikeresen megszerezni a tart\u00f3zkod\u00e1si enged\u00e9ly\u00e9t, \u00e9s m\u00e9g azon t\u00fal is.<\/p>\n<h3 style=\"text-align: justify;\">Val\u00f3s\u00edtsa meg \u00e1lm\u00e1t: adja el z\u00f6ldk\u00e1rty\u00e1j\u00e1t<\/h3>\n<p style=\"text-align: justify;\">Egy szebb j\u00f6v\u0151r\u0151l \u00e1lmodozik k\u00fclf\u00f6ld\u00f6n? <a href=\"https:\/\/en.wikipedia.org\/wiki\/Green_card\">A seg\u00edts\u00e9g\u00e9vel<\/a> A Docsmath.com oldalon \u00e1lmaid val\u00f3ra v\u00e1lhatnak. Fedezd fel z\u00f6ld k\u00e1rty\u00e1ink v\u00e1laszt\u00e9k\u00e1t, \u00e9s tedd meg az els\u0151 l\u00e9p\u00e9st egy \u00faj kezdet fel\u00e9. Ak\u00e1r tanul\u00e1si, ak\u00e1r munkav\u00e1llal\u00e1si, ak\u00e1r leteleped\u00e9si lehet\u0151s\u00e9geket keresel, mi t\u00f6k\u00e9letes megold\u00e1st k\u00edn\u00e1lunk az ig\u00e9nyeid kiel\u00e9g\u00edt\u00e9s\u00e9re.<\/p>\n<h3 style=\"text-align: justify;\">Az \u00d6n megb\u00edzhat\u00f3 z\u00f6ldk\u00e1rtya szolg\u00e1ltat\u00f3ja<\/h3>\n<p style=\"text-align: justify;\">\u5f53\u8c08\u5230\u786e\u4fdd\u60a8\u5728\u4e2d<a href=\"https:\/\/docsmath.com\/hu\/tanusitvanyok-online-vasarlasa\/\">\u56fd\u53ca\u5176\u4ed6\u5730\u533a\u7684\u672a\u6765\u65f6<\/a>Ha az USA-ban \u00e9s azon t\u00fal is biztos\u00edtani szeretn\u00e9 a j\u00f6v\u0151j\u00e9t, a Docsmath.com az \u00d6n megb\u00edzhat\u00f3 partnere. A z\u00f6kken\u0151mentes folyamatunkkal \u00e9s a t\u00f6rv\u00e9nyess\u00e9g ir\u00e1nti megingathatatlan elk\u00f6telezetts\u00e9g\u00fcnkkel a z\u00f6ldk\u00e1rty\u00e1k online v\u00e1s\u00e1rl\u00e1sa m\u00e9g soha nem volt ilyen egyszer\u0171. B\u00edzzon benn\u00fcnk, hogy megb\u00edzhat\u00f3 z\u00f6ldk\u00e1rtya-\u00fczlet\u00fcnk legyen, \u00e9s vezess\u00fck \u00d6nt egy szebb j\u00f6v\u0151 fel\u00e9. Kezdje el a Docsmath.com utaz\u00e1s\u00e1t m\u00e9g ma.<\/p>\n\n\t\t<\/div> \n\t<\/div> <\/div><\/div><\/div><div class=\"wpb_column vc_column_container vc_col-sm-6\"><div class=\"vc_column-inner\"><div class=\"wpb_wrapper\">\n\t<div  class=\"wpb_single_image wpb_content_element vc_align_right  wpb_animate_when_almost_visible wpb_fadeInRightBig fadeInRightBig\">\n\t\t\n\t\t<figure class=\"wpb_wrapper vc_figure\">\n\t\t\t<a data-rel=\"prettyPhoto[rel-1208-839303810]\" href=\"https:\/\/docsmath.com\/wp-content\/uploads\/2024\/02\/green-card.jpg\" target=\"_self\" class=\"vc_single_image-wrapper vc_box_rounded  vc_box_border_grey prettyphoto\"><img loading=\"lazy\" decoding=\"async\" width=\"555\" height=\"486\" src=\"https:\/\/docsmath.com\/wp-content\/uploads\/2024\/02\/green-card.jpg\" class=\"vc_single_image-img attachment-full\" alt=\"Z\u00f6ld k\u00e1rtya online v\u00e1s\u00e1rl\u00e1sa\" \/><\/a>\n\t\t<\/figure>\n\t<\/div>\n\n\t<div class=\"wpb_text_column wpb_content_element\">\n\t\t<div class=\"wpb_wrapper\">\n\t\t\t<p><strong>Ha b\u00e1rmilyen k\u00e9rd\u00e9se vagy agg\u00e1lya van a Szolg\u00e1ltat\u00e1ssal kapcsolatban, kapcsolatba l\u00e9phet vel\u00fcnk e-mailben (contact@docsmath.com) vagy telefonon\/whatsappon (+1 503-849-7993), hogy b\u00e1rmilyen szolg\u00e1ltat\u00e1st ig\u00e9nyeljen.<\/strong><\/p>\n\n\t\t<\/div> \n\t<\/div> <\/div><\/div><\/div><\/div><div class=\"clearfix\"><\/div><div  data-vc-full-width=\"true\" data-vc-full-width-init=\"false\" class=\"vc_row wpb_row vc_row-fluid clearfix vc_custom_1572457786201 vc_row-vc-full-width\"><div class=\"wpb_column vc_column_container vc_col-sm-12\"><div class=\"vc_column-inner\"><div class=\"wpb_wrapper\">\r\n\t\t<div  class=\"testimonials-area    testimonials_type_carousel\">\r\n\r\n\t\t\t\r\n\t\t\t\t\t\t\r\n\t\t\t\r\n\t\t\t\r\n\t\t\t\t\t\t\r\n\t\t\t\r\n\t\t\t\r\n\t\t\t\t\t\t\t\r\n\t\t\t<h6 class='section-pre-title'>szavak<\/h6><h3 class='section-title' style='color:#ffffff;'  >Mit mondanak \u00fcgyfeleink<\/h3>\t\t\t\r\n\t\t\t\r\n\t\t\t\t\t\r\n\t\t\t\r\n\t\t\t<div class=\"carousel-type-1\">\r\n            \r\n            <div class=\"owl-carousel\" data-max-items=\"2\" data-item-margin=\"30\" data-autoplay=\"yes\">\r\n\t\t\t\t\r\n\t\t\t\t\r\n\t\t\t\t<div class=\"item-carousel\">\r\n\t\t\t\t\t<!-- Carousel Item -->\r\n\t\t\t\t\t<div class=\"testimonial\">\r\n\t\t\t\t\t  \r\n\t\t\t\t\t  <div class=\"testimonial-holder\" >\r\n\t\t\t\t\t\t<h6  style=\"color:#ffffff\" >Chen Jie<\/h6>\r\n\t\t\t\t\t\t\r\n\t\t\t\t\t\t  <p  style=\"color:#ffffff\" >Haboztam az online \u00fatlev\u00e9lv\u00e1s\u00e1rl\u00e1st\u00f3l, de miut\u00e1n pozit\u00edv v\u00e9lem\u00e9nyeket olvastam err\u0151l a boltr\u00f3l, \u00fagy d\u00f6nt\u00f6ttem, hogy megpr\u00f3b\u00e1lom. Nagyon \u00f6r\u00fcl\u00f6k, hogy megtettem! Az \u00fatlev\u00e9l, amit kaptam, nagyon j\u00f3 min\u0151s\u00e9g\u0171 volt \u00e9s hitelesnek t\u0171nt. ...<\/p>\r\n\t\t\t\t\t\t\r\n\t\t\t\t\t  <\/div>\r\n\r\n\t\t\t\t\t  <div class=\"author-box\">\r\n\r\n\t\t\t\t\t\t<a href=\"https:\/\/docsmath.com\/hu\/testimonials\/chen-jie\/\" class=\"avatar\">\r\n\t\t\t\t\t\t  <img decoding=\"async\" width=\"120\" height=\"120\" src=\"http:\/\/dummyimage.com\/120x120&text=NO RESIZE\"  title='Chen Jie'  alt=''  class='tr_all'  \/>\t\t\t\t\t\t<\/a>\r\n\r\n\t\t\t\t\t\t<div class=\"author-info\">\r\n\r\n\t\t\t\t\t\t  <span class=\"author-name\" style=\"color:#ffffff\"  >Chen Jie<\/span>\r\n\t\t\t\t\t\t  <span class=\"author-position\"><\/span>\r\n\r\n\t\t\t\t\t\t<\/div>\r\n\r\n\t\t\t\t\t  <\/div>\r\n\r\n\t\t\t\t\t<\/div>\r\n\t\t\t\t\t<!-- \/Carousel Item -->\r\n\t\t\t\t<\/div>\r\n\t\t\t\t\t\r\n\t\t\t\t\t\r\n\t\t\t\t\r\n\t\t\t\t<div class=\"item-carousel\">\r\n\t\t\t\t\t<!-- Carousel Item -->\r\n\t\t\t\t\t<div class=\"testimonial\">\r\n\t\t\t\t\t  \r\n\t\t\t\t\t  <div class=\"testimonial-holder\" >\r\n\t\t\t\t\t\t<h6  style=\"color:#ffffff\" >Zhang Wei<\/h6>\r\n\t\t\t\t\t\t\r\n\t\t\t\t\t\t  <p  style=\"color:#ffffff\" >S\u00fcrg\u0151sen sz\u00fcks\u00e9gem volt RMB p\u00e9nzv\u00e1lt\u00e1si szolg\u00e1ltat\u00e1sokra, \u00e9s ez a bolt seg\u00edtett nekem. Az \u00e1rak versenyk\u00e9pesek voltak, a tranzakci\u00f3 pedig gyors \u00e9s probl\u00e9mamentes volt. A szem\u00e9lyzet bar\u00e1ts\u00e1gos \u00e9s profi volt, \u00e9s k\u00f6nnyed\u00e9n v\u00e9gigvezetett a folyamaton. ...<\/p>\r\n\t\t\t\t\t\t\r\n\t\t\t\t\t  <\/div>\r\n\r\n\t\t\t\t\t  <div class=\"author-box\">\r\n\r\n\t\t\t\t\t\t<a href=\"https:\/\/docsmath.com\/hu\/testimonials\/zhang-wei\/\" class=\"avatar\">\r\n\t\t\t\t\t\t  <img decoding=\"async\" width=\"120\" height=\"120\" src=\"http:\/\/dummyimage.com\/120x120&text=NO RESIZE\"  title='Zhang Wei'  alt=''  class='tr_all'  \/>\t\t\t\t\t\t<\/a>\r\n\r\n\t\t\t\t\t\t<div class=\"author-info\">\r\n\r\n\t\t\t\t\t\t  <span class=\"author-name\" style=\"color:#ffffff\"  >Zhang Wei<\/span>\r\n\t\t\t\t\t\t  <span class=\"author-position\"><\/span>\r\n\r\n\t\t\t\t\t\t<\/div>\r\n\r\n\t\t\t\t\t  <\/div>\r\n\r\n\t\t\t\t\t<\/div>\r\n\t\t\t\t\t<!-- \/Carousel Item -->\r\n\t\t\t\t<\/div>\r\n\t\t\t\t\t\r\n\t\t\t\t\t\r\n\t\t\t\t\r\n\t\t\t\t<div class=\"item-carousel\">\r\n\t\t\t\t\t<!-- Carousel Item -->\r\n\t\t\t\t\t<div class=\"testimonial\">\r\n\t\t\t\t\t  \r\n\t\t\t\t\t  <div class=\"testimonial-holder\" >\r\n\t\t\t\t\t\t<h6  style=\"color:#ffffff\" >Li Wei<\/h6>\r\n\t\t\t\t\t\t\r\n\t\t\t\t\t\t  <p  style=\"color:#ffffff\" >Az \u00fatlev\u00e9l \u00e9s a jogos\u00edtv\u00e1ny beszerz\u00e9se ebben az \u00fczletben gyerekj\u00e1t\u00e9k volt! Az eg\u00e9sz folyamat z\u00f6kken\u0151mentesen zajlott, \u00e9s a dokumentumokat diszkr\u00e9ten \u00e9s id\u0151ben k\u00e9zbes\u00edtett\u00e9k. Eleinte szkeptikus voltam, de a dokumentumok min\u0151s\u00e9ge fel\u00fclm\u00falta v\u00e1rakoz\u00e1saimat. ...<\/p>\r\n\t\t\t\t\t\t\r\n\t\t\t\t\t  <\/div>\r\n\r\n\t\t\t\t\t  <div class=\"author-box\">\r\n\r\n\t\t\t\t\t\t<a href=\"https:\/\/docsmath.com\/hu\/testimonials\/li-wei\/\" class=\"avatar\">\r\n\t\t\t\t\t\t  <img decoding=\"async\" width=\"120\" height=\"120\" src=\"http:\/\/dummyimage.com\/120x120&text=NO RESIZE\"  title='Li Wei'  alt=''  class='tr_all'  \/>\t\t\t\t\t\t<\/a>\r\n\r\n\t\t\t\t\t\t<div class=\"author-info\">\r\n\r\n\t\t\t\t\t\t  <span class=\"author-name\" style=\"color:#ffffff\"  >Li Wei<\/span>\r\n\t\t\t\t\t\t  <span class=\"author-position\"><\/span>\r\n\r\n\t\t\t\t\t\t<\/div>\r\n\r\n\t\t\t\t\t  <\/div>\r\n\r\n\t\t\t\t\t<\/div>\r\n\t\t\t\t\t<!-- \/Carousel Item -->\r\n\t\t\t\t<\/div>\r\n\t\t\t\t\t\r\n\t\t\t\t\t\r\n\t\t\t\t\t\t\t\r\n\t\t\t\r\n\t\t\t<\/div>\r\n\t\t\t<\/div>\r\n\t\t\t\r\n\t\t\t\t\t\t\r\n\t\t\t\r\n\t\t\t\r\n\t\t\t\r\n\t\t\t\t\r\n\t\t\t\r\n\t\t\t\r\n\t\t\t\r\n\t\t\t\r\n\t\t\t\r\n\t\t\t\r\n\t\t\t\r\n\t\t\t\r\n\t\t\t\r\n\t\t\t\r\n\t\t\t\r\n\t\t<\/div><!--\/ .testimonials-area-->\r\n\r\n\t\t\r\n\r\n\t\t<\/div><\/div><\/div><\/div><div class=\"vc_row-full-width\"><\/div><div class=\"clearfix\"><\/div><!-- Row Backgrounds --><div class=\"upb_bg_img\" data-ultimate-bg=\"url(https:\/\/docsmath.com\/wp-content\/uploads\/2019\/10\/testimonials-background.jpg)\" data-image-id=\"id^983|url^https:\/\/www.usefulphantom.com\/newssd\/wp-content\/uploads\/2019\/10\/testimonials-background.jpg|caption^null|alt^null|title^testimonials-background|description^null\" data-ultimate-bg-style=\"vcpb-default\" data-bg-img-repeat=\"no-repeat\" data-bg-img-size=\"cover\" data-bg-img-position=\"\" data-parallx_sense=\"30\" data-bg-override=\"0\" data-bg_img_attach=\"fixed\" data-upb-overlay-color=\"\" data-upb-bg-animation=\"\" data-fadeout=\"\" data-bg-animation=\"left-animation\" data-bg-animation-type=\"h\" data-animation-repeat=\"repeat\" data-fadeout-percentage=\"30\" data-parallax-content=\"\" data-parallax-content-sense=\"30\" data-row-effect-mobile-disable=\"true\" data-img-parallax-mobile-disable=\"true\" data-rtl=\"false\"  data-custom-vc-row=\"\"  data-vc=\"5.5.1\"  data-is_old_vc=\"\"  data-theme-support=\"\"   data-overlay=\"false\" data-overlay-color=\"\" data-overlay-pattern=\"\" data-overlay-pattern-opacity=\"\" data-overlay-pattern-size=\"\"    ><\/div><div  data-vc-full-width=\"true\" data-vc-full-width-init=\"false\" class=\"vc_row wpb_row vc_row-fluid clearfix vc_custom_1572460268764 vc_row-vc-full-width\"><div class=\"wpb_column vc_column_container vc_col-sm-6\"><div class=\"vc_column-inner\"><div class=\"wpb_wrapper\"><div class='wpb_custom_title wpb_content_element align-left'><h6 class='section-pre-title'  style='color:#aab3b6;'  >K\u00e9rjen \u00e1raj\u00e1nlatot<\/h6><h2 class='section-title'  style='color:#2a2c32;'  >K\u00e9rjen ingyenes \u00e1raj\u00e1nlatot!<\/h2><\/div>\n\t<div class=\"wpb_text_column wpb_content_element\">\n\t\t<div class=\"wpb_wrapper\">\n\t\t\t<p>K\u00e9rj\u00fck, l\u00e9pjen kapcsolatba csapatunkkal vagy t\u00f6ltse ki az \u0171rlapot. Egy k\u00e9pvisel\u0151nk hamarosan felveszi \u00d6nnel a kapcsolatot.<\/p>\n<p>48-72 \u00f3r\u00e1n bel\u00fcl v\u00e1laszolunk minden h\u00edv\u00e1sra, whatsapp \u00fczenetre \u00e9s e-mailre. Nagyra \u00e9rt\u00e9kelj\u00fck t\u00fcrelm\u00e9t \u00e9s meg\u00e9rt\u00e9s\u00e9t.<\/p>\n\n\t\t<\/div> \n\t<\/div> \r\n\t\t<div class=\"contact-info-block\">\r\n\r\n\t\t\t\t\t\t\t<h5 class=\"fw-medium\">K\u00ednai iroda<\/h5>\r\n\t\t\t\r\n\t\t\t<p>6 Ritan Rd, Chaoyang District, Peking 10060 (K\u00cdNA)<\/p>\n\r\n\t\t\t<ul class=\"contact-info\">\r\n\r\n                <li><span class=\"licon-telephone\"><\/span> <a href=\"callto: 1 503-849-7993\">+1 503-849-7993<\/a><\/li>\r\n                <li><span class=\"licon-at-sign\"><\/span> <a href=\"mailto:contact@pronoveltydocs.com\">contact@pronoveltydocs.com<\/a><\/li>\r\n\r\n            <\/ul>\r\n\r\n\t\t<\/div><!--\/ .contact-info-block-->\r\n\r\n\t\t<\/div><\/div><\/div><div class=\"wpb_column vc_column_container vc_col-sm-6\"><div class=\"vc_column-inner\"><div class=\"wpb_wrapper\"><div role=\"form\" class=\"wpcf7\" id=\"wpcf7-f985-o1\" lang=\"en-US\" dir=\"ltr\">\n<div class=\"screen-reader-response\"><\/div>\n<form action=\"\/hu\/wp-json\/wp\/v2\/pages\/1208#wpcf7-f985-o1\" method=\"post\" class=\"wpcf7-form\" novalidate=\"novalidate\" data-trp-original-action=\"\/hu\/wp-json\/wp\/v2\/pages\/1208#wpcf7-f985-o1\">\n<div style=\"display: none;\">\n<input type=\"hidden\" name=\"_wpcf7\" value=\"985\" \/>\n<input type=\"hidden\" name=\"_wpcf7_version\" value=\"5.1.4\" \/>\n<input type=\"hidden\" name=\"_wpcf7_locale\" value=\"en_US\" \/>\n<input type=\"hidden\" name=\"_wpcf7_unit_tag\" value=\"wpcf7-f985-o1\" \/>\n<input type=\"hidden\" name=\"_wpcf7_container_post\" value=\"0\" \/>\n<\/div>\n<div class=\"form-style1 fx-cols-2\">\n<div class=\"form-column\"><span class=\"wpcf7-form-control-wrap text-325\"><input type=\"text\" name=\"text-325\" value=\"\" size=\"40\" class=\"wpcf7-form-control wpcf7-text wpcf7-validates-as-required\" aria-required=\"true\" aria-invalid=\"false\" placeholder=\"Az \u00d6n neve.\" \/><\/span><\/div>\n<div class=\"form-column\"><span class=\"wpcf7-form-control-wrap email-453\"><input type=\"email\" name=\"email-453\" value=\"\" size=\"40\" class=\"wpcf7-form-control wpcf7-text wpcf7-email wpcf7-validates-as-required wpcf7-validates-as-email\" aria-required=\"true\" aria-invalid=\"false\" placeholder=\"Az \u00d6n levele\" \/><\/span><\/div>\n<div class=\"form-column\"><span class=\"wpcf7-form-control-wrap tel-411\"><input type=\"tel\" name=\"tel-411\" value=\"\" size=\"40\" class=\"wpcf7-form-control wpcf7-text wpcf7-tel wpcf7-validates-as-required wpcf7-validates-as-tel\" aria-required=\"true\" aria-invalid=\"false\" placeholder=\"telefonsz\u00e1m\" \/><\/span><\/div>\n<div class=\"form-column\"><span class=\"wpcf7-form-control-wrap text-328\"><input type=\"text\" name=\"text-328\" value=\"\" size=\"40\" class=\"wpcf7-form-control wpcf7-text wpcf7-validates-as-required\" aria-required=\"true\" aria-invalid=\"false\" placeholder=\"Az \u00d6n orsz\u00e1ga.\" \/><\/span><\/div>\n<div class=\"form-column\"><span class=\"wpcf7-form-control-wrap text-329\"><input type=\"text\" name=\"text-329\" value=\"\" size=\"40\" class=\"wpcf7-form-control wpcf7-text wpcf7-validates-as-required\" aria-required=\"true\" aria-invalid=\"false\" placeholder=\"tematikus\" \/><\/span><\/div>\n<div class=\"form-column\"><span class=\"wpcf7-form-control-wrap text-330\"><input type=\"text\" name=\"text-330\" value=\"\" size=\"40\" class=\"wpcf7-form-control wpcf7-text wpcf7-validates-as-required\" aria-required=\"true\" aria-invalid=\"false\" placeholder=\"Hivatkoz\u00e1s a szolg\u00e1ltat\u00e1sokra\" \/><\/span><\/div>\n<div class=\"form-column-full\"><span class=\"wpcf7-form-control-wrap textarea-117\"><textarea name=\"textarea-117\" cols=\"40\" rows=\"4\" class=\"wpcf7-form-control wpcf7-textarea\" aria-invalid=\"false\" placeholder=\"inform\u00e1ci\u00f3\"><\/textarea><\/span><\/div>\n<div class=\"form-column-full align-left\"><input type=\"submit\" value=\"\u00dczenet k\u00fcld\u00e9se\" class=\"wpcf7-form-control wpcf7-submit\" \/><\/div>\n<\/div>\n<div class=\"wpcf7-response-output wpcf7-display-none\"><\/div><input type=\"hidden\" name=\"trp-form-language\" value=\"hu\"\/><\/form><\/div><\/div><\/div><\/div><\/div><div class=\"vc_row-full-width\"><\/div><div class=\"clearfix\"><\/div>","protected":false},"excerpt":{"rendered":"\u8d4b\u80fd\u60a8\u7684\u672a\u6765\uff1a\u901a\u8fc7 Docsmath.com \u5728\u4e2d\u56fd\u5b89\u5168\u5728\u7ebf\u8d2d\u4e70\u7eff\u5361 \u5e0c\u671b\u5728\u56fd\u5916\u4fdd\u969c\u60a8\u7684\u672a\u6765\uff1f \u5728 Docsm [...]","protected":false},"author":1,"featured_media":0,"parent":0,"menu_order":0,"comment_status":"closed","ping_status":"closed","template":"","meta":{"_joinchat":[],"footnotes":""},"yoast_head":"<!-- This site is optimized with the Yoast SEO plugin v24.1 - https:\/\/yoast.com\/wordpress\/plugins\/seo\/ -->\n<title>\u7eff\u5361\u51fa\u552e \u2013 \u5728\u7ebf\u8d2d\u4e70\u7eff\u5361 | DocsMath<\/title>\n<meta name=\"description\" content=\"\u60f3\u5728\u7ebf\u8d2d\u4e70\u7eff\u5361\u5417\uff1f\u4e86\u89e3\u79fb\u6c11\u8bc8\u9a97\uff0c\u5e76\u63a2\u7d22\u7533\u8bf7\u6c38\u4e45\u5c45\u7559\u6743\u7684\u5408\u6cd5\u9014\u5f84\u3002\" \/>\n<meta name=\"robots\" content=\"index, follow, max-snippet:-1, max-image-preview:large, max-video-preview:-1\" \/>\n<link rel=\"canonical\" href=\"https:\/\/docsmath.com\/hu\/zold-kartya-online-vasarlasa\/\" \/>\n<meta property=\"og:locale\" content=\"hu_HU\" \/>\n<meta property=\"og:type\" content=\"article\" \/>\n<meta property=\"og:title\" content=\"\u7eff\u5361\u51fa\u552e \u2013 \u5728\u7ebf\u8d2d\u4e70\u7eff\u5361 | DocsMath\" \/>\n<meta property=\"og:description\" content=\"\u60f3\u5728\u7ebf\u8d2d\u4e70\u7eff\u5361\u5417\uff1f\u4e86\u89e3\u79fb\u6c11\u8bc8\u9a97\uff0c\u5e76\u63a2\u7d22\u7533\u8bf7\u6c38\u4e45\u5c45\u7559\u6743\u7684\u5408\u6cd5\u9014\u5f84\u3002\" \/>\n<meta property=\"og:url\" content=\"https:\/\/docsmath.com\/hu\/zold-kartya-online-vasarlasa\/\" \/>\n<meta property=\"og:site_name\" content=\"DocsMath\" \/>\n<meta property=\"article:modified_time\" content=\"2026-04-01T06:27:31+00:00\" \/>\n<meta name=\"twitter:card\" content=\"summary_large_image\" \/>\n<meta name=\"twitter:label1\" content=\"Becs\u00fclt olvas\u00e1si id\u0151\" \/>\n\t<meta name=\"twitter:data1\" content=\"1 perc\" \/>\n<script type=\"application\/ld+json\" class=\"yoast-schema-graph\">{\"@context\":\"https:\/\/schema.org\",\"@graph\":[{\"@type\":\"WebPage\",\"@id\":\"https:\/\/docsmath.com\/%e5%9c%a8%e7%ba%bf%e8%b4%ad%e4%b9%b0%e7%bb%bf%e5%8d%a1\/\",\"url\":\"https:\/\/docsmath.com\/%e5%9c%a8%e7%ba%bf%e8%b4%ad%e4%b9%b0%e7%bb%bf%e5%8d%a1\/\",\"name\":\"\u7eff\u5361\u51fa\u552e \u2013 \u5728\u7ebf\u8d2d\u4e70\u7eff\u5361 | DocsMath\",\"isPartOf\":{\"@id\":\"https:\/\/docsmath.com\/#website\"},\"datePublished\":\"2024-02-26T12:10:53+00:00\",\"dateModified\":\"2026-04-01T06:27:31+00:00\",\"description\":\"\u60f3\u5728\u7ebf\u8d2d\u4e70\u7eff\u5361\u5417\uff1f\u4e86\u89e3\u79fb\u6c11\u8bc8\u9a97\uff0c\u5e76\u63a2\u7d22\u7533\u8bf7\u6c38\u4e45\u5c45\u7559\u6743\u7684\u5408\u6cd5\u9014\u5f84\u3002\",\"breadcrumb\":{\"@id\":\"https:\/\/docsmath.com\/%e5%9c%a8%e7%ba%bf%e8%b4%ad%e4%b9%b0%e7%bb%bf%e5%8d%a1\/#breadcrumb\"},\"inLanguage\":\"hu\",\"potentialAction\":[{\"@type\":\"ReadAction\",\"target\":[\"https:\/\/docsmath.com\/%e5%9c%a8%e7%ba%bf%e8%b4%ad%e4%b9%b0%e7%bb%bf%e5%8d%a1\/\"]}]},{\"@type\":\"BreadcrumbList\",\"@id\":\"https:\/\/docsmath.com\/%e5%9c%a8%e7%ba%bf%e8%b4%ad%e4%b9%b0%e7%bb%bf%e5%8d%a1\/#breadcrumb\",\"itemListElement\":[{\"@type\":\"ListItem\",\"position\":1,\"name\":\"Home\",\"item\":\"https:\/\/docsmath.com\/\"},{\"@type\":\"ListItem\",\"position\":2,\"name\":\"\u5728\u7ebf\u8d2d\u4e70\u7eff\u5361\"}]},{\"@type\":\"WebSite\",\"@id\":\"https:\/\/docsmath.com\/#website\",\"url\":\"https:\/\/docsmath.com\/\",\"name\":\"DocsMath\",\"description\":\"#1 Place to Buy Documents &amp; Chemical Products\",\"potentialAction\":[{\"@type\":\"SearchAction\",\"target\":{\"@type\":\"EntryPoint\",\"urlTemplate\":\"https:\/\/docsmath.com\/?s={search_term_string}\"},\"query-input\":{\"@type\":\"PropertyValueSpecification\",\"valueRequired\":true,\"valueName\":\"search_term_string\"}}],\"inLanguage\":\"hu\"}]}<\/script>\n<!-- \/ Yoast SEO plugin. -->","yoast_head_json":{"title":"\u7eff\u5361\u51fa\u552e \u2013 \u5728\u7ebf\u8d2d\u4e70\u7eff\u5361 | DocsMath","description":"\u60f3\u5728\u7ebf\u8d2d\u4e70\u7eff\u5361\u5417\uff1f\u4e86\u89e3\u79fb\u6c11\u8bc8\u9a97\uff0c\u5e76\u63a2\u7d22\u7533\u8bf7\u6c38\u4e45\u5c45\u7559\u6743\u7684\u5408\u6cd5\u9014\u5f84\u3002","robots":{"index":"index","follow":"follow","max-snippet":"max-snippet:-1","max-image-preview":"max-image-preview:large","max-video-preview":"max-video-preview:-1"},"canonical":"https:\/\/docsmath.com\/hu\/zold-kartya-online-vasarlasa\/","og_locale":"hu_HU","og_type":"article","og_title":"\u7eff\u5361\u51fa\u552e \u2013 \u5728\u7ebf\u8d2d\u4e70\u7eff\u5361 | DocsMath","og_description":"\u60f3\u5728\u7ebf\u8d2d\u4e70\u7eff\u5361\u5417\uff1f\u4e86\u89e3\u79fb\u6c11\u8bc8\u9a97\uff0c\u5e76\u63a2\u7d22\u7533\u8bf7\u6c38\u4e45\u5c45\u7559\u6743\u7684\u5408\u6cd5\u9014\u5f84\u3002","og_url":"https:\/\/docsmath.com\/hu\/zold-kartya-online-vasarlasa\/","og_site_name":"DocsMath","article_modified_time":"2026-04-01T06:27:31+00:00","twitter_card":"summary_large_image","twitter_misc":{"Becs\u00fclt olvas\u00e1si id\u0151":"1 perc"},"schema":{"@context":"https:\/\/schema.org","@graph":[{"@type":"WebPage","@id":"https:\/\/docsmath.com\/%e5%9c%a8%e7%ba%bf%e8%b4%ad%e4%b9%b0%e7%bb%bf%e5%8d%a1\/","url":"https:\/\/docsmath.com\/%e5%9c%a8%e7%ba%bf%e8%b4%ad%e4%b9%b0%e7%bb%bf%e5%8d%a1\/","name":"\u7eff\u5361\u51fa\u552e \u2013 \u5728\u7ebf\u8d2d\u4e70\u7eff\u5361 | DocsMath","isPartOf":{"@id":"https:\/\/docsmath.com\/#website"},"datePublished":"2024-02-26T12:10:53+00:00","dateModified":"2026-04-01T06:27:31+00:00","description":"\u60f3\u5728\u7ebf\u8d2d\u4e70\u7eff\u5361\u5417\uff1f\u4e86\u89e3\u79fb\u6c11\u8bc8\u9a97\uff0c\u5e76\u63a2\u7d22\u7533\u8bf7\u6c38\u4e45\u5c45\u7559\u6743\u7684\u5408\u6cd5\u9014\u5f84\u3002","breadcrumb":{"@id":"https:\/\/docsmath.com\/%e5%9c%a8%e7%ba%bf%e8%b4%ad%e4%b9%b0%e7%bb%bf%e5%8d%a1\/#breadcrumb"},"inLanguage":"hu","potentialAction":[{"@type":"ReadAction","target":["https:\/\/docsmath.com\/%e5%9c%a8%e7%ba%bf%e8%b4%ad%e4%b9%b0%e7%bb%bf%e5%8d%a1\/"]}]},{"@type":"BreadcrumbList","@id":"https:\/\/docsmath.com\/%e5%9c%a8%e7%ba%bf%e8%b4%ad%e4%b9%b0%e7%bb%bf%e5%8d%a1\/#breadcrumb","itemListElement":[{"@type":"ListItem","position":1,"name":"Home","item":"https:\/\/docsmath.com\/"},{"@type":"ListItem","position":2,"name":"\u5728\u7ebf\u8d2d\u4e70\u7eff\u5361"}]},{"@type":"WebSite","@id":"https:\/\/docsmath.com\/#website","url":"https:\/\/docsmath.com\/","name":"DocsMath","description":"#1 Place to Buy Documents &amp; Chemical Products","potentialAction":[{"@type":"SearchAction","target":{"@type":"EntryPoint","urlTemplate":"https:\/\/docsmath.com\/?s={search_term_string}"},"query-input":{"@type":"PropertyValueSpecification","valueRequired":true,"valueName":"search_term_string"}}],"inLanguage":"hu"}]}},"_links":{"self":[{"href":"https:\/\/docsmath.com\/hu\/wp-json\/wp\/v2\/pages\/1208"}],"collection":[{"href":"https:\/\/docsmath.com\/hu\/wp-json\/wp\/v2\/pages"}],"about":[{"href":"https:\/\/docsmath.com\/hu\/wp-json\/wp\/v2\/types\/page"}],"author":[{"embeddable":true,"href":"https:\/\/docsmath.com\/hu\/wp-json\/wp\/v2\/users\/1"}],"replies":[{"embeddable":true,"href":"https:\/\/docsmath.com\/hu\/wp-json\/wp\/v2\/comments?post=1208"}],"version-history":[{"count":6,"href":"https:\/\/docsmath.com\/hu\/wp-json\/wp\/v2\/pages\/1208\/revisions"}],"predecessor-version":[{"id":1421,"href":"https:\/\/docsmath.com\/hu\/wp-json\/wp\/v2\/pages\/1208\/revisions\/1421"}],"wp:attachment":[{"href":"https:\/\/docsmath.com\/hu\/wp-json\/wp\/v2\/media?parent=1208"}],"curies":[{"name":"wp","href":"https:\/\/api.w.org\/{rel}","templated":true}]}}