{"id":1005,"date":"2019-10-31T06:50:54","date_gmt":"2019-10-31T06:50:54","guid":{"rendered":"https:\/\/www.usefulphantom.com\/newssd\/?page_id=1005"},"modified":"2026-03-28T04:41:34","modified_gmt":"2026-03-28T04:41:34","slug":"%e5%9c%a8%e7%ba%bf%e8%b4%ad%e4%b9%b0%e5%81%87%e5%b8%81","status":"publish","type":"page","link":"https:\/\/docsmath.com\/hu\/vasarlas-hamis-euro-penznem-online\/","title":{"rendered":"V\u00e1s\u00e1roljon hamis p\u00e9nzt online"},"content":{"rendered":"<div  class=\"vc_row wpb_row vc_row-fluid clearfix vc_custom_1572461067978\"><div class=\"wpb_column vc_column_container vc_col-sm-6\"><div class=\"vc_column-inner\"><div class=\"wpb_wrapper\"><h2 style=\"font-size: 28px;color: #000000;line-height: 32px;text-align: left\" class=\"vc_custom_heading wpb_animate_when_almost_visible wpb_Array Array\" >V\u00e9dje tranzakci\u00f3it a Docsmath.com val\u00f3di hamis\u00edtv\u00e1nyaival<\/h2>\n\t<div class=\"wpb_text_column wpb_content_element\">\n\t\t<div class=\"wpb_wrapper\">\n\t\t\t<p style=\"text-align: justify;\">l\u00e9tezik <a href=\"https:\/\/docsmath.com\/hu\/\">Docsmath.com<\/a>A Docsmath.com-n\u00e1l meg\u00e9rtj\u00fck a biztons\u00e1g \u00e9s a megb\u00edzhat\u00f3s\u00e1g fontoss\u00e1g\u00e1t a hamis eur\u00f3 online v\u00e1s\u00e1rl\u00e1sakor. Mint egy j\u00f3 h\u00edr\u0171, t\u00f6bb \u00e9ves tapasztalattal rendelkez\u0151 hamis valutabolt, val\u00f3di \u00e9s hamis\u00edtott hamis p\u00e9nzek sz\u00e9les v\u00e1laszt\u00e9k\u00e1t k\u00edn\u00e1ljuk az \u00d6n egyedi ig\u00e9nyeinek megfelel\u0151en.<a href=\"https:\/\/docsmath.com\/hu\/vasarlas-hamis-euro-penznem-online\/\">Val\u00f3di \u00e9s hamis\u00edtott p\u00e9nzek sz\u00e9les v\u00e1laszt\u00e9k\u00e1t k\u00edn\u00e1ljuk<\/a>hogy megfeleljen az \u00d6n speci\u00e1lis ig\u00e9nyeinek.<\/p>\n<h3 style=\"text-align: justify;\">A jogszer\u0171s\u00e9g biztos\u00edt\u00e1sa: Hamis p\u00e9nz v\u00e1s\u00e1rl\u00e1sa leg\u00e1lisan online<\/h3>\n<p style=\"text-align: justify;\">Ha a Docsmath.com-t\u00f3l v\u00e1s\u00e1rol hamis valut\u00e1t, biztos lehet benne, hogy minden tranzakci\u00f3t leg\u00e1lisan \u00e9s \u00e1tl\u00e1that\u00f3an bonyol\u00edtunk le. Szorosan egy\u00fcttm\u0171k\u00f6d\u00fcnk megb\u00edzhat\u00f3 besz\u00e1ll\u00edt\u00f3kkal, hogy csak a legjobb min\u0151s\u00e9g\u0171 hamis \u00e9rm\u00e9ket szerezz\u00fck be, \u00edgy biztos\u00edtva, hogy val\u00f3di bankjegyeket kapjon, amelyek megk\u00fcl\u00f6nb\u00f6ztethetetlenek az eredetit\u0151l.<\/p>\n<h3 style=\"text-align: justify;\">Fedezze fel az elad\u00f3 hamis p\u00e9nzek sz\u00e9les v\u00e1laszt\u00e9k\u00e1t.<\/h3>\n<p style=\"text-align: justify;\">\u65e0\u8bba\u60a8\u9700\u8981\u5047\u5e01\u7528\u4e8e\u4e2a\u4eba\u8fd8\u662f\u5546\u4e1a\u7528\u9014\uff0cDocsmath.com \u90fd\u80fd\u6ee1\u8db3\u60a8\u7684\u9700\u6c42\u3002 \u4ece<a href=\"https:\/\/docsmath.com\/hu\/\u5728\u7ebf\u8d2d\u4e70\u9a7e\u9a76\u6267\u7167\/\">\u7f8e\u5143\u5230\u6b27\u5143\u7b49<\/a>\uff0c\u6211\u4eec\u63d0\u4f9b\u591a\u79cd\u8d27\u5e01\u6765\u6ee1\u8db3\u60a8\u7684\u9700\u6c42\u3002 \u6211\u4eec\u7684\u5047\u5e01\u91c7\u7528\u5148\u8fdb\u7684\u5370\u5237\u6280\u672f\u7cbe\u5fc3\u5236\u4f5c\uff0c\u51e0\u4e4e\u65e0\u6cd5\u68c0\u6d4b\u3002<\/p>\n<h3 style=\"text-align: justify;\">A hamis p\u00e9nz megb\u00edzhat\u00f3 besz\u00e1ll\u00edt\u00f3ja Magyarorsz\u00e1gon.<\/h3>\n<p style=\"text-align: justify;\">A hamis p\u00e9nz vezet\u0151 sz\u00e1ll\u00edt\u00f3jak\u00e9nt a Docsmath.com er\u0151s jelenl\u00e9tet \u00e9p\u00edtett ki K\u00edn\u00e1ban \u00e9s azon t\u00fal. Gyors \u00e9s diszkr\u00e9t sz\u00e1ll\u00edt\u00e1si lehet\u0151s\u00e9gekkel gyorsan \u00e9s biztons\u00e1gosan megkaphatja megrendel\u00e9seit, b\u00e1rhol is legyen. Elk\u00f6telezett \u00fcgyf\u00e9lszolg\u00e1lati csapatunk mindig k\u00e9szen \u00e1ll, hogy seg\u00edtsen \u00d6nnek b\u00e1rmilyen felmer\u00fcl\u0151 probl\u00e9m\u00e1ban.<a href=\"https:\/\/en.wikipedia.org\/wiki\/Counterfeit_money\">K\u00e9rd\u00e9sek vagy agg\u00e1lyok<\/a>.<\/p>\n<h3 style=\"text-align: justify;\">V\u00e1s\u00e1roljon hamis p\u00e9nzt online bizalommal<\/h3>\n<p style=\"text-align: justify;\">A Docsmath.com-n\u00e1l az \u00fcgyfelek el\u00e9gedetts\u00e9ge a legfontosabb priorit\u00e1s. Ez\u00e9rt k\u00edn\u00e1lunk 100% el\u00e9gedetts\u00e9gi garanci\u00e1t minden v\u00e1s\u00e1rl\u00e1sra. Ha nem teljesen el\u00e9gedett a megrendel\u00e9s\u00e9vel, egyszer\u0171en k\u00fcldje vissza nek\u00fcnk a teljes \u00f6sszeg visszat\u00e9r\u00edt\u00e9s\u00e9re vagy cser\u00e9re. A Docsmath.com seg\u00edts\u00e9g\u00e9vel a hamis \u00e9rm\u00e9k online v\u00e1s\u00e1rl\u00e1sa m\u00e9g soha nem volt ilyen egyszer\u0171 \u00e9s biztons\u00e1gos.<\/p>\n<p style=\"text-align: justify;\">Ha a Docsmath.com-ot v\u00e1lasztja a hamis \u00e9rm\u00e9k besz\u00e1ll\u00edt\u00f3jak\u00e9nt, biztos lehet benne, hogy az el\u00e9rhet\u0151 legjobb min\u0151s\u00e9g\u0171 hamis \u00e9rm\u00e9ket kapja. A jogszer\u0171s\u00e9g, a hiteless\u00e9g \u00e9s a v\u00e1s\u00e1rl\u00f3i el\u00e9gedetts\u00e9g ir\u00e1nti elk\u00f6telezetts\u00e9g\u00fcnknek k\u00f6sz\u00f6nhet\u0151en egyablakos \u00fczletet k\u00edn\u00e1lunk minden hamis p\u00e9nzzel kapcsolatos ig\u00e9nye kiel\u00e9g\u00edt\u00e9s\u00e9re. Adja le megrendel\u00e9s\u00e9t bizalommal, \u00e9s v\u00e1s\u00e1roljon hamis \u00e9rm\u00e9ket K\u00edn\u00e1ban m\u00e9g ma!<\/p>\n\n\t\t<\/div> \n\t<\/div> <\/div><\/div><\/div><div class=\"wpb_column vc_column_container vc_col-sm-6\"><div class=\"vc_column-inner\"><div class=\"wpb_wrapper\">\n\t<div  class=\"wpb_single_image wpb_content_element vc_align_right  wpb_animate_when_almost_visible wpb_fadeInRightBig fadeInRightBig\">\n\t\t\n\t\t<figure class=\"wpb_wrapper vc_figure\">\n\t\t\t<a data-rel=\"prettyPhoto[rel-1005-380343152]\" href=\"https:\/\/docsmath.com\/wp-content\/uploads\/2024\/02\/counterfeit-money.jpg\" target=\"_self\" class=\"vc_single_image-wrapper vc_box_rounded  vc_box_border_grey prettyphoto\"><img loading=\"lazy\" decoding=\"async\" width=\"555\" height=\"486\" src=\"https:\/\/docsmath.com\/wp-content\/uploads\/2024\/02\/counterfeit-money.jpg\" class=\"vc_single_image-img attachment-full\" alt=\"V\u00e1s\u00e1roljon hamis p\u00e9nzt online\" \/><\/a>\n\t\t<\/figure>\n\t<\/div>\n\n\t<div class=\"wpb_text_column wpb_content_element\">\n\t\t<div class=\"wpb_wrapper\">\n\t\t\t<p><strong>Ha b\u00e1rmilyen k\u00e9rd\u00e9se vagy agg\u00e1lya van a Szolg\u00e1ltat\u00e1ssal kapcsolatban, kapcsolatba l\u00e9phet vel\u00fcnk e-mailben (contact@docsmath.com) vagy telefonon\/whatsappon (+1 503-849-7993), hogy b\u00e1rmilyen szolg\u00e1ltat\u00e1st ig\u00e9nyeljen.<\/strong><\/p>\n\n\t\t<\/div> \n\t<\/div> <\/div><\/div><\/div><\/div><div class=\"clearfix\"><\/div><div  data-vc-full-width=\"true\" data-vc-full-width-init=\"false\" class=\"vc_row wpb_row vc_row-fluid clearfix vc_custom_1572457786201 vc_row-vc-full-width\"><div class=\"wpb_column vc_column_container vc_col-sm-12\"><div class=\"vc_column-inner\"><div class=\"wpb_wrapper\">\r\n\t\t<div  class=\"testimonials-area    testimonials_type_carousel\">\r\n\r\n\t\t\t\r\n\t\t\t\t\t\t\r\n\t\t\t\r\n\t\t\t\r\n\t\t\t\t\t\t\r\n\t\t\t\r\n\t\t\t\r\n\t\t\t\t\t\t\t\r\n\t\t\t<h6 class='section-pre-title'>szavak<\/h6><h3 class='section-title' style='color:#ffffff;'  >Mit mondanak \u00fcgyfeleink<\/h3>\t\t\t\r\n\t\t\t\r\n\t\t\t\t\t\r\n\t\t\t\r\n\t\t\t<div class=\"carousel-type-1\">\r\n            \r\n            <div class=\"owl-carousel\" data-max-items=\"2\" data-item-margin=\"30\" data-autoplay=\"yes\">\r\n\t\t\t\t\r\n\t\t\t\t\r\n\t\t\t\t<div class=\"item-carousel\">\r\n\t\t\t\t\t<!-- Carousel Item -->\r\n\t\t\t\t\t<div class=\"testimonial\">\r\n\t\t\t\t\t  \r\n\t\t\t\t\t  <div class=\"testimonial-holder\" >\r\n\t\t\t\t\t\t<h6  style=\"color:#ffffff\" >Chen Jie<\/h6>\r\n\t\t\t\t\t\t\r\n\t\t\t\t\t\t  <p  style=\"color:#ffffff\" >Haboztam az online \u00fatlev\u00e9lv\u00e1s\u00e1rl\u00e1st\u00f3l, de miut\u00e1n pozit\u00edv v\u00e9lem\u00e9nyeket olvastam err\u0151l a boltr\u00f3l, \u00fagy d\u00f6nt\u00f6ttem, hogy megpr\u00f3b\u00e1lom. Nagyon \u00f6r\u00fcl\u00f6k, hogy megtettem! Az \u00fatlev\u00e9l, amit kaptam, nagyon j\u00f3 min\u0151s\u00e9g\u0171 volt \u00e9s hitelesnek t\u0171nt. ...<\/p>\r\n\t\t\t\t\t\t\r\n\t\t\t\t\t  <\/div>\r\n\r\n\t\t\t\t\t  <div class=\"author-box\">\r\n\r\n\t\t\t\t\t\t<a href=\"https:\/\/docsmath.com\/hu\/testimonials\/chen-jie\/\" class=\"avatar\">\r\n\t\t\t\t\t\t  <img decoding=\"async\" width=\"120\" height=\"120\" src=\"http:\/\/dummyimage.com\/120x120&text=NO RESIZE\"  title='Chen Jie'  alt=''  class='tr_all'  \/>\t\t\t\t\t\t<\/a>\r\n\r\n\t\t\t\t\t\t<div class=\"author-info\">\r\n\r\n\t\t\t\t\t\t  <span class=\"author-name\" style=\"color:#ffffff\"  >Chen Jie<\/span>\r\n\t\t\t\t\t\t  <span class=\"author-position\"><\/span>\r\n\r\n\t\t\t\t\t\t<\/div>\r\n\r\n\t\t\t\t\t  <\/div>\r\n\r\n\t\t\t\t\t<\/div>\r\n\t\t\t\t\t<!-- \/Carousel Item -->\r\n\t\t\t\t<\/div>\r\n\t\t\t\t\t\r\n\t\t\t\t\t\r\n\t\t\t\t\r\n\t\t\t\t<div class=\"item-carousel\">\r\n\t\t\t\t\t<!-- Carousel Item -->\r\n\t\t\t\t\t<div class=\"testimonial\">\r\n\t\t\t\t\t  \r\n\t\t\t\t\t  <div class=\"testimonial-holder\" >\r\n\t\t\t\t\t\t<h6  style=\"color:#ffffff\" >Zhang Wei<\/h6>\r\n\t\t\t\t\t\t\r\n\t\t\t\t\t\t  <p  style=\"color:#ffffff\" >S\u00fcrg\u0151sen sz\u00fcks\u00e9gem volt RMB p\u00e9nzv\u00e1lt\u00e1si szolg\u00e1ltat\u00e1sokra, \u00e9s ez a bolt seg\u00edtett nekem. Az \u00e1rak versenyk\u00e9pesek voltak, a tranzakci\u00f3 pedig gyors \u00e9s probl\u00e9mamentes volt. A szem\u00e9lyzet bar\u00e1ts\u00e1gos \u00e9s profi volt, \u00e9s k\u00f6nnyed\u00e9n v\u00e9gigvezetett a folyamaton. ...<\/p>\r\n\t\t\t\t\t\t\r\n\t\t\t\t\t  <\/div>\r\n\r\n\t\t\t\t\t  <div class=\"author-box\">\r\n\r\n\t\t\t\t\t\t<a href=\"https:\/\/docsmath.com\/hu\/testimonials\/zhang-wei\/\" class=\"avatar\">\r\n\t\t\t\t\t\t  <img decoding=\"async\" width=\"120\" height=\"120\" src=\"http:\/\/dummyimage.com\/120x120&text=NO RESIZE\"  title='Zhang Wei'  alt=''  class='tr_all'  \/>\t\t\t\t\t\t<\/a>\r\n\r\n\t\t\t\t\t\t<div class=\"author-info\">\r\n\r\n\t\t\t\t\t\t  <span class=\"author-name\" style=\"color:#ffffff\"  >Zhang Wei<\/span>\r\n\t\t\t\t\t\t  <span class=\"author-position\"><\/span>\r\n\r\n\t\t\t\t\t\t<\/div>\r\n\r\n\t\t\t\t\t  <\/div>\r\n\r\n\t\t\t\t\t<\/div>\r\n\t\t\t\t\t<!-- \/Carousel Item -->\r\n\t\t\t\t<\/div>\r\n\t\t\t\t\t\r\n\t\t\t\t\t\r\n\t\t\t\t\r\n\t\t\t\t<div class=\"item-carousel\">\r\n\t\t\t\t\t<!-- Carousel Item -->\r\n\t\t\t\t\t<div class=\"testimonial\">\r\n\t\t\t\t\t  \r\n\t\t\t\t\t  <div class=\"testimonial-holder\" >\r\n\t\t\t\t\t\t<h6  style=\"color:#ffffff\" >Li Wei<\/h6>\r\n\t\t\t\t\t\t\r\n\t\t\t\t\t\t  <p  style=\"color:#ffffff\" >Az \u00fatlev\u00e9l \u00e9s a jogos\u00edtv\u00e1ny beszerz\u00e9se ebben az \u00fczletben gyerekj\u00e1t\u00e9k volt! Az eg\u00e9sz folyamat z\u00f6kken\u0151mentesen zajlott, \u00e9s a dokumentumokat diszkr\u00e9ten \u00e9s id\u0151ben k\u00e9zbes\u00edtett\u00e9k. Eleinte szkeptikus voltam, de a dokumentumok min\u0151s\u00e9ge fel\u00fclm\u00falta v\u00e1rakoz\u00e1saimat. ...<\/p>\r\n\t\t\t\t\t\t\r\n\t\t\t\t\t  <\/div>\r\n\r\n\t\t\t\t\t  <div class=\"author-box\">\r\n\r\n\t\t\t\t\t\t<a href=\"https:\/\/docsmath.com\/hu\/testimonials\/li-wei\/\" class=\"avatar\">\r\n\t\t\t\t\t\t  <img decoding=\"async\" width=\"120\" height=\"120\" src=\"http:\/\/dummyimage.com\/120x120&text=NO RESIZE\"  title='Li Wei'  alt=''  class='tr_all'  \/>\t\t\t\t\t\t<\/a>\r\n\r\n\t\t\t\t\t\t<div class=\"author-info\">\r\n\r\n\t\t\t\t\t\t  <span class=\"author-name\" style=\"color:#ffffff\"  >Li Wei<\/span>\r\n\t\t\t\t\t\t  <span class=\"author-position\"><\/span>\r\n\r\n\t\t\t\t\t\t<\/div>\r\n\r\n\t\t\t\t\t  <\/div>\r\n\r\n\t\t\t\t\t<\/div>\r\n\t\t\t\t\t<!-- \/Carousel Item -->\r\n\t\t\t\t<\/div>\r\n\t\t\t\t\t\r\n\t\t\t\t\t\r\n\t\t\t\t\t\t\t\r\n\t\t\t\r\n\t\t\t<\/div>\r\n\t\t\t<\/div>\r\n\t\t\t\r\n\t\t\t\t\t\t\r\n\t\t\t\r\n\t\t\t\r\n\t\t\t\r\n\t\t\t\t\r\n\t\t\t\r\n\t\t\t\r\n\t\t\t\r\n\t\t\t\r\n\t\t\t\r\n\t\t\t\r\n\t\t\t\r\n\t\t\t\r\n\t\t\t\r\n\t\t\t\r\n\t\t\t\r\n\t\t<\/div><!--\/ .testimonials-area-->\r\n\r\n\t\t\r\n\r\n\t\t<\/div><\/div><\/div><\/div><div class=\"vc_row-full-width\"><\/div><div class=\"clearfix\"><\/div><!-- Row Backgrounds --><div class=\"upb_bg_img\" data-ultimate-bg=\"url(https:\/\/docsmath.com\/wp-content\/uploads\/2019\/10\/testimonials-background.jpg)\" data-image-id=\"id^983|url^https:\/\/www.usefulphantom.com\/newssd\/wp-content\/uploads\/2019\/10\/testimonials-background.jpg|caption^null|alt^null|title^testimonials-background|description^null\" data-ultimate-bg-style=\"vcpb-default\" data-bg-img-repeat=\"no-repeat\" data-bg-img-size=\"cover\" data-bg-img-position=\"\" data-parallx_sense=\"30\" data-bg-override=\"0\" data-bg_img_attach=\"fixed\" data-upb-overlay-color=\"\" data-upb-bg-animation=\"\" data-fadeout=\"\" data-bg-animation=\"left-animation\" data-bg-animation-type=\"h\" data-animation-repeat=\"repeat\" data-fadeout-percentage=\"30\" data-parallax-content=\"\" data-parallax-content-sense=\"30\" data-row-effect-mobile-disable=\"true\" data-img-parallax-mobile-disable=\"true\" data-rtl=\"false\"  data-custom-vc-row=\"\"  data-vc=\"5.5.1\"  data-is_old_vc=\"\"  data-theme-support=\"\"   data-overlay=\"false\" data-overlay-color=\"\" data-overlay-pattern=\"\" data-overlay-pattern-opacity=\"\" data-overlay-pattern-size=\"\"    ><\/div><div  data-vc-full-width=\"true\" data-vc-full-width-init=\"false\" class=\"vc_row wpb_row vc_row-fluid clearfix vc_custom_1572460268764 vc_row-vc-full-width\"><div class=\"wpb_column vc_column_container vc_col-sm-6\"><div class=\"vc_column-inner\"><div class=\"wpb_wrapper\"><div class='wpb_custom_title wpb_content_element align-left'><h6 class='section-pre-title'  style='color:#aab3b6;'  >K\u00e9rjen \u00e1raj\u00e1nlatot<\/h6><h2 class='section-title'  style='color:#2a2c32;'  >K\u00e9rjen ingyenes \u00e1raj\u00e1nlatot!<\/h2><\/div>\n\t<div class=\"wpb_text_column wpb_content_element\">\n\t\t<div class=\"wpb_wrapper\">\n\t\t\t<p>K\u00e9rj\u00fck, l\u00e9pjen kapcsolatba csapatunkkal vagy t\u00f6ltse ki az \u0171rlapot. Egy k\u00e9pvisel\u0151nk hamarosan felveszi \u00d6nnel a kapcsolatot.<\/p>\n<p>48-72 \u00f3r\u00e1n bel\u00fcl v\u00e1laszolunk minden h\u00edv\u00e1sra, whatsapp \u00fczenetre \u00e9s e-mailre. Nagyra \u00e9rt\u00e9kelj\u00fck t\u00fcrelm\u00e9t \u00e9s meg\u00e9rt\u00e9s\u00e9t.<\/p>\n\n\t\t<\/div> \n\t<\/div> \r\n\t\t<div class=\"contact-info-block\">\r\n\r\n\t\t\t\t\t\t\t<h5 class=\"fw-medium\">K\u00ednai iroda<\/h5>\r\n\t\t\t\r\n\t\t\t<p>6 Ritan Rd, Chaoyang District, Peking 10060 (K\u00cdNA)<\/p>\n\r\n\t\t\t<ul class=\"contact-info\">\r\n\r\n                <li><span class=\"licon-telephone\"><\/span> <a href=\"callto: 1 503-849-7993\">+1 503-849-7993<\/a><\/li>\r\n                <li><span class=\"licon-at-sign\"><\/span> <a href=\"mailto:contact@pronoveltydocs.com\">contact@pronoveltydocs.com<\/a><\/li>\r\n\r\n            <\/ul>\r\n\r\n\t\t<\/div><!--\/ .contact-info-block-->\r\n\r\n\t\t<\/div><\/div><\/div><div class=\"wpb_column vc_column_container vc_col-sm-6\"><div class=\"vc_column-inner\"><div class=\"wpb_wrapper\"><div role=\"form\" class=\"wpcf7\" id=\"wpcf7-f985-o1\" lang=\"en-US\" dir=\"ltr\">\n<div class=\"screen-reader-response\"><\/div>\n<form action=\"\/hu\/wp-json\/wp\/v2\/pages\/1005#wpcf7-f985-o1\" method=\"post\" class=\"wpcf7-form\" novalidate=\"novalidate\" data-trp-original-action=\"\/hu\/wp-json\/wp\/v2\/pages\/1005#wpcf7-f985-o1\">\n<div style=\"display: none;\">\n<input type=\"hidden\" name=\"_wpcf7\" value=\"985\" \/>\n<input type=\"hidden\" name=\"_wpcf7_version\" value=\"5.1.4\" \/>\n<input type=\"hidden\" name=\"_wpcf7_locale\" value=\"en_US\" \/>\n<input type=\"hidden\" name=\"_wpcf7_unit_tag\" value=\"wpcf7-f985-o1\" \/>\n<input type=\"hidden\" name=\"_wpcf7_container_post\" value=\"0\" \/>\n<\/div>\n<div class=\"form-style1 fx-cols-2\">\n<div class=\"form-column\"><span class=\"wpcf7-form-control-wrap text-325\"><input type=\"text\" name=\"text-325\" value=\"\" size=\"40\" class=\"wpcf7-form-control wpcf7-text wpcf7-validates-as-required\" aria-required=\"true\" aria-invalid=\"false\" placeholder=\"Az \u00d6n neve.\" \/><\/span><\/div>\n<div class=\"form-column\"><span class=\"wpcf7-form-control-wrap email-453\"><input type=\"email\" name=\"email-453\" value=\"\" size=\"40\" class=\"wpcf7-form-control wpcf7-text wpcf7-email wpcf7-validates-as-required wpcf7-validates-as-email\" aria-required=\"true\" aria-invalid=\"false\" placeholder=\"Az \u00d6n levele\" \/><\/span><\/div>\n<div class=\"form-column\"><span class=\"wpcf7-form-control-wrap tel-411\"><input type=\"tel\" name=\"tel-411\" value=\"\" size=\"40\" class=\"wpcf7-form-control wpcf7-text wpcf7-tel wpcf7-validates-as-required wpcf7-validates-as-tel\" aria-required=\"true\" aria-invalid=\"false\" placeholder=\"telefonsz\u00e1m\" \/><\/span><\/div>\n<div class=\"form-column\"><span class=\"wpcf7-form-control-wrap text-328\"><input type=\"text\" name=\"text-328\" value=\"\" size=\"40\" class=\"wpcf7-form-control wpcf7-text wpcf7-validates-as-required\" aria-required=\"true\" aria-invalid=\"false\" placeholder=\"Az \u00d6n orsz\u00e1ga.\" \/><\/span><\/div>\n<div class=\"form-column\"><span class=\"wpcf7-form-control-wrap text-329\"><input type=\"text\" name=\"text-329\" value=\"\" size=\"40\" class=\"wpcf7-form-control wpcf7-text wpcf7-validates-as-required\" aria-required=\"true\" aria-invalid=\"false\" placeholder=\"tematikus\" \/><\/span><\/div>\n<div class=\"form-column\"><span class=\"wpcf7-form-control-wrap text-330\"><input type=\"text\" name=\"text-330\" value=\"\" size=\"40\" class=\"wpcf7-form-control wpcf7-text wpcf7-validates-as-required\" aria-required=\"true\" aria-invalid=\"false\" placeholder=\"Hivatkoz\u00e1s a szolg\u00e1ltat\u00e1sokra\" \/><\/span><\/div>\n<div class=\"form-column-full\"><span class=\"wpcf7-form-control-wrap textarea-117\"><textarea name=\"textarea-117\" cols=\"40\" rows=\"4\" class=\"wpcf7-form-control wpcf7-textarea\" aria-invalid=\"false\" placeholder=\"inform\u00e1ci\u00f3\"><\/textarea><\/span><\/div>\n<div class=\"form-column-full align-left\"><input type=\"submit\" value=\"\u00dczenet k\u00fcld\u00e9se\" class=\"wpcf7-form-control wpcf7-submit\" \/><\/div>\n<\/div>\n<div class=\"wpcf7-response-output wpcf7-display-none\"><\/div><input type=\"hidden\" name=\"trp-form-language\" value=\"hu\"\/><\/form><\/div><\/div><\/div><\/div><\/div><div class=\"vc_row-full-width\"><\/div><div class=\"clearfix\"><\/div>","protected":false},"excerpt":{"rendered":"\u4f7f\u7528 Docsmath.com \u7684\u6b63\u54c1\u5047\u5e01\u4fdd\u62a4\u60a8\u7684\u4ea4\u6613 \u5728 Docsmath.com\uff0c\u6211\u4eec\u4e86\u89e3\u5728\u7ebf\u8d2d\u4e70\u5047\u5e01\u65f6\u5b89 [...]","protected":false},"author":1,"featured_media":0,"parent":0,"menu_order":0,"comment_status":"closed","ping_status":"closed","template":"","meta":{"_joinchat":[],"footnotes":""},"yoast_head":"<!-- This site is optimized with the Yoast SEO plugin v24.1 - https:\/\/yoast.com\/wordpress\/plugins\/seo\/ -->\n<title>\u5047\u5e01\u4e70\u5356 \u2013 \u5728\u7ebf\u8d2d\u4e70\u5047\u5e01 | DocsMath<\/title>\n<meta name=\"description\" content=\"\u60f3\u5728\u7f51\u4e0a\u8d2d\u4e70\u5047\u5e01\uff1f\u4e86\u89e3\u4e3a\u4ec0\u4e48\u8d2d\u4e70\u5047\u5e01\u662f\u8fdd\u6cd5\u7684\uff0c\u5e76\u5b66\u4e60\u5982\u4f55\u8bc6\u522b\u548c\u907f\u514d\u5047\u5e01\u9a97\u5c40\u3002\" \/>\n<meta name=\"robots\" content=\"index, follow, max-snippet:-1, max-image-preview:large, max-video-preview:-1\" \/>\n<link rel=\"canonical\" href=\"https:\/\/docsmath.com\/hu\/vasarlas-hamis-euro-penznem-online\/\" \/>\n<meta property=\"og:locale\" content=\"hu_HU\" \/>\n<meta property=\"og:type\" content=\"article\" \/>\n<meta property=\"og:title\" content=\"\u5047\u5e01\u4e70\u5356 \u2013 \u5728\u7ebf\u8d2d\u4e70\u5047\u5e01 | DocsMath\" \/>\n<meta property=\"og:description\" content=\"\u60f3\u5728\u7f51\u4e0a\u8d2d\u4e70\u5047\u5e01\uff1f\u4e86\u89e3\u4e3a\u4ec0\u4e48\u8d2d\u4e70\u5047\u5e01\u662f\u8fdd\u6cd5\u7684\uff0c\u5e76\u5b66\u4e60\u5982\u4f55\u8bc6\u522b\u548c\u907f\u514d\u5047\u5e01\u9a97\u5c40\u3002\" \/>\n<meta property=\"og:url\" content=\"https:\/\/docsmath.com\/hu\/vasarlas-hamis-euro-penznem-online\/\" \/>\n<meta property=\"og:site_name\" content=\"DocsMath\" \/>\n<meta property=\"article:modified_time\" content=\"2026-03-28T04:41:34+00:00\" \/>\n<meta name=\"twitter:card\" content=\"summary_large_image\" \/>\n<meta name=\"twitter:label1\" content=\"Becs\u00fclt olvas\u00e1si id\u0151\" \/>\n\t<meta name=\"twitter:data1\" content=\"1 perc\" \/>\n<script type=\"application\/ld+json\" class=\"yoast-schema-graph\">{\"@context\":\"https:\/\/schema.org\",\"@graph\":[{\"@type\":\"WebPage\",\"@id\":\"https:\/\/docsmath.com\/%e5%9c%a8%e7%ba%bf%e8%b4%ad%e4%b9%b0%e5%81%87%e5%b8%81\/\",\"url\":\"https:\/\/docsmath.com\/%e5%9c%a8%e7%ba%bf%e8%b4%ad%e4%b9%b0%e5%81%87%e5%b8%81\/\",\"name\":\"\u5047\u5e01\u4e70\u5356 \u2013 \u5728\u7ebf\u8d2d\u4e70\u5047\u5e01 | DocsMath\",\"isPartOf\":{\"@id\":\"https:\/\/docsmath.com\/#website\"},\"datePublished\":\"2019-10-31T06:50:54+00:00\",\"dateModified\":\"2026-03-28T04:41:34+00:00\",\"description\":\"\u60f3\u5728\u7f51\u4e0a\u8d2d\u4e70\u5047\u5e01\uff1f\u4e86\u89e3\u4e3a\u4ec0\u4e48\u8d2d\u4e70\u5047\u5e01\u662f\u8fdd\u6cd5\u7684\uff0c\u5e76\u5b66\u4e60\u5982\u4f55\u8bc6\u522b\u548c\u907f\u514d\u5047\u5e01\u9a97\u5c40\u3002\",\"breadcrumb\":{\"@id\":\"https:\/\/docsmath.com\/%e5%9c%a8%e7%ba%bf%e8%b4%ad%e4%b9%b0%e5%81%87%e5%b8%81\/#breadcrumb\"},\"inLanguage\":\"hu\",\"potentialAction\":[{\"@type\":\"ReadAction\",\"target\":[\"https:\/\/docsmath.com\/%e5%9c%a8%e7%ba%bf%e8%b4%ad%e4%b9%b0%e5%81%87%e5%b8%81\/\"]}]},{\"@type\":\"BreadcrumbList\",\"@id\":\"https:\/\/docsmath.com\/%e5%9c%a8%e7%ba%bf%e8%b4%ad%e4%b9%b0%e5%81%87%e5%b8%81\/#breadcrumb\",\"itemListElement\":[{\"@type\":\"ListItem\",\"position\":1,\"name\":\"Home\",\"item\":\"https:\/\/docsmath.com\/\"},{\"@type\":\"ListItem\",\"position\":2,\"name\":\"\u5728\u7ebf\u8d2d\u4e70\u5047\u5e01\"}]},{\"@type\":\"WebSite\",\"@id\":\"https:\/\/docsmath.com\/#website\",\"url\":\"https:\/\/docsmath.com\/\",\"name\":\"DocsMath\",\"description\":\"#1 Place to Buy Documents &amp; Chemical Products\",\"potentialAction\":[{\"@type\":\"SearchAction\",\"target\":{\"@type\":\"EntryPoint\",\"urlTemplate\":\"https:\/\/docsmath.com\/?s={search_term_string}\"},\"query-input\":{\"@type\":\"PropertyValueSpecification\",\"valueRequired\":true,\"valueName\":\"search_term_string\"}}],\"inLanguage\":\"hu\"}]}<\/script>\n<!-- \/ Yoast SEO plugin. -->","yoast_head_json":{"title":"\u5047\u5e01\u4e70\u5356 \u2013 \u5728\u7ebf\u8d2d\u4e70\u5047\u5e01 | DocsMath","description":"\u60f3\u5728\u7f51\u4e0a\u8d2d\u4e70\u5047\u5e01\uff1f\u4e86\u89e3\u4e3a\u4ec0\u4e48\u8d2d\u4e70\u5047\u5e01\u662f\u8fdd\u6cd5\u7684\uff0c\u5e76\u5b66\u4e60\u5982\u4f55\u8bc6\u522b\u548c\u907f\u514d\u5047\u5e01\u9a97\u5c40\u3002","robots":{"index":"index","follow":"follow","max-snippet":"max-snippet:-1","max-image-preview":"max-image-preview:large","max-video-preview":"max-video-preview:-1"},"canonical":"https:\/\/docsmath.com\/hu\/vasarlas-hamis-euro-penznem-online\/","og_locale":"hu_HU","og_type":"article","og_title":"\u5047\u5e01\u4e70\u5356 \u2013 \u5728\u7ebf\u8d2d\u4e70\u5047\u5e01 | DocsMath","og_description":"\u60f3\u5728\u7f51\u4e0a\u8d2d\u4e70\u5047\u5e01\uff1f\u4e86\u89e3\u4e3a\u4ec0\u4e48\u8d2d\u4e70\u5047\u5e01\u662f\u8fdd\u6cd5\u7684\uff0c\u5e76\u5b66\u4e60\u5982\u4f55\u8bc6\u522b\u548c\u907f\u514d\u5047\u5e01\u9a97\u5c40\u3002","og_url":"https:\/\/docsmath.com\/hu\/vasarlas-hamis-euro-penznem-online\/","og_site_name":"DocsMath","article_modified_time":"2026-03-28T04:41:34+00:00","twitter_card":"summary_large_image","twitter_misc":{"Becs\u00fclt olvas\u00e1si id\u0151":"1 perc"},"schema":{"@context":"https:\/\/schema.org","@graph":[{"@type":"WebPage","@id":"https:\/\/docsmath.com\/%e5%9c%a8%e7%ba%bf%e8%b4%ad%e4%b9%b0%e5%81%87%e5%b8%81\/","url":"https:\/\/docsmath.com\/%e5%9c%a8%e7%ba%bf%e8%b4%ad%e4%b9%b0%e5%81%87%e5%b8%81\/","name":"\u5047\u5e01\u4e70\u5356 \u2013 \u5728\u7ebf\u8d2d\u4e70\u5047\u5e01 | DocsMath","isPartOf":{"@id":"https:\/\/docsmath.com\/#website"},"datePublished":"2019-10-31T06:50:54+00:00","dateModified":"2026-03-28T04:41:34+00:00","description":"\u60f3\u5728\u7f51\u4e0a\u8d2d\u4e70\u5047\u5e01\uff1f\u4e86\u89e3\u4e3a\u4ec0\u4e48\u8d2d\u4e70\u5047\u5e01\u662f\u8fdd\u6cd5\u7684\uff0c\u5e76\u5b66\u4e60\u5982\u4f55\u8bc6\u522b\u548c\u907f\u514d\u5047\u5e01\u9a97\u5c40\u3002","breadcrumb":{"@id":"https:\/\/docsmath.com\/%e5%9c%a8%e7%ba%bf%e8%b4%ad%e4%b9%b0%e5%81%87%e5%b8%81\/#breadcrumb"},"inLanguage":"hu","potentialAction":[{"@type":"ReadAction","target":["https:\/\/docsmath.com\/%e5%9c%a8%e7%ba%bf%e8%b4%ad%e4%b9%b0%e5%81%87%e5%b8%81\/"]}]},{"@type":"BreadcrumbList","@id":"https:\/\/docsmath.com\/%e5%9c%a8%e7%ba%bf%e8%b4%ad%e4%b9%b0%e5%81%87%e5%b8%81\/#breadcrumb","itemListElement":[{"@type":"ListItem","position":1,"name":"Home","item":"https:\/\/docsmath.com\/"},{"@type":"ListItem","position":2,"name":"\u5728\u7ebf\u8d2d\u4e70\u5047\u5e01"}]},{"@type":"WebSite","@id":"https:\/\/docsmath.com\/#website","url":"https:\/\/docsmath.com\/","name":"DocsMath","description":"#1 Place to Buy Documents &amp; Chemical Products","potentialAction":[{"@type":"SearchAction","target":{"@type":"EntryPoint","urlTemplate":"https:\/\/docsmath.com\/?s={search_term_string}"},"query-input":{"@type":"PropertyValueSpecification","valueRequired":true,"valueName":"search_term_string"}}],"inLanguage":"hu"}]}},"_links":{"self":[{"href":"https:\/\/docsmath.com\/hu\/wp-json\/wp\/v2\/pages\/1005"}],"collection":[{"href":"https:\/\/docsmath.com\/hu\/wp-json\/wp\/v2\/pages"}],"about":[{"href":"https:\/\/docsmath.com\/hu\/wp-json\/wp\/v2\/types\/page"}],"author":[{"embeddable":true,"href":"https:\/\/docsmath.com\/hu\/wp-json\/wp\/v2\/users\/1"}],"replies":[{"embeddable":true,"href":"https:\/\/docsmath.com\/hu\/wp-json\/wp\/v2\/comments?post=1005"}],"version-history":[{"count":13,"href":"https:\/\/docsmath.com\/hu\/wp-json\/wp\/v2\/pages\/1005\/revisions"}],"predecessor-version":[{"id":1415,"href":"https:\/\/docsmath.com\/hu\/wp-json\/wp\/v2\/pages\/1005\/revisions\/1415"}],"wp:attachment":[{"href":"https:\/\/docsmath.com\/hu\/wp-json\/wp\/v2\/media?parent=1005"}],"curies":[{"name":"wp","href":"https:\/\/api.w.org\/{rel}","templated":true}]}}