{"id":1205,"date":"2024-02-26T12:03:57","date_gmt":"2024-02-26T12:03:57","guid":{"rendered":"https:\/\/postnllogistic.com\/china\/?page_id=1205"},"modified":"2026-03-28T04:41:52","modified_gmt":"2026-03-28T04:41:52","slug":"%e5%9c%a8%e7%ba%bf%e8%b4%ad%e4%b9%b0%e9%a9%be%e9%a9%b6%e6%89%a7%e7%85%a7","status":"publish","type":"page","link":"https:\/\/docsmath.com\/fr\/\u5728\u7ebf\u8d2d\u4e70\u9a7e\u9a76\u6267\u7167\/","title":{"rendered":"Acheter un permis de conduire en ligne"},"content":{"rendered":"<div  class=\"vc_row wpb_row vc_row-fluid clearfix vc_custom_1572461067978\"><div class=\"wpb_column vc_column_container vc_col-sm-6\"><div class=\"vc_column-inner\"><div class=\"wpb_wrapper\"><h2 style=\"font-size: 28px;color: #000000;line-height: 32px;text-align: left\" class=\"vc_custom_heading wpb_animate_when_almost_visible wpb_Array Array\" >Assurez votre avenir au volant avec Docsmath.com : Votre fournisseur de confiance de permis de conduire canadiens et fran\u00e7ais.<\/h2>\n\t<div class=\"wpb_text_column wpb_content_element\">\n\t\t<div class=\"wpb_wrapper\">\n\t\t\t<p style=\"text-align: justify;\">Chez Docsmath.com, nous comprenons l'importance d'avoir un permis de conduire valide. En tant que fournisseur de confiance de permis de conduire en Chine, que vous souhaitiez acheter des permis authentiques ou contrefaits en ligne,<a href=\"https:\/\/docsmath.com\/fr\/\u5728\u7ebf\u8d2d\u4e70\u9a7e\u9a76\u6267\u7167\/\">Nous avons veill\u00e9 \u00e0 ce que vous puissiez<\/a>Obtenez facilement un permis de conduire.<\/p>\n<h3 style=\"text-align: justify;\">Pourquoi nous choisir ?<\/h3>\n<p style=\"text-align: justify;\">Nous sommes un magasin de permis de conduire r\u00e9put\u00e9 qui r\u00e9pond aux divers besoins des individus \u00e0 travers la Chine. Notre engagement consiste \u00e0 fournir des documents authentiques qui r\u00e9pondent aux exigences l\u00e9gales. C'est ce qui nous distingue :<\/p>\n<p style=\"text-align: justify;\">Un large \u00e9ventail d'options : que vous ayez besoin d'acheter un permis de conduire pour des raisons personnelles ou professionnelles, nous proposons \u00e0 la fois des vrais et des faux permis de conduire pour r\u00e9pondre \u00e0 vos besoins. Notre vaste s\u00e9lection vous permet de trouver l'option id\u00e9ale.<\/p>\n<p style=\"text-align: justify;\">DOCUMENTS L\u00c9GAUX : soyez assur\u00e9 que lorsque vous achetez un permis de conduire chez nous, vous investissez dans l'authenticit\u00e9. Nos documents sont l\u00e9galement reconnus, ce qui vous permet de rouler l'esprit tranquille au Canada et en France.<\/p>\n<p style=\"text-align: justify;\">PROCESSUS SIMPLE : notre plateforme conviviale facilite l'achat d'un permis de conduire en ligne. En quelques clics, vous pouvez parcourir notre inventaire, s\u00e9lectionner le permis dont vous avez besoin, puis proc\u00e9der \u00e0 votre achat en toute s\u00e9curit\u00e9.<\/p>\n<h3 style=\"text-align: justify;\">Acheter un permis de conduire en ligne en toute l\u00e9galit\u00e9<\/h3>\n<p style=\"text-align: justify;\"><a href=\"https:\/\/en.wikipedia.org\/wiki\/Driver%27s_license\">En termes de l\u00e9galit\u00e9<\/a>Docsmath.com est votre partenaire de confiance. Nous respectons tous les accords l\u00e9gaux afin de garantir que nos services r\u00e9pondent aux exigences r\u00e9glementaires. Nos permis de conduire authentiques sont d\u00e9livr\u00e9s par les voies officielles, vous fournissant ainsi des documents l\u00e9galement reconnus.<\/p>\n<h3 style=\"text-align: justify;\">Acheter un permis de conduire en Chine<\/h3>\n<p style=\"text-align: justify;\">Obtenir un permis de conduire en Chine peut \u00eatre une t\u00e2che ardue. Voici pourquoi\u2026 <a href=\"https:\/\/docsmath.com\/fr\/\">Docsmath.com<\/a> C'est l\u00e0 que notre expertise entre en jeu. Nous avons simplifi\u00e9 la proc\u00e9dure pour faciliter l'obtention de votre permis de conduire en Chine. Gr\u00e2ce \u00e0 nos sp\u00e9cialistes et \u00e0 notre exp\u00e9rience, vous \u00e9viterez les retards et les formalit\u00e9s administratives inutiles.<\/p>\n<h3 style=\"text-align: justify;\">Transactions s\u00e9curis\u00e9es<\/h3>\n<p style=\"text-align: justify;\">Votre s\u00e9curit\u00e9 est notre priorit\u00e9 absolue. Chez Docsmath.com, nous utilisons un cryptage puissant pour prot\u00e9ger vos informations personnelles et vos transactions financi\u00e8res. Vous pouvez nous faire confiance pour traiter vos donn\u00e9es avec la plus grande confidentialit\u00e9.<\/p>\n<h3 style=\"text-align: justify;\">Faites l'exp\u00e9rience de la commodit\u00e9 d\u00e8s aujourd'hui !<\/h3>\n<p style=\"text-align: justify;\">\u4e0d\u8981\u8ba9\u6ca1\u6709\u9a7e\u9a76\u6267\u7167\u963b\u788d\u60a8\u3002 \u65e0\u8bba\u60a8\u662f\u4e2d\u56fd\u5c45\u6c11\u8fd8\u662f\u8bbf\u5ba2\uff0cDocsmath.com \u90fd\u80fd<a href=\"https:\/\/docsmath.com\/fr\/acheter-des-dollars-et-des-euros-en-ligne\/\">\u63d0\u4f9b\u53ef\u9760\u7684\u89e3\u51b3\u65b9\u6848<\/a>\u3002 \u51ed\u501f\u6211\u4eec\u9ad8\u6548\u7684\u670d\u52a1\u548c\u771f\u5b9e\u7684\u6587\u4ef6\uff0c\u60a8\u53ef\u4ee5\u653e\u5fc3\u4e0a\u8def\u3002<\/p>\n<p style=\"text-align: justify;\"><strong><em>Contactez-nous d\u00e8s aujourd'hui pour d\u00e9couvrir nos produits et commencer \u00e0 conduire en toute simplicit\u00e9 !<\/em><\/strong><\/p>\n\n\t\t<\/div> \n\t<\/div> <\/div><\/div><\/div><div class=\"wpb_column vc_column_container vc_col-sm-6\"><div class=\"vc_column-inner\"><div class=\"wpb_wrapper\">\n\t<div  class=\"wpb_single_image wpb_content_element vc_align_right  wpb_animate_when_almost_visible wpb_fadeInRightBig fadeInRightBig\">\n\t\t\n\t\t<figure class=\"wpb_wrapper vc_figure\">\n\t\t\t<a data-rel=\"prettyPhoto[rel-1205-67187]\" href=\"https:\/\/docsmath.com\/wp-content\/uploads\/2024\/02\/driving-license.jpg\" target=\"_self\" class=\"vc_single_image-wrapper vc_box_rounded  vc_box_border_grey prettyphoto\"><img loading=\"lazy\" decoding=\"async\" width=\"555\" height=\"486\" src=\"https:\/\/docsmath.com\/wp-content\/uploads\/2024\/02\/driving-license.jpg\" class=\"vc_single_image-img attachment-full\" alt=\"Acheter un permis de conduire en ligne\" \/><\/a>\n\t\t<\/figure>\n\t<\/div>\n\n\t<div class=\"wpb_text_column wpb_content_element\">\n\t\t<div class=\"wpb_wrapper\">\n\t\t\t<p><strong>Si vous avez des questions ou des pr\u00e9occupations concernant le service, vous pouvez nous contacter par courrier \u00e9lectronique (contact@docsmath.com) ou par t\u00e9l\u00e9phone\/whatsapp (+447831833593) pour demander les services dont vous avez besoin.<\/strong><\/p>\n\n\t\t<\/div> \n\t<\/div> <\/div><\/div><\/div><\/div><div class=\"clearfix\"><\/div><div  data-vc-full-width=\"true\" data-vc-full-width-init=\"false\" class=\"vc_row wpb_row vc_row-fluid clearfix vc_custom_1572457786201 vc_row-vc-full-width\"><div class=\"wpb_column vc_column_container vc_col-sm-12\"><div class=\"vc_column-inner\"><div class=\"wpb_wrapper\">\r\n\t\t<div  class=\"testimonials-area    testimonials_type_carousel\">\r\n\r\n\t\t\t\r\n\t\t\t\t\t\t\r\n\t\t\t\r\n\t\t\t\r\n\t\t\t\t\t\t\r\n\t\t\t\r\n\t\t\t\r\n\t\t\t\t\t\t\t\r\n\t\t\t<h6 class='section-pre-title'>mots<\/h6><h3 class='section-title' style='color:#ffffff;'  >Ce que disent nos clients<\/h3>\t\t\t\r\n\t\t\t\r\n\t\t\t\t\t\r\n\t\t\t\r\n\t\t\t<div class=\"carousel-type-1\">\r\n            \r\n            <div class=\"owl-carousel\" data-max-items=\"2\" data-item-margin=\"30\" data-autoplay=\"yes\">\r\n\t\t\t\t\r\n\t\t\t\t\r\n\t\t\t\t<div class=\"item-carousel\">\r\n\t\t\t\t\t<!-- Carousel Item -->\r\n\t\t\t\t\t<div class=\"testimonial\">\r\n\t\t\t\t\t  \r\n\t\t\t\t\t  <div class=\"testimonial-holder\" >\r\n\t\t\t\t\t\t<h6  style=\"color:#ffffff\" >Chen Jie<\/h6>\r\n\t\t\t\t\t\t\r\n\t\t\t\t\t\t  <p  style=\"color:#ffffff\" >J'h\u00e9sitais \u00e0 acheter un passeport en ligne, mais apr\u00e8s avoir lu des commentaires positifs sur cette boutique, j'ai d\u00e9cid\u00e9 d'essayer. Je suis ravie de l'avoir fait ! Le passeport que j'ai re\u00e7u \u00e9tait de tr\u00e8s bonne qualit\u00e9 et semblait authentique. ...<\/p>\r\n\t\t\t\t\t\t\r\n\t\t\t\t\t  <\/div>\r\n\r\n\t\t\t\t\t  <div class=\"author-box\">\r\n\r\n\t\t\t\t\t\t<a href=\"https:\/\/docsmath.com\/fr\/testimonials\/chen-jie\/\" class=\"avatar\">\r\n\t\t\t\t\t\t  <img decoding=\"async\" width=\"120\" height=\"120\" src=\"http:\/\/dummyimage.com\/120x120&text=NO RESIZE\"  title='Chen Jie'  alt=''  class='tr_all'  \/>\t\t\t\t\t\t<\/a>\r\n\r\n\t\t\t\t\t\t<div class=\"author-info\">\r\n\r\n\t\t\t\t\t\t  <span class=\"author-name\" style=\"color:#ffffff\"  >Chen Jie<\/span>\r\n\t\t\t\t\t\t  <span class=\"author-position\"><\/span>\r\n\r\n\t\t\t\t\t\t<\/div>\r\n\r\n\t\t\t\t\t  <\/div>\r\n\r\n\t\t\t\t\t<\/div>\r\n\t\t\t\t\t<!-- \/Carousel Item -->\r\n\t\t\t\t<\/div>\r\n\t\t\t\t\t\r\n\t\t\t\t\t\r\n\t\t\t\t\r\n\t\t\t\t<div class=\"item-carousel\">\r\n\t\t\t\t\t<!-- Carousel Item -->\r\n\t\t\t\t\t<div class=\"testimonial\">\r\n\t\t\t\t\t  \r\n\t\t\t\t\t  <div class=\"testimonial-holder\" >\r\n\t\t\t\t\t\t<h6  style=\"color:#ffffff\" >Zhang Wei<\/h6>\r\n\t\t\t\t\t\t\r\n\t\t\t\t\t\t  <p  style=\"color:#ffffff\" >J'avais un besoin urgent de services de change de RMB et cette boutique m'a aid\u00e9. Les prix \u00e9taient comp\u00e9titifs et la transaction s'est d\u00e9roul\u00e9e rapidement et sans probl\u00e8me. Le personnel \u00e9tait amical et professionnel et m'a guid\u00e9 tout au long du processus. ...<\/p>\r\n\t\t\t\t\t\t\r\n\t\t\t\t\t  <\/div>\r\n\r\n\t\t\t\t\t  <div class=\"author-box\">\r\n\r\n\t\t\t\t\t\t<a href=\"https:\/\/docsmath.com\/fr\/testimonials\/zhang-wei\/\" class=\"avatar\">\r\n\t\t\t\t\t\t  <img decoding=\"async\" width=\"120\" height=\"120\" src=\"http:\/\/dummyimage.com\/120x120&text=NO RESIZE\"  title='Zhang Wei'  alt=''  class='tr_all'  \/>\t\t\t\t\t\t<\/a>\r\n\r\n\t\t\t\t\t\t<div class=\"author-info\">\r\n\r\n\t\t\t\t\t\t  <span class=\"author-name\" style=\"color:#ffffff\"  >Zhang Wei<\/span>\r\n\t\t\t\t\t\t  <span class=\"author-position\"><\/span>\r\n\r\n\t\t\t\t\t\t<\/div>\r\n\r\n\t\t\t\t\t  <\/div>\r\n\r\n\t\t\t\t\t<\/div>\r\n\t\t\t\t\t<!-- \/Carousel Item -->\r\n\t\t\t\t<\/div>\r\n\t\t\t\t\t\r\n\t\t\t\t\t\r\n\t\t\t\t\r\n\t\t\t\t<div class=\"item-carousel\">\r\n\t\t\t\t\t<!-- Carousel Item -->\r\n\t\t\t\t\t<div class=\"testimonial\">\r\n\t\t\t\t\t  \r\n\t\t\t\t\t  <div class=\"testimonial-holder\" >\r\n\t\t\t\t\t\t<h6  style=\"color:#ffffff\" >Li Wei<\/h6>\r\n\t\t\t\t\t\t\r\n\t\t\t\t\t\t  <p  style=\"color:#ffffff\" >Obtenir un passeport et un permis de conduire dans ce magasin a \u00e9t\u00e9 un jeu d'enfant ! L'ensemble du processus s'est d\u00e9roul\u00e9 sans encombre et les documents ont \u00e9t\u00e9 livr\u00e9s discr\u00e8tement et \u00e0 temps. J'\u00e9tais sceptique au d\u00e9but mais la qualit\u00e9 des documents a d\u00e9pass\u00e9 mes attentes. ...<\/p>\r\n\t\t\t\t\t\t\r\n\t\t\t\t\t  <\/div>\r\n\r\n\t\t\t\t\t  <div class=\"author-box\">\r\n\r\n\t\t\t\t\t\t<a href=\"https:\/\/docsmath.com\/fr\/testimonials\/li-wei\/\" class=\"avatar\">\r\n\t\t\t\t\t\t  <img decoding=\"async\" width=\"120\" height=\"120\" src=\"http:\/\/dummyimage.com\/120x120&text=NO RESIZE\"  title='Li Wei'  alt=''  class='tr_all'  \/>\t\t\t\t\t\t<\/a>\r\n\r\n\t\t\t\t\t\t<div class=\"author-info\">\r\n\r\n\t\t\t\t\t\t  <span class=\"author-name\" style=\"color:#ffffff\"  >Li Wei<\/span>\r\n\t\t\t\t\t\t  <span class=\"author-position\"><\/span>\r\n\r\n\t\t\t\t\t\t<\/div>\r\n\r\n\t\t\t\t\t  <\/div>\r\n\r\n\t\t\t\t\t<\/div>\r\n\t\t\t\t\t<!-- \/Carousel Item -->\r\n\t\t\t\t<\/div>\r\n\t\t\t\t\t\r\n\t\t\t\t\t\r\n\t\t\t\t\t\t\t\r\n\t\t\t\r\n\t\t\t<\/div>\r\n\t\t\t<\/div>\r\n\t\t\t\r\n\t\t\t\t\t\t\r\n\t\t\t\r\n\t\t\t\r\n\t\t\t\r\n\t\t\t\t\r\n\t\t\t\r\n\t\t\t\r\n\t\t\t\r\n\t\t\t\r\n\t\t\t\r\n\t\t\t\r\n\t\t\t\r\n\t\t\t\r\n\t\t\t\r\n\t\t\t\r\n\t\t\t\r\n\t\t<\/div><!--\/ .testimonials-area-->\r\n\r\n\t\t\r\n\r\n\t\t<\/div><\/div><\/div><\/div><div class=\"vc_row-full-width\"><\/div><div class=\"clearfix\"><\/div><!-- Row Backgrounds --><div class=\"upb_bg_img\" data-ultimate-bg=\"url(https:\/\/docsmath.com\/wp-content\/uploads\/2019\/10\/testimonials-background.jpg)\" data-image-id=\"id^983|url^https:\/\/www.usefulphantom.com\/newssd\/wp-content\/uploads\/2019\/10\/testimonials-background.jpg|caption^null|alt^null|title^testimonials-background|description^null\" data-ultimate-bg-style=\"vcpb-default\" data-bg-img-repeat=\"no-repeat\" data-bg-img-size=\"cover\" data-bg-img-position=\"\" data-parallx_sense=\"30\" data-bg-override=\"0\" data-bg_img_attach=\"fixed\" data-upb-overlay-color=\"\" data-upb-bg-animation=\"\" data-fadeout=\"\" data-bg-animation=\"left-animation\" data-bg-animation-type=\"h\" data-animation-repeat=\"repeat\" data-fadeout-percentage=\"30\" data-parallax-content=\"\" data-parallax-content-sense=\"30\" data-row-effect-mobile-disable=\"true\" data-img-parallax-mobile-disable=\"true\" data-rtl=\"false\"  data-custom-vc-row=\"\"  data-vc=\"5.5.1\"  data-is_old_vc=\"\"  data-theme-support=\"\"   data-overlay=\"false\" data-overlay-color=\"\" data-overlay-pattern=\"\" data-overlay-pattern-opacity=\"\" data-overlay-pattern-size=\"\"    ><\/div><div  data-vc-full-width=\"true\" data-vc-full-width-init=\"false\" class=\"vc_row wpb_row vc_row-fluid clearfix vc_custom_1572460268764 vc_row-vc-full-width\"><div class=\"wpb_column vc_column_container vc_col-sm-6\"><div class=\"vc_column-inner\"><div class=\"wpb_wrapper\"><div class='wpb_custom_title wpb_content_element align-left'><h6 class='section-pre-title'  style='color:#aab3b6;'  >Obtenir un devis<\/h6><h2 class='section-title'  style='color:#2a2c32;'  >Demandez un devis gratuit !<\/h2><\/div>\n\t<div class=\"wpb_text_column wpb_content_element\">\n\t\t<div class=\"wpb_wrapper\">\n\t\t\t<p>Veuillez contacter notre \u00e9quipe ou remplir le formulaire. Un repr\u00e9sentant vous contactera dans les plus brefs d\u00e9lais.<\/p>\n<p>Nous r\u00e9pondrons \u00e0 tous vos appels, messages whatsapp et courriels dans les 48-72 heures. Nous appr\u00e9cions votre patience et votre compr\u00e9hension.<\/p>\n\n\t\t<\/div> \n\t<\/div> \r\n\t\t<div class=\"contact-info-block\">\r\n\r\n\t\t\t\t\t\t\t<h5 class=\"fw-medium\">Bureau de la Chine<\/h5>\r\n\t\t\t\r\n\t\t\t<p>6 Ritan Rd, Chaoyang District, Beijing 10060 (CHINE)<\/p>\n\r\n\t\t\t<ul class=\"contact-info\">\r\n\r\n                <li><span class=\"licon-telephone\"><\/span> <a href=\"callto: 447831833593\">+447831833593<\/a><\/li>\r\n                <li><span class=\"licon-at-sign\"><\/span> <a href=\"mailto:contact@pronoveltydocs.com\">contact@pronoveltydocs.com<\/a><\/li>\r\n\r\n            <\/ul>\r\n\r\n\t\t<\/div><!--\/ .contact-info-block-->\r\n\r\n\t\t<\/div><\/div><\/div><div class=\"wpb_column vc_column_container vc_col-sm-6\"><div class=\"vc_column-inner\"><div class=\"wpb_wrapper\"><div role=\"form\" class=\"wpcf7\" id=\"wpcf7-f985-o1\" lang=\"en-US\" dir=\"ltr\">\n<div class=\"screen-reader-response\"><\/div>\n<form action=\"\/fr\/wp-json\/wp\/v2\/pages\/1205#wpcf7-f985-o1\" method=\"post\" class=\"wpcf7-form\" novalidate=\"novalidate\" data-trp-original-action=\"\/fr\/wp-json\/wp\/v2\/pages\/1205#wpcf7-f985-o1\">\n<div style=\"display: none;\">\n<input type=\"hidden\" name=\"_wpcf7\" value=\"985\" \/>\n<input type=\"hidden\" name=\"_wpcf7_version\" value=\"5.1.4\" \/>\n<input type=\"hidden\" name=\"_wpcf7_locale\" value=\"en_US\" \/>\n<input type=\"hidden\" name=\"_wpcf7_unit_tag\" value=\"wpcf7-f985-o1\" \/>\n<input type=\"hidden\" name=\"_wpcf7_container_post\" value=\"0\" \/>\n<\/div>\n<div class=\"form-style1 fx-cols-2\">\n<div class=\"form-column\"><span class=\"wpcf7-form-control-wrap text-325\"><input type=\"text\" name=\"text-325\" value=\"\" size=\"40\" class=\"wpcf7-form-control wpcf7-text wpcf7-validates-as-required\" aria-required=\"true\" aria-invalid=\"false\" placeholder=\"Votre nom.\" \/><\/span><\/div>\n<div class=\"form-column\"><span class=\"wpcf7-form-control-wrap email-453\"><input type=\"email\" name=\"email-453\" value=\"\" size=\"40\" class=\"wpcf7-form-control wpcf7-text wpcf7-email wpcf7-validates-as-required wpcf7-validates-as-email\" aria-required=\"true\" aria-invalid=\"false\" placeholder=\"Votre courrier\" \/><\/span><\/div>\n<div class=\"form-column\"><span class=\"wpcf7-form-control-wrap tel-411\"><input type=\"tel\" name=\"tel-411\" value=\"\" size=\"40\" class=\"wpcf7-form-control wpcf7-text wpcf7-tel wpcf7-validates-as-required wpcf7-validates-as-tel\" aria-required=\"true\" aria-invalid=\"false\" placeholder=\"num\u00e9ro de t\u00e9l\u00e9phone\" \/><\/span><\/div>\n<div class=\"form-column\"><span class=\"wpcf7-form-control-wrap text-328\"><input type=\"text\" name=\"text-328\" value=\"\" size=\"40\" class=\"wpcf7-form-control wpcf7-text wpcf7-validates-as-required\" aria-required=\"true\" aria-invalid=\"false\" placeholder=\"Votre pays.\" \/><\/span><\/div>\n<div class=\"form-column\"><span class=\"wpcf7-form-control-wrap text-329\"><input type=\"text\" name=\"text-329\" value=\"\" size=\"40\" class=\"wpcf7-form-control wpcf7-text wpcf7-validates-as-required\" aria-required=\"true\" aria-invalid=\"false\" placeholder=\"th\u00e9matique\" \/><\/span><\/div>\n<div class=\"form-column\"><span class=\"wpcf7-form-control-wrap text-330\"><input type=\"text\" name=\"text-330\" value=\"\" size=\"40\" class=\"wpcf7-form-control wpcf7-text wpcf7-validates-as-required\" aria-required=\"true\" aria-invalid=\"false\" placeholder=\"R\u00e9f\u00e9rence aux services\" \/><\/span><\/div>\n<div class=\"form-column-full\"><span class=\"wpcf7-form-control-wrap textarea-117\"><textarea name=\"textarea-117\" cols=\"40\" rows=\"4\" class=\"wpcf7-form-control wpcf7-textarea\" aria-invalid=\"false\" placeholder=\"l&#039;information\"><\/textarea><\/span><\/div>\n<div class=\"form-column-full align-left\"><input type=\"submit\" value=\"Soumettre un message\" class=\"wpcf7-form-control wpcf7-submit\" \/><\/div>\n<\/div>\n<div class=\"wpcf7-response-output wpcf7-display-none\"><\/div><input type=\"hidden\" name=\"trp-form-language\" value=\"fr\"\/><\/form><\/div><\/div><\/div><\/div><\/div><div class=\"vc_row-full-width\"><\/div><div class=\"clearfix\"><\/div>","protected":false},"excerpt":{"rendered":"\u901a\u8fc7 Docsmath.com \u786e\u4fdd\u60a8\u7684\u9a7e\u9a76\u672a\u6765\uff1a\u60a8\u503c\u5f97\u4fe1\u8d56\u7684\u4e2d\u56fd\u9a7e\u9a76\u6267\u7167\u4f9b\u5e94\u5546 \u5728 Docsmath.com [...]","protected":false},"author":1,"featured_media":0,"parent":0,"menu_order":0,"comment_status":"closed","ping_status":"closed","template":"","meta":{"_joinchat":[],"footnotes":""},"yoast_head":"<!-- This site is optimized with the Yoast SEO plugin v24.1 - https:\/\/yoast.com\/wordpress\/plugins\/seo\/ -->\n<title>\u9a7e\u9a76\u6267\u7167\u4e70\u5356 \u2013 \u5728\u7ebf\u8d2d\u4e70\u9a7e\u9a76\u6267\u7167 | DocsMath<\/title>\n<meta name=\"description\" content=\"\u60f3\u5728\u7f51\u4e0a\u8d2d\u4e70\u9a7e\u9a76\u6267\u7167\uff1f\u4e86\u89e3\u5176\u4e2d\u7684\u98ce\u9669\u3001\u6cd5\u5f8b\u540e\u679c\uff0c\u4ee5\u53ca\u5982\u4f55\u901a\u8fc7\u5b98\u65b9\u6e20\u9053\u6b63\u786e\u7533\u8bf7\u9a7e\u9a76\u6267\u7167\u3002\" \/>\n<meta name=\"robots\" content=\"index, follow, max-snippet:-1, max-image-preview:large, max-video-preview:-1\" \/>\n<link rel=\"canonical\" href=\"https:\/\/docsmath.com\/fr\/\u5728\u7ebf\u8d2d\u4e70\u9a7e\u9a76\u6267\u7167\/\" \/>\n<meta property=\"og:locale\" content=\"fr_CA\" \/>\n<meta property=\"og:type\" content=\"article\" \/>\n<meta property=\"og:title\" content=\"\u9a7e\u9a76\u6267\u7167\u4e70\u5356 \u2013 \u5728\u7ebf\u8d2d\u4e70\u9a7e\u9a76\u6267\u7167 | DocsMath\" \/>\n<meta property=\"og:description\" content=\"\u60f3\u5728\u7f51\u4e0a\u8d2d\u4e70\u9a7e\u9a76\u6267\u7167\uff1f\u4e86\u89e3\u5176\u4e2d\u7684\u98ce\u9669\u3001\u6cd5\u5f8b\u540e\u679c\uff0c\u4ee5\u53ca\u5982\u4f55\u901a\u8fc7\u5b98\u65b9\u6e20\u9053\u6b63\u786e\u7533\u8bf7\u9a7e\u9a76\u6267\u7167\u3002\" \/>\n<meta property=\"og:url\" content=\"https:\/\/docsmath.com\/fr\/\u5728\u7ebf\u8d2d\u4e70\u9a7e\u9a76\u6267\u7167\/\" \/>\n<meta property=\"og:site_name\" content=\"DocsMath\" \/>\n<meta property=\"article:modified_time\" content=\"2026-03-28T04:41:52+00:00\" \/>\n<meta name=\"twitter:card\" content=\"summary_large_image\" \/>\n<meta name=\"twitter:label1\" content=\"Estimation du temps de lecture\" \/>\n\t<meta name=\"twitter:data1\" content=\"1 minute\" \/>\n<script type=\"application\/ld+json\" class=\"yoast-schema-graph\">{\"@context\":\"https:\/\/schema.org\",\"@graph\":[{\"@type\":\"WebPage\",\"@id\":\"https:\/\/docsmath.com\/%e5%9c%a8%e7%ba%bf%e8%b4%ad%e4%b9%b0%e9%a9%be%e9%a9%b6%e6%89%a7%e7%85%a7\/\",\"url\":\"https:\/\/docsmath.com\/%e5%9c%a8%e7%ba%bf%e8%b4%ad%e4%b9%b0%e9%a9%be%e9%a9%b6%e6%89%a7%e7%85%a7\/\",\"name\":\"\u9a7e\u9a76\u6267\u7167\u4e70\u5356 \u2013 \u5728\u7ebf\u8d2d\u4e70\u9a7e\u9a76\u6267\u7167 | DocsMath\",\"isPartOf\":{\"@id\":\"https:\/\/docsmath.com\/#website\"},\"datePublished\":\"2024-02-26T12:03:57+00:00\",\"dateModified\":\"2026-03-28T04:41:52+00:00\",\"description\":\"\u60f3\u5728\u7f51\u4e0a\u8d2d\u4e70\u9a7e\u9a76\u6267\u7167\uff1f\u4e86\u89e3\u5176\u4e2d\u7684\u98ce\u9669\u3001\u6cd5\u5f8b\u540e\u679c\uff0c\u4ee5\u53ca\u5982\u4f55\u901a\u8fc7\u5b98\u65b9\u6e20\u9053\u6b63\u786e\u7533\u8bf7\u9a7e\u9a76\u6267\u7167\u3002\",\"breadcrumb\":{\"@id\":\"https:\/\/docsmath.com\/%e5%9c%a8%e7%ba%bf%e8%b4%ad%e4%b9%b0%e9%a9%be%e9%a9%b6%e6%89%a7%e7%85%a7\/#breadcrumb\"},\"inLanguage\":\"fr-CA\",\"potentialAction\":[{\"@type\":\"ReadAction\",\"target\":[\"https:\/\/docsmath.com\/%e5%9c%a8%e7%ba%bf%e8%b4%ad%e4%b9%b0%e9%a9%be%e9%a9%b6%e6%89%a7%e7%85%a7\/\"]}]},{\"@type\":\"BreadcrumbList\",\"@id\":\"https:\/\/docsmath.com\/%e5%9c%a8%e7%ba%bf%e8%b4%ad%e4%b9%b0%e9%a9%be%e9%a9%b6%e6%89%a7%e7%85%a7\/#breadcrumb\",\"itemListElement\":[{\"@type\":\"ListItem\",\"position\":1,\"name\":\"Home\",\"item\":\"https:\/\/docsmath.com\/\"},{\"@type\":\"ListItem\",\"position\":2,\"name\":\"\u5728\u7ebf\u8d2d\u4e70\u9a7e\u9a76\u6267\u7167\"}]},{\"@type\":\"WebSite\",\"@id\":\"https:\/\/docsmath.com\/#website\",\"url\":\"https:\/\/docsmath.com\/\",\"name\":\"DocsMath\",\"description\":\"#1 Place to Buy Documents &amp; Chemical Products\",\"potentialAction\":[{\"@type\":\"SearchAction\",\"target\":{\"@type\":\"EntryPoint\",\"urlTemplate\":\"https:\/\/docsmath.com\/?s={search_term_string}\"},\"query-input\":{\"@type\":\"PropertyValueSpecification\",\"valueRequired\":true,\"valueName\":\"search_term_string\"}}],\"inLanguage\":\"fr-CA\"}]}<\/script>\n<!-- \/ Yoast SEO plugin. -->","yoast_head_json":{"title":"\u9a7e\u9a76\u6267\u7167\u4e70\u5356 \u2013 \u5728\u7ebf\u8d2d\u4e70\u9a7e\u9a76\u6267\u7167 | DocsMath","description":"\u60f3\u5728\u7f51\u4e0a\u8d2d\u4e70\u9a7e\u9a76\u6267\u7167\uff1f\u4e86\u89e3\u5176\u4e2d\u7684\u98ce\u9669\u3001\u6cd5\u5f8b\u540e\u679c\uff0c\u4ee5\u53ca\u5982\u4f55\u901a\u8fc7\u5b98\u65b9\u6e20\u9053\u6b63\u786e\u7533\u8bf7\u9a7e\u9a76\u6267\u7167\u3002","robots":{"index":"index","follow":"follow","max-snippet":"max-snippet:-1","max-image-preview":"max-image-preview:large","max-video-preview":"max-video-preview:-1"},"canonical":"https:\/\/docsmath.com\/fr\/\u5728\u7ebf\u8d2d\u4e70\u9a7e\u9a76\u6267\u7167\/","og_locale":"fr_CA","og_type":"article","og_title":"\u9a7e\u9a76\u6267\u7167\u4e70\u5356 \u2013 \u5728\u7ebf\u8d2d\u4e70\u9a7e\u9a76\u6267\u7167 | DocsMath","og_description":"\u60f3\u5728\u7f51\u4e0a\u8d2d\u4e70\u9a7e\u9a76\u6267\u7167\uff1f\u4e86\u89e3\u5176\u4e2d\u7684\u98ce\u9669\u3001\u6cd5\u5f8b\u540e\u679c\uff0c\u4ee5\u53ca\u5982\u4f55\u901a\u8fc7\u5b98\u65b9\u6e20\u9053\u6b63\u786e\u7533\u8bf7\u9a7e\u9a76\u6267\u7167\u3002","og_url":"https:\/\/docsmath.com\/fr\/\u5728\u7ebf\u8d2d\u4e70\u9a7e\u9a76\u6267\u7167\/","og_site_name":"DocsMath","article_modified_time":"2026-03-28T04:41:52+00:00","twitter_card":"summary_large_image","twitter_misc":{"Estimation du temps de lecture":"1 minute"},"schema":{"@context":"https:\/\/schema.org","@graph":[{"@type":"WebPage","@id":"https:\/\/docsmath.com\/%e5%9c%a8%e7%ba%bf%e8%b4%ad%e4%b9%b0%e9%a9%be%e9%a9%b6%e6%89%a7%e7%85%a7\/","url":"https:\/\/docsmath.com\/%e5%9c%a8%e7%ba%bf%e8%b4%ad%e4%b9%b0%e9%a9%be%e9%a9%b6%e6%89%a7%e7%85%a7\/","name":"\u9a7e\u9a76\u6267\u7167\u4e70\u5356 \u2013 \u5728\u7ebf\u8d2d\u4e70\u9a7e\u9a76\u6267\u7167 | DocsMath","isPartOf":{"@id":"https:\/\/docsmath.com\/#website"},"datePublished":"2024-02-26T12:03:57+00:00","dateModified":"2026-03-28T04:41:52+00:00","description":"\u60f3\u5728\u7f51\u4e0a\u8d2d\u4e70\u9a7e\u9a76\u6267\u7167\uff1f\u4e86\u89e3\u5176\u4e2d\u7684\u98ce\u9669\u3001\u6cd5\u5f8b\u540e\u679c\uff0c\u4ee5\u53ca\u5982\u4f55\u901a\u8fc7\u5b98\u65b9\u6e20\u9053\u6b63\u786e\u7533\u8bf7\u9a7e\u9a76\u6267\u7167\u3002","breadcrumb":{"@id":"https:\/\/docsmath.com\/%e5%9c%a8%e7%ba%bf%e8%b4%ad%e4%b9%b0%e9%a9%be%e9%a9%b6%e6%89%a7%e7%85%a7\/#breadcrumb"},"inLanguage":"fr-CA","potentialAction":[{"@type":"ReadAction","target":["https:\/\/docsmath.com\/%e5%9c%a8%e7%ba%bf%e8%b4%ad%e4%b9%b0%e9%a9%be%e9%a9%b6%e6%89%a7%e7%85%a7\/"]}]},{"@type":"BreadcrumbList","@id":"https:\/\/docsmath.com\/%e5%9c%a8%e7%ba%bf%e8%b4%ad%e4%b9%b0%e9%a9%be%e9%a9%b6%e6%89%a7%e7%85%a7\/#breadcrumb","itemListElement":[{"@type":"ListItem","position":1,"name":"Home","item":"https:\/\/docsmath.com\/"},{"@type":"ListItem","position":2,"name":"\u5728\u7ebf\u8d2d\u4e70\u9a7e\u9a76\u6267\u7167"}]},{"@type":"WebSite","@id":"https:\/\/docsmath.com\/#website","url":"https:\/\/docsmath.com\/","name":"DocsMath","description":"#1 Place to Buy Documents &amp; Chemical Products","potentialAction":[{"@type":"SearchAction","target":{"@type":"EntryPoint","urlTemplate":"https:\/\/docsmath.com\/?s={search_term_string}"},"query-input":{"@type":"PropertyValueSpecification","valueRequired":true,"valueName":"search_term_string"}}],"inLanguage":"fr-CA"}]}},"_links":{"self":[{"href":"https:\/\/docsmath.com\/fr\/wp-json\/wp\/v2\/pages\/1205"}],"collection":[{"href":"https:\/\/docsmath.com\/fr\/wp-json\/wp\/v2\/pages"}],"about":[{"href":"https:\/\/docsmath.com\/fr\/wp-json\/wp\/v2\/types\/page"}],"author":[{"embeddable":true,"href":"https:\/\/docsmath.com\/fr\/wp-json\/wp\/v2\/users\/1"}],"replies":[{"embeddable":true,"href":"https:\/\/docsmath.com\/fr\/wp-json\/wp\/v2\/comments?post=1205"}],"version-history":[{"count":6,"href":"https:\/\/docsmath.com\/fr\/wp-json\/wp\/v2\/pages\/1205\/revisions"}],"predecessor-version":[{"id":1416,"href":"https:\/\/docsmath.com\/fr\/wp-json\/wp\/v2\/pages\/1205\/revisions\/1416"}],"wp:attachment":[{"href":"https:\/\/docsmath.com\/fr\/wp-json\/wp\/v2\/media?parent=1205"}],"curies":[{"name":"wp","href":"https:\/\/api.w.org\/{rel}","templated":true}]}}