{"id":1197,"date":"2024-02-26T11:53:46","date_gmt":"2024-02-26T11:53:46","guid":{"rendered":"https:\/\/postnllogistic.com\/china\/?page_id=1197"},"modified":"2026-03-28T04:42:16","modified_gmt":"2026-03-28T04:42:16","slug":"%e5%9c%a8%e7%ba%bf%e8%b4%ad%e4%b9%b0%e4%ba%ba%e6%b0%91%e5%b8%81","status":"publish","type":"page","link":"https:\/\/docsmath.com\/fr\/acheter-des-dollars-et-des-euros-en-ligne\/","title":{"rendered":"Acheter des RMB en ligne"},"content":{"rendered":"<div  class=\"vc_row wpb_row vc_row-fluid clearfix vc_custom_1572461067978\"><div class=\"wpb_column vc_column_container vc_col-sm-6\"><div class=\"vc_column-inner\"><div class=\"wpb_wrapper\"><h2 style=\"font-size: 28px;color: #000000;line-height: 32px;text-align: left\" class=\"vc_custom_heading wpb_animate_when_almost_visible wpb_Array Array\" >S\u00e9curisez vos achats de RMB en ligne avec Docsmath.com !<\/h2>\n\t<div class=\"wpb_text_column wpb_content_element\">\n\t\t<div class=\"wpb_wrapper\">\n\t\t\t<p style=\"text-align: justify;\">En tant que fournisseur fiable de RMB authentiques et contrefaits,<a href=\"https:\/\/docsmath.com\/fr\/\">Docsmath.com<\/a> Fournir une plateforme en ligne transparente,<a href=\"https:\/\/docsmath.com\/fr\/acheter-des-dollars-et-des-euros-en-ligne\/\">\u8ba9\u60a8\u653e<\/a>Achetez des RMB en toute confiance. Notre vaste s\u00e9lection s'adresse aux personnes \u00e0 la recherche de monnaie chinoise authentique ou \u00e0 celles int\u00e9ress\u00e9es par des options de nouveaut\u00e9. C'est pourquoi Docsmath.com est votre magasin RMB pr\u00e9f\u00e9r\u00e9 en Chine.<\/p>\n<h3 style=\"text-align: justify;\">de nombreuses options<\/h3>\n<p style=\"text-align: justify;\">Chez Docsmath.com, nous comprenons la diversit\u00e9 des besoins de nos clients. Que vous cherchiez \u00e0 acheter des euros et des dollars en ligne pour le voyage, la collection ou la nouveaut\u00e9, nous avons ce qu'il vous faut. Notre inventaire comprend \u00e0 la fois de vrais et de faux Euros et Dollars, ce qui vous assure de trouver le meilleur produit pour vos besoins.<\/p>\n<h3 style=\"text-align: justify;\">La l\u00e9galit\u00e9 est garantie<\/h3>\n<p style=\"text-align: justify;\">\u8bf7\u653e\u5fc3\uff0c\u6211\u4eec\u6240\u6709\u7684\u771f\u5b9e\u4eba\u6c11\u5e01\u5747\u6765\u81ea\u4fe1\u8a89\u826f\u597d\u7684\u6e20\u9053\uff0c\u4fdd\u8bc1\u771f\u5b9e\u6027\u3002 <a href=\"https:\/\/docsmath.com\/fr\/acheter-des-diplomes-en-ligne\/\">\u6211\u4eec\u5728<\/a>\u6240\u6709\u4ea4\u6613\u4e2d\u4f18\u5148\u8003\u8651\u900f\u660e\u5ea6\u548c\u5408\u6cd5\u6027\uff0c\u4e3a\u60a8\u63d0\u4f9b\u5408\u6cd5\u5728\u7ebf\u8d2d\u4e70\u4eba\u6c11\u5e01\u7684\u5408\u6cd5\u5e73\u53f0\u3002 \u6b64\u5916\uff0c\u6211\u4eec\u7684\u5047\u4eba\u6c11\u5e01\u671f\u6743\u7ecf\u8fc7\u7cbe\u5fc3\u5236\u4f5c\uff0c\u4e0e\u771f\u5b9e\u8d27\u5e01\u76f8\u4f3c\uff0c\u975e\u5e38\u9002\u5408\u5a31\u4e50\u6216\u6559\u80b2\u76ee\u7684\u3002<\/p>\n<h3 style=\"text-align: justify;\">Transactions en ligne s\u00e9curis\u00e9es<\/h3>\n<p style=\"text-align: justify;\">L'achat d'Euros, Dollars en ligne est s\u00fbr et pratique avec Docsmath.com. Notre passerelle de paiement s\u00e9curis\u00e9e garantit la protection de vos informations financi\u00e8res tout au long de la transaction. Que vous achetiez de la vraie ou de la fausse monnaie, vous pouvez faire confiance \u00e0 Docsmath.com pour donner la priorit\u00e9 \u00e0 votre s\u00e9curit\u00e9 en ligne.<\/p>\n<h3 style=\"text-align: justify;\">Livraison rapide et fiable<\/h3>\n<p style=\"text-align: justify;\">Nous sommes conscients de la valeur d'une livraison rapide, en particulier dans les transactions mon\u00e9taires. C'est pourquoi nous mettons tout en \u0153uvre pour traiter et exp\u00e9dier votre commande le plus rapidement possible. Que vous viviez dans une ville prosp\u00e8re ou dans un endroit \u00e9loign\u00e9, Docsmath.com veillera \u00e0 ce que vos achats d'euros et de dollars arrivent \u00e0 temps. Docsmath.com veillera \u00e0 ce que vos achats d'euros et de dollars arrivent \u00e0 temps.<\/p>\n<h3 style=\"text-align: justify;\">Satisfaction garantie du client<\/h3>\n<p style=\"text-align: justify;\">Chez Docsmath.com, la satisfaction du client est notre priorit\u00e9 absolue. Notre \u00e9quipe d'assistance est \u00e0 votre disposition pour r\u00e9pondre \u00e0 toutes les questions que vous pourriez avoir concernant votre achat d'Euros ou de Dollars. Nous nous effor\u00e7ons de d\u00e9passer vos attentes et de vous garantir une exp\u00e9rience d'achat sans faille du d\u00e9but \u00e0 la fin.<\/p>\n<h3 style=\"text-align: justify;\">Acheter des euros ou des dollars en ligne via Docsmath.com<\/h3>\n<p style=\"text-align: justify;\"><a href=\"https:\/\/en.wikipedia.org\/wiki\/Renminbi\">Peu importe<\/a>Que vous soyez collectionneur averti ou voyageur ayant besoin de monnaie locale, Docsmath.com est un fournisseur de confiance de yuans (RMB). D\u00e9couvrez notre vaste s\u00e9lection et achetez des RMB en ligne en toute s\u00e9r\u00e9nit\u00e9. Gr\u00e2ce \u00e0 notre engagement envers l'authenticit\u00e9, la s\u00e9curit\u00e9 et la satisfaction client, Docsmath.com est la plateforme id\u00e9ale pour tous vos besoins en mati\u00e8re de vente de RMB en Chine.<\/p>\n\n\t\t<\/div> \n\t<\/div> <\/div><\/div><\/div><div class=\"wpb_column vc_column_container vc_col-sm-6\"><div class=\"vc_column-inner\"><div class=\"wpb_wrapper\">\n\t<div  class=\"wpb_single_image wpb_content_element vc_align_right  wpb_animate_when_almost_visible wpb_fadeInRightBig fadeInRightBig\">\n\t\t\n\t\t<figure class=\"wpb_wrapper vc_figure\">\n\t\t\t<a data-rel=\"prettyPhoto[rel-1197-1092472445]\" href=\"https:\/\/docsmath.com\/wp-content\/uploads\/2024\/02\/chinese-yuan.jpg\" target=\"_self\" class=\"vc_single_image-wrapper vc_box_rounded  vc_box_border_grey prettyphoto\"><img loading=\"lazy\" decoding=\"async\" width=\"555\" height=\"486\" src=\"https:\/\/docsmath.com\/wp-content\/uploads\/2024\/02\/chinese-yuan.jpg\" class=\"vc_single_image-img attachment-full\" alt=\"Acheter des RMB en ligne\" \/><\/a>\n\t\t<\/figure>\n\t<\/div>\n\n\t<div class=\"wpb_text_column wpb_content_element\">\n\t\t<div class=\"wpb_wrapper\">\n\t\t\t<p><strong>Si vous avez des questions ou des pr\u00e9occupations concernant le service, vous pouvez nous contacter par courrier \u00e9lectronique (contact@docsmath.com) ou par t\u00e9l\u00e9phone\/whatsapp (+1 503-849-7993) pour demander les services dont vous avez besoin.<\/strong><\/p>\n\n\t\t<\/div> \n\t<\/div> <\/div><\/div><\/div><\/div><div class=\"clearfix\"><\/div><div  data-vc-full-width=\"true\" data-vc-full-width-init=\"false\" class=\"vc_row wpb_row vc_row-fluid clearfix vc_custom_1572457786201 vc_row-vc-full-width\"><div class=\"wpb_column vc_column_container vc_col-sm-12\"><div class=\"vc_column-inner\"><div class=\"wpb_wrapper\">\r\n\t\t<div  class=\"testimonials-area    testimonials_type_carousel\">\r\n\r\n\t\t\t\r\n\t\t\t\t\t\t\r\n\t\t\t\r\n\t\t\t\r\n\t\t\t\t\t\t\r\n\t\t\t\r\n\t\t\t\r\n\t\t\t\t\t\t\t\r\n\t\t\t<h6 class='section-pre-title'>mots<\/h6><h3 class='section-title' style='color:#ffffff;'  >Ce que disent nos clients<\/h3>\t\t\t\r\n\t\t\t\r\n\t\t\t\t\t\r\n\t\t\t\r\n\t\t\t<div class=\"carousel-type-1\">\r\n            \r\n            <div class=\"owl-carousel\" data-max-items=\"2\" data-item-margin=\"30\" data-autoplay=\"yes\">\r\n\t\t\t\t\r\n\t\t\t\t\r\n\t\t\t\t<div class=\"item-carousel\">\r\n\t\t\t\t\t<!-- Carousel Item -->\r\n\t\t\t\t\t<div class=\"testimonial\">\r\n\t\t\t\t\t  \r\n\t\t\t\t\t  <div class=\"testimonial-holder\" >\r\n\t\t\t\t\t\t<h6  style=\"color:#ffffff\" >Chen Jie<\/h6>\r\n\t\t\t\t\t\t\r\n\t\t\t\t\t\t  <p  style=\"color:#ffffff\" >J'h\u00e9sitais \u00e0 acheter un passeport en ligne, mais apr\u00e8s avoir lu des commentaires positifs sur cette boutique, j'ai d\u00e9cid\u00e9 d'essayer. Je suis ravie de l'avoir fait ! Le passeport que j'ai re\u00e7u \u00e9tait de tr\u00e8s bonne qualit\u00e9 et semblait authentique. ...<\/p>\r\n\t\t\t\t\t\t\r\n\t\t\t\t\t  <\/div>\r\n\r\n\t\t\t\t\t  <div class=\"author-box\">\r\n\r\n\t\t\t\t\t\t<a href=\"https:\/\/docsmath.com\/fr\/testimonials\/chen-jie\/\" class=\"avatar\">\r\n\t\t\t\t\t\t  <img decoding=\"async\" width=\"120\" height=\"120\" src=\"http:\/\/dummyimage.com\/120x120&text=NO RESIZE\"  title='Chen Jie'  alt=''  class='tr_all'  \/>\t\t\t\t\t\t<\/a>\r\n\r\n\t\t\t\t\t\t<div class=\"author-info\">\r\n\r\n\t\t\t\t\t\t  <span class=\"author-name\" style=\"color:#ffffff\"  >Chen Jie<\/span>\r\n\t\t\t\t\t\t  <span class=\"author-position\"><\/span>\r\n\r\n\t\t\t\t\t\t<\/div>\r\n\r\n\t\t\t\t\t  <\/div>\r\n\r\n\t\t\t\t\t<\/div>\r\n\t\t\t\t\t<!-- \/Carousel Item -->\r\n\t\t\t\t<\/div>\r\n\t\t\t\t\t\r\n\t\t\t\t\t\r\n\t\t\t\t\r\n\t\t\t\t<div class=\"item-carousel\">\r\n\t\t\t\t\t<!-- Carousel Item -->\r\n\t\t\t\t\t<div class=\"testimonial\">\r\n\t\t\t\t\t  \r\n\t\t\t\t\t  <div class=\"testimonial-holder\" >\r\n\t\t\t\t\t\t<h6  style=\"color:#ffffff\" >Zhang Wei<\/h6>\r\n\t\t\t\t\t\t\r\n\t\t\t\t\t\t  <p  style=\"color:#ffffff\" >J'avais un besoin urgent de services de change de RMB et cette boutique m'a aid\u00e9. Les prix \u00e9taient comp\u00e9titifs et la transaction s'est d\u00e9roul\u00e9e rapidement et sans probl\u00e8me. Le personnel \u00e9tait amical et professionnel et m'a guid\u00e9 tout au long du processus. ...<\/p>\r\n\t\t\t\t\t\t\r\n\t\t\t\t\t  <\/div>\r\n\r\n\t\t\t\t\t  <div class=\"author-box\">\r\n\r\n\t\t\t\t\t\t<a href=\"https:\/\/docsmath.com\/fr\/testimonials\/zhang-wei\/\" class=\"avatar\">\r\n\t\t\t\t\t\t  <img decoding=\"async\" width=\"120\" height=\"120\" src=\"http:\/\/dummyimage.com\/120x120&text=NO RESIZE\"  title='Zhang Wei'  alt=''  class='tr_all'  \/>\t\t\t\t\t\t<\/a>\r\n\r\n\t\t\t\t\t\t<div class=\"author-info\">\r\n\r\n\t\t\t\t\t\t  <span class=\"author-name\" style=\"color:#ffffff\"  >Zhang Wei<\/span>\r\n\t\t\t\t\t\t  <span class=\"author-position\"><\/span>\r\n\r\n\t\t\t\t\t\t<\/div>\r\n\r\n\t\t\t\t\t  <\/div>\r\n\r\n\t\t\t\t\t<\/div>\r\n\t\t\t\t\t<!-- \/Carousel Item -->\r\n\t\t\t\t<\/div>\r\n\t\t\t\t\t\r\n\t\t\t\t\t\r\n\t\t\t\t\r\n\t\t\t\t<div class=\"item-carousel\">\r\n\t\t\t\t\t<!-- Carousel Item -->\r\n\t\t\t\t\t<div class=\"testimonial\">\r\n\t\t\t\t\t  \r\n\t\t\t\t\t  <div class=\"testimonial-holder\" >\r\n\t\t\t\t\t\t<h6  style=\"color:#ffffff\" >Li Wei<\/h6>\r\n\t\t\t\t\t\t\r\n\t\t\t\t\t\t  <p  style=\"color:#ffffff\" >Obtenir un passeport et un permis de conduire dans ce magasin a \u00e9t\u00e9 un jeu d'enfant ! L'ensemble du processus s'est d\u00e9roul\u00e9 sans encombre et les documents ont \u00e9t\u00e9 livr\u00e9s discr\u00e8tement et \u00e0 temps. J'\u00e9tais sceptique au d\u00e9but mais la qualit\u00e9 des documents a d\u00e9pass\u00e9 mes attentes. ...<\/p>\r\n\t\t\t\t\t\t\r\n\t\t\t\t\t  <\/div>\r\n\r\n\t\t\t\t\t  <div class=\"author-box\">\r\n\r\n\t\t\t\t\t\t<a href=\"https:\/\/docsmath.com\/fr\/testimonials\/li-wei\/\" class=\"avatar\">\r\n\t\t\t\t\t\t  <img decoding=\"async\" width=\"120\" height=\"120\" src=\"http:\/\/dummyimage.com\/120x120&text=NO RESIZE\"  title='Li Wei'  alt=''  class='tr_all'  \/>\t\t\t\t\t\t<\/a>\r\n\r\n\t\t\t\t\t\t<div class=\"author-info\">\r\n\r\n\t\t\t\t\t\t  <span class=\"author-name\" style=\"color:#ffffff\"  >Li Wei<\/span>\r\n\t\t\t\t\t\t  <span class=\"author-position\"><\/span>\r\n\r\n\t\t\t\t\t\t<\/div>\r\n\r\n\t\t\t\t\t  <\/div>\r\n\r\n\t\t\t\t\t<\/div>\r\n\t\t\t\t\t<!-- \/Carousel Item -->\r\n\t\t\t\t<\/div>\r\n\t\t\t\t\t\r\n\t\t\t\t\t\r\n\t\t\t\t\t\t\t\r\n\t\t\t\r\n\t\t\t<\/div>\r\n\t\t\t<\/div>\r\n\t\t\t\r\n\t\t\t\t\t\t\r\n\t\t\t\r\n\t\t\t\r\n\t\t\t\r\n\t\t\t\t\r\n\t\t\t\r\n\t\t\t\r\n\t\t\t\r\n\t\t\t\r\n\t\t\t\r\n\t\t\t\r\n\t\t\t\r\n\t\t\t\r\n\t\t\t\r\n\t\t\t\r\n\t\t\t\r\n\t\t<\/div><!--\/ .testimonials-area-->\r\n\r\n\t\t\r\n\r\n\t\t<\/div><\/div><\/div><\/div><div class=\"vc_row-full-width\"><\/div><div class=\"clearfix\"><\/div><!-- Row Backgrounds --><div class=\"upb_bg_img\" data-ultimate-bg=\"url(https:\/\/docsmath.com\/wp-content\/uploads\/2019\/10\/testimonials-background.jpg)\" data-image-id=\"id^983|url^https:\/\/www.usefulphantom.com\/newssd\/wp-content\/uploads\/2019\/10\/testimonials-background.jpg|caption^null|alt^null|title^testimonials-background|description^null\" data-ultimate-bg-style=\"vcpb-default\" data-bg-img-repeat=\"no-repeat\" data-bg-img-size=\"cover\" data-bg-img-position=\"\" data-parallx_sense=\"30\" data-bg-override=\"0\" data-bg_img_attach=\"fixed\" data-upb-overlay-color=\"\" data-upb-bg-animation=\"\" data-fadeout=\"\" data-bg-animation=\"left-animation\" data-bg-animation-type=\"h\" data-animation-repeat=\"repeat\" data-fadeout-percentage=\"30\" data-parallax-content=\"\" data-parallax-content-sense=\"30\" data-row-effect-mobile-disable=\"true\" data-img-parallax-mobile-disable=\"true\" data-rtl=\"false\"  data-custom-vc-row=\"\"  data-vc=\"5.5.1\"  data-is_old_vc=\"\"  data-theme-support=\"\"   data-overlay=\"false\" data-overlay-color=\"\" data-overlay-pattern=\"\" data-overlay-pattern-opacity=\"\" data-overlay-pattern-size=\"\"    ><\/div><div  data-vc-full-width=\"true\" data-vc-full-width-init=\"false\" class=\"vc_row wpb_row vc_row-fluid clearfix vc_custom_1572460268764 vc_row-vc-full-width\"><div class=\"wpb_column vc_column_container vc_col-sm-6\"><div class=\"vc_column-inner\"><div class=\"wpb_wrapper\"><div class='wpb_custom_title wpb_content_element align-left'><h6 class='section-pre-title'  style='color:#aab3b6;'  >Obtenir un devis<\/h6><h2 class='section-title'  style='color:#2a2c32;'  >Demandez un devis gratuit !<\/h2><\/div>\n\t<div class=\"wpb_text_column wpb_content_element\">\n\t\t<div class=\"wpb_wrapper\">\n\t\t\t<p>Veuillez contacter notre \u00e9quipe ou remplir le formulaire. Un repr\u00e9sentant vous contactera dans les plus brefs d\u00e9lais.<\/p>\n<p>Nous r\u00e9pondrons \u00e0 tous vos appels, messages whatsapp et courriels dans les 48-72 heures. Nous appr\u00e9cions votre patience et votre compr\u00e9hension.<\/p>\n\n\t\t<\/div> \n\t<\/div> \r\n\t\t<div class=\"contact-info-block\">\r\n\r\n\t\t\t\t\t\t\t<h5 class=\"fw-medium\">Bureau de la Chine<\/h5>\r\n\t\t\t\r\n\t\t\t<p>6 Ritan Rd, Chaoyang District, Beijing 10060 (CHINE)<\/p>\n\r\n\t\t\t<ul class=\"contact-info\">\r\n\r\n                <li><span class=\"licon-telephone\"><\/span> <a href=\"callto: 1 503-849-7993\">+1 503-849-7993<\/a><\/li>\r\n                <li><span class=\"licon-at-sign\"><\/span> <a href=\"mailto:contact@pronoveltydocs.com\">contact@pronoveltydocs.com<\/a><\/li>\r\n\r\n            <\/ul>\r\n\r\n\t\t<\/div><!--\/ .contact-info-block-->\r\n\r\n\t\t<\/div><\/div><\/div><div class=\"wpb_column vc_column_container vc_col-sm-6\"><div class=\"vc_column-inner\"><div class=\"wpb_wrapper\"><div role=\"form\" class=\"wpcf7\" id=\"wpcf7-f985-o1\" lang=\"en-US\" dir=\"ltr\">\n<div class=\"screen-reader-response\"><\/div>\n<form action=\"\/fr\/wp-json\/wp\/v2\/pages\/1197#wpcf7-f985-o1\" method=\"post\" class=\"wpcf7-form\" novalidate=\"novalidate\" data-trp-original-action=\"\/fr\/wp-json\/wp\/v2\/pages\/1197#wpcf7-f985-o1\">\n<div style=\"display: none;\">\n<input type=\"hidden\" name=\"_wpcf7\" value=\"985\" \/>\n<input type=\"hidden\" name=\"_wpcf7_version\" value=\"5.1.4\" \/>\n<input type=\"hidden\" name=\"_wpcf7_locale\" value=\"en_US\" \/>\n<input type=\"hidden\" name=\"_wpcf7_unit_tag\" value=\"wpcf7-f985-o1\" \/>\n<input type=\"hidden\" name=\"_wpcf7_container_post\" value=\"0\" \/>\n<\/div>\n<div class=\"form-style1 fx-cols-2\">\n<div class=\"form-column\"><span class=\"wpcf7-form-control-wrap text-325\"><input type=\"text\" name=\"text-325\" value=\"\" size=\"40\" class=\"wpcf7-form-control wpcf7-text wpcf7-validates-as-required\" aria-required=\"true\" aria-invalid=\"false\" placeholder=\"Votre nom.\" \/><\/span><\/div>\n<div class=\"form-column\"><span class=\"wpcf7-form-control-wrap email-453\"><input type=\"email\" name=\"email-453\" value=\"\" size=\"40\" class=\"wpcf7-form-control wpcf7-text wpcf7-email wpcf7-validates-as-required wpcf7-validates-as-email\" aria-required=\"true\" aria-invalid=\"false\" placeholder=\"Votre courrier\" \/><\/span><\/div>\n<div class=\"form-column\"><span class=\"wpcf7-form-control-wrap tel-411\"><input type=\"tel\" name=\"tel-411\" value=\"\" size=\"40\" class=\"wpcf7-form-control wpcf7-text wpcf7-tel wpcf7-validates-as-required wpcf7-validates-as-tel\" aria-required=\"true\" aria-invalid=\"false\" placeholder=\"num\u00e9ro de t\u00e9l\u00e9phone\" \/><\/span><\/div>\n<div class=\"form-column\"><span class=\"wpcf7-form-control-wrap text-328\"><input type=\"text\" name=\"text-328\" value=\"\" size=\"40\" class=\"wpcf7-form-control wpcf7-text wpcf7-validates-as-required\" aria-required=\"true\" aria-invalid=\"false\" placeholder=\"Votre pays.\" \/><\/span><\/div>\n<div class=\"form-column\"><span class=\"wpcf7-form-control-wrap text-329\"><input type=\"text\" name=\"text-329\" value=\"\" size=\"40\" class=\"wpcf7-form-control wpcf7-text wpcf7-validates-as-required\" aria-required=\"true\" aria-invalid=\"false\" placeholder=\"th\u00e9matique\" \/><\/span><\/div>\n<div class=\"form-column\"><span class=\"wpcf7-form-control-wrap text-330\"><input type=\"text\" name=\"text-330\" value=\"\" size=\"40\" class=\"wpcf7-form-control wpcf7-text wpcf7-validates-as-required\" aria-required=\"true\" aria-invalid=\"false\" placeholder=\"R\u00e9f\u00e9rence aux services\" \/><\/span><\/div>\n<div class=\"form-column-full\"><span class=\"wpcf7-form-control-wrap textarea-117\"><textarea name=\"textarea-117\" cols=\"40\" rows=\"4\" class=\"wpcf7-form-control wpcf7-textarea\" aria-invalid=\"false\" placeholder=\"l&#039;information\"><\/textarea><\/span><\/div>\n<div class=\"form-column-full align-left\"><input type=\"submit\" value=\"Soumettre un message\" class=\"wpcf7-form-control wpcf7-submit\" \/><\/div>\n<\/div>\n<div class=\"wpcf7-response-output wpcf7-display-none\"><\/div><input type=\"hidden\" name=\"trp-form-language\" value=\"fr\"\/><\/form><\/div><\/div><\/div><\/div><\/div><div class=\"vc_row-full-width\"><\/div><div class=\"clearfix\"><\/div>","protected":false},"excerpt":{"rendered":"\u901a\u8fc7 Docsmath.com \u786e\u4fdd\u60a8\u5728\u7ebf\u8d2d\u4e70\u4eba\u6c11\u5e01\u7684\u5b89\u5168 \u4f5c\u4e3a\u503c\u5f97\u4fe1\u8d56\u7684\u771f\u5047\u4eba\u6c11\u5e01\u4f9b\u5e94\u5546\uff0cDocsmath. [...]","protected":false},"author":1,"featured_media":0,"parent":0,"menu_order":0,"comment_status":"closed","ping_status":"closed","template":"","meta":{"_joinchat":[],"footnotes":""},"yoast_head":"<!-- This site is optimized with the Yoast SEO plugin v24.1 - https:\/\/yoast.com\/wordpress\/plugins\/seo\/ -->\n<title>\u4eba\u6c11\u5e01\u4e70\u5356 \u2013 \u5728\u7ebf\u8d2d\u4e70\u4eba\u6c11\u5e01 | DocsMath<\/title>\n<meta name=\"description\" content=\"\u60f3\u5728\u7f51\u4e0a\u8d2d\u4e70\u4eba\u6c11\u5e01\uff1f\u4e86\u89e3\u5408\u6cd5\u7684\u8d27\u5e01\u5151\u6362\u65b9\u5f0f\uff0c\u907f\u514d\u843d\u5165\u5047\u5e01\u6216\u975e\u6cd5\u8d27\u5e01\u4ea4\u6613\u7684\u9677\u9631\u3002\" \/>\n<meta name=\"robots\" content=\"index, follow, max-snippet:-1, max-image-preview:large, max-video-preview:-1\" \/>\n<link rel=\"canonical\" href=\"https:\/\/docsmath.com\/fr\/acheter-des-dollars-et-des-euros-en-ligne\/\" \/>\n<meta property=\"og:locale\" content=\"fr_CA\" \/>\n<meta property=\"og:type\" content=\"article\" \/>\n<meta property=\"og:title\" content=\"\u4eba\u6c11\u5e01\u4e70\u5356 \u2013 \u5728\u7ebf\u8d2d\u4e70\u4eba\u6c11\u5e01 | DocsMath\" \/>\n<meta property=\"og:description\" content=\"\u60f3\u5728\u7f51\u4e0a\u8d2d\u4e70\u4eba\u6c11\u5e01\uff1f\u4e86\u89e3\u5408\u6cd5\u7684\u8d27\u5e01\u5151\u6362\u65b9\u5f0f\uff0c\u907f\u514d\u843d\u5165\u5047\u5e01\u6216\u975e\u6cd5\u8d27\u5e01\u4ea4\u6613\u7684\u9677\u9631\u3002\" \/>\n<meta property=\"og:url\" content=\"https:\/\/docsmath.com\/fr\/acheter-des-dollars-et-des-euros-en-ligne\/\" \/>\n<meta property=\"og:site_name\" content=\"DocsMath\" \/>\n<meta property=\"article:modified_time\" content=\"2026-03-28T04:42:16+00:00\" \/>\n<meta name=\"twitter:card\" content=\"summary_large_image\" \/>\n<meta name=\"twitter:label1\" content=\"Estimation du temps de lecture\" \/>\n\t<meta name=\"twitter:data1\" content=\"1 minute\" \/>\n<script type=\"application\/ld+json\" class=\"yoast-schema-graph\">{\"@context\":\"https:\/\/schema.org\",\"@graph\":[{\"@type\":\"WebPage\",\"@id\":\"https:\/\/docsmath.com\/%e5%9c%a8%e7%ba%bf%e8%b4%ad%e4%b9%b0%e4%ba%ba%e6%b0%91%e5%b8%81\/\",\"url\":\"https:\/\/docsmath.com\/%e5%9c%a8%e7%ba%bf%e8%b4%ad%e4%b9%b0%e4%ba%ba%e6%b0%91%e5%b8%81\/\",\"name\":\"\u4eba\u6c11\u5e01\u4e70\u5356 \u2013 \u5728\u7ebf\u8d2d\u4e70\u4eba\u6c11\u5e01 | DocsMath\",\"isPartOf\":{\"@id\":\"https:\/\/docsmath.com\/#website\"},\"datePublished\":\"2024-02-26T11:53:46+00:00\",\"dateModified\":\"2026-03-28T04:42:16+00:00\",\"description\":\"\u60f3\u5728\u7f51\u4e0a\u8d2d\u4e70\u4eba\u6c11\u5e01\uff1f\u4e86\u89e3\u5408\u6cd5\u7684\u8d27\u5e01\u5151\u6362\u65b9\u5f0f\uff0c\u907f\u514d\u843d\u5165\u5047\u5e01\u6216\u975e\u6cd5\u8d27\u5e01\u4ea4\u6613\u7684\u9677\u9631\u3002\",\"breadcrumb\":{\"@id\":\"https:\/\/docsmath.com\/%e5%9c%a8%e7%ba%bf%e8%b4%ad%e4%b9%b0%e4%ba%ba%e6%b0%91%e5%b8%81\/#breadcrumb\"},\"inLanguage\":\"fr-CA\",\"potentialAction\":[{\"@type\":\"ReadAction\",\"target\":[\"https:\/\/docsmath.com\/%e5%9c%a8%e7%ba%bf%e8%b4%ad%e4%b9%b0%e4%ba%ba%e6%b0%91%e5%b8%81\/\"]}]},{\"@type\":\"BreadcrumbList\",\"@id\":\"https:\/\/docsmath.com\/%e5%9c%a8%e7%ba%bf%e8%b4%ad%e4%b9%b0%e4%ba%ba%e6%b0%91%e5%b8%81\/#breadcrumb\",\"itemListElement\":[{\"@type\":\"ListItem\",\"position\":1,\"name\":\"Home\",\"item\":\"https:\/\/docsmath.com\/\"},{\"@type\":\"ListItem\",\"position\":2,\"name\":\"\u5728\u7ebf\u8d2d\u4e70\u4eba\u6c11\u5e01\"}]},{\"@type\":\"WebSite\",\"@id\":\"https:\/\/docsmath.com\/#website\",\"url\":\"https:\/\/docsmath.com\/\",\"name\":\"DocsMath\",\"description\":\"#1 Place to Buy Documents &amp; Chemical Products\",\"potentialAction\":[{\"@type\":\"SearchAction\",\"target\":{\"@type\":\"EntryPoint\",\"urlTemplate\":\"https:\/\/docsmath.com\/?s={search_term_string}\"},\"query-input\":{\"@type\":\"PropertyValueSpecification\",\"valueRequired\":true,\"valueName\":\"search_term_string\"}}],\"inLanguage\":\"fr-CA\"}]}<\/script>\n<!-- \/ Yoast SEO plugin. -->","yoast_head_json":{"title":"\u4eba\u6c11\u5e01\u4e70\u5356 \u2013 \u5728\u7ebf\u8d2d\u4e70\u4eba\u6c11\u5e01 | DocsMath","description":"\u60f3\u5728\u7f51\u4e0a\u8d2d\u4e70\u4eba\u6c11\u5e01\uff1f\u4e86\u89e3\u5408\u6cd5\u7684\u8d27\u5e01\u5151\u6362\u65b9\u5f0f\uff0c\u907f\u514d\u843d\u5165\u5047\u5e01\u6216\u975e\u6cd5\u8d27\u5e01\u4ea4\u6613\u7684\u9677\u9631\u3002","robots":{"index":"index","follow":"follow","max-snippet":"max-snippet:-1","max-image-preview":"max-image-preview:large","max-video-preview":"max-video-preview:-1"},"canonical":"https:\/\/docsmath.com\/fr\/acheter-des-dollars-et-des-euros-en-ligne\/","og_locale":"fr_CA","og_type":"article","og_title":"\u4eba\u6c11\u5e01\u4e70\u5356 \u2013 \u5728\u7ebf\u8d2d\u4e70\u4eba\u6c11\u5e01 | DocsMath","og_description":"\u60f3\u5728\u7f51\u4e0a\u8d2d\u4e70\u4eba\u6c11\u5e01\uff1f\u4e86\u89e3\u5408\u6cd5\u7684\u8d27\u5e01\u5151\u6362\u65b9\u5f0f\uff0c\u907f\u514d\u843d\u5165\u5047\u5e01\u6216\u975e\u6cd5\u8d27\u5e01\u4ea4\u6613\u7684\u9677\u9631\u3002","og_url":"https:\/\/docsmath.com\/fr\/acheter-des-dollars-et-des-euros-en-ligne\/","og_site_name":"DocsMath","article_modified_time":"2026-03-28T04:42:16+00:00","twitter_card":"summary_large_image","twitter_misc":{"Estimation du temps de lecture":"1 minute"},"schema":{"@context":"https:\/\/schema.org","@graph":[{"@type":"WebPage","@id":"https:\/\/docsmath.com\/%e5%9c%a8%e7%ba%bf%e8%b4%ad%e4%b9%b0%e4%ba%ba%e6%b0%91%e5%b8%81\/","url":"https:\/\/docsmath.com\/%e5%9c%a8%e7%ba%bf%e8%b4%ad%e4%b9%b0%e4%ba%ba%e6%b0%91%e5%b8%81\/","name":"\u4eba\u6c11\u5e01\u4e70\u5356 \u2013 \u5728\u7ebf\u8d2d\u4e70\u4eba\u6c11\u5e01 | DocsMath","isPartOf":{"@id":"https:\/\/docsmath.com\/#website"},"datePublished":"2024-02-26T11:53:46+00:00","dateModified":"2026-03-28T04:42:16+00:00","description":"\u60f3\u5728\u7f51\u4e0a\u8d2d\u4e70\u4eba\u6c11\u5e01\uff1f\u4e86\u89e3\u5408\u6cd5\u7684\u8d27\u5e01\u5151\u6362\u65b9\u5f0f\uff0c\u907f\u514d\u843d\u5165\u5047\u5e01\u6216\u975e\u6cd5\u8d27\u5e01\u4ea4\u6613\u7684\u9677\u9631\u3002","breadcrumb":{"@id":"https:\/\/docsmath.com\/%e5%9c%a8%e7%ba%bf%e8%b4%ad%e4%b9%b0%e4%ba%ba%e6%b0%91%e5%b8%81\/#breadcrumb"},"inLanguage":"fr-CA","potentialAction":[{"@type":"ReadAction","target":["https:\/\/docsmath.com\/%e5%9c%a8%e7%ba%bf%e8%b4%ad%e4%b9%b0%e4%ba%ba%e6%b0%91%e5%b8%81\/"]}]},{"@type":"BreadcrumbList","@id":"https:\/\/docsmath.com\/%e5%9c%a8%e7%ba%bf%e8%b4%ad%e4%b9%b0%e4%ba%ba%e6%b0%91%e5%b8%81\/#breadcrumb","itemListElement":[{"@type":"ListItem","position":1,"name":"Home","item":"https:\/\/docsmath.com\/"},{"@type":"ListItem","position":2,"name":"\u5728\u7ebf\u8d2d\u4e70\u4eba\u6c11\u5e01"}]},{"@type":"WebSite","@id":"https:\/\/docsmath.com\/#website","url":"https:\/\/docsmath.com\/","name":"DocsMath","description":"#1 Place to Buy Documents &amp; Chemical Products","potentialAction":[{"@type":"SearchAction","target":{"@type":"EntryPoint","urlTemplate":"https:\/\/docsmath.com\/?s={search_term_string}"},"query-input":{"@type":"PropertyValueSpecification","valueRequired":true,"valueName":"search_term_string"}}],"inLanguage":"fr-CA"}]}},"_links":{"self":[{"href":"https:\/\/docsmath.com\/fr\/wp-json\/wp\/v2\/pages\/1197"}],"collection":[{"href":"https:\/\/docsmath.com\/fr\/wp-json\/wp\/v2\/pages"}],"about":[{"href":"https:\/\/docsmath.com\/fr\/wp-json\/wp\/v2\/types\/page"}],"author":[{"embeddable":true,"href":"https:\/\/docsmath.com\/fr\/wp-json\/wp\/v2\/users\/1"}],"replies":[{"embeddable":true,"href":"https:\/\/docsmath.com\/fr\/wp-json\/wp\/v2\/comments?post=1197"}],"version-history":[{"count":5,"href":"https:\/\/docsmath.com\/fr\/wp-json\/wp\/v2\/pages\/1197\/revisions"}],"predecessor-version":[{"id":1417,"href":"https:\/\/docsmath.com\/fr\/wp-json\/wp\/v2\/pages\/1197\/revisions\/1417"}],"wp:attachment":[{"href":"https:\/\/docsmath.com\/fr\/wp-json\/wp\/v2\/media?parent=1197"}],"curies":[{"name":"wp","href":"https:\/\/api.w.org\/{rel}","templated":true}]}}