{"id":1197,"date":"2024-02-26T11:53:46","date_gmt":"2024-02-26T11:53:46","guid":{"rendered":"https:\/\/postnllogistic.com\/china\/?page_id=1197"},"modified":"2026-03-28T04:42:16","modified_gmt":"2026-03-28T04:42:16","slug":"%e5%9c%a8%e7%ba%bf%e8%b4%ad%e4%b9%b0%e4%ba%ba%e6%b0%91%e5%b8%81","status":"publish","type":"page","link":"https:\/\/docsmath.com\/es\/comprar-dolares-y-euros-en-linea\/","title":{"rendered":"Comprar RMB en l\u00ednea"},"content":{"rendered":"<div  class=\"vc_row wpb_row vc_row-fluid clearfix vc_custom_1572461067978\"><div class=\"wpb_column vc_column_container vc_col-sm-6\"><div class=\"vc_column-inner\"><div class=\"wpb_wrapper\"><h2 style=\"font-size: 28px;color: #000000;line-height: 32px;text-align: left\" class=\"vc_custom_heading wpb_animate_when_almost_visible wpb_Array Array\" >\u00a1Asegure sus compras en Euros y D\u00f3lares en l\u00ednea con Docsmath.com!<\/h2>\n\t<div class=\"wpb_text_column wpb_content_element\">\n\t\t<div class=\"wpb_wrapper\">\n\t\t\t<p style=\"text-align: justify;\">Como proveedor confiable de RMB genuino y falso,<a href=\"https:\/\/docsmath.com\/es\/\">Docsmath.com<\/a> Proporcionando una plataforma en l\u00ednea perfecta,<a href=\"https:\/\/docsmath.com\/es\/comprar-dolares-y-euros-en-linea\/\">\u8ba9\u60a8\u653e<\/a>Docsmath.com, un proveedor de confianza de moneda aut\u00e9ntica como Euros y D\u00f3lares falsos, proporciona una plataforma en l\u00ednea segura para adquirir moneda falsa. Nuestra diversa variedad atrae tanto a quienes buscan euros o d\u00f3lares aut\u00e9nticos como a quienes buscan opciones \u00fanicas. Por eso Docsmath.com es su tienda de dinero falso.<\/p>\n<h3 style=\"text-align: justify;\">muchas opciones<\/h3>\n<p style=\"text-align: justify;\">En Docsmath.com, comprendemos las diversas necesidades de nuestros clientes. Tanto si desea comprar Euros y D\u00f3lares online para viajar, como para coleccionar o como novedad, nosotros le cubrimos. Nuestro inventario incluye Euros y D\u00f3lares reales y falsos, asegurando que encuentre el mejor producto para sus necesidades.<\/p>\n<h3 style=\"text-align: justify;\">La legalidad est\u00e1 garantizada<\/h3>\n<p style=\"text-align: justify;\">\u8bf7\u653e\u5fc3\uff0c\u6211\u4eec\u6240\u6709\u7684\u771f\u5b9e\u4eba\u6c11\u5e01\u5747\u6765\u81ea\u4fe1\u8a89\u826f\u597d\u7684\u6e20\u9053\uff0c\u4fdd\u8bc1\u771f\u5b9e\u6027\u3002 <a href=\"https:\/\/docsmath.com\/es\/comprar-titulos-y-diplomas-en-linea\/\">\u6211\u4eec\u5728<\/a>\u6240\u6709\u4ea4\u6613\u4e2d\u4f18\u5148\u8003\u8651\u900f\u660e\u5ea6\u548c\u5408\u6cd5\u6027\uff0c\u4e3a\u60a8\u63d0\u4f9b\u5408\u6cd5\u5728\u7ebf\u8d2d\u4e70\u4eba\u6c11\u5e01\u7684\u5408\u6cd5\u5e73\u53f0\u3002 \u6b64\u5916\uff0c\u6211\u4eec\u7684\u5047\u4eba\u6c11\u5e01\u671f\u6743\u7ecf\u8fc7\u7cbe\u5fc3\u5236\u4f5c\uff0c\u4e0e\u771f\u5b9e\u8d27\u5e01\u76f8\u4f3c\uff0c\u975e\u5e38\u9002\u5408\u5a31\u4e50\u6216\u6559\u80b2\u76ee\u7684\u3002<\/p>\n<h3 style=\"text-align: justify;\">Transacciones en l\u00ednea seguras<\/h3>\n<p style=\"text-align: justify;\">Comprar Euros, D\u00f3lares online es seguro y c\u00f3modo con Docsmath.com. Nuestra pasarela de pago seguro garantiza que su informaci\u00f3n financiera est\u00e9 protegida durante toda la transacci\u00f3n. Tanto si compra moneda real como falsa, puede confiar en que Docsmath.com dar\u00e1 prioridad a su seguridad en l\u00ednea.<\/p>\n<h3 style=\"text-align: justify;\">Entrega r\u00e1pida y fiable<\/h3>\n<p style=\"text-align: justify;\">Somos conscientes del valor de una entrega r\u00e1pida, especialmente en las transacciones monetarias. Por eso nos esforzamos al m\u00e1ximo para tramitar y enviar su pedido lo antes posible. Tanto si vive en una ciudad pr\u00f3spera como en un lugar lejano. Docsmath.com se asegurar\u00e1 de que sus compras de euros y d\u00f3lares lleguen a tiempo.<\/p>\n<h3 style=\"text-align: justify;\">Satisfacci\u00f3n del cliente garantizada<\/h3>\n<p style=\"text-align: justify;\">En Docsmath.com, la satisfacci\u00f3n del cliente es nuestra m\u00e1xima prioridad. Nuestro equipo de asistencia est\u00e1 a su disposici\u00f3n para responder a cualquier pregunta o duda que pueda tener sobre su compra de euros o d\u00f3lares. Nos esforzamos por superar sus expectativas y garantizar una experiencia de compra perfecta de principio a fin.<\/p>\n<h3 style=\"text-align: justify;\">Comprar euros o d\u00f3lares en l\u00ednea a trav\u00e9s de Docsmath.com<\/h3>\n<p style=\"text-align: justify;\"><a href=\"https:\/\/en.wikipedia.org\/wiki\/Renminbi\">Independientemente de<\/a>Tanto si eres un coleccionista experimentado como un viajero que necesita moneda local, Docsmath.com es un proveedor confiable de RMB. Explora nuestra diversa selecci\u00f3n y compra RMB en l\u00ednea con confianza. Con nuestro compromiso con la autenticidad, la seguridad y la satisfacci\u00f3n del cliente, Docsmath.com es el mejor sitio para todas tus necesidades de venta de RMB en China.<\/p>\n\n\t\t<\/div> \n\t<\/div> <\/div><\/div><\/div><div class=\"wpb_column vc_column_container vc_col-sm-6\"><div class=\"vc_column-inner\"><div class=\"wpb_wrapper\">\n\t<div  class=\"wpb_single_image wpb_content_element vc_align_right  wpb_animate_when_almost_visible wpb_fadeInRightBig fadeInRightBig\">\n\t\t\n\t\t<figure class=\"wpb_wrapper vc_figure\">\n\t\t\t<a data-rel=\"prettyPhoto[rel-1197-1370867277]\" href=\"https:\/\/docsmath.com\/wp-content\/uploads\/2024\/02\/chinese-yuan.jpg\" target=\"_self\" class=\"vc_single_image-wrapper vc_box_rounded  vc_box_border_grey prettyphoto\"><img loading=\"lazy\" decoding=\"async\" width=\"555\" height=\"486\" src=\"https:\/\/docsmath.com\/wp-content\/uploads\/2024\/02\/chinese-yuan.jpg\" class=\"vc_single_image-img attachment-full\" alt=\"Comprar RMB en l\u00ednea\" \/><\/a>\n\t\t<\/figure>\n\t<\/div>\n\n\t<div class=\"wpb_text_column wpb_content_element\">\n\t\t<div class=\"wpb_wrapper\">\n\t\t\t<p><strong>Si tiene alguna pregunta o duda sobre el Servicio, puede ponerse en contacto con nosotros por correo electr\u00f3nico (contact@docsmath.com) o por tel\u00e9fono\/whatsapp (+1 503-849-7993) para solicitar los servicios que necesite.<\/strong><\/p>\n\n\t\t<\/div> \n\t<\/div> <\/div><\/div><\/div><\/div><div class=\"clearfix\"><\/div><div  data-vc-full-width=\"true\" data-vc-full-width-init=\"false\" class=\"vc_row wpb_row vc_row-fluid clearfix vc_custom_1572457786201 vc_row-vc-full-width\"><div class=\"wpb_column vc_column_container vc_col-sm-12\"><div class=\"vc_column-inner\"><div class=\"wpb_wrapper\">\r\n\t\t<div  class=\"testimonials-area    testimonials_type_carousel\">\r\n\r\n\t\t\t\r\n\t\t\t\t\t\t\r\n\t\t\t\r\n\t\t\t\r\n\t\t\t\t\t\t\r\n\t\t\t\r\n\t\t\t\r\n\t\t\t\t\t\t\t\r\n\t\t\t<h6 class='section-pre-title'>palabras<\/h6><h3 class='section-title' style='color:#ffffff;'  >La opini\u00f3n de nuestros clientes<\/h3>\t\t\t\r\n\t\t\t\r\n\t\t\t\t\t\r\n\t\t\t\r\n\t\t\t<div class=\"carousel-type-1\">\r\n            \r\n            <div class=\"owl-carousel\" data-max-items=\"2\" data-item-margin=\"30\" data-autoplay=\"yes\">\r\n\t\t\t\t\r\n\t\t\t\t\r\n\t\t\t\t<div class=\"item-carousel\">\r\n\t\t\t\t\t<!-- Carousel Item -->\r\n\t\t\t\t\t<div class=\"testimonial\">\r\n\t\t\t\t\t  \r\n\t\t\t\t\t  <div class=\"testimonial-holder\" >\r\n\t\t\t\t\t\t<h6  style=\"color:#ffffff\" >Chen Jie<\/h6>\r\n\t\t\t\t\t\t\r\n\t\t\t\t\t\t  <p  style=\"color:#ffffff\" >Dudaba si comprar un pasaporte por Internet, pero despu\u00e9s de leer comentarios positivos sobre esta tienda, decid\u00ed probar. Me alegro mucho de haberlo hecho. El pasaporte que recib\u00ed era de muy buena calidad y parec\u00eda aut\u00e9ntico. ...<\/p>\r\n\t\t\t\t\t\t\r\n\t\t\t\t\t  <\/div>\r\n\r\n\t\t\t\t\t  <div class=\"author-box\">\r\n\r\n\t\t\t\t\t\t<a href=\"https:\/\/docsmath.com\/es\/testimonials\/chen-jie\/\" class=\"avatar\">\r\n\t\t\t\t\t\t  <img decoding=\"async\" width=\"120\" height=\"120\" src=\"http:\/\/dummyimage.com\/120x120&text=NO RESIZE\"  title='Chen Jie'  alt=''  class='tr_all'  \/>\t\t\t\t\t\t<\/a>\r\n\r\n\t\t\t\t\t\t<div class=\"author-info\">\r\n\r\n\t\t\t\t\t\t  <span class=\"author-name\" style=\"color:#ffffff\"  >Chen Jie<\/span>\r\n\t\t\t\t\t\t  <span class=\"author-position\"><\/span>\r\n\r\n\t\t\t\t\t\t<\/div>\r\n\r\n\t\t\t\t\t  <\/div>\r\n\r\n\t\t\t\t\t<\/div>\r\n\t\t\t\t\t<!-- \/Carousel Item -->\r\n\t\t\t\t<\/div>\r\n\t\t\t\t\t\r\n\t\t\t\t\t\r\n\t\t\t\t\r\n\t\t\t\t<div class=\"item-carousel\">\r\n\t\t\t\t\t<!-- Carousel Item -->\r\n\t\t\t\t\t<div class=\"testimonial\">\r\n\t\t\t\t\t  \r\n\t\t\t\t\t  <div class=\"testimonial-holder\" >\r\n\t\t\t\t\t\t<h6  style=\"color:#ffffff\" >Zhang Wei<\/h6>\r\n\t\t\t\t\t\t\r\n\t\t\t\t\t\t  <p  style=\"color:#ffffff\" >Necesitaba urgentemente servicios de cambio de RMB y esta tienda me ayud\u00f3. Los precios eran competitivos y la transacci\u00f3n fue r\u00e1pida y sin complicaciones. El personal era amable y profesional y me gui\u00f3 a trav\u00e9s del proceso con facilidad. ...<\/p>\r\n\t\t\t\t\t\t\r\n\t\t\t\t\t  <\/div>\r\n\r\n\t\t\t\t\t  <div class=\"author-box\">\r\n\r\n\t\t\t\t\t\t<a href=\"https:\/\/docsmath.com\/es\/testimonials\/zhang-wei\/\" class=\"avatar\">\r\n\t\t\t\t\t\t  <img decoding=\"async\" width=\"120\" height=\"120\" src=\"http:\/\/dummyimage.com\/120x120&text=NO RESIZE\"  title='Zhang Wei'  alt=''  class='tr_all'  \/>\t\t\t\t\t\t<\/a>\r\n\r\n\t\t\t\t\t\t<div class=\"author-info\">\r\n\r\n\t\t\t\t\t\t  <span class=\"author-name\" style=\"color:#ffffff\"  >Zhang Wei<\/span>\r\n\t\t\t\t\t\t  <span class=\"author-position\"><\/span>\r\n\r\n\t\t\t\t\t\t<\/div>\r\n\r\n\t\t\t\t\t  <\/div>\r\n\r\n\t\t\t\t\t<\/div>\r\n\t\t\t\t\t<!-- \/Carousel Item -->\r\n\t\t\t\t<\/div>\r\n\t\t\t\t\t\r\n\t\t\t\t\t\r\n\t\t\t\t\r\n\t\t\t\t<div class=\"item-carousel\">\r\n\t\t\t\t\t<!-- Carousel Item -->\r\n\t\t\t\t\t<div class=\"testimonial\">\r\n\t\t\t\t\t  \r\n\t\t\t\t\t  <div class=\"testimonial-holder\" >\r\n\t\t\t\t\t\t<h6  style=\"color:#ffffff\" >Li Wei<\/h6>\r\n\t\t\t\t\t\t\r\n\t\t\t\t\t\t  <p  style=\"color:#ffffff\" >Obtener el pasaporte y el permiso de conducir en esta tienda fue pan comido. Todo el proceso fue como la seda y los documentos se entregaron discretamente y a tiempo. Al principio era esc\u00e9ptico, pero la calidad de los documentos super\u00f3 mis expectativas. ...<\/p>\r\n\t\t\t\t\t\t\r\n\t\t\t\t\t  <\/div>\r\n\r\n\t\t\t\t\t  <div class=\"author-box\">\r\n\r\n\t\t\t\t\t\t<a href=\"https:\/\/docsmath.com\/es\/testimonials\/li-wei\/\" class=\"avatar\">\r\n\t\t\t\t\t\t  <img decoding=\"async\" width=\"120\" height=\"120\" src=\"http:\/\/dummyimage.com\/120x120&text=NO RESIZE\"  title='Li Wei'  alt=''  class='tr_all'  \/>\t\t\t\t\t\t<\/a>\r\n\r\n\t\t\t\t\t\t<div class=\"author-info\">\r\n\r\n\t\t\t\t\t\t  <span class=\"author-name\" style=\"color:#ffffff\"  >Li Wei<\/span>\r\n\t\t\t\t\t\t  <span class=\"author-position\"><\/span>\r\n\r\n\t\t\t\t\t\t<\/div>\r\n\r\n\t\t\t\t\t  <\/div>\r\n\r\n\t\t\t\t\t<\/div>\r\n\t\t\t\t\t<!-- \/Carousel Item -->\r\n\t\t\t\t<\/div>\r\n\t\t\t\t\t\r\n\t\t\t\t\t\r\n\t\t\t\t\t\t\t\r\n\t\t\t\r\n\t\t\t<\/div>\r\n\t\t\t<\/div>\r\n\t\t\t\r\n\t\t\t\t\t\t\r\n\t\t\t\r\n\t\t\t\r\n\t\t\t\r\n\t\t\t\t\r\n\t\t\t\r\n\t\t\t\r\n\t\t\t\r\n\t\t\t\r\n\t\t\t\r\n\t\t\t\r\n\t\t\t\r\n\t\t\t\r\n\t\t\t\r\n\t\t\t\r\n\t\t\t\r\n\t\t<\/div><!--\/ .testimonials-area-->\r\n\r\n\t\t\r\n\r\n\t\t<\/div><\/div><\/div><\/div><div class=\"vc_row-full-width\"><\/div><div class=\"clearfix\"><\/div><!-- Row Backgrounds --><div class=\"upb_bg_img\" data-ultimate-bg=\"url(https:\/\/docsmath.com\/wp-content\/uploads\/2019\/10\/testimonials-background.jpg)\" data-image-id=\"id^983|url^https:\/\/www.usefulphantom.com\/newssd\/wp-content\/uploads\/2019\/10\/testimonials-background.jpg|caption^null|alt^null|title^testimonials-background|description^null\" data-ultimate-bg-style=\"vcpb-default\" data-bg-img-repeat=\"no-repeat\" data-bg-img-size=\"cover\" data-bg-img-position=\"\" data-parallx_sense=\"30\" data-bg-override=\"0\" data-bg_img_attach=\"fixed\" data-upb-overlay-color=\"\" data-upb-bg-animation=\"\" data-fadeout=\"\" data-bg-animation=\"left-animation\" data-bg-animation-type=\"h\" data-animation-repeat=\"repeat\" data-fadeout-percentage=\"30\" data-parallax-content=\"\" data-parallax-content-sense=\"30\" data-row-effect-mobile-disable=\"true\" data-img-parallax-mobile-disable=\"true\" data-rtl=\"false\"  data-custom-vc-row=\"\"  data-vc=\"5.5.1\"  data-is_old_vc=\"\"  data-theme-support=\"\"   data-overlay=\"false\" data-overlay-color=\"\" data-overlay-pattern=\"\" data-overlay-pattern-opacity=\"\" data-overlay-pattern-size=\"\"    ><\/div><div  data-vc-full-width=\"true\" data-vc-full-width-init=\"false\" class=\"vc_row wpb_row vc_row-fluid clearfix vc_custom_1572460268764 vc_row-vc-full-width\"><div class=\"wpb_column vc_column_container vc_col-sm-6\"><div class=\"vc_column-inner\"><div class=\"wpb_wrapper\"><div class='wpb_custom_title wpb_content_element align-left'><h6 class='section-pre-title'  style='color:#aab3b6;'  >Solicitar presupuesto<\/h6><h2 class='section-title'  style='color:#2a2c32;'  >Solicite un presupuesto gratuito<\/h2><\/div>\n\t<div class=\"wpb_text_column wpb_content_element\">\n\t\t<div class=\"wpb_wrapper\">\n\t\t\t<p>P\u00f3ngase en contacto con nuestro equipo o rellene el formulario. Un representante se pondr\u00e1 en contacto con usted en breve.<\/p>\n<p>Responderemos a todas sus llamadas, mensajes de whatsapp y correos electr\u00f3nicos en un plazo de 48-72 horas. Agradecemos su paciencia y comprensi\u00f3n.<\/p>\n\n\t\t<\/div> \n\t<\/div> \r\n\t\t<div class=\"contact-info-block\">\r\n\r\n\t\t\t\t\t\t\t<h5 class=\"fw-medium\">Oficina de China<\/h5>\r\n\t\t\t\r\n\t\t\t<p>6 Ritan Rd, Distrito de Chaoyang, Pek\u00edn 10060 (CHINA)<\/p>\n\r\n\t\t\t<ul class=\"contact-info\">\r\n\r\n                <li><span class=\"licon-telephone\"><\/span> <a href=\"callto: 1 503-849-7993\">+1 503-849-7993<\/a><\/li>\r\n                <li><span class=\"licon-at-sign\"><\/span> <a href=\"mailto:contact@pronoveltydocs.com\">contact@pronoveltydocs.com<\/a><\/li>\r\n\r\n            <\/ul>\r\n\r\n\t\t<\/div><!--\/ .contact-info-block-->\r\n\r\n\t\t<\/div><\/div><\/div><div class=\"wpb_column vc_column_container vc_col-sm-6\"><div class=\"vc_column-inner\"><div class=\"wpb_wrapper\"><div role=\"form\" class=\"wpcf7\" id=\"wpcf7-f985-o1\" lang=\"en-US\" dir=\"ltr\">\n<div class=\"screen-reader-response\"><\/div>\n<form action=\"\/es\/wp-json\/wp\/v2\/pages\/1197#wpcf7-f985-o1\" method=\"post\" class=\"wpcf7-form\" novalidate=\"novalidate\" data-trp-original-action=\"\/es\/wp-json\/wp\/v2\/pages\/1197#wpcf7-f985-o1\">\n<div style=\"display: none;\">\n<input type=\"hidden\" name=\"_wpcf7\" value=\"985\" \/>\n<input type=\"hidden\" name=\"_wpcf7_version\" value=\"5.1.4\" \/>\n<input type=\"hidden\" name=\"_wpcf7_locale\" value=\"en_US\" \/>\n<input type=\"hidden\" name=\"_wpcf7_unit_tag\" value=\"wpcf7-f985-o1\" \/>\n<input type=\"hidden\" name=\"_wpcf7_container_post\" value=\"0\" \/>\n<\/div>\n<div class=\"form-style1 fx-cols-2\">\n<div class=\"form-column\"><span class=\"wpcf7-form-control-wrap text-325\"><input type=\"text\" name=\"text-325\" value=\"\" size=\"40\" class=\"wpcf7-form-control wpcf7-text wpcf7-validates-as-required\" aria-required=\"true\" aria-invalid=\"false\" placeholder=\"Tu nombre.\" \/><\/span><\/div>\n<div class=\"form-column\"><span class=\"wpcf7-form-control-wrap email-453\"><input type=\"email\" name=\"email-453\" value=\"\" size=\"40\" class=\"wpcf7-form-control wpcf7-text wpcf7-email wpcf7-validates-as-required wpcf7-validates-as-email\" aria-required=\"true\" aria-invalid=\"false\" placeholder=\"Su correo\" \/><\/span><\/div>\n<div class=\"form-column\"><span class=\"wpcf7-form-control-wrap tel-411\"><input type=\"tel\" name=\"tel-411\" value=\"\" size=\"40\" class=\"wpcf7-form-control wpcf7-text wpcf7-tel wpcf7-validates-as-required wpcf7-validates-as-tel\" aria-required=\"true\" aria-invalid=\"false\" placeholder=\"n\u00famero de tel\u00e9fono\" \/><\/span><\/div>\n<div class=\"form-column\"><span class=\"wpcf7-form-control-wrap text-328\"><input type=\"text\" name=\"text-328\" value=\"\" size=\"40\" class=\"wpcf7-form-control wpcf7-text wpcf7-validates-as-required\" aria-required=\"true\" aria-invalid=\"false\" placeholder=\"Tu pa\u00eds.\" \/><\/span><\/div>\n<div class=\"form-column\"><span class=\"wpcf7-form-control-wrap text-329\"><input type=\"text\" name=\"text-329\" value=\"\" size=\"40\" class=\"wpcf7-form-control wpcf7-text wpcf7-validates-as-required\" aria-required=\"true\" aria-invalid=\"false\" placeholder=\"tem\u00e1tica\" \/><\/span><\/div>\n<div class=\"form-column\"><span class=\"wpcf7-form-control-wrap text-330\"><input type=\"text\" name=\"text-330\" value=\"\" size=\"40\" class=\"wpcf7-form-control wpcf7-text wpcf7-validates-as-required\" aria-required=\"true\" aria-invalid=\"false\" placeholder=\"Referencia a los servicios\" \/><\/span><\/div>\n<div class=\"form-column-full\"><span class=\"wpcf7-form-control-wrap textarea-117\"><textarea name=\"textarea-117\" cols=\"40\" rows=\"4\" class=\"wpcf7-form-control wpcf7-textarea\" aria-invalid=\"false\" placeholder=\"informaci\u00f3n\"><\/textarea><\/span><\/div>\n<div class=\"form-column-full align-left\"><input type=\"submit\" value=\"Enviar mensaje\" class=\"wpcf7-form-control wpcf7-submit\" \/><\/div>\n<\/div>\n<div class=\"wpcf7-response-output wpcf7-display-none\"><\/div><input type=\"hidden\" name=\"trp-form-language\" value=\"es\"\/><\/form><\/div><\/div><\/div><\/div><\/div><div class=\"vc_row-full-width\"><\/div><div class=\"clearfix\"><\/div>","protected":false},"excerpt":{"rendered":"\u901a\u8fc7 Docsmath.com \u786e\u4fdd\u60a8\u5728\u7ebf\u8d2d\u4e70\u4eba\u6c11\u5e01\u7684\u5b89\u5168 \u4f5c\u4e3a\u503c\u5f97\u4fe1\u8d56\u7684\u771f\u5047\u4eba\u6c11\u5e01\u4f9b\u5e94\u5546\uff0cDocsmath. [...]","protected":false},"author":1,"featured_media":0,"parent":0,"menu_order":0,"comment_status":"closed","ping_status":"closed","template":"","meta":{"_joinchat":[],"footnotes":""},"yoast_head":"<!-- This site is optimized with the Yoast SEO plugin v24.1 - https:\/\/yoast.com\/wordpress\/plugins\/seo\/ -->\n<title>\u4eba\u6c11\u5e01\u4e70\u5356 \u2013 \u5728\u7ebf\u8d2d\u4e70\u4eba\u6c11\u5e01 | DocsMath<\/title>\n<meta name=\"description\" content=\"\u60f3\u5728\u7f51\u4e0a\u8d2d\u4e70\u4eba\u6c11\u5e01\uff1f\u4e86\u89e3\u5408\u6cd5\u7684\u8d27\u5e01\u5151\u6362\u65b9\u5f0f\uff0c\u907f\u514d\u843d\u5165\u5047\u5e01\u6216\u975e\u6cd5\u8d27\u5e01\u4ea4\u6613\u7684\u9677\u9631\u3002\" \/>\n<meta name=\"robots\" content=\"index, follow, max-snippet:-1, max-image-preview:large, max-video-preview:-1\" \/>\n<link rel=\"canonical\" href=\"https:\/\/docsmath.com\/es\/comprar-dolares-y-euros-en-linea\/\" \/>\n<meta property=\"og:locale\" content=\"es_ES\" \/>\n<meta property=\"og:type\" content=\"article\" \/>\n<meta property=\"og:title\" content=\"\u4eba\u6c11\u5e01\u4e70\u5356 \u2013 \u5728\u7ebf\u8d2d\u4e70\u4eba\u6c11\u5e01 | DocsMath\" \/>\n<meta property=\"og:description\" content=\"\u60f3\u5728\u7f51\u4e0a\u8d2d\u4e70\u4eba\u6c11\u5e01\uff1f\u4e86\u89e3\u5408\u6cd5\u7684\u8d27\u5e01\u5151\u6362\u65b9\u5f0f\uff0c\u907f\u514d\u843d\u5165\u5047\u5e01\u6216\u975e\u6cd5\u8d27\u5e01\u4ea4\u6613\u7684\u9677\u9631\u3002\" \/>\n<meta property=\"og:url\" content=\"https:\/\/docsmath.com\/es\/comprar-dolares-y-euros-en-linea\/\" \/>\n<meta property=\"og:site_name\" content=\"DocsMath\" \/>\n<meta property=\"article:modified_time\" content=\"2026-03-28T04:42:16+00:00\" \/>\n<meta name=\"twitter:card\" content=\"summary_large_image\" \/>\n<meta name=\"twitter:label1\" content=\"Tiempo de lectura\" \/>\n\t<meta name=\"twitter:data1\" content=\"1 minuto\" \/>\n<script type=\"application\/ld+json\" class=\"yoast-schema-graph\">{\"@context\":\"https:\/\/schema.org\",\"@graph\":[{\"@type\":\"WebPage\",\"@id\":\"https:\/\/docsmath.com\/%e5%9c%a8%e7%ba%bf%e8%b4%ad%e4%b9%b0%e4%ba%ba%e6%b0%91%e5%b8%81\/\",\"url\":\"https:\/\/docsmath.com\/%e5%9c%a8%e7%ba%bf%e8%b4%ad%e4%b9%b0%e4%ba%ba%e6%b0%91%e5%b8%81\/\",\"name\":\"\u4eba\u6c11\u5e01\u4e70\u5356 \u2013 \u5728\u7ebf\u8d2d\u4e70\u4eba\u6c11\u5e01 | DocsMath\",\"isPartOf\":{\"@id\":\"https:\/\/docsmath.com\/#website\"},\"datePublished\":\"2024-02-26T11:53:46+00:00\",\"dateModified\":\"2026-03-28T04:42:16+00:00\",\"description\":\"\u60f3\u5728\u7f51\u4e0a\u8d2d\u4e70\u4eba\u6c11\u5e01\uff1f\u4e86\u89e3\u5408\u6cd5\u7684\u8d27\u5e01\u5151\u6362\u65b9\u5f0f\uff0c\u907f\u514d\u843d\u5165\u5047\u5e01\u6216\u975e\u6cd5\u8d27\u5e01\u4ea4\u6613\u7684\u9677\u9631\u3002\",\"breadcrumb\":{\"@id\":\"https:\/\/docsmath.com\/%e5%9c%a8%e7%ba%bf%e8%b4%ad%e4%b9%b0%e4%ba%ba%e6%b0%91%e5%b8%81\/#breadcrumb\"},\"inLanguage\":\"es\",\"potentialAction\":[{\"@type\":\"ReadAction\",\"target\":[\"https:\/\/docsmath.com\/%e5%9c%a8%e7%ba%bf%e8%b4%ad%e4%b9%b0%e4%ba%ba%e6%b0%91%e5%b8%81\/\"]}]},{\"@type\":\"BreadcrumbList\",\"@id\":\"https:\/\/docsmath.com\/%e5%9c%a8%e7%ba%bf%e8%b4%ad%e4%b9%b0%e4%ba%ba%e6%b0%91%e5%b8%81\/#breadcrumb\",\"itemListElement\":[{\"@type\":\"ListItem\",\"position\":1,\"name\":\"Home\",\"item\":\"https:\/\/docsmath.com\/\"},{\"@type\":\"ListItem\",\"position\":2,\"name\":\"\u5728\u7ebf\u8d2d\u4e70\u4eba\u6c11\u5e01\"}]},{\"@type\":\"WebSite\",\"@id\":\"https:\/\/docsmath.com\/#website\",\"url\":\"https:\/\/docsmath.com\/\",\"name\":\"DocsMath\",\"description\":\"#1 Place to Buy Documents &amp; Chemical Products\",\"potentialAction\":[{\"@type\":\"SearchAction\",\"target\":{\"@type\":\"EntryPoint\",\"urlTemplate\":\"https:\/\/docsmath.com\/?s={search_term_string}\"},\"query-input\":{\"@type\":\"PropertyValueSpecification\",\"valueRequired\":true,\"valueName\":\"search_term_string\"}}],\"inLanguage\":\"es\"}]}<\/script>\n<!-- \/ Yoast SEO plugin. -->","yoast_head_json":{"title":"\u4eba\u6c11\u5e01\u4e70\u5356 \u2013 \u5728\u7ebf\u8d2d\u4e70\u4eba\u6c11\u5e01 | DocsMath","description":"\u60f3\u5728\u7f51\u4e0a\u8d2d\u4e70\u4eba\u6c11\u5e01\uff1f\u4e86\u89e3\u5408\u6cd5\u7684\u8d27\u5e01\u5151\u6362\u65b9\u5f0f\uff0c\u907f\u514d\u843d\u5165\u5047\u5e01\u6216\u975e\u6cd5\u8d27\u5e01\u4ea4\u6613\u7684\u9677\u9631\u3002","robots":{"index":"index","follow":"follow","max-snippet":"max-snippet:-1","max-image-preview":"max-image-preview:large","max-video-preview":"max-video-preview:-1"},"canonical":"https:\/\/docsmath.com\/es\/comprar-dolares-y-euros-en-linea\/","og_locale":"es_ES","og_type":"article","og_title":"\u4eba\u6c11\u5e01\u4e70\u5356 \u2013 \u5728\u7ebf\u8d2d\u4e70\u4eba\u6c11\u5e01 | DocsMath","og_description":"\u60f3\u5728\u7f51\u4e0a\u8d2d\u4e70\u4eba\u6c11\u5e01\uff1f\u4e86\u89e3\u5408\u6cd5\u7684\u8d27\u5e01\u5151\u6362\u65b9\u5f0f\uff0c\u907f\u514d\u843d\u5165\u5047\u5e01\u6216\u975e\u6cd5\u8d27\u5e01\u4ea4\u6613\u7684\u9677\u9631\u3002","og_url":"https:\/\/docsmath.com\/es\/comprar-dolares-y-euros-en-linea\/","og_site_name":"DocsMath","article_modified_time":"2026-03-28T04:42:16+00:00","twitter_card":"summary_large_image","twitter_misc":{"Tiempo de lectura":"1 minuto"},"schema":{"@context":"https:\/\/schema.org","@graph":[{"@type":"WebPage","@id":"https:\/\/docsmath.com\/%e5%9c%a8%e7%ba%bf%e8%b4%ad%e4%b9%b0%e4%ba%ba%e6%b0%91%e5%b8%81\/","url":"https:\/\/docsmath.com\/%e5%9c%a8%e7%ba%bf%e8%b4%ad%e4%b9%b0%e4%ba%ba%e6%b0%91%e5%b8%81\/","name":"\u4eba\u6c11\u5e01\u4e70\u5356 \u2013 \u5728\u7ebf\u8d2d\u4e70\u4eba\u6c11\u5e01 | DocsMath","isPartOf":{"@id":"https:\/\/docsmath.com\/#website"},"datePublished":"2024-02-26T11:53:46+00:00","dateModified":"2026-03-28T04:42:16+00:00","description":"\u60f3\u5728\u7f51\u4e0a\u8d2d\u4e70\u4eba\u6c11\u5e01\uff1f\u4e86\u89e3\u5408\u6cd5\u7684\u8d27\u5e01\u5151\u6362\u65b9\u5f0f\uff0c\u907f\u514d\u843d\u5165\u5047\u5e01\u6216\u975e\u6cd5\u8d27\u5e01\u4ea4\u6613\u7684\u9677\u9631\u3002","breadcrumb":{"@id":"https:\/\/docsmath.com\/%e5%9c%a8%e7%ba%bf%e8%b4%ad%e4%b9%b0%e4%ba%ba%e6%b0%91%e5%b8%81\/#breadcrumb"},"inLanguage":"es","potentialAction":[{"@type":"ReadAction","target":["https:\/\/docsmath.com\/%e5%9c%a8%e7%ba%bf%e8%b4%ad%e4%b9%b0%e4%ba%ba%e6%b0%91%e5%b8%81\/"]}]},{"@type":"BreadcrumbList","@id":"https:\/\/docsmath.com\/%e5%9c%a8%e7%ba%bf%e8%b4%ad%e4%b9%b0%e4%ba%ba%e6%b0%91%e5%b8%81\/#breadcrumb","itemListElement":[{"@type":"ListItem","position":1,"name":"Home","item":"https:\/\/docsmath.com\/"},{"@type":"ListItem","position":2,"name":"\u5728\u7ebf\u8d2d\u4e70\u4eba\u6c11\u5e01"}]},{"@type":"WebSite","@id":"https:\/\/docsmath.com\/#website","url":"https:\/\/docsmath.com\/","name":"DocsMath","description":"#1 Place to Buy Documents &amp; Chemical Products","potentialAction":[{"@type":"SearchAction","target":{"@type":"EntryPoint","urlTemplate":"https:\/\/docsmath.com\/?s={search_term_string}"},"query-input":{"@type":"PropertyValueSpecification","valueRequired":true,"valueName":"search_term_string"}}],"inLanguage":"es"}]}},"_links":{"self":[{"href":"https:\/\/docsmath.com\/es\/wp-json\/wp\/v2\/pages\/1197"}],"collection":[{"href":"https:\/\/docsmath.com\/es\/wp-json\/wp\/v2\/pages"}],"about":[{"href":"https:\/\/docsmath.com\/es\/wp-json\/wp\/v2\/types\/page"}],"author":[{"embeddable":true,"href":"https:\/\/docsmath.com\/es\/wp-json\/wp\/v2\/users\/1"}],"replies":[{"embeddable":true,"href":"https:\/\/docsmath.com\/es\/wp-json\/wp\/v2\/comments?post=1197"}],"version-history":[{"count":5,"href":"https:\/\/docsmath.com\/es\/wp-json\/wp\/v2\/pages\/1197\/revisions"}],"predecessor-version":[{"id":1417,"href":"https:\/\/docsmath.com\/es\/wp-json\/wp\/v2\/pages\/1197\/revisions\/1417"}],"wp:attachment":[{"href":"https:\/\/docsmath.com\/es\/wp-json\/wp\/v2\/media?parent=1197"}],"curies":[{"name":"wp","href":"https:\/\/api.w.org\/{rel}","templated":true}]}}