{"id":1005,"date":"2019-10-31T06:50:54","date_gmt":"2019-10-31T06:50:54","guid":{"rendered":"https:\/\/www.usefulphantom.com\/newssd\/?page_id=1005"},"modified":"2026-03-28T04:41:34","modified_gmt":"2026-03-28T04:41:34","slug":"%e5%9c%a8%e7%ba%bf%e8%b4%ad%e4%b9%b0%e5%81%87%e5%b8%81","status":"publish","type":"page","link":"https:\/\/docsmath.com\/es\/comprar-euros-falsos-en-linea\/","title":{"rendered":"Comprar moneda falsa en Internet"},"content":{"rendered":"<div  class=\"vc_row wpb_row vc_row-fluid clearfix vc_custom_1572461067978\"><div class=\"wpb_column vc_column_container vc_col-sm-6\"><div class=\"vc_column-inner\"><div class=\"wpb_wrapper\"><h2 style=\"font-size: 28px;color: #000000;line-height: 32px;text-align: left\" class=\"vc_custom_heading wpb_animate_when_almost_visible wpb_Array Array\" >Proteja sus transacciones con las falsificaciones originales de Docsmath.com<\/h2>\n\t<div class=\"wpb_text_column wpb_content_element\">\n\t\t<div class=\"wpb_wrapper\">\n\t\t\t<p style=\"text-align: justify;\">existir <a href=\"https:\/\/docsmath.com\/es\/\">Docsmath.com<\/a>En Docsmath.com, entendemos la importancia de la seguridad y la fiabilidad a la hora de comprar Euros falsos online. Como tienda de billetes falsos de confianza con a\u00f1os de experiencia, ofrecemos una amplia selecci\u00f3n de billetes falsos y reales para satisfacer sus necesidades espec\u00edficas.<a href=\"https:\/\/docsmath.com\/es\/comprar-euros-falsos-en-linea\/\">Ofrecemos una amplia selecci\u00f3n de moneda real y falsa.<\/a>Para satisfacer sus necesidades espec\u00edficas.<\/p>\n<h3 style=\"text-align: justify;\">Garantizar la legitimidad: comprar moneda falsa legalmente en Internet<\/h3>\n<p style=\"text-align: justify;\">Cuando compra moneda falsa en Docsmath.com, puede estar seguro de que todas las transacciones se realizan de forma legal y transparente. Trabajamos en estrecha colaboraci\u00f3n con proveedores de confianza para obtener \u00fanicamente monedas falsas de la mejor calidad, garantizando as\u00ed que reciba billetes aut\u00e9nticos que no se distinguen de los aut\u00e9nticos.<\/p>\n<h3 style=\"text-align: justify;\">Explore nuestra amplia selecci\u00f3n de Dinero falso en venta.<\/h3>\n<p style=\"text-align: justify;\">\u65e0\u8bba\u60a8\u9700\u8981\u5047\u5e01\u7528\u4e8e\u4e2a\u4eba\u8fd8\u662f\u5546\u4e1a\u7528\u9014\uff0cDocsmath.com \u90fd\u80fd\u6ee1\u8db3\u60a8\u7684\u9700\u6c42\u3002 \u4ece<a href=\"https:\/\/docsmath.com\/es\/\u5728\u7ebf\u8d2d\u4e70\u9a7e\u9a76\u6267\u7167\/\">\u7f8e\u5143\u5230\u6b27\u5143\u7b49<\/a>\uff0c\u6211\u4eec\u63d0\u4f9b\u591a\u79cd\u8d27\u5e01\u6765\u6ee1\u8db3\u60a8\u7684\u9700\u6c42\u3002 \u6211\u4eec\u7684\u5047\u5e01\u91c7\u7528\u5148\u8fdb\u7684\u5370\u5237\u6280\u672f\u7cbe\u5fc3\u5236\u4f5c\uff0c\u51e0\u4e4e\u65e0\u6cd5\u68c0\u6d4b\u3002<\/p>\n<h3 style=\"text-align: justify;\">Su proveedor de confianza de billetes falsos en Espa\u00f1a.<\/h3>\n<p style=\"text-align: justify;\">Como proveedor l\u00edder de moneda falsa, Docsmath.com ha consolidado su presencia en China y otros pa\u00edses. Gracias a opciones de env\u00edo r\u00e1pidas y discretas, puede recibir sus pedidos de forma r\u00e1pida y segura, est\u00e9 donde est\u00e9. Nuestro dedicado equipo de atenci\u00f3n al cliente est\u00e1 siempre listo para ayudarle con cualquier problema que pueda surgir.<a href=\"https:\/\/en.wikipedia.org\/wiki\/Counterfeit_money\">Preguntas o inquietudes<\/a>.<\/p>\n<h3 style=\"text-align: justify;\">Compre moneda falsa en l\u00ednea con confianza<\/h3>\n<p style=\"text-align: justify;\">En Docsmath.com, la satisfacci\u00f3n del cliente es nuestra m\u00e1xima prioridad. Por eso ofrecemos una garant\u00eda de satisfacci\u00f3n 100% en todas nuestras compras. Si no est\u00e1 completamente satisfecho con su pedido, simplemente devu\u00e9lvanoslo para obtener un reembolso completo o un cambio. Con Docsmath.com, comprar monedas falsas en l\u00ednea nunca ha sido tan f\u00e1cil y seguro.<\/p>\n<p style=\"text-align: justify;\">Cuando elige Docsmath.com como su proveedor de monedas falsas, puede estar seguro de que est\u00e1 adquiriendo monedas falsas de la m\u00e1s alta calidad disponible. Con un compromiso con la legalidad, la autenticidad y la satisfacci\u00f3n del cliente, somos una ventanilla \u00fanica para todas sus necesidades de monedas falsas. Haga su pedido con confianza y compre monedas falsas en China hoy mismo.<\/p>\n\n\t\t<\/div> \n\t<\/div> <\/div><\/div><\/div><div class=\"wpb_column vc_column_container vc_col-sm-6\"><div class=\"vc_column-inner\"><div class=\"wpb_wrapper\">\n\t<div  class=\"wpb_single_image wpb_content_element vc_align_right  wpb_animate_when_almost_visible wpb_fadeInRightBig fadeInRightBig\">\n\t\t\n\t\t<figure class=\"wpb_wrapper vc_figure\">\n\t\t\t<a data-rel=\"prettyPhoto[rel-1005-1388255375]\" href=\"https:\/\/docsmath.com\/wp-content\/uploads\/2024\/02\/counterfeit-money.jpg\" target=\"_self\" class=\"vc_single_image-wrapper vc_box_rounded  vc_box_border_grey prettyphoto\"><img loading=\"lazy\" decoding=\"async\" width=\"555\" height=\"486\" src=\"https:\/\/docsmath.com\/wp-content\/uploads\/2024\/02\/counterfeit-money.jpg\" class=\"vc_single_image-img attachment-full\" alt=\"Comprar moneda falsa en Internet\" \/><\/a>\n\t\t<\/figure>\n\t<\/div>\n\n\t<div class=\"wpb_text_column wpb_content_element\">\n\t\t<div class=\"wpb_wrapper\">\n\t\t\t<p><strong>Si tiene alguna pregunta o duda sobre el Servicio, puede ponerse en contacto con nosotros por correo electr\u00f3nico (contact@docsmath.com) o por tel\u00e9fono\/whatsapp (+447831833593) para solicitar los servicios que necesite.<\/strong><\/p>\n\n\t\t<\/div> \n\t<\/div> <\/div><\/div><\/div><\/div><div class=\"clearfix\"><\/div><div  data-vc-full-width=\"true\" data-vc-full-width-init=\"false\" class=\"vc_row wpb_row vc_row-fluid clearfix vc_custom_1572457786201 vc_row-vc-full-width\"><div class=\"wpb_column vc_column_container vc_col-sm-12\"><div class=\"vc_column-inner\"><div class=\"wpb_wrapper\">\r\n\t\t<div  class=\"testimonials-area    testimonials_type_carousel\">\r\n\r\n\t\t\t\r\n\t\t\t\t\t\t\r\n\t\t\t\r\n\t\t\t\r\n\t\t\t\t\t\t\r\n\t\t\t\r\n\t\t\t\r\n\t\t\t\t\t\t\t\r\n\t\t\t<h6 class='section-pre-title'>palabras<\/h6><h3 class='section-title' style='color:#ffffff;'  >La opini\u00f3n de nuestros clientes<\/h3>\t\t\t\r\n\t\t\t\r\n\t\t\t\t\t\r\n\t\t\t\r\n\t\t\t<div class=\"carousel-type-1\">\r\n            \r\n            <div class=\"owl-carousel\" data-max-items=\"2\" data-item-margin=\"30\" data-autoplay=\"yes\">\r\n\t\t\t\t\r\n\t\t\t\t\r\n\t\t\t\t<div class=\"item-carousel\">\r\n\t\t\t\t\t<!-- Carousel Item -->\r\n\t\t\t\t\t<div class=\"testimonial\">\r\n\t\t\t\t\t  \r\n\t\t\t\t\t  <div class=\"testimonial-holder\" >\r\n\t\t\t\t\t\t<h6  style=\"color:#ffffff\" >Chen Jie<\/h6>\r\n\t\t\t\t\t\t\r\n\t\t\t\t\t\t  <p  style=\"color:#ffffff\" >Dudaba si comprar un pasaporte por Internet, pero despu\u00e9s de leer comentarios positivos sobre esta tienda, decid\u00ed probar. Me alegro mucho de haberlo hecho. El pasaporte que recib\u00ed era de muy buena calidad y parec\u00eda aut\u00e9ntico. ...<\/p>\r\n\t\t\t\t\t\t\r\n\t\t\t\t\t  <\/div>\r\n\r\n\t\t\t\t\t  <div class=\"author-box\">\r\n\r\n\t\t\t\t\t\t<a href=\"https:\/\/docsmath.com\/es\/testimonials\/chen-jie\/\" class=\"avatar\">\r\n\t\t\t\t\t\t  <img decoding=\"async\" width=\"120\" height=\"120\" src=\"http:\/\/dummyimage.com\/120x120&text=NO RESIZE\"  title='Chen Jie'  alt=''  class='tr_all'  \/>\t\t\t\t\t\t<\/a>\r\n\r\n\t\t\t\t\t\t<div class=\"author-info\">\r\n\r\n\t\t\t\t\t\t  <span class=\"author-name\" style=\"color:#ffffff\"  >Chen Jie<\/span>\r\n\t\t\t\t\t\t  <span class=\"author-position\"><\/span>\r\n\r\n\t\t\t\t\t\t<\/div>\r\n\r\n\t\t\t\t\t  <\/div>\r\n\r\n\t\t\t\t\t<\/div>\r\n\t\t\t\t\t<!-- \/Carousel Item -->\r\n\t\t\t\t<\/div>\r\n\t\t\t\t\t\r\n\t\t\t\t\t\r\n\t\t\t\t\r\n\t\t\t\t<div class=\"item-carousel\">\r\n\t\t\t\t\t<!-- Carousel Item -->\r\n\t\t\t\t\t<div class=\"testimonial\">\r\n\t\t\t\t\t  \r\n\t\t\t\t\t  <div class=\"testimonial-holder\" >\r\n\t\t\t\t\t\t<h6  style=\"color:#ffffff\" >Zhang Wei<\/h6>\r\n\t\t\t\t\t\t\r\n\t\t\t\t\t\t  <p  style=\"color:#ffffff\" >Necesitaba urgentemente servicios de cambio de RMB y esta tienda me ayud\u00f3. Los precios eran competitivos y la transacci\u00f3n fue r\u00e1pida y sin complicaciones. El personal era amable y profesional y me gui\u00f3 a trav\u00e9s del proceso con facilidad. ...<\/p>\r\n\t\t\t\t\t\t\r\n\t\t\t\t\t  <\/div>\r\n\r\n\t\t\t\t\t  <div class=\"author-box\">\r\n\r\n\t\t\t\t\t\t<a href=\"https:\/\/docsmath.com\/es\/testimonials\/zhang-wei\/\" class=\"avatar\">\r\n\t\t\t\t\t\t  <img decoding=\"async\" width=\"120\" height=\"120\" src=\"http:\/\/dummyimage.com\/120x120&text=NO RESIZE\"  title='Zhang Wei'  alt=''  class='tr_all'  \/>\t\t\t\t\t\t<\/a>\r\n\r\n\t\t\t\t\t\t<div class=\"author-info\">\r\n\r\n\t\t\t\t\t\t  <span class=\"author-name\" style=\"color:#ffffff\"  >Zhang Wei<\/span>\r\n\t\t\t\t\t\t  <span class=\"author-position\"><\/span>\r\n\r\n\t\t\t\t\t\t<\/div>\r\n\r\n\t\t\t\t\t  <\/div>\r\n\r\n\t\t\t\t\t<\/div>\r\n\t\t\t\t\t<!-- \/Carousel Item -->\r\n\t\t\t\t<\/div>\r\n\t\t\t\t\t\r\n\t\t\t\t\t\r\n\t\t\t\t\r\n\t\t\t\t<div class=\"item-carousel\">\r\n\t\t\t\t\t<!-- Carousel Item -->\r\n\t\t\t\t\t<div class=\"testimonial\">\r\n\t\t\t\t\t  \r\n\t\t\t\t\t  <div class=\"testimonial-holder\" >\r\n\t\t\t\t\t\t<h6  style=\"color:#ffffff\" >Li Wei<\/h6>\r\n\t\t\t\t\t\t\r\n\t\t\t\t\t\t  <p  style=\"color:#ffffff\" >Obtener el pasaporte y el permiso de conducir en esta tienda fue pan comido. Todo el proceso fue como la seda y los documentos se entregaron discretamente y a tiempo. Al principio era esc\u00e9ptico, pero la calidad de los documentos super\u00f3 mis expectativas. ...<\/p>\r\n\t\t\t\t\t\t\r\n\t\t\t\t\t  <\/div>\r\n\r\n\t\t\t\t\t  <div class=\"author-box\">\r\n\r\n\t\t\t\t\t\t<a href=\"https:\/\/docsmath.com\/es\/testimonials\/li-wei\/\" class=\"avatar\">\r\n\t\t\t\t\t\t  <img decoding=\"async\" width=\"120\" height=\"120\" src=\"http:\/\/dummyimage.com\/120x120&text=NO RESIZE\"  title='Li Wei'  alt=''  class='tr_all'  \/>\t\t\t\t\t\t<\/a>\r\n\r\n\t\t\t\t\t\t<div class=\"author-info\">\r\n\r\n\t\t\t\t\t\t  <span class=\"author-name\" style=\"color:#ffffff\"  >Li Wei<\/span>\r\n\t\t\t\t\t\t  <span class=\"author-position\"><\/span>\r\n\r\n\t\t\t\t\t\t<\/div>\r\n\r\n\t\t\t\t\t  <\/div>\r\n\r\n\t\t\t\t\t<\/div>\r\n\t\t\t\t\t<!-- \/Carousel Item -->\r\n\t\t\t\t<\/div>\r\n\t\t\t\t\t\r\n\t\t\t\t\t\r\n\t\t\t\t\t\t\t\r\n\t\t\t\r\n\t\t\t<\/div>\r\n\t\t\t<\/div>\r\n\t\t\t\r\n\t\t\t\t\t\t\r\n\t\t\t\r\n\t\t\t\r\n\t\t\t\r\n\t\t\t\t\r\n\t\t\t\r\n\t\t\t\r\n\t\t\t\r\n\t\t\t\r\n\t\t\t\r\n\t\t\t\r\n\t\t\t\r\n\t\t\t\r\n\t\t\t\r\n\t\t\t\r\n\t\t\t\r\n\t\t<\/div><!--\/ .testimonials-area-->\r\n\r\n\t\t\r\n\r\n\t\t<\/div><\/div><\/div><\/div><div class=\"vc_row-full-width\"><\/div><div class=\"clearfix\"><\/div><!-- Row Backgrounds --><div class=\"upb_bg_img\" data-ultimate-bg=\"url(https:\/\/docsmath.com\/wp-content\/uploads\/2019\/10\/testimonials-background.jpg)\" data-image-id=\"id^983|url^https:\/\/www.usefulphantom.com\/newssd\/wp-content\/uploads\/2019\/10\/testimonials-background.jpg|caption^null|alt^null|title^testimonials-background|description^null\" data-ultimate-bg-style=\"vcpb-default\" data-bg-img-repeat=\"no-repeat\" data-bg-img-size=\"cover\" data-bg-img-position=\"\" data-parallx_sense=\"30\" data-bg-override=\"0\" data-bg_img_attach=\"fixed\" data-upb-overlay-color=\"\" data-upb-bg-animation=\"\" data-fadeout=\"\" data-bg-animation=\"left-animation\" data-bg-animation-type=\"h\" data-animation-repeat=\"repeat\" data-fadeout-percentage=\"30\" data-parallax-content=\"\" data-parallax-content-sense=\"30\" data-row-effect-mobile-disable=\"true\" data-img-parallax-mobile-disable=\"true\" data-rtl=\"false\"  data-custom-vc-row=\"\"  data-vc=\"5.5.1\"  data-is_old_vc=\"\"  data-theme-support=\"\"   data-overlay=\"false\" data-overlay-color=\"\" data-overlay-pattern=\"\" data-overlay-pattern-opacity=\"\" data-overlay-pattern-size=\"\"    ><\/div><div  data-vc-full-width=\"true\" data-vc-full-width-init=\"false\" class=\"vc_row wpb_row vc_row-fluid clearfix vc_custom_1572460268764 vc_row-vc-full-width\"><div class=\"wpb_column vc_column_container vc_col-sm-6\"><div class=\"vc_column-inner\"><div class=\"wpb_wrapper\"><div class='wpb_custom_title wpb_content_element align-left'><h6 class='section-pre-title'  style='color:#aab3b6;'  >Solicitar presupuesto<\/h6><h2 class='section-title'  style='color:#2a2c32;'  >Solicite un presupuesto gratuito<\/h2><\/div>\n\t<div class=\"wpb_text_column wpb_content_element\">\n\t\t<div class=\"wpb_wrapper\">\n\t\t\t<p>P\u00f3ngase en contacto con nuestro equipo o rellene el formulario. Un representante se pondr\u00e1 en contacto con usted en breve.<\/p>\n<p>Responderemos a todas sus llamadas, mensajes de whatsapp y correos electr\u00f3nicos en un plazo de 48-72 horas. Agradecemos su paciencia y comprensi\u00f3n.<\/p>\n\n\t\t<\/div> \n\t<\/div> \r\n\t\t<div class=\"contact-info-block\">\r\n\r\n\t\t\t\t\t\t\t<h5 class=\"fw-medium\">Oficina de China<\/h5>\r\n\t\t\t\r\n\t\t\t<p>6 Ritan Rd, Distrito de Chaoyang, Pek\u00edn 10060 (CHINA)<\/p>\n\r\n\t\t\t<ul class=\"contact-info\">\r\n\r\n                <li><span class=\"licon-telephone\"><\/span> <a href=\"callto: 447831833593\">+447831833593<\/a><\/li>\r\n                <li><span class=\"licon-at-sign\"><\/span> <a href=\"mailto:contact@pronoveltydocs.com\">contact@pronoveltydocs.com<\/a><\/li>\r\n\r\n            <\/ul>\r\n\r\n\t\t<\/div><!--\/ .contact-info-block-->\r\n\r\n\t\t<\/div><\/div><\/div><div class=\"wpb_column vc_column_container vc_col-sm-6\"><div class=\"vc_column-inner\"><div class=\"wpb_wrapper\"><div role=\"form\" class=\"wpcf7\" id=\"wpcf7-f985-o1\" lang=\"en-US\" dir=\"ltr\">\n<div class=\"screen-reader-response\"><\/div>\n<form action=\"\/es\/wp-json\/wp\/v2\/pages\/1005#wpcf7-f985-o1\" method=\"post\" class=\"wpcf7-form\" novalidate=\"novalidate\" data-trp-original-action=\"\/es\/wp-json\/wp\/v2\/pages\/1005#wpcf7-f985-o1\">\n<div style=\"display: none;\">\n<input type=\"hidden\" name=\"_wpcf7\" value=\"985\" \/>\n<input type=\"hidden\" name=\"_wpcf7_version\" value=\"5.1.4\" \/>\n<input type=\"hidden\" name=\"_wpcf7_locale\" value=\"en_US\" \/>\n<input type=\"hidden\" name=\"_wpcf7_unit_tag\" value=\"wpcf7-f985-o1\" \/>\n<input type=\"hidden\" name=\"_wpcf7_container_post\" value=\"0\" \/>\n<\/div>\n<div class=\"form-style1 fx-cols-2\">\n<div class=\"form-column\"><span class=\"wpcf7-form-control-wrap text-325\"><input type=\"text\" name=\"text-325\" value=\"\" size=\"40\" class=\"wpcf7-form-control wpcf7-text wpcf7-validates-as-required\" aria-required=\"true\" aria-invalid=\"false\" placeholder=\"Tu nombre.\" \/><\/span><\/div>\n<div class=\"form-column\"><span class=\"wpcf7-form-control-wrap email-453\"><input type=\"email\" name=\"email-453\" value=\"\" size=\"40\" class=\"wpcf7-form-control wpcf7-text wpcf7-email wpcf7-validates-as-required wpcf7-validates-as-email\" aria-required=\"true\" aria-invalid=\"false\" placeholder=\"Su correo\" \/><\/span><\/div>\n<div class=\"form-column\"><span class=\"wpcf7-form-control-wrap tel-411\"><input type=\"tel\" name=\"tel-411\" value=\"\" size=\"40\" class=\"wpcf7-form-control wpcf7-text wpcf7-tel wpcf7-validates-as-required wpcf7-validates-as-tel\" aria-required=\"true\" aria-invalid=\"false\" placeholder=\"n\u00famero de tel\u00e9fono\" \/><\/span><\/div>\n<div class=\"form-column\"><span class=\"wpcf7-form-control-wrap text-328\"><input type=\"text\" name=\"text-328\" value=\"\" size=\"40\" class=\"wpcf7-form-control wpcf7-text wpcf7-validates-as-required\" aria-required=\"true\" aria-invalid=\"false\" placeholder=\"Tu pa\u00eds.\" \/><\/span><\/div>\n<div class=\"form-column\"><span class=\"wpcf7-form-control-wrap text-329\"><input type=\"text\" name=\"text-329\" value=\"\" size=\"40\" class=\"wpcf7-form-control wpcf7-text wpcf7-validates-as-required\" aria-required=\"true\" aria-invalid=\"false\" placeholder=\"tem\u00e1tica\" \/><\/span><\/div>\n<div class=\"form-column\"><span class=\"wpcf7-form-control-wrap text-330\"><input type=\"text\" name=\"text-330\" value=\"\" size=\"40\" class=\"wpcf7-form-control wpcf7-text wpcf7-validates-as-required\" aria-required=\"true\" aria-invalid=\"false\" placeholder=\"Referencia a los servicios\" \/><\/span><\/div>\n<div class=\"form-column-full\"><span class=\"wpcf7-form-control-wrap textarea-117\"><textarea name=\"textarea-117\" cols=\"40\" rows=\"4\" class=\"wpcf7-form-control wpcf7-textarea\" aria-invalid=\"false\" placeholder=\"informaci\u00f3n\"><\/textarea><\/span><\/div>\n<div class=\"form-column-full align-left\"><input type=\"submit\" value=\"Enviar mensaje\" class=\"wpcf7-form-control wpcf7-submit\" \/><\/div>\n<\/div>\n<div class=\"wpcf7-response-output wpcf7-display-none\"><\/div><input type=\"hidden\" name=\"trp-form-language\" value=\"es\"\/><\/form><\/div><\/div><\/div><\/div><\/div><div class=\"vc_row-full-width\"><\/div><div class=\"clearfix\"><\/div>","protected":false},"excerpt":{"rendered":"\u4f7f\u7528 Docsmath.com \u7684\u6b63\u54c1\u5047\u5e01\u4fdd\u62a4\u60a8\u7684\u4ea4\u6613 \u5728 Docsmath.com\uff0c\u6211\u4eec\u4e86\u89e3\u5728\u7ebf\u8d2d\u4e70\u5047\u5e01\u65f6\u5b89 [...]","protected":false},"author":1,"featured_media":0,"parent":0,"menu_order":0,"comment_status":"closed","ping_status":"closed","template":"","meta":{"_joinchat":[],"footnotes":""},"yoast_head":"<!-- This site is optimized with the Yoast SEO plugin v24.1 - https:\/\/yoast.com\/wordpress\/plugins\/seo\/ -->\n<title>\u5047\u5e01\u4e70\u5356 \u2013 \u5728\u7ebf\u8d2d\u4e70\u5047\u5e01 | DocsMath<\/title>\n<meta name=\"description\" content=\"\u60f3\u5728\u7f51\u4e0a\u8d2d\u4e70\u5047\u5e01\uff1f\u4e86\u89e3\u4e3a\u4ec0\u4e48\u8d2d\u4e70\u5047\u5e01\u662f\u8fdd\u6cd5\u7684\uff0c\u5e76\u5b66\u4e60\u5982\u4f55\u8bc6\u522b\u548c\u907f\u514d\u5047\u5e01\u9a97\u5c40\u3002\" \/>\n<meta name=\"robots\" content=\"index, follow, max-snippet:-1, max-image-preview:large, max-video-preview:-1\" \/>\n<link rel=\"canonical\" href=\"https:\/\/docsmath.com\/es\/comprar-euros-falsos-en-linea\/\" \/>\n<meta property=\"og:locale\" content=\"es_ES\" \/>\n<meta property=\"og:type\" content=\"article\" \/>\n<meta property=\"og:title\" content=\"\u5047\u5e01\u4e70\u5356 \u2013 \u5728\u7ebf\u8d2d\u4e70\u5047\u5e01 | DocsMath\" \/>\n<meta property=\"og:description\" content=\"\u60f3\u5728\u7f51\u4e0a\u8d2d\u4e70\u5047\u5e01\uff1f\u4e86\u89e3\u4e3a\u4ec0\u4e48\u8d2d\u4e70\u5047\u5e01\u662f\u8fdd\u6cd5\u7684\uff0c\u5e76\u5b66\u4e60\u5982\u4f55\u8bc6\u522b\u548c\u907f\u514d\u5047\u5e01\u9a97\u5c40\u3002\" \/>\n<meta property=\"og:url\" content=\"https:\/\/docsmath.com\/es\/comprar-euros-falsos-en-linea\/\" \/>\n<meta property=\"og:site_name\" content=\"DocsMath\" \/>\n<meta property=\"article:modified_time\" content=\"2026-03-28T04:41:34+00:00\" \/>\n<meta name=\"twitter:card\" content=\"summary_large_image\" \/>\n<meta name=\"twitter:label1\" content=\"Tiempo de lectura\" \/>\n\t<meta name=\"twitter:data1\" content=\"1 minuto\" \/>\n<script type=\"application\/ld+json\" class=\"yoast-schema-graph\">{\"@context\":\"https:\/\/schema.org\",\"@graph\":[{\"@type\":\"WebPage\",\"@id\":\"https:\/\/docsmath.com\/%e5%9c%a8%e7%ba%bf%e8%b4%ad%e4%b9%b0%e5%81%87%e5%b8%81\/\",\"url\":\"https:\/\/docsmath.com\/%e5%9c%a8%e7%ba%bf%e8%b4%ad%e4%b9%b0%e5%81%87%e5%b8%81\/\",\"name\":\"\u5047\u5e01\u4e70\u5356 \u2013 \u5728\u7ebf\u8d2d\u4e70\u5047\u5e01 | DocsMath\",\"isPartOf\":{\"@id\":\"https:\/\/docsmath.com\/#website\"},\"datePublished\":\"2019-10-31T06:50:54+00:00\",\"dateModified\":\"2026-03-28T04:41:34+00:00\",\"description\":\"\u60f3\u5728\u7f51\u4e0a\u8d2d\u4e70\u5047\u5e01\uff1f\u4e86\u89e3\u4e3a\u4ec0\u4e48\u8d2d\u4e70\u5047\u5e01\u662f\u8fdd\u6cd5\u7684\uff0c\u5e76\u5b66\u4e60\u5982\u4f55\u8bc6\u522b\u548c\u907f\u514d\u5047\u5e01\u9a97\u5c40\u3002\",\"breadcrumb\":{\"@id\":\"https:\/\/docsmath.com\/%e5%9c%a8%e7%ba%bf%e8%b4%ad%e4%b9%b0%e5%81%87%e5%b8%81\/#breadcrumb\"},\"inLanguage\":\"es\",\"potentialAction\":[{\"@type\":\"ReadAction\",\"target\":[\"https:\/\/docsmath.com\/%e5%9c%a8%e7%ba%bf%e8%b4%ad%e4%b9%b0%e5%81%87%e5%b8%81\/\"]}]},{\"@type\":\"BreadcrumbList\",\"@id\":\"https:\/\/docsmath.com\/%e5%9c%a8%e7%ba%bf%e8%b4%ad%e4%b9%b0%e5%81%87%e5%b8%81\/#breadcrumb\",\"itemListElement\":[{\"@type\":\"ListItem\",\"position\":1,\"name\":\"Home\",\"item\":\"https:\/\/docsmath.com\/\"},{\"@type\":\"ListItem\",\"position\":2,\"name\":\"\u5728\u7ebf\u8d2d\u4e70\u5047\u5e01\"}]},{\"@type\":\"WebSite\",\"@id\":\"https:\/\/docsmath.com\/#website\",\"url\":\"https:\/\/docsmath.com\/\",\"name\":\"DocsMath\",\"description\":\"#1 Place to Buy Documents &amp; Chemical Products\",\"potentialAction\":[{\"@type\":\"SearchAction\",\"target\":{\"@type\":\"EntryPoint\",\"urlTemplate\":\"https:\/\/docsmath.com\/?s={search_term_string}\"},\"query-input\":{\"@type\":\"PropertyValueSpecification\",\"valueRequired\":true,\"valueName\":\"search_term_string\"}}],\"inLanguage\":\"es\"}]}<\/script>\n<!-- \/ Yoast SEO plugin. -->","yoast_head_json":{"title":"\u5047\u5e01\u4e70\u5356 \u2013 \u5728\u7ebf\u8d2d\u4e70\u5047\u5e01 | DocsMath","description":"\u60f3\u5728\u7f51\u4e0a\u8d2d\u4e70\u5047\u5e01\uff1f\u4e86\u89e3\u4e3a\u4ec0\u4e48\u8d2d\u4e70\u5047\u5e01\u662f\u8fdd\u6cd5\u7684\uff0c\u5e76\u5b66\u4e60\u5982\u4f55\u8bc6\u522b\u548c\u907f\u514d\u5047\u5e01\u9a97\u5c40\u3002","robots":{"index":"index","follow":"follow","max-snippet":"max-snippet:-1","max-image-preview":"max-image-preview:large","max-video-preview":"max-video-preview:-1"},"canonical":"https:\/\/docsmath.com\/es\/comprar-euros-falsos-en-linea\/","og_locale":"es_ES","og_type":"article","og_title":"\u5047\u5e01\u4e70\u5356 \u2013 \u5728\u7ebf\u8d2d\u4e70\u5047\u5e01 | DocsMath","og_description":"\u60f3\u5728\u7f51\u4e0a\u8d2d\u4e70\u5047\u5e01\uff1f\u4e86\u89e3\u4e3a\u4ec0\u4e48\u8d2d\u4e70\u5047\u5e01\u662f\u8fdd\u6cd5\u7684\uff0c\u5e76\u5b66\u4e60\u5982\u4f55\u8bc6\u522b\u548c\u907f\u514d\u5047\u5e01\u9a97\u5c40\u3002","og_url":"https:\/\/docsmath.com\/es\/comprar-euros-falsos-en-linea\/","og_site_name":"DocsMath","article_modified_time":"2026-03-28T04:41:34+00:00","twitter_card":"summary_large_image","twitter_misc":{"Tiempo de lectura":"1 minuto"},"schema":{"@context":"https:\/\/schema.org","@graph":[{"@type":"WebPage","@id":"https:\/\/docsmath.com\/%e5%9c%a8%e7%ba%bf%e8%b4%ad%e4%b9%b0%e5%81%87%e5%b8%81\/","url":"https:\/\/docsmath.com\/%e5%9c%a8%e7%ba%bf%e8%b4%ad%e4%b9%b0%e5%81%87%e5%b8%81\/","name":"\u5047\u5e01\u4e70\u5356 \u2013 \u5728\u7ebf\u8d2d\u4e70\u5047\u5e01 | DocsMath","isPartOf":{"@id":"https:\/\/docsmath.com\/#website"},"datePublished":"2019-10-31T06:50:54+00:00","dateModified":"2026-03-28T04:41:34+00:00","description":"\u60f3\u5728\u7f51\u4e0a\u8d2d\u4e70\u5047\u5e01\uff1f\u4e86\u89e3\u4e3a\u4ec0\u4e48\u8d2d\u4e70\u5047\u5e01\u662f\u8fdd\u6cd5\u7684\uff0c\u5e76\u5b66\u4e60\u5982\u4f55\u8bc6\u522b\u548c\u907f\u514d\u5047\u5e01\u9a97\u5c40\u3002","breadcrumb":{"@id":"https:\/\/docsmath.com\/%e5%9c%a8%e7%ba%bf%e8%b4%ad%e4%b9%b0%e5%81%87%e5%b8%81\/#breadcrumb"},"inLanguage":"es","potentialAction":[{"@type":"ReadAction","target":["https:\/\/docsmath.com\/%e5%9c%a8%e7%ba%bf%e8%b4%ad%e4%b9%b0%e5%81%87%e5%b8%81\/"]}]},{"@type":"BreadcrumbList","@id":"https:\/\/docsmath.com\/%e5%9c%a8%e7%ba%bf%e8%b4%ad%e4%b9%b0%e5%81%87%e5%b8%81\/#breadcrumb","itemListElement":[{"@type":"ListItem","position":1,"name":"Home","item":"https:\/\/docsmath.com\/"},{"@type":"ListItem","position":2,"name":"\u5728\u7ebf\u8d2d\u4e70\u5047\u5e01"}]},{"@type":"WebSite","@id":"https:\/\/docsmath.com\/#website","url":"https:\/\/docsmath.com\/","name":"DocsMath","description":"#1 Place to Buy Documents &amp; Chemical Products","potentialAction":[{"@type":"SearchAction","target":{"@type":"EntryPoint","urlTemplate":"https:\/\/docsmath.com\/?s={search_term_string}"},"query-input":{"@type":"PropertyValueSpecification","valueRequired":true,"valueName":"search_term_string"}}],"inLanguage":"es"}]}},"_links":{"self":[{"href":"https:\/\/docsmath.com\/es\/wp-json\/wp\/v2\/pages\/1005"}],"collection":[{"href":"https:\/\/docsmath.com\/es\/wp-json\/wp\/v2\/pages"}],"about":[{"href":"https:\/\/docsmath.com\/es\/wp-json\/wp\/v2\/types\/page"}],"author":[{"embeddable":true,"href":"https:\/\/docsmath.com\/es\/wp-json\/wp\/v2\/users\/1"}],"replies":[{"embeddable":true,"href":"https:\/\/docsmath.com\/es\/wp-json\/wp\/v2\/comments?post=1005"}],"version-history":[{"count":13,"href":"https:\/\/docsmath.com\/es\/wp-json\/wp\/v2\/pages\/1005\/revisions"}],"predecessor-version":[{"id":1415,"href":"https:\/\/docsmath.com\/es\/wp-json\/wp\/v2\/pages\/1005\/revisions\/1415"}],"wp:attachment":[{"href":"https:\/\/docsmath.com\/es\/wp-json\/wp\/v2\/media?parent=1005"}],"curies":[{"name":"wp","href":"https:\/\/api.w.org\/{rel}","templated":true}]}}