{"id":1214,"date":"2024-02-26T12:26:45","date_gmt":"2024-02-26T12:26:45","guid":{"rendered":"https:\/\/postnllogistic.com\/china\/?page_id=1214"},"modified":"2026-03-31T11:05:04","modified_gmt":"2026-03-31T11:05:04","slug":"%e5%9c%a8%e7%ba%bf%e8%b4%ad%e4%b9%b0%e9%9b%85%e6%80%9d%e8%af%81%e4%b9%a6","status":"publish","type":"page","link":"https:\/\/docsmath.com\/de\/ielts-zertifikat-online-kaufen\/","title":{"rendered":"IELTS-Zertifikate online kaufen"},"content":{"rendered":"<div  class=\"vc_row wpb_row vc_row-fluid clearfix vc_custom_1572461067978\"><div class=\"wpb_column vc_column_container vc_col-sm-6\"><div class=\"vc_column-inner\"><div class=\"wpb_wrapper\"><h2 style=\"font-size: 28px;color: #000000;line-height: 32px;text-align: left\" class=\"vc_custom_heading wpb_animate_when_almost_visible wpb_Array Array\" >Erschlie\u00dfen Sie Ihre Chancen mit den authentischen IELTS-Testzertifikaten von Docsmath.com!<\/h2>\n\t<div class=\"wpb_text_column wpb_content_element\">\n\t\t<div class=\"wpb_wrapper\">\n\t\t\t<p style=\"text-align: justify;\">Sie m\u00f6chten im Ausland studieren oder arbeiten?<a href=\"https:\/\/docsmath.com\/de\/ielts-zertifikat-online-kaufen\/\">Und Sie ben\u00f6tigen ein IELTS-Zertifikat, um Ihren Traum zu verwirklichen<\/a>? Z\u00f6gern Sie nicht l\u00e4nger! uns <a href=\"https:\/\/docsmath.com\/de\/\">Docsmath.com<\/a> Bieten Sie zuverl\u00e4ssige L\u00f6sungen f\u00fcr Ihre Anforderungen. Mit unseren echten IELTS-Zertifikaten k\u00f6nnen Sie T\u00fcren zu spannenden M\u00f6glichkeiten auf der ganzen Welt \u00f6ffnen.<\/p>\n<h3 style=\"text-align: justify;\">Warum sollten Sie Docsmath.com f\u00fcr Ihr IELTS-Zertifikat w\u00e4hlen?<\/h3>\n<p style=\"text-align: justify;\">Vertrauen ist wichtig, wenn es darum geht, ein IELTS-Zertifikat zu erhalten. Wir bei Docsmath.com verstehen die Bedeutung von Authentizit\u00e4t und Legitimit\u00e4t. Wir bieten weltweit anerkannte und echte IELTS-Testzertifikate, um Ihre Glaubw\u00fcrdigkeit und Ihren Erfolg zu gew\u00e4hrleisten.<\/p>\n<h3 style=\"text-align: justify;\">IELTS-Zertifikate mit Vertrauen online kaufen<\/h3>\n<p style=\"text-align: justify;\"><a href=\"https:\/\/en.wikipedia.org\/wiki\/International_English_Language_Testing_System\">Nur ein paar Klicks<\/a>Bei Docsmath.com k\u00f6nnen Sie sicher ein IELTS-Zertifikat f\u00fcr China erwerben. Wir bieten Ihnen einen einfachen und transparenten Prozess, damit Sie Ihr Zertifikat unkompliziert erhalten. Unsere benutzerfreundliche Online-Plattform garantiert einen reibungslosen Ablauf vom Kauf bis zur Zustellung.<\/p>\n<h3 style=\"text-align: justify;\">Echte und gef\u00e4lschte IELTS-Zertifikate: den Unterschied kennen<\/h3>\n<p style=\"text-align: justify;\">\u8c28\u9632\u53ef\u80fd\u5371\u53ca\u60a8\u672a\u6765\u7684\u4f2a\u9020\u8bc1\u4e66\u3002 \u5728 Docsmath.com\uff0c<a href=\"https:\/\/docsmath.com\/de\/eine-aufenthaltsgenehmigung-online-kaufen\/\">\u6211\u4eec\u4fdd\u8bc1\u96c5\u601d\u8003\u8bd5\u8bc1\u4e66\u7684<\/a>\u771f\u5b9e\u6027\u3002 \u4e0e\u5047\u8bc1\u4e66\u4e0d\u540c\uff0c\u6211\u4eec\u7684\u8bc1\u4e66\u662f\u5408\u6cd5\u83b7\u5f97\u4e14\u53ef\u9a8c\u8bc1\u7684\uff0c\u8ba9\u60a8\u5b89\u5fc3\u65e0\u5fe7\uff0c\u5bf9\u81ea\u5df1\u7684\u52aa\u529b\u5145\u6ee1\u4fe1\u5fc3\u3002<\/p>\n<h3 style=\"text-align: justify;\">Kaufen Sie Ihre IELTS-Zertifikate legal online<\/h3>\n<p style=\"text-align: justify;\">Bei Docsmath.com arbeiten wir im Rahmen des Gesetzes. Wenn Sie ein IELTS-Pr\u00fcfungszertifikat bei uns kaufen, k\u00f6nnen Sie sicher sein, dass es auf legalem Wege erworben wurde. Wir halten uns an strenge Standards der Legalit\u00e4t und Ethik, um die Einhaltung der Vorschriften zu gew\u00e4hrleisten.<\/p>\n<h3 style=\"text-align: justify;\">Ihr vertrauensw\u00fcrdiger IELTS-Zertifikatsanbieter in China<\/h3>\n<p style=\"text-align: justify;\">Ob Sie in Peking, Shanghai oder sonstwo in China sind, Docsmath.com ist Ihr zuverl\u00e4ssiger Lieferant f\u00fcr IELTS-Pr\u00fcfungszertifikate. Wir bedienen Kunden in ganz China und bieten Qualit\u00e4tszertifikate, die internationalen Standards entsprechen. Vertrauen Sie darauf, dass wir Ihr Partner sind, wenn Sie Ihre Ziele im Ausland erreichen wollen.<\/p>\n<h3 style=\"text-align: justify;\">Fazit: Mit Docsmath.com die Zukunft sichern<\/h3>\n<p style=\"text-align: justify;\">Lassen Sie sich nicht durch das Fehlen eines IELTS-Testzertifikats von der Verwirklichung Ihrer Tr\u00e4ume abhalten. Vertrauen Sie auf Docsmath.com, um echte Zertifikate zu erhalten, die Ihnen die T\u00fcr zu unendlichen M\u00f6glichkeiten \u00f6ffnen. Mit unserer Verpflichtung zu Qualit\u00e4t und Legitimit\u00e4t k\u00f6nnen Sie Ihre Reise mit Zuversicht antreten. Machen Sie den ersten Schritt zur Verwirklichung Ihrer Tr\u00e4ume und kaufen Sie Ihr IELTS-Zertifikat noch heute bei Docsmath.com.<\/p>\n\n\t\t<\/div> \n\t<\/div> \n\t<div class=\"wpb_text_column wpb_content_element\">\n\t\t<div class=\"wpb_wrapper\">\n\t\t\t<h5>Kann ich das IELTS-Zertifikat Lesen kaufen?<\/h5>\n<p>Kann ich ein IELTS-Zertifikat kaufen? Die kurze Antwort lautet<b>negativ<\/b>! Einer der Gr\u00fcnde, warum IELTS als der vertrauensw\u00fcrdigste internationale Sprachtest der Welt anerkannt ist, liegt in den hohen Sicherheitsma\u00dfnahmen.<\/p>\n<h5>Wie bekomme ich ein Original IELTS-Zertifikat?<\/h5>\n<p><b>docsmath IELTS Test Center sendet Ihnen das offizielle Test Report Form (TRF) an Ihre Postadresse<\/b>. Computer-based IELTS: Ihr TRF wird 3-5 Tage nach dem Testdatum verschickt. Paper-based IELTS: Ihr TRF wird 13 Tage nach dem Testdatum verschickt.<\/p>\n<h4>Wie viel kostet ein IELTS-Zertifikat?<\/h4>\n<h5>Wie bekomme ich ein IELTS-Zertifikat?<\/h5>\n<ol>\n<li>Online. Die Tests k\u00f6nnen aus der Ferne durchgef\u00fchrt werden. Die Ergebnisse liegen in 6-8 Tagen vor. Erfordert spezielle Ausr\u00fcstung zur Durchf\u00fchrung. ...<\/li>\n<li>Pers\u00f6nlich - Computer. Verwenden Sie einen Computer in einem IELTS-Testzentrum. Ergebnisse in 3-5 Tagen. ...<\/li>\n<li>Pers\u00f6nlich - Papier. Papier und Bleistift in einem IELTS-Testzentrum.13 Tage bis zum Ergebnis.<\/li>\n<\/ol>\n\n\t\t<\/div> \n\t<\/div> <\/div><\/div><\/div><div class=\"wpb_column vc_column_container vc_col-sm-6\"><div class=\"vc_column-inner\"><div class=\"wpb_wrapper\">\n\t<div  class=\"wpb_single_image wpb_content_element vc_align_right  wpb_animate_when_almost_visible wpb_fadeInRightBig fadeInRightBig\">\n\t\t\n\t\t<figure class=\"wpb_wrapper vc_figure\">\n\t\t\t<a data-rel=\"prettyPhoto[rel-1214-1551392957]\" href=\"https:\/\/docsmath.com\/wp-content\/uploads\/2024\/02\/ielts.jpg\" target=\"_self\" class=\"vc_single_image-wrapper vc_box_rounded  vc_box_border_grey prettyphoto\"><img loading=\"lazy\" decoding=\"async\" width=\"555\" height=\"486\" src=\"https:\/\/docsmath.com\/wp-content\/uploads\/2024\/02\/ielts.jpg\" class=\"vc_single_image-img attachment-full\" alt=\"IELTS-Zertifikate online kaufen\" \/><\/a>\n\t\t<\/figure>\n\t<\/div>\n\n\t<div class=\"wpb_text_column wpb_content_element\">\n\t\t<div class=\"wpb_wrapper\">\n\t\t\t<p><strong>Wenn Sie Fragen oder Bedenken bez\u00fcglich des Dienstes haben, k\u00f6nnen Sie uns per E-Mail (contact@docsmath.com) oder per Telefon\/Whatsapp (+447831833593) kontaktieren, um die von Ihnen ben\u00f6tigten Dienste anzufordern.<\/strong><\/p>\n\n\t\t<\/div> \n\t<\/div> <\/div><\/div><\/div><\/div><div class=\"clearfix\"><\/div><div  data-vc-full-width=\"true\" data-vc-full-width-init=\"false\" class=\"vc_row wpb_row vc_row-fluid clearfix vc_custom_1572457786201 vc_row-vc-full-width\"><div class=\"wpb_column vc_column_container vc_col-sm-12\"><div class=\"vc_column-inner\"><div class=\"wpb_wrapper\">\r\n\t\t<div  class=\"testimonials-area    testimonials_type_carousel\">\r\n\r\n\t\t\t\r\n\t\t\t\t\t\t\r\n\t\t\t\r\n\t\t\t\r\n\t\t\t\t\t\t\r\n\t\t\t\r\n\t\t\t\r\n\t\t\t\t\t\t\t\r\n\t\t\t<h6 class='section-pre-title'>W\u00f6rter<\/h6><h3 class='section-title' style='color:#ffffff;'  >Was unsere Kunden sagen<\/h3>\t\t\t\r\n\t\t\t\r\n\t\t\t\t\t\r\n\t\t\t\r\n\t\t\t<div class=\"carousel-type-1\">\r\n            \r\n            <div class=\"owl-carousel\" data-max-items=\"2\" data-item-margin=\"30\" data-autoplay=\"yes\">\r\n\t\t\t\t\r\n\t\t\t\t\r\n\t\t\t\t<div class=\"item-carousel\">\r\n\t\t\t\t\t<!-- Carousel Item -->\r\n\t\t\t\t\t<div class=\"testimonial\">\r\n\t\t\t\t\t  \r\n\t\t\t\t\t  <div class=\"testimonial-holder\" >\r\n\t\t\t\t\t\t<h6  style=\"color:#ffffff\" >Chen Jie<\/h6>\r\n\t\t\t\t\t\t\r\n\t\t\t\t\t\t  <p  style=\"color:#ffffff\" >Ich habe gez\u00f6gert, einen Reisepass online zu kaufen, aber nachdem ich positive Bewertungen \u00fcber diesen Shop gelesen hatte, beschloss ich, es zu versuchen. Ich bin so froh, dass ich es getan habe! Der Reisepass, den ich erhalten habe, war von sehr guter Qualit\u00e4t und sah authentisch aus. ...<\/p>\r\n\t\t\t\t\t\t\r\n\t\t\t\t\t  <\/div>\r\n\r\n\t\t\t\t\t  <div class=\"author-box\">\r\n\r\n\t\t\t\t\t\t<a href=\"https:\/\/docsmath.com\/de\/testimonials\/chen-jie\/\" class=\"avatar\">\r\n\t\t\t\t\t\t  <img decoding=\"async\" width=\"120\" height=\"120\" src=\"http:\/\/dummyimage.com\/120x120&text=NO RESIZE\"  title='Chen Jie'  alt=''  class='tr_all'  \/>\t\t\t\t\t\t<\/a>\r\n\r\n\t\t\t\t\t\t<div class=\"author-info\">\r\n\r\n\t\t\t\t\t\t  <span class=\"author-name\" style=\"color:#ffffff\"  >Chen Jie<\/span>\r\n\t\t\t\t\t\t  <span class=\"author-position\"><\/span>\r\n\r\n\t\t\t\t\t\t<\/div>\r\n\r\n\t\t\t\t\t  <\/div>\r\n\r\n\t\t\t\t\t<\/div>\r\n\t\t\t\t\t<!-- \/Carousel Item -->\r\n\t\t\t\t<\/div>\r\n\t\t\t\t\t\r\n\t\t\t\t\t\r\n\t\t\t\t\r\n\t\t\t\t<div class=\"item-carousel\">\r\n\t\t\t\t\t<!-- Carousel Item -->\r\n\t\t\t\t\t<div class=\"testimonial\">\r\n\t\t\t\t\t  \r\n\t\t\t\t\t  <div class=\"testimonial-holder\" >\r\n\t\t\t\t\t\t<h6  style=\"color:#ffffff\" >Zhang Wei<\/h6>\r\n\t\t\t\t\t\t\r\n\t\t\t\t\t\t  <p  style=\"color:#ffffff\" >Ich brauchte dringend einen RMB-Umtauschdienst und dieser Laden hat mir geholfen. Die Preise waren wettbewerbsf\u00e4hig, und die Transaktion verlief schnell und reibungslos. Das Personal war freundlich und professionell und f\u00fchrte mich mit Leichtigkeit durch den Prozess. ...<\/p>\r\n\t\t\t\t\t\t\r\n\t\t\t\t\t  <\/div>\r\n\r\n\t\t\t\t\t  <div class=\"author-box\">\r\n\r\n\t\t\t\t\t\t<a href=\"https:\/\/docsmath.com\/de\/testimonials\/zhang-wei\/\" class=\"avatar\">\r\n\t\t\t\t\t\t  <img decoding=\"async\" width=\"120\" height=\"120\" src=\"http:\/\/dummyimage.com\/120x120&text=NO RESIZE\"  title='Zhang Wei'  alt=''  class='tr_all'  \/>\t\t\t\t\t\t<\/a>\r\n\r\n\t\t\t\t\t\t<div class=\"author-info\">\r\n\r\n\t\t\t\t\t\t  <span class=\"author-name\" style=\"color:#ffffff\"  >Zhang Wei<\/span>\r\n\t\t\t\t\t\t  <span class=\"author-position\"><\/span>\r\n\r\n\t\t\t\t\t\t<\/div>\r\n\r\n\t\t\t\t\t  <\/div>\r\n\r\n\t\t\t\t\t<\/div>\r\n\t\t\t\t\t<!-- \/Carousel Item -->\r\n\t\t\t\t<\/div>\r\n\t\t\t\t\t\r\n\t\t\t\t\t\r\n\t\t\t\t\r\n\t\t\t\t<div class=\"item-carousel\">\r\n\t\t\t\t\t<!-- Carousel Item -->\r\n\t\t\t\t\t<div class=\"testimonial\">\r\n\t\t\t\t\t  \r\n\t\t\t\t\t  <div class=\"testimonial-holder\" >\r\n\t\t\t\t\t\t<h6  style=\"color:#ffffff\" >Li Wei<\/h6>\r\n\t\t\t\t\t\t\r\n\t\t\t\t\t\t  <p  style=\"color:#ffffff\" >Die Beantragung eines Reisepasses und eines F\u00fchrerscheins in diesem Gesch\u00e4ft war ein Kinderspiel! Der gesamte Prozess verlief reibungslos und die Dokumente wurden diskret und p\u00fcnktlich geliefert. Ich war anfangs skeptisch, aber die Qualit\u00e4t der Dokumente hat meine Erwartungen \u00fcbertroffen. ...<\/p>\r\n\t\t\t\t\t\t\r\n\t\t\t\t\t  <\/div>\r\n\r\n\t\t\t\t\t  <div class=\"author-box\">\r\n\r\n\t\t\t\t\t\t<a href=\"https:\/\/docsmath.com\/de\/testimonials\/li-wei\/\" class=\"avatar\">\r\n\t\t\t\t\t\t  <img decoding=\"async\" width=\"120\" height=\"120\" src=\"http:\/\/dummyimage.com\/120x120&text=NO RESIZE\"  title='Li Wei'  alt=''  class='tr_all'  \/>\t\t\t\t\t\t<\/a>\r\n\r\n\t\t\t\t\t\t<div class=\"author-info\">\r\n\r\n\t\t\t\t\t\t  <span class=\"author-name\" style=\"color:#ffffff\"  >Li Wei<\/span>\r\n\t\t\t\t\t\t  <span class=\"author-position\"><\/span>\r\n\r\n\t\t\t\t\t\t<\/div>\r\n\r\n\t\t\t\t\t  <\/div>\r\n\r\n\t\t\t\t\t<\/div>\r\n\t\t\t\t\t<!-- \/Carousel Item -->\r\n\t\t\t\t<\/div>\r\n\t\t\t\t\t\r\n\t\t\t\t\t\r\n\t\t\t\t\t\t\t\r\n\t\t\t\r\n\t\t\t<\/div>\r\n\t\t\t<\/div>\r\n\t\t\t\r\n\t\t\t\t\t\t\r\n\t\t\t\r\n\t\t\t\r\n\t\t\t\r\n\t\t\t\t\r\n\t\t\t\r\n\t\t\t\r\n\t\t\t\r\n\t\t\t\r\n\t\t\t\r\n\t\t\t\r\n\t\t\t\r\n\t\t\t\r\n\t\t\t\r\n\t\t\t\r\n\t\t\t\r\n\t\t<\/div><!--\/ .testimonials-area-->\r\n\r\n\t\t\r\n\r\n\t\t<\/div><\/div><\/div><\/div><div class=\"vc_row-full-width\"><\/div><div class=\"clearfix\"><\/div><!-- Row Backgrounds --><div class=\"upb_bg_img\" data-ultimate-bg=\"url(https:\/\/docsmath.com\/wp-content\/uploads\/2019\/10\/testimonials-background.jpg)\" data-image-id=\"id^983|url^https:\/\/www.usefulphantom.com\/newssd\/wp-content\/uploads\/2019\/10\/testimonials-background.jpg|caption^null|alt^null|title^testimonials-background|description^null\" data-ultimate-bg-style=\"vcpb-default\" data-bg-img-repeat=\"no-repeat\" data-bg-img-size=\"cover\" data-bg-img-position=\"\" data-parallx_sense=\"30\" data-bg-override=\"0\" data-bg_img_attach=\"fixed\" data-upb-overlay-color=\"\" data-upb-bg-animation=\"\" data-fadeout=\"\" data-bg-animation=\"left-animation\" data-bg-animation-type=\"h\" data-animation-repeat=\"repeat\" data-fadeout-percentage=\"30\" data-parallax-content=\"\" data-parallax-content-sense=\"30\" data-row-effect-mobile-disable=\"true\" data-img-parallax-mobile-disable=\"true\" data-rtl=\"false\"  data-custom-vc-row=\"\"  data-vc=\"5.5.1\"  data-is_old_vc=\"\"  data-theme-support=\"\"   data-overlay=\"false\" data-overlay-color=\"\" data-overlay-pattern=\"\" data-overlay-pattern-opacity=\"\" data-overlay-pattern-size=\"\"    ><\/div><div  data-vc-full-width=\"true\" data-vc-full-width-init=\"false\" class=\"vc_row wpb_row vc_row-fluid clearfix vc_custom_1572460268764 vc_row-vc-full-width\"><div class=\"wpb_column vc_column_container vc_col-sm-6\"><div class=\"vc_column-inner\"><div class=\"wpb_wrapper\"><div class='wpb_custom_title wpb_content_element align-left'><h6 class='section-pre-title'  style='color:#aab3b6;'  >Angebot einholen<\/h6><h2 class='section-title'  style='color:#2a2c32;'  >Fordern Sie ein kostenloses Angebot an!<\/h2><\/div>\n\t<div class=\"wpb_text_column wpb_content_element\">\n\t\t<div class=\"wpb_wrapper\">\n\t\t\t<p>Bitte kontaktieren Sie unser Team oder f\u00fcllen Sie das Formular aus. Ein Vertreter wird Sie in K\u00fcrze kontaktieren.<\/p>\n<p>Wir werden alle Ihre Anrufe, Whatsapp-Nachrichten und E-Mails innerhalb von 48-72 Stunden beantworten. Wir sch\u00e4tzen Ihre Geduld und Ihr Verst\u00e4ndnis.<\/p>\n\n\t\t<\/div> \n\t<\/div> \r\n\t\t<div class=\"contact-info-block\">\r\n\r\n\t\t\t\t\t\t\t<h5 class=\"fw-medium\">B\u00fcro China<\/h5>\r\n\t\t\t\r\n\t\t\t<p>6 Ritan Rd, Chaoyang District, Peking 10060 (CHINA)<\/p>\n\r\n\t\t\t<ul class=\"contact-info\">\r\n\r\n                <li><span class=\"licon-telephone\"><\/span> <a href=\"callto: 447831833593\">+447831833593<\/a><\/li>\r\n                <li><span class=\"licon-at-sign\"><\/span> <a href=\"mailto:contact@pronoveltydocs.com\">contact@pronoveltydocs.com<\/a><\/li>\r\n\r\n            <\/ul>\r\n\r\n\t\t<\/div><!--\/ .contact-info-block-->\r\n\r\n\t\t<\/div><\/div><\/div><div class=\"wpb_column vc_column_container vc_col-sm-6\"><div class=\"vc_column-inner\"><div class=\"wpb_wrapper\"><div role=\"form\" class=\"wpcf7\" id=\"wpcf7-f985-o1\" lang=\"en-US\" dir=\"ltr\">\n<div class=\"screen-reader-response\"><\/div>\n<form action=\"\/de\/wp-json\/wp\/v2\/pages\/1214#wpcf7-f985-o1\" method=\"post\" class=\"wpcf7-form\" novalidate=\"novalidate\" data-trp-original-action=\"\/de\/wp-json\/wp\/v2\/pages\/1214#wpcf7-f985-o1\">\n<div style=\"display: none;\">\n<input type=\"hidden\" name=\"_wpcf7\" value=\"985\" \/>\n<input type=\"hidden\" name=\"_wpcf7_version\" value=\"5.1.4\" \/>\n<input type=\"hidden\" name=\"_wpcf7_locale\" value=\"en_US\" \/>\n<input type=\"hidden\" name=\"_wpcf7_unit_tag\" value=\"wpcf7-f985-o1\" \/>\n<input type=\"hidden\" name=\"_wpcf7_container_post\" value=\"0\" \/>\n<\/div>\n<div class=\"form-style1 fx-cols-2\">\n<div class=\"form-column\"><span class=\"wpcf7-form-control-wrap text-325\"><input type=\"text\" name=\"text-325\" value=\"\" size=\"40\" class=\"wpcf7-form-control wpcf7-text wpcf7-validates-as-required\" aria-required=\"true\" aria-invalid=\"false\" placeholder=\"Ihr Name.\" \/><\/span><\/div>\n<div class=\"form-column\"><span class=\"wpcf7-form-control-wrap email-453\"><input type=\"email\" name=\"email-453\" value=\"\" size=\"40\" class=\"wpcf7-form-control wpcf7-text wpcf7-email wpcf7-validates-as-required wpcf7-validates-as-email\" aria-required=\"true\" aria-invalid=\"false\" placeholder=\"Ihre Post\" \/><\/span><\/div>\n<div class=\"form-column\"><span class=\"wpcf7-form-control-wrap tel-411\"><input type=\"tel\" name=\"tel-411\" value=\"\" size=\"40\" class=\"wpcf7-form-control wpcf7-text wpcf7-tel wpcf7-validates-as-required wpcf7-validates-as-tel\" aria-required=\"true\" aria-invalid=\"false\" placeholder=\"Rufnummer\" \/><\/span><\/div>\n<div class=\"form-column\"><span class=\"wpcf7-form-control-wrap text-328\"><input type=\"text\" name=\"text-328\" value=\"\" size=\"40\" class=\"wpcf7-form-control wpcf7-text wpcf7-validates-as-required\" aria-required=\"true\" aria-invalid=\"false\" placeholder=\"Ihr Land.\" \/><\/span><\/div>\n<div class=\"form-column\"><span class=\"wpcf7-form-control-wrap text-329\"><input type=\"text\" name=\"text-329\" value=\"\" size=\"40\" class=\"wpcf7-form-control wpcf7-text wpcf7-validates-as-required\" aria-required=\"true\" aria-invalid=\"false\" placeholder=\"thematisch\" \/><\/span><\/div>\n<div class=\"form-column\"><span class=\"wpcf7-form-control-wrap text-330\"><input type=\"text\" name=\"text-330\" value=\"\" size=\"40\" class=\"wpcf7-form-control wpcf7-text wpcf7-validates-as-required\" aria-required=\"true\" aria-invalid=\"false\" placeholder=\"Hinweis auf Dienstleistungen\" \/><\/span><\/div>\n<div class=\"form-column-full\"><span class=\"wpcf7-form-control-wrap textarea-117\"><textarea name=\"textarea-117\" cols=\"40\" rows=\"4\" class=\"wpcf7-form-control wpcf7-textarea\" aria-invalid=\"false\" placeholder=\"Informationen\"><\/textarea><\/span><\/div>\n<div class=\"form-column-full align-left\"><input type=\"submit\" value=\"Nachricht abschicken\" class=\"wpcf7-form-control wpcf7-submit\" \/><\/div>\n<\/div>\n<div class=\"wpcf7-response-output wpcf7-display-none\"><\/div><input type=\"hidden\" name=\"trp-form-language\" value=\"de\"\/><\/form><\/div><\/div><\/div><\/div><\/div><div class=\"vc_row-full-width\"><\/div><div class=\"clearfix\"><\/div>","protected":false},"excerpt":{"rendered":"\u901a\u8fc7 Docsmath.com \u7684\u6b63\u5b97\u96c5\u601d\u8003\u8bd5\u8bc1\u4e66\u89e3\u9501\u60a8\u7684\u673a\u4f1a \u60a8\u662f\u5426\u6e34\u671b\u51fa\u56fd\u7559\u5b66\u6216\u5de5\u4f5c\uff0c\u5e76\u9700\u8981\u96c5\u601d\u8bc1\u4e66\u6765\u5b9e\u73b0 [...]","protected":false},"author":1,"featured_media":0,"parent":0,"menu_order":0,"comment_status":"closed","ping_status":"closed","template":"","meta":{"_joinchat":[],"footnotes":""},"yoast_head":"<!-- This site is optimized with the Yoast SEO plugin v24.1 - https:\/\/yoast.com\/wordpress\/plugins\/seo\/ -->\n<title>\u51fa\u552e\u96c5\u601d\u8bc1\u4e66 \u2013 \u5728\u7ebf\u8d2d\u4e70\u96c5\u601d\u8bc1\u4e66 | DocsMath<\/title>\n<meta name=\"description\" content=\"\u60f3\u5728\u7f51\u4e0a\u8d2d\u4e70\u96c5\u601d\u8bc1\u4e66\uff1f\u4e86\u89e3\u96c5\u601d\u8ba4\u8bc1\u6d41\u7a0b\uff0c\u4ee5\u53ca\u8d2d\u4e70\u5047\u96c5\u601d\u8bc1\u4e66\u53ef\u80fd\u5bfc\u81f4\u7684\u4e25\u91cd\u540e\u679c\u3002\" \/>\n<meta name=\"robots\" content=\"index, follow, max-snippet:-1, max-image-preview:large, max-video-preview:-1\" \/>\n<link rel=\"canonical\" href=\"https:\/\/docsmath.com\/de\/ielts-zertifikat-online-kaufen\/\" \/>\n<meta property=\"og:locale\" content=\"de_DE\" \/>\n<meta property=\"og:type\" content=\"article\" \/>\n<meta property=\"og:title\" content=\"\u51fa\u552e\u96c5\u601d\u8bc1\u4e66 \u2013 \u5728\u7ebf\u8d2d\u4e70\u96c5\u601d\u8bc1\u4e66 | DocsMath\" \/>\n<meta property=\"og:description\" content=\"\u60f3\u5728\u7f51\u4e0a\u8d2d\u4e70\u96c5\u601d\u8bc1\u4e66\uff1f\u4e86\u89e3\u96c5\u601d\u8ba4\u8bc1\u6d41\u7a0b\uff0c\u4ee5\u53ca\u8d2d\u4e70\u5047\u96c5\u601d\u8bc1\u4e66\u53ef\u80fd\u5bfc\u81f4\u7684\u4e25\u91cd\u540e\u679c\u3002\" \/>\n<meta property=\"og:url\" content=\"https:\/\/docsmath.com\/de\/ielts-zertifikat-online-kaufen\/\" \/>\n<meta property=\"og:site_name\" content=\"DocsMath\" \/>\n<meta property=\"article:modified_time\" content=\"2026-03-31T11:05:04+00:00\" \/>\n<meta name=\"twitter:card\" content=\"summary_large_image\" \/>\n<meta name=\"twitter:label1\" content=\"Gesch\u00e4tzte Lesezeit\" \/>\n\t<meta name=\"twitter:data1\" content=\"1\u00a0Minute\" \/>\n<script type=\"application\/ld+json\" class=\"yoast-schema-graph\">{\"@context\":\"https:\/\/schema.org\",\"@graph\":[{\"@type\":\"WebPage\",\"@id\":\"https:\/\/docsmath.com\/%e5%9c%a8%e7%ba%bf%e8%b4%ad%e4%b9%b0%e9%9b%85%e6%80%9d%e8%af%81%e4%b9%a6\/\",\"url\":\"https:\/\/docsmath.com\/%e5%9c%a8%e7%ba%bf%e8%b4%ad%e4%b9%b0%e9%9b%85%e6%80%9d%e8%af%81%e4%b9%a6\/\",\"name\":\"\u51fa\u552e\u96c5\u601d\u8bc1\u4e66 \u2013 \u5728\u7ebf\u8d2d\u4e70\u96c5\u601d\u8bc1\u4e66 | DocsMath\",\"isPartOf\":{\"@id\":\"https:\/\/docsmath.com\/#website\"},\"datePublished\":\"2024-02-26T12:26:45+00:00\",\"dateModified\":\"2026-03-31T11:05:04+00:00\",\"description\":\"\u60f3\u5728\u7f51\u4e0a\u8d2d\u4e70\u96c5\u601d\u8bc1\u4e66\uff1f\u4e86\u89e3\u96c5\u601d\u8ba4\u8bc1\u6d41\u7a0b\uff0c\u4ee5\u53ca\u8d2d\u4e70\u5047\u96c5\u601d\u8bc1\u4e66\u53ef\u80fd\u5bfc\u81f4\u7684\u4e25\u91cd\u540e\u679c\u3002\",\"breadcrumb\":{\"@id\":\"https:\/\/docsmath.com\/%e5%9c%a8%e7%ba%bf%e8%b4%ad%e4%b9%b0%e9%9b%85%e6%80%9d%e8%af%81%e4%b9%a6\/#breadcrumb\"},\"inLanguage\":\"de\",\"potentialAction\":[{\"@type\":\"ReadAction\",\"target\":[\"https:\/\/docsmath.com\/%e5%9c%a8%e7%ba%bf%e8%b4%ad%e4%b9%b0%e9%9b%85%e6%80%9d%e8%af%81%e4%b9%a6\/\"]}]},{\"@type\":\"BreadcrumbList\",\"@id\":\"https:\/\/docsmath.com\/%e5%9c%a8%e7%ba%bf%e8%b4%ad%e4%b9%b0%e9%9b%85%e6%80%9d%e8%af%81%e4%b9%a6\/#breadcrumb\",\"itemListElement\":[{\"@type\":\"ListItem\",\"position\":1,\"name\":\"Home\",\"item\":\"https:\/\/docsmath.com\/\"},{\"@type\":\"ListItem\",\"position\":2,\"name\":\"\u5728\u7ebf\u8d2d\u4e70\u96c5\u601d\u8bc1\u4e66\"}]},{\"@type\":\"WebSite\",\"@id\":\"https:\/\/docsmath.com\/#website\",\"url\":\"https:\/\/docsmath.com\/\",\"name\":\"DocsMath\",\"description\":\"#1 Place to Buy Documents &amp; Chemical Products\",\"potentialAction\":[{\"@type\":\"SearchAction\",\"target\":{\"@type\":\"EntryPoint\",\"urlTemplate\":\"https:\/\/docsmath.com\/?s={search_term_string}\"},\"query-input\":{\"@type\":\"PropertyValueSpecification\",\"valueRequired\":true,\"valueName\":\"search_term_string\"}}],\"inLanguage\":\"de\"}]}<\/script>\n<!-- \/ Yoast SEO plugin. -->","yoast_head_json":{"title":"\u51fa\u552e\u96c5\u601d\u8bc1\u4e66 \u2013 \u5728\u7ebf\u8d2d\u4e70\u96c5\u601d\u8bc1\u4e66 | DocsMath","description":"\u60f3\u5728\u7f51\u4e0a\u8d2d\u4e70\u96c5\u601d\u8bc1\u4e66\uff1f\u4e86\u89e3\u96c5\u601d\u8ba4\u8bc1\u6d41\u7a0b\uff0c\u4ee5\u53ca\u8d2d\u4e70\u5047\u96c5\u601d\u8bc1\u4e66\u53ef\u80fd\u5bfc\u81f4\u7684\u4e25\u91cd\u540e\u679c\u3002","robots":{"index":"index","follow":"follow","max-snippet":"max-snippet:-1","max-image-preview":"max-image-preview:large","max-video-preview":"max-video-preview:-1"},"canonical":"https:\/\/docsmath.com\/de\/ielts-zertifikat-online-kaufen\/","og_locale":"de_DE","og_type":"article","og_title":"\u51fa\u552e\u96c5\u601d\u8bc1\u4e66 \u2013 \u5728\u7ebf\u8d2d\u4e70\u96c5\u601d\u8bc1\u4e66 | DocsMath","og_description":"\u60f3\u5728\u7f51\u4e0a\u8d2d\u4e70\u96c5\u601d\u8bc1\u4e66\uff1f\u4e86\u89e3\u96c5\u601d\u8ba4\u8bc1\u6d41\u7a0b\uff0c\u4ee5\u53ca\u8d2d\u4e70\u5047\u96c5\u601d\u8bc1\u4e66\u53ef\u80fd\u5bfc\u81f4\u7684\u4e25\u91cd\u540e\u679c\u3002","og_url":"https:\/\/docsmath.com\/de\/ielts-zertifikat-online-kaufen\/","og_site_name":"DocsMath","article_modified_time":"2026-03-31T11:05:04+00:00","twitter_card":"summary_large_image","twitter_misc":{"Gesch\u00e4tzte Lesezeit":"1\u00a0Minute"},"schema":{"@context":"https:\/\/schema.org","@graph":[{"@type":"WebPage","@id":"https:\/\/docsmath.com\/%e5%9c%a8%e7%ba%bf%e8%b4%ad%e4%b9%b0%e9%9b%85%e6%80%9d%e8%af%81%e4%b9%a6\/","url":"https:\/\/docsmath.com\/%e5%9c%a8%e7%ba%bf%e8%b4%ad%e4%b9%b0%e9%9b%85%e6%80%9d%e8%af%81%e4%b9%a6\/","name":"\u51fa\u552e\u96c5\u601d\u8bc1\u4e66 \u2013 \u5728\u7ebf\u8d2d\u4e70\u96c5\u601d\u8bc1\u4e66 | DocsMath","isPartOf":{"@id":"https:\/\/docsmath.com\/#website"},"datePublished":"2024-02-26T12:26:45+00:00","dateModified":"2026-03-31T11:05:04+00:00","description":"\u60f3\u5728\u7f51\u4e0a\u8d2d\u4e70\u96c5\u601d\u8bc1\u4e66\uff1f\u4e86\u89e3\u96c5\u601d\u8ba4\u8bc1\u6d41\u7a0b\uff0c\u4ee5\u53ca\u8d2d\u4e70\u5047\u96c5\u601d\u8bc1\u4e66\u53ef\u80fd\u5bfc\u81f4\u7684\u4e25\u91cd\u540e\u679c\u3002","breadcrumb":{"@id":"https:\/\/docsmath.com\/%e5%9c%a8%e7%ba%bf%e8%b4%ad%e4%b9%b0%e9%9b%85%e6%80%9d%e8%af%81%e4%b9%a6\/#breadcrumb"},"inLanguage":"de","potentialAction":[{"@type":"ReadAction","target":["https:\/\/docsmath.com\/%e5%9c%a8%e7%ba%bf%e8%b4%ad%e4%b9%b0%e9%9b%85%e6%80%9d%e8%af%81%e4%b9%a6\/"]}]},{"@type":"BreadcrumbList","@id":"https:\/\/docsmath.com\/%e5%9c%a8%e7%ba%bf%e8%b4%ad%e4%b9%b0%e9%9b%85%e6%80%9d%e8%af%81%e4%b9%a6\/#breadcrumb","itemListElement":[{"@type":"ListItem","position":1,"name":"Home","item":"https:\/\/docsmath.com\/"},{"@type":"ListItem","position":2,"name":"\u5728\u7ebf\u8d2d\u4e70\u96c5\u601d\u8bc1\u4e66"}]},{"@type":"WebSite","@id":"https:\/\/docsmath.com\/#website","url":"https:\/\/docsmath.com\/","name":"DocsMath","description":"#1 Place to Buy Documents &amp; Chemical Products","potentialAction":[{"@type":"SearchAction","target":{"@type":"EntryPoint","urlTemplate":"https:\/\/docsmath.com\/?s={search_term_string}"},"query-input":{"@type":"PropertyValueSpecification","valueRequired":true,"valueName":"search_term_string"}}],"inLanguage":"de"}]}},"_links":{"self":[{"href":"https:\/\/docsmath.com\/de\/wp-json\/wp\/v2\/pages\/1214"}],"collection":[{"href":"https:\/\/docsmath.com\/de\/wp-json\/wp\/v2\/pages"}],"about":[{"href":"https:\/\/docsmath.com\/de\/wp-json\/wp\/v2\/types\/page"}],"author":[{"embeddable":true,"href":"https:\/\/docsmath.com\/de\/wp-json\/wp\/v2\/users\/1"}],"replies":[{"embeddable":true,"href":"https:\/\/docsmath.com\/de\/wp-json\/wp\/v2\/comments?post=1214"}],"version-history":[{"count":6,"href":"https:\/\/docsmath.com\/de\/wp-json\/wp\/v2\/pages\/1214\/revisions"}],"predecessor-version":[{"id":1423,"href":"https:\/\/docsmath.com\/de\/wp-json\/wp\/v2\/pages\/1214\/revisions\/1423"}],"wp:attachment":[{"href":"https:\/\/docsmath.com\/de\/wp-json\/wp\/v2\/media?parent=1214"}],"curies":[{"name":"wp","href":"https:\/\/api.w.org\/{rel}","templated":true}]}}