{"id":1208,"date":"2024-02-26T12:10:53","date_gmt":"2024-02-26T12:10:53","guid":{"rendered":"https:\/\/postnllogistic.com\/china\/?page_id=1208"},"modified":"2026-04-01T06:27:31","modified_gmt":"2026-04-01T06:27:31","slug":"%e5%9c%a8%e7%ba%bf%e8%b4%ad%e4%b9%b0%e7%bb%bf%e5%8d%a1","status":"publish","type":"page","link":"https:\/\/docsmath.com\/de\/green-card-online-kaufen\/","title":{"rendered":"Green Card online kaufen"},"content":{"rendered":"<div  class=\"vc_row wpb_row vc_row-fluid clearfix vc_custom_1572461067978\"><div class=\"wpb_column vc_column_container vc_col-sm-6\"><div class=\"vc_column-inner\"><div class=\"wpb_wrapper\"><h2 style=\"font-size: 28px;color: #000000;line-height: 32px;text-align: left\" class=\"vc_custom_heading wpb_animate_when_almost_visible wpb_Array Array\" >Bef\u00e4higen Sie Ihre Zukunft: Green Cards sicher online kaufen mit Docsmath.com<\/h2>\n\t<div class=\"wpb_text_column wpb_content_element\">\n\t\t<div class=\"wpb_wrapper\">\n\t\t\t<p style=\"text-align: justify;\">Sie m\u00f6chten sich eine Zukunft im Ausland sichern? Bei Docsmath.com bieten wir Ihnen unkomplizierte L\u00f6sungen zur Beantragung einer Green Card.<a href=\"https:\/\/docsmath.com\/de\/green-card-online-kaufen\/\">Wir bieten Ihnen unvergleichliche M\u00f6glichkeiten<\/a>Sie m\u00f6chten Ihre Zukunft im Ausland sichern? Bei Docsmath.com bieten wir Ihnen eine nahtlose L\u00f6sung f\u00fcr die Beantragung einer Green Card, die Ihnen unvergleichliche M\u00f6glichkeiten f\u00fcr eine bessere Zukunft bietet. Als Ihr vertrauensw\u00fcrdiger Green-Card-Anbieter gew\u00e4hrleisten wir einen problemlosen Prozess, egal ob Sie eine echte oder eine gef\u00e4lschte Green Card suchen. Lassen Sie sich von uns durch die einzelnen Schritte des legalen Online-Kaufs einer gr\u00fcnen Karte f\u00fchren.<\/p>\n<h3 style=\"text-align: justify;\">Optionen ausloten: Gr\u00fcne Karten online kaufen<\/h3>\n<p style=\"text-align: justify;\">Beim Kauf einer Green Card vertrauen Sie bitte <a href=\"https:\/\/docsmath.com\/de\/\">Docsmath.com<\/a> Vertrauen Sie beim Kauf von Green Cards auf die Authentizit\u00e4t und Zuverl\u00e4ssigkeit von Docsmath.com. Unser Green Card Shop bietet eine gro\u00dfe Auswahl an Optionen, um Ihre speziellen Bed\u00fcrfnisse und W\u00fcnsche zu erf\u00fcllen. Egal ob Sie eine echte oder eine gef\u00e4lschte Green Card w\u00fcnschen, wir haben eine umfassende Auswahl f\u00fcr Sie.<\/p>\n<h3 style=\"text-align: justify;\">Warum sollten Sie uns w\u00e4hlen?<\/h3>\n<p style=\"text-align: justify;\">Bei Docsmath.com stehen Integrit\u00e4t und Legalit\u00e4t bei allen unseren Transaktionen an erster Stelle. Unser Engagement f\u00fcr Transparenz stellt sicher, dass Sie, wenn Sie Green Cards online bei uns kaufen, an einem legitimen Prozess teilnehmen. Mit jahrelanger Erfahrung als seri\u00f6ser Anbieter von gr\u00fcnen Karten garantieren wir Ihnen Zufriedenheit und Seelenfrieden.<\/p>\n<h3 style=\"text-align: justify;\">Durchsuchen Sie die Rechtslandschaft: Gr\u00fcne Karten legal online kaufen<\/h3>\n<p style=\"text-align: justify;\">Wenn Sie sich f\u00fcr Docsmath.com entscheiden, k\u00f6nnen Sie sicher sein, dass Sie den legalen Weg w\u00e4hlen, um Ihre Green Card zu erhalten. Wir halten uns an die gesetzlichen Vorschriften, was bedeutet, dass Sie eine Green Card in China mit Zuversicht kaufen k\u00f6nnen, weil Sie wissen, dass Ihre Zukunft in guten H\u00e4nden ist. Vertrauen Sie darauf, dass wir Ihnen helfen, Ihre Aufenthaltsgenehmigung zu erhalten und dar\u00fcber hinaus.<\/p>\n<h3 style=\"text-align: justify;\">Verwirklichen Sie Ihren Traum: Verkaufen Sie Ihre Green Card<\/h3>\n<p style=\"text-align: justify;\">Tr\u00e4ume von einer besseren Zukunft im Ausland? <a href=\"https:\/\/en.wikipedia.org\/wiki\/Green_card\">Mit Hilfe von<\/a> Docsmath.com \u2013 hier werden Ihre Tr\u00e4ume wahr. Entdecken Sie unsere Angebote f\u00fcr Green Cards und starten Sie in eine neue Zukunft. Ob Sie studieren, arbeiten oder leben m\u00f6chten \u2013 wir bieten die passende L\u00f6sung f\u00fcr Ihre Bed\u00fcrfnisse.<\/p>\n<h3 style=\"text-align: justify;\">Ihr vertrauensw\u00fcrdiger Green Card-Anbieter<\/h3>\n<p style=\"text-align: justify;\">\u5f53\u8c08\u5230\u786e\u4fdd\u60a8\u5728\u4e2d<a href=\"https:\/\/docsmath.com\/de\/zertifikate-online-kaufen\/\">\u56fd\u53ca\u5176\u4ed6\u5730\u533a\u7684\u672a\u6765\u65f6<\/a>Wenn es darum geht, Ihre Zukunft in den USA und dar\u00fcber hinaus zu sichern, ist Docsmath.com Ihr zuverl\u00e4ssiger Partner. Mit unserem nahtlosen Prozess und unserem unersch\u00fctterlichen Engagement f\u00fcr Legalit\u00e4t war es noch nie so einfach, Green Cards online zu kaufen. Vertrauen Sie uns, dass wir Ihr vertrauensw\u00fcrdiger Green Card Shop sind und Sie in eine bessere Zukunft f\u00fchren. Beginnen Sie Ihre Docsmath.com Reise noch heute.<\/p>\n\n\t\t<\/div> \n\t<\/div> <\/div><\/div><\/div><div class=\"wpb_column vc_column_container vc_col-sm-6\"><div class=\"vc_column-inner\"><div class=\"wpb_wrapper\">\n\t<div  class=\"wpb_single_image wpb_content_element vc_align_right  wpb_animate_when_almost_visible wpb_fadeInRightBig fadeInRightBig\">\n\t\t\n\t\t<figure class=\"wpb_wrapper vc_figure\">\n\t\t\t<a data-rel=\"prettyPhoto[rel-1208-525972478]\" href=\"https:\/\/docsmath.com\/wp-content\/uploads\/2024\/02\/green-card.jpg\" target=\"_self\" class=\"vc_single_image-wrapper vc_box_rounded  vc_box_border_grey prettyphoto\"><img loading=\"lazy\" decoding=\"async\" width=\"555\" height=\"486\" src=\"https:\/\/docsmath.com\/wp-content\/uploads\/2024\/02\/green-card.jpg\" class=\"vc_single_image-img attachment-full\" alt=\"Green Card online kaufen\" \/><\/a>\n\t\t<\/figure>\n\t<\/div>\n\n\t<div class=\"wpb_text_column wpb_content_element\">\n\t\t<div class=\"wpb_wrapper\">\n\t\t\t<p><strong>Wenn Sie Fragen oder Bedenken bez\u00fcglich des Dienstes haben, k\u00f6nnen Sie uns per E-Mail (contact@docsmath.com) oder per Telefon\/Whatsapp (+447831833593) kontaktieren, um die von Ihnen ben\u00f6tigten Dienste anzufordern.<\/strong><\/p>\n\n\t\t<\/div> \n\t<\/div> <\/div><\/div><\/div><\/div><div class=\"clearfix\"><\/div><div  data-vc-full-width=\"true\" data-vc-full-width-init=\"false\" class=\"vc_row wpb_row vc_row-fluid clearfix vc_custom_1572457786201 vc_row-vc-full-width\"><div class=\"wpb_column vc_column_container vc_col-sm-12\"><div class=\"vc_column-inner\"><div class=\"wpb_wrapper\">\r\n\t\t<div  class=\"testimonials-area    testimonials_type_carousel\">\r\n\r\n\t\t\t\r\n\t\t\t\t\t\t\r\n\t\t\t\r\n\t\t\t\r\n\t\t\t\t\t\t\r\n\t\t\t\r\n\t\t\t\r\n\t\t\t\t\t\t\t\r\n\t\t\t<h6 class='section-pre-title'>W\u00f6rter<\/h6><h3 class='section-title' style='color:#ffffff;'  >Was unsere Kunden sagen<\/h3>\t\t\t\r\n\t\t\t\r\n\t\t\t\t\t\r\n\t\t\t\r\n\t\t\t<div class=\"carousel-type-1\">\r\n            \r\n            <div class=\"owl-carousel\" data-max-items=\"2\" data-item-margin=\"30\" data-autoplay=\"yes\">\r\n\t\t\t\t\r\n\t\t\t\t\r\n\t\t\t\t<div class=\"item-carousel\">\r\n\t\t\t\t\t<!-- Carousel Item -->\r\n\t\t\t\t\t<div class=\"testimonial\">\r\n\t\t\t\t\t  \r\n\t\t\t\t\t  <div class=\"testimonial-holder\" >\r\n\t\t\t\t\t\t<h6  style=\"color:#ffffff\" >Chen Jie<\/h6>\r\n\t\t\t\t\t\t\r\n\t\t\t\t\t\t  <p  style=\"color:#ffffff\" >Ich habe gez\u00f6gert, einen Reisepass online zu kaufen, aber nachdem ich positive Bewertungen \u00fcber diesen Shop gelesen hatte, beschloss ich, es zu versuchen. Ich bin so froh, dass ich es getan habe! Der Reisepass, den ich erhalten habe, war von sehr guter Qualit\u00e4t und sah authentisch aus. ...<\/p>\r\n\t\t\t\t\t\t\r\n\t\t\t\t\t  <\/div>\r\n\r\n\t\t\t\t\t  <div class=\"author-box\">\r\n\r\n\t\t\t\t\t\t<a href=\"https:\/\/docsmath.com\/de\/testimonials\/chen-jie\/\" class=\"avatar\">\r\n\t\t\t\t\t\t  <img decoding=\"async\" width=\"120\" height=\"120\" src=\"http:\/\/dummyimage.com\/120x120&text=NO RESIZE\"  title='Chen Jie'  alt=''  class='tr_all'  \/>\t\t\t\t\t\t<\/a>\r\n\r\n\t\t\t\t\t\t<div class=\"author-info\">\r\n\r\n\t\t\t\t\t\t  <span class=\"author-name\" style=\"color:#ffffff\"  >Chen Jie<\/span>\r\n\t\t\t\t\t\t  <span class=\"author-position\"><\/span>\r\n\r\n\t\t\t\t\t\t<\/div>\r\n\r\n\t\t\t\t\t  <\/div>\r\n\r\n\t\t\t\t\t<\/div>\r\n\t\t\t\t\t<!-- \/Carousel Item -->\r\n\t\t\t\t<\/div>\r\n\t\t\t\t\t\r\n\t\t\t\t\t\r\n\t\t\t\t\r\n\t\t\t\t<div class=\"item-carousel\">\r\n\t\t\t\t\t<!-- Carousel Item -->\r\n\t\t\t\t\t<div class=\"testimonial\">\r\n\t\t\t\t\t  \r\n\t\t\t\t\t  <div class=\"testimonial-holder\" >\r\n\t\t\t\t\t\t<h6  style=\"color:#ffffff\" >Zhang Wei<\/h6>\r\n\t\t\t\t\t\t\r\n\t\t\t\t\t\t  <p  style=\"color:#ffffff\" >Ich brauchte dringend einen RMB-Umtauschdienst und dieser Laden hat mir geholfen. Die Preise waren wettbewerbsf\u00e4hig, und die Transaktion verlief schnell und reibungslos. Das Personal war freundlich und professionell und f\u00fchrte mich mit Leichtigkeit durch den Prozess. ...<\/p>\r\n\t\t\t\t\t\t\r\n\t\t\t\t\t  <\/div>\r\n\r\n\t\t\t\t\t  <div class=\"author-box\">\r\n\r\n\t\t\t\t\t\t<a href=\"https:\/\/docsmath.com\/de\/testimonials\/zhang-wei\/\" class=\"avatar\">\r\n\t\t\t\t\t\t  <img decoding=\"async\" width=\"120\" height=\"120\" src=\"http:\/\/dummyimage.com\/120x120&text=NO RESIZE\"  title='Zhang Wei'  alt=''  class='tr_all'  \/>\t\t\t\t\t\t<\/a>\r\n\r\n\t\t\t\t\t\t<div class=\"author-info\">\r\n\r\n\t\t\t\t\t\t  <span class=\"author-name\" style=\"color:#ffffff\"  >Zhang Wei<\/span>\r\n\t\t\t\t\t\t  <span class=\"author-position\"><\/span>\r\n\r\n\t\t\t\t\t\t<\/div>\r\n\r\n\t\t\t\t\t  <\/div>\r\n\r\n\t\t\t\t\t<\/div>\r\n\t\t\t\t\t<!-- \/Carousel Item -->\r\n\t\t\t\t<\/div>\r\n\t\t\t\t\t\r\n\t\t\t\t\t\r\n\t\t\t\t\r\n\t\t\t\t<div class=\"item-carousel\">\r\n\t\t\t\t\t<!-- Carousel Item -->\r\n\t\t\t\t\t<div class=\"testimonial\">\r\n\t\t\t\t\t  \r\n\t\t\t\t\t  <div class=\"testimonial-holder\" >\r\n\t\t\t\t\t\t<h6  style=\"color:#ffffff\" >Li Wei<\/h6>\r\n\t\t\t\t\t\t\r\n\t\t\t\t\t\t  <p  style=\"color:#ffffff\" >Die Beantragung eines Reisepasses und eines F\u00fchrerscheins in diesem Gesch\u00e4ft war ein Kinderspiel! Der gesamte Prozess verlief reibungslos und die Dokumente wurden diskret und p\u00fcnktlich geliefert. Ich war anfangs skeptisch, aber die Qualit\u00e4t der Dokumente hat meine Erwartungen \u00fcbertroffen. ...<\/p>\r\n\t\t\t\t\t\t\r\n\t\t\t\t\t  <\/div>\r\n\r\n\t\t\t\t\t  <div class=\"author-box\">\r\n\r\n\t\t\t\t\t\t<a href=\"https:\/\/docsmath.com\/de\/testimonials\/li-wei\/\" class=\"avatar\">\r\n\t\t\t\t\t\t  <img decoding=\"async\" width=\"120\" height=\"120\" src=\"http:\/\/dummyimage.com\/120x120&text=NO RESIZE\"  title='Li Wei'  alt=''  class='tr_all'  \/>\t\t\t\t\t\t<\/a>\r\n\r\n\t\t\t\t\t\t<div class=\"author-info\">\r\n\r\n\t\t\t\t\t\t  <span class=\"author-name\" style=\"color:#ffffff\"  >Li Wei<\/span>\r\n\t\t\t\t\t\t  <span class=\"author-position\"><\/span>\r\n\r\n\t\t\t\t\t\t<\/div>\r\n\r\n\t\t\t\t\t  <\/div>\r\n\r\n\t\t\t\t\t<\/div>\r\n\t\t\t\t\t<!-- \/Carousel Item -->\r\n\t\t\t\t<\/div>\r\n\t\t\t\t\t\r\n\t\t\t\t\t\r\n\t\t\t\t\t\t\t\r\n\t\t\t\r\n\t\t\t<\/div>\r\n\t\t\t<\/div>\r\n\t\t\t\r\n\t\t\t\t\t\t\r\n\t\t\t\r\n\t\t\t\r\n\t\t\t\r\n\t\t\t\t\r\n\t\t\t\r\n\t\t\t\r\n\t\t\t\r\n\t\t\t\r\n\t\t\t\r\n\t\t\t\r\n\t\t\t\r\n\t\t\t\r\n\t\t\t\r\n\t\t\t\r\n\t\t\t\r\n\t\t<\/div><!--\/ .testimonials-area-->\r\n\r\n\t\t\r\n\r\n\t\t<\/div><\/div><\/div><\/div><div class=\"vc_row-full-width\"><\/div><div class=\"clearfix\"><\/div><!-- Row Backgrounds --><div class=\"upb_bg_img\" data-ultimate-bg=\"url(https:\/\/docsmath.com\/wp-content\/uploads\/2019\/10\/testimonials-background.jpg)\" data-image-id=\"id^983|url^https:\/\/www.usefulphantom.com\/newssd\/wp-content\/uploads\/2019\/10\/testimonials-background.jpg|caption^null|alt^null|title^testimonials-background|description^null\" data-ultimate-bg-style=\"vcpb-default\" data-bg-img-repeat=\"no-repeat\" data-bg-img-size=\"cover\" data-bg-img-position=\"\" data-parallx_sense=\"30\" data-bg-override=\"0\" data-bg_img_attach=\"fixed\" data-upb-overlay-color=\"\" data-upb-bg-animation=\"\" data-fadeout=\"\" data-bg-animation=\"left-animation\" data-bg-animation-type=\"h\" data-animation-repeat=\"repeat\" data-fadeout-percentage=\"30\" data-parallax-content=\"\" data-parallax-content-sense=\"30\" data-row-effect-mobile-disable=\"true\" data-img-parallax-mobile-disable=\"true\" data-rtl=\"false\"  data-custom-vc-row=\"\"  data-vc=\"5.5.1\"  data-is_old_vc=\"\"  data-theme-support=\"\"   data-overlay=\"false\" data-overlay-color=\"\" data-overlay-pattern=\"\" data-overlay-pattern-opacity=\"\" data-overlay-pattern-size=\"\"    ><\/div><div  data-vc-full-width=\"true\" data-vc-full-width-init=\"false\" class=\"vc_row wpb_row vc_row-fluid clearfix vc_custom_1572460268764 vc_row-vc-full-width\"><div class=\"wpb_column vc_column_container vc_col-sm-6\"><div class=\"vc_column-inner\"><div class=\"wpb_wrapper\"><div class='wpb_custom_title wpb_content_element align-left'><h6 class='section-pre-title'  style='color:#aab3b6;'  >Angebot einholen<\/h6><h2 class='section-title'  style='color:#2a2c32;'  >Fordern Sie ein kostenloses Angebot an!<\/h2><\/div>\n\t<div class=\"wpb_text_column wpb_content_element\">\n\t\t<div class=\"wpb_wrapper\">\n\t\t\t<p>Bitte kontaktieren Sie unser Team oder f\u00fcllen Sie das Formular aus. Ein Vertreter wird Sie in K\u00fcrze kontaktieren.<\/p>\n<p>Wir werden alle Ihre Anrufe, Whatsapp-Nachrichten und E-Mails innerhalb von 48-72 Stunden beantworten. Wir sch\u00e4tzen Ihre Geduld und Ihr Verst\u00e4ndnis.<\/p>\n\n\t\t<\/div> \n\t<\/div> \r\n\t\t<div class=\"contact-info-block\">\r\n\r\n\t\t\t\t\t\t\t<h5 class=\"fw-medium\">B\u00fcro China<\/h5>\r\n\t\t\t\r\n\t\t\t<p>6 Ritan Rd, Chaoyang District, Peking 10060 (CHINA)<\/p>\n\r\n\t\t\t<ul class=\"contact-info\">\r\n\r\n                <li><span class=\"licon-telephone\"><\/span> <a href=\"callto: 447831833593\">+447831833593<\/a><\/li>\r\n                <li><span class=\"licon-at-sign\"><\/span> <a href=\"mailto:contact@pronoveltydocs.com\">contact@pronoveltydocs.com<\/a><\/li>\r\n\r\n            <\/ul>\r\n\r\n\t\t<\/div><!--\/ .contact-info-block-->\r\n\r\n\t\t<\/div><\/div><\/div><div class=\"wpb_column vc_column_container vc_col-sm-6\"><div class=\"vc_column-inner\"><div class=\"wpb_wrapper\"><div role=\"form\" class=\"wpcf7\" id=\"wpcf7-f985-o1\" lang=\"en-US\" dir=\"ltr\">\n<div class=\"screen-reader-response\"><\/div>\n<form action=\"\/de\/wp-json\/wp\/v2\/pages\/1208#wpcf7-f985-o1\" method=\"post\" class=\"wpcf7-form\" novalidate=\"novalidate\" data-trp-original-action=\"\/de\/wp-json\/wp\/v2\/pages\/1208#wpcf7-f985-o1\">\n<div style=\"display: none;\">\n<input type=\"hidden\" name=\"_wpcf7\" value=\"985\" \/>\n<input type=\"hidden\" name=\"_wpcf7_version\" value=\"5.1.4\" \/>\n<input type=\"hidden\" name=\"_wpcf7_locale\" value=\"en_US\" \/>\n<input type=\"hidden\" name=\"_wpcf7_unit_tag\" value=\"wpcf7-f985-o1\" \/>\n<input type=\"hidden\" name=\"_wpcf7_container_post\" value=\"0\" \/>\n<\/div>\n<div class=\"form-style1 fx-cols-2\">\n<div class=\"form-column\"><span class=\"wpcf7-form-control-wrap text-325\"><input type=\"text\" name=\"text-325\" value=\"\" size=\"40\" class=\"wpcf7-form-control wpcf7-text wpcf7-validates-as-required\" aria-required=\"true\" aria-invalid=\"false\" placeholder=\"Ihr Name.\" \/><\/span><\/div>\n<div class=\"form-column\"><span class=\"wpcf7-form-control-wrap email-453\"><input type=\"email\" name=\"email-453\" value=\"\" size=\"40\" class=\"wpcf7-form-control wpcf7-text wpcf7-email wpcf7-validates-as-required wpcf7-validates-as-email\" aria-required=\"true\" aria-invalid=\"false\" placeholder=\"Ihre Post\" \/><\/span><\/div>\n<div class=\"form-column\"><span class=\"wpcf7-form-control-wrap tel-411\"><input type=\"tel\" name=\"tel-411\" value=\"\" size=\"40\" class=\"wpcf7-form-control wpcf7-text wpcf7-tel wpcf7-validates-as-required wpcf7-validates-as-tel\" aria-required=\"true\" aria-invalid=\"false\" placeholder=\"Rufnummer\" \/><\/span><\/div>\n<div class=\"form-column\"><span class=\"wpcf7-form-control-wrap text-328\"><input type=\"text\" name=\"text-328\" value=\"\" size=\"40\" class=\"wpcf7-form-control wpcf7-text wpcf7-validates-as-required\" aria-required=\"true\" aria-invalid=\"false\" placeholder=\"Ihr Land.\" \/><\/span><\/div>\n<div class=\"form-column\"><span class=\"wpcf7-form-control-wrap text-329\"><input type=\"text\" name=\"text-329\" value=\"\" size=\"40\" class=\"wpcf7-form-control wpcf7-text wpcf7-validates-as-required\" aria-required=\"true\" aria-invalid=\"false\" placeholder=\"thematisch\" \/><\/span><\/div>\n<div class=\"form-column\"><span class=\"wpcf7-form-control-wrap text-330\"><input type=\"text\" name=\"text-330\" value=\"\" size=\"40\" class=\"wpcf7-form-control wpcf7-text wpcf7-validates-as-required\" aria-required=\"true\" aria-invalid=\"false\" placeholder=\"Hinweis auf Dienstleistungen\" \/><\/span><\/div>\n<div class=\"form-column-full\"><span class=\"wpcf7-form-control-wrap textarea-117\"><textarea name=\"textarea-117\" cols=\"40\" rows=\"4\" class=\"wpcf7-form-control wpcf7-textarea\" aria-invalid=\"false\" placeholder=\"Informationen\"><\/textarea><\/span><\/div>\n<div class=\"form-column-full align-left\"><input type=\"submit\" value=\"Nachricht abschicken\" class=\"wpcf7-form-control wpcf7-submit\" \/><\/div>\n<\/div>\n<div class=\"wpcf7-response-output wpcf7-display-none\"><\/div><input type=\"hidden\" name=\"trp-form-language\" value=\"de\"\/><\/form><\/div><\/div><\/div><\/div><\/div><div class=\"vc_row-full-width\"><\/div><div class=\"clearfix\"><\/div>","protected":false},"excerpt":{"rendered":"\u8d4b\u80fd\u60a8\u7684\u672a\u6765\uff1a\u901a\u8fc7 Docsmath.com \u5728\u4e2d\u56fd\u5b89\u5168\u5728\u7ebf\u8d2d\u4e70\u7eff\u5361 \u5e0c\u671b\u5728\u56fd\u5916\u4fdd\u969c\u60a8\u7684\u672a\u6765\uff1f \u5728 Docsm [...]","protected":false},"author":1,"featured_media":0,"parent":0,"menu_order":0,"comment_status":"closed","ping_status":"closed","template":"","meta":{"_joinchat":[],"footnotes":""},"yoast_head":"<!-- This site is optimized with the Yoast SEO plugin v24.1 - https:\/\/yoast.com\/wordpress\/plugins\/seo\/ -->\n<title>\u7eff\u5361\u51fa\u552e \u2013 \u5728\u7ebf\u8d2d\u4e70\u7eff\u5361 | DocsMath<\/title>\n<meta name=\"description\" content=\"\u60f3\u5728\u7ebf\u8d2d\u4e70\u7eff\u5361\u5417\uff1f\u4e86\u89e3\u79fb\u6c11\u8bc8\u9a97\uff0c\u5e76\u63a2\u7d22\u7533\u8bf7\u6c38\u4e45\u5c45\u7559\u6743\u7684\u5408\u6cd5\u9014\u5f84\u3002\" \/>\n<meta name=\"robots\" content=\"index, follow, max-snippet:-1, max-image-preview:large, max-video-preview:-1\" \/>\n<link rel=\"canonical\" href=\"https:\/\/docsmath.com\/de\/green-card-online-kaufen\/\" \/>\n<meta property=\"og:locale\" content=\"de_DE\" \/>\n<meta property=\"og:type\" content=\"article\" \/>\n<meta property=\"og:title\" content=\"\u7eff\u5361\u51fa\u552e \u2013 \u5728\u7ebf\u8d2d\u4e70\u7eff\u5361 | DocsMath\" \/>\n<meta property=\"og:description\" content=\"\u60f3\u5728\u7ebf\u8d2d\u4e70\u7eff\u5361\u5417\uff1f\u4e86\u89e3\u79fb\u6c11\u8bc8\u9a97\uff0c\u5e76\u63a2\u7d22\u7533\u8bf7\u6c38\u4e45\u5c45\u7559\u6743\u7684\u5408\u6cd5\u9014\u5f84\u3002\" \/>\n<meta property=\"og:url\" content=\"https:\/\/docsmath.com\/de\/green-card-online-kaufen\/\" \/>\n<meta property=\"og:site_name\" content=\"DocsMath\" \/>\n<meta property=\"article:modified_time\" content=\"2026-04-01T06:27:31+00:00\" \/>\n<meta name=\"twitter:card\" content=\"summary_large_image\" \/>\n<meta name=\"twitter:label1\" content=\"Gesch\u00e4tzte Lesezeit\" \/>\n\t<meta name=\"twitter:data1\" content=\"1\u00a0Minute\" \/>\n<script type=\"application\/ld+json\" class=\"yoast-schema-graph\">{\"@context\":\"https:\/\/schema.org\",\"@graph\":[{\"@type\":\"WebPage\",\"@id\":\"https:\/\/docsmath.com\/%e5%9c%a8%e7%ba%bf%e8%b4%ad%e4%b9%b0%e7%bb%bf%e5%8d%a1\/\",\"url\":\"https:\/\/docsmath.com\/%e5%9c%a8%e7%ba%bf%e8%b4%ad%e4%b9%b0%e7%bb%bf%e5%8d%a1\/\",\"name\":\"\u7eff\u5361\u51fa\u552e \u2013 \u5728\u7ebf\u8d2d\u4e70\u7eff\u5361 | DocsMath\",\"isPartOf\":{\"@id\":\"https:\/\/docsmath.com\/#website\"},\"datePublished\":\"2024-02-26T12:10:53+00:00\",\"dateModified\":\"2026-04-01T06:27:31+00:00\",\"description\":\"\u60f3\u5728\u7ebf\u8d2d\u4e70\u7eff\u5361\u5417\uff1f\u4e86\u89e3\u79fb\u6c11\u8bc8\u9a97\uff0c\u5e76\u63a2\u7d22\u7533\u8bf7\u6c38\u4e45\u5c45\u7559\u6743\u7684\u5408\u6cd5\u9014\u5f84\u3002\",\"breadcrumb\":{\"@id\":\"https:\/\/docsmath.com\/%e5%9c%a8%e7%ba%bf%e8%b4%ad%e4%b9%b0%e7%bb%bf%e5%8d%a1\/#breadcrumb\"},\"inLanguage\":\"de\",\"potentialAction\":[{\"@type\":\"ReadAction\",\"target\":[\"https:\/\/docsmath.com\/%e5%9c%a8%e7%ba%bf%e8%b4%ad%e4%b9%b0%e7%bb%bf%e5%8d%a1\/\"]}]},{\"@type\":\"BreadcrumbList\",\"@id\":\"https:\/\/docsmath.com\/%e5%9c%a8%e7%ba%bf%e8%b4%ad%e4%b9%b0%e7%bb%bf%e5%8d%a1\/#breadcrumb\",\"itemListElement\":[{\"@type\":\"ListItem\",\"position\":1,\"name\":\"Home\",\"item\":\"https:\/\/docsmath.com\/\"},{\"@type\":\"ListItem\",\"position\":2,\"name\":\"\u5728\u7ebf\u8d2d\u4e70\u7eff\u5361\"}]},{\"@type\":\"WebSite\",\"@id\":\"https:\/\/docsmath.com\/#website\",\"url\":\"https:\/\/docsmath.com\/\",\"name\":\"DocsMath\",\"description\":\"#1 Place to Buy Documents &amp; Chemical Products\",\"potentialAction\":[{\"@type\":\"SearchAction\",\"target\":{\"@type\":\"EntryPoint\",\"urlTemplate\":\"https:\/\/docsmath.com\/?s={search_term_string}\"},\"query-input\":{\"@type\":\"PropertyValueSpecification\",\"valueRequired\":true,\"valueName\":\"search_term_string\"}}],\"inLanguage\":\"de\"}]}<\/script>\n<!-- \/ Yoast SEO plugin. -->","yoast_head_json":{"title":"\u7eff\u5361\u51fa\u552e \u2013 \u5728\u7ebf\u8d2d\u4e70\u7eff\u5361 | DocsMath","description":"\u60f3\u5728\u7ebf\u8d2d\u4e70\u7eff\u5361\u5417\uff1f\u4e86\u89e3\u79fb\u6c11\u8bc8\u9a97\uff0c\u5e76\u63a2\u7d22\u7533\u8bf7\u6c38\u4e45\u5c45\u7559\u6743\u7684\u5408\u6cd5\u9014\u5f84\u3002","robots":{"index":"index","follow":"follow","max-snippet":"max-snippet:-1","max-image-preview":"max-image-preview:large","max-video-preview":"max-video-preview:-1"},"canonical":"https:\/\/docsmath.com\/de\/green-card-online-kaufen\/","og_locale":"de_DE","og_type":"article","og_title":"\u7eff\u5361\u51fa\u552e \u2013 \u5728\u7ebf\u8d2d\u4e70\u7eff\u5361 | DocsMath","og_description":"\u60f3\u5728\u7ebf\u8d2d\u4e70\u7eff\u5361\u5417\uff1f\u4e86\u89e3\u79fb\u6c11\u8bc8\u9a97\uff0c\u5e76\u63a2\u7d22\u7533\u8bf7\u6c38\u4e45\u5c45\u7559\u6743\u7684\u5408\u6cd5\u9014\u5f84\u3002","og_url":"https:\/\/docsmath.com\/de\/green-card-online-kaufen\/","og_site_name":"DocsMath","article_modified_time":"2026-04-01T06:27:31+00:00","twitter_card":"summary_large_image","twitter_misc":{"Gesch\u00e4tzte Lesezeit":"1\u00a0Minute"},"schema":{"@context":"https:\/\/schema.org","@graph":[{"@type":"WebPage","@id":"https:\/\/docsmath.com\/%e5%9c%a8%e7%ba%bf%e8%b4%ad%e4%b9%b0%e7%bb%bf%e5%8d%a1\/","url":"https:\/\/docsmath.com\/%e5%9c%a8%e7%ba%bf%e8%b4%ad%e4%b9%b0%e7%bb%bf%e5%8d%a1\/","name":"\u7eff\u5361\u51fa\u552e \u2013 \u5728\u7ebf\u8d2d\u4e70\u7eff\u5361 | DocsMath","isPartOf":{"@id":"https:\/\/docsmath.com\/#website"},"datePublished":"2024-02-26T12:10:53+00:00","dateModified":"2026-04-01T06:27:31+00:00","description":"\u60f3\u5728\u7ebf\u8d2d\u4e70\u7eff\u5361\u5417\uff1f\u4e86\u89e3\u79fb\u6c11\u8bc8\u9a97\uff0c\u5e76\u63a2\u7d22\u7533\u8bf7\u6c38\u4e45\u5c45\u7559\u6743\u7684\u5408\u6cd5\u9014\u5f84\u3002","breadcrumb":{"@id":"https:\/\/docsmath.com\/%e5%9c%a8%e7%ba%bf%e8%b4%ad%e4%b9%b0%e7%bb%bf%e5%8d%a1\/#breadcrumb"},"inLanguage":"de","potentialAction":[{"@type":"ReadAction","target":["https:\/\/docsmath.com\/%e5%9c%a8%e7%ba%bf%e8%b4%ad%e4%b9%b0%e7%bb%bf%e5%8d%a1\/"]}]},{"@type":"BreadcrumbList","@id":"https:\/\/docsmath.com\/%e5%9c%a8%e7%ba%bf%e8%b4%ad%e4%b9%b0%e7%bb%bf%e5%8d%a1\/#breadcrumb","itemListElement":[{"@type":"ListItem","position":1,"name":"Home","item":"https:\/\/docsmath.com\/"},{"@type":"ListItem","position":2,"name":"\u5728\u7ebf\u8d2d\u4e70\u7eff\u5361"}]},{"@type":"WebSite","@id":"https:\/\/docsmath.com\/#website","url":"https:\/\/docsmath.com\/","name":"DocsMath","description":"#1 Place to Buy Documents &amp; Chemical Products","potentialAction":[{"@type":"SearchAction","target":{"@type":"EntryPoint","urlTemplate":"https:\/\/docsmath.com\/?s={search_term_string}"},"query-input":{"@type":"PropertyValueSpecification","valueRequired":true,"valueName":"search_term_string"}}],"inLanguage":"de"}]}},"_links":{"self":[{"href":"https:\/\/docsmath.com\/de\/wp-json\/wp\/v2\/pages\/1208"}],"collection":[{"href":"https:\/\/docsmath.com\/de\/wp-json\/wp\/v2\/pages"}],"about":[{"href":"https:\/\/docsmath.com\/de\/wp-json\/wp\/v2\/types\/page"}],"author":[{"embeddable":true,"href":"https:\/\/docsmath.com\/de\/wp-json\/wp\/v2\/users\/1"}],"replies":[{"embeddable":true,"href":"https:\/\/docsmath.com\/de\/wp-json\/wp\/v2\/comments?post=1208"}],"version-history":[{"count":6,"href":"https:\/\/docsmath.com\/de\/wp-json\/wp\/v2\/pages\/1208\/revisions"}],"predecessor-version":[{"id":1421,"href":"https:\/\/docsmath.com\/de\/wp-json\/wp\/v2\/pages\/1208\/revisions\/1421"}],"wp:attachment":[{"href":"https:\/\/docsmath.com\/de\/wp-json\/wp\/v2\/media?parent=1208"}],"curies":[{"name":"wp","href":"https:\/\/api.w.org\/{rel}","templated":true}]}}