{"id":1202,"date":"2024-02-26T11:58:44","date_gmt":"2024-02-26T11:58:44","guid":{"rendered":"https:\/\/postnllogistic.com\/china\/?page_id=1202"},"modified":"2026-03-28T04:42:41","modified_gmt":"2026-03-28T04:42:41","slug":"%e5%9c%a8%e7%ba%bf%e8%b4%ad%e4%b9%b0%e5%ad%a6%e4%bd%8d%e5%92%8c%e6%96%87%e5%87%ad","status":"publish","type":"page","link":"https:\/\/docsmath.com\/cs\/koupit-tituly-a-diplomy-online\/","title":{"rendered":"Koupit tituly a diplomy online"},"content":{"rendered":"<div  class=\"vc_row wpb_row vc_row-fluid clearfix vc_custom_1572461067978\"><div class=\"wpb_column vc_column_container vc_col-sm-6\"><div class=\"vc_column-inner\"><div class=\"wpb_wrapper\"><h2 style=\"font-size: 28px;color: #000000;line-height: 32px;text-align: left\" class=\"vc_custom_heading wpb_animate_when_almost_visible wpb_Array Array\" >V\u00edtejte na Docsmath.com - Va\u0161em d\u016fv\u011bryhodn\u00e9m m\u00edst\u011b pro skute\u010dn\u00e9 tituly a diplomy!<\/h2>\n\t<div class=\"wpb_text_column wpb_content_element\">\n\t\t<div class=\"wpb_wrapper\">\n\t\t\t<p style=\"text-align: justify;\">V Docsmath.com ch\u00e1peme, \u017ee pr\u00e1vnick\u00fd titul...<a href=\"https:\/\/docsmath.com\/cs\/koupit-tituly-a-diplomy-online\/\">titul nebo diplom<\/a>D\u016fle\u017eitost otev\u00edr\u00e1n\u00ed nov\u00fdch kari\u00e9rn\u00edch p\u0159\u00edle\u017eitost\u00ed. A\u0165 u\u017e si chcete zv\u00fd\u0161it kvalifikaci nebo se v\u011bnovat nov\u00e9mu studijn\u00edmu oboru, nab\u00edz\u00edme \u0161irokou \u0161k\u00e1lu autentick\u00fdch titul\u016f a diplom\u016f, kter\u00e9 v\u00e1m pomohou dos\u00e1hnout va\u0161ich c\u00edl\u016f. D\u00edky na\u0161emu z\u00e1vazku ke kvalit\u011b a integrit\u011b n\u00e1m m\u016f\u017eete d\u016fv\u011b\u0159ovat. <a href=\"https:\/\/docsmath.com\/cs\/\">Docsmath.com<\/a> Pro dosa\u017een\u00ed \u00fasp\u011bchu v\u00e1m poskytneme pot\u0159ebn\u00e9 certifik\u00e1ty.<\/p>\n<h3 style=\"text-align: justify;\">Prozkoumejte na\u0161i nab\u00eddku titul\u016f a diplom\u016f<\/h3>\n<p style=\"text-align: justify;\">Kdy\u017e si koup\u00edte titul nebo diplom od Docsmath.com, m\u016f\u017eete si b\u00fdt jisti, \u017ee kupujete legitimn\u00ed certifik\u00e1t, kter\u00fd bude uzn\u00e1v\u00e1n zam\u011bstnavateli a vzd\u011bl\u00e1vac\u00edmi institucemi po cel\u00e9m sv\u011bt\u011b. N\u00e1\u0161 \u0161irok\u00fd v\u00fdb\u011br zahrnuje tituly a diplomy z r\u016fzn\u00fdch obor\u016f, tak\u017ee si m\u016f\u017eete vybrat ten, kter\u00fd nejl\u00e9pe odpov\u00edd\u00e1 va\u0161im z\u00e1jm\u016fm a kari\u00e9rn\u00edm ambic\u00edm. A\u0165 u\u017e si chcete koupit titul nebo diplom online, nebo osobn\u011b, Docsmath.com v\u00e1m porad\u00ed.<\/p>\n<h3 style=\"text-align: justify;\">Koupit tituly a diplomy online leg\u00e1ln\u011b<\/h3>\n<p style=\"text-align: justify;\">\u6211\u4eec\u77e5\u9053\u5728\u7ebf\u8d2d\u4e70\u5b66\u4f4d\u6216\u6587\u51ed\u53ef\u80fd\u662f\u4e00\u4e2a\u4ee4\u4eba\u754f\u60e7\u7684\u524d\u666f\uff0c\u8fd9\u5c31\u662f\u4e3a\u4ec0\u4e48\u6211\u4eec\u91c7\u53d6\u4e00\u5207\u9884\u9632\u63aa\u65bd\u4ee5\u786e\u4fdd\u60a8\u7684\u8d2d\u4e70\u5b89\u5168\u53ef\u9760\u3002 \u5728 <a href=\"https:\/\/docsmath.com\/cs\/koupit-prukazy-totoznosti-online\/\">Docsmath.com<\/a>\uff0c\u6211\u4eec\u9075\u5b88\u6240\u6709\u76f8\u5173\u6cd5\u5f8b\u548c\u6cd5\u89c4\uff0c\u56e0\u6b64\u60a8\u53ef\u4ee5\u653e\u5fc3\u8d2d\u4e70\uff0c\u56e0\u4e3a\u60a8\u77e5\u9053\u60a8\u7684\u4ea4\u6613\u662f\u5408\u6cd5\u4e14\u5149\u660e\u6b63\u5927\u7684\u3002 \u6211\u4eec\u7b80\u5316\u7684\u8ba2\u8d2d\u6d41\u7a0b\u4f7f\u60a8\u53ef\u4ee5\u8f7b\u677e\u5730\u5728\u4e2d\u56fd\u5728\u7ebf\u8d2d\u4e70\u5b66\u4f4d\u6216\u6587\u51ed\uff0c\u6211\u4eec\u7684\u5ba2\u6237\u670d\u52a1\u56e2\u961f\u968f\u65f6\u89e3\u7b54\u60a8\u7684\u4efb\u4f55\u95ee\u9898\u3002<\/p>\n<h3 style=\"text-align: justify;\">Prodej prav\u00fdch a fale\u0161n\u00fdch titul\u016f a diplom\u016f<\/h3>\n<p style=\"text-align: justify;\">Na Docsmath.com nab\u00edz\u00edme skute\u010dn\u00e9 i fale\u0161n\u00e9 tituly a diplomy, kter\u00e9 spl\u0148uj\u00ed pot\u0159eby na\u0161ich z\u00e1kazn\u00edk\u016f. A\u0165 u\u017e hled\u00e1te prav\u00e9 certifik\u00e1ty, kter\u00e9 obohat\u00ed v\u00e1\u0161 \u017eivotopis, nebo repliku diplomu pro neot\u0159el\u00e9 \u00fa\u010dely, m\u00e1me pro v\u00e1s \u0159e\u0161en\u00ed. Na\u0161e fale\u0161n\u00e9 tituly a diplomy jsou pe\u010dliv\u011b zpracov\u00e1ny tak, aby vypadaly a p\u016fsobily jako skute\u010dn\u00e9, tak\u017ee nepot\u0159ebujete roky studia a \u00fasil\u00ed, abyste mohli vyu\u017e\u00edvat v\u0161ech v\u00fdhod skute\u010dn\u00e9ho certifik\u00e1tu.<\/p>\n<h3 style=\"text-align: justify;\">N\u00e1kup titul\u016f a diplom\u016f v \u010c\u00edn\u011b<\/h3>\n<p style=\"text-align: justify;\"><a href=\"https:\/\/en.wikipedia.org\/wiki\/Degree\">Pokud chcete<\/a>Pro n\u00e1kup titul\u016f nebo diplom\u016f v \u010c\u00edn\u011b je Docsmath.com tou nejlep\u0161\u00ed volbou. Nab\u00edz\u00edme pohodln\u00fd a spolehliv\u00fd zp\u016fsob, jak si koupit autentick\u00e9 doklady, ani\u017e byste museli opustit pohodl\u00ed domova. D\u00edky na\u0161emu zabezpe\u010den\u00e9mu online objedn\u00e1vkov\u00e9mu syst\u00e9mu si m\u016f\u017eete tituly nebo diplomy v \u010c\u00edn\u011b zakoupit jen n\u011bkolika kliknut\u00edmi. Na\u0161e rychl\u00e9 a spolehliv\u00e9 doru\u010den\u00ed nav\u00edc zajist\u00ed, \u017ee va\u0161e objedn\u00e1vka doraz\u00ed bezpe\u010dn\u011b a v\u010das.<\/p>\n<h3 style=\"text-align: justify;\">Zvolte si Docsmath.com pro v\u0161echny sv\u00e9 pot\u0159eby t\u00fdkaj\u00edc\u00ed se diplom\u016f a diplom\u016f!<\/h3>\n<p style=\"text-align: justify;\">A\u0165 u\u017e si chcete zlep\u0161it sv\u00e9 znalosti, prozkoumat nov\u00fd obor nebo jen doplnit v\u00fdzdobu sv\u00e9 kancel\u00e1\u0159e, na str\u00e1nk\u00e1ch Docsmath.com najdete v\u0161e, co pot\u0159ebujete k \u00fasp\u011bchu. D\u00edky \u0161irok\u00e9 nab\u00eddce autentick\u00fdch titul\u016f a diplom\u016f, bezpe\u010dn\u00e9mu procesu online objedn\u00e1v\u00e1n\u00ed a z\u00e1vazku ke spokojenosti z\u00e1kazn\u00edk\u016f se m\u016f\u017eete spolehnout, \u017ee v\u00e1m Docsmath.com pom\u016f\u017ee dos\u00e1hnout va\u0161ich c\u00edl\u016f. Ud\u011blejte prvn\u00ed krok k lep\u0161\u00ed budoucnosti a zakupte si titul nebo diplom online je\u0161t\u011b dnes.<\/p>\n\n\t\t<\/div> \n\t<\/div> <\/div><\/div><\/div><div class=\"wpb_column vc_column_container vc_col-sm-6\"><div class=\"vc_column-inner\"><div class=\"wpb_wrapper\">\n\t<div  class=\"wpb_single_image wpb_content_element vc_align_right  wpb_animate_when_almost_visible wpb_fadeInRightBig fadeInRightBig\">\n\t\t\n\t\t<figure class=\"wpb_wrapper vc_figure\">\n\t\t\t<a data-rel=\"prettyPhoto[rel-1202-1889112474]\" href=\"https:\/\/docsmath.com\/wp-content\/uploads\/2024\/02\/degree-diploma.jpg\" target=\"_self\" class=\"vc_single_image-wrapper vc_box_rounded  vc_box_border_grey prettyphoto\"><img loading=\"lazy\" decoding=\"async\" width=\"555\" height=\"486\" src=\"https:\/\/docsmath.com\/wp-content\/uploads\/2024\/02\/degree-diploma.jpg\" class=\"vc_single_image-img attachment-full\" alt=\"Koupit tituly a diplomy online\" \/><\/a>\n\t\t<\/figure>\n\t<\/div>\n\n\t<div class=\"wpb_text_column wpb_content_element\">\n\t\t<div class=\"wpb_wrapper\">\n\t\t\t<p><strong>Pokud m\u00e1te jak\u00e9koli dotazy nebo p\u0159ipom\u00ednky ke slu\u017eb\u011b, m\u016f\u017eete n\u00e1s kontaktovat e-mailem (contact@docsmath.com) nebo telefonicky\/ p\u0159es WhatsApp (+447831833593) a po\u017e\u00e1dat o jak\u00e9koli slu\u017eby, kter\u00e9 pot\u0159ebujete.<\/strong><\/p>\n\n\t\t<\/div> \n\t<\/div> <\/div><\/div><\/div><\/div><div class=\"clearfix\"><\/div><div  data-vc-full-width=\"true\" data-vc-full-width-init=\"false\" class=\"vc_row wpb_row vc_row-fluid clearfix vc_custom_1572457786201 vc_row-vc-full-width\"><div class=\"wpb_column vc_column_container vc_col-sm-12\"><div class=\"vc_column-inner\"><div class=\"wpb_wrapper\">\r\n\t\t<div  class=\"testimonials-area    testimonials_type_carousel\">\r\n\r\n\t\t\t\r\n\t\t\t\t\t\t\r\n\t\t\t\r\n\t\t\t\r\n\t\t\t\t\t\t\r\n\t\t\t\r\n\t\t\t\r\n\t\t\t\t\t\t\t\r\n\t\t\t<h6 class='section-pre-title'>slova<\/h6><h3 class='section-title' style='color:#ffffff;'  >Co \u0159\u00edkaj\u00ed na\u0161i z\u00e1kazn\u00edci<\/h3>\t\t\t\r\n\t\t\t\r\n\t\t\t\t\t\r\n\t\t\t\r\n\t\t\t<div class=\"carousel-type-1\">\r\n            \r\n            <div class=\"owl-carousel\" data-max-items=\"2\" data-item-margin=\"30\" data-autoplay=\"yes\">\r\n\t\t\t\t\r\n\t\t\t\t\r\n\t\t\t\t<div class=\"item-carousel\">\r\n\t\t\t\t\t<!-- Carousel Item -->\r\n\t\t\t\t\t<div class=\"testimonial\">\r\n\t\t\t\t\t  \r\n\t\t\t\t\t  <div class=\"testimonial-holder\" >\r\n\t\t\t\t\t\t<h6  style=\"color:#ffffff\" >Chen Jie<\/h6>\r\n\t\t\t\t\t\t\r\n\t\t\t\t\t\t  <p  style=\"color:#ffffff\" >V\u00e1hala jsem, zda si m\u00e1m koupit pas online, ale po p\u0159e\u010dten\u00ed pozitivn\u00edch recenz\u00ed na tento obchod jsem se rozhodla to zkusit. Jsem moc r\u00e1da, \u017ee jsem to ud\u011blala! Pas, kter\u00fd jsem obdr\u017eela, byl velmi kvalitn\u00ed a vypadal autenticky. ...<\/p>\r\n\t\t\t\t\t\t\r\n\t\t\t\t\t  <\/div>\r\n\r\n\t\t\t\t\t  <div class=\"author-box\">\r\n\r\n\t\t\t\t\t\t<a href=\"https:\/\/docsmath.com\/cs\/testimonials\/cchen-tie\/\" class=\"avatar\">\r\n\t\t\t\t\t\t  <img decoding=\"async\" width=\"120\" height=\"120\" src=\"http:\/\/dummyimage.com\/120x120&text=NO RESIZE\"  title='Chen Jie'  alt=''  class='tr_all'  \/>\t\t\t\t\t\t<\/a>\r\n\r\n\t\t\t\t\t\t<div class=\"author-info\">\r\n\r\n\t\t\t\t\t\t  <span class=\"author-name\" style=\"color:#ffffff\"  >Chen Jie<\/span>\r\n\t\t\t\t\t\t  <span class=\"author-position\"><\/span>\r\n\r\n\t\t\t\t\t\t<\/div>\r\n\r\n\t\t\t\t\t  <\/div>\r\n\r\n\t\t\t\t\t<\/div>\r\n\t\t\t\t\t<!-- \/Carousel Item -->\r\n\t\t\t\t<\/div>\r\n\t\t\t\t\t\r\n\t\t\t\t\t\r\n\t\t\t\t\r\n\t\t\t\t<div class=\"item-carousel\">\r\n\t\t\t\t\t<!-- Carousel Item -->\r\n\t\t\t\t\t<div class=\"testimonial\">\r\n\t\t\t\t\t  \r\n\t\t\t\t\t  <div class=\"testimonial-holder\" >\r\n\t\t\t\t\t\t<h6  style=\"color:#ffffff\" >Zhang Wei<\/h6>\r\n\t\t\t\t\t\t\r\n\t\t\t\t\t\t  <p  style=\"color:#ffffff\" >Nal\u00e9hav\u011b jsem pot\u0159eboval sm\u011bn\u00e1rensk\u00e9 slu\u017eby v RMB a tento obchod mi pomohl. Ceny byly konkurenceschopn\u00e9 a transakce prob\u011bhla rychle a bez probl\u00e9m\u016f. Person\u00e1l byl p\u0159\u00e1telsk\u00fd a profesion\u00e1ln\u00ed a provedl m\u011b cel\u00fdm procesem s lehkost\u00ed. ...<\/p>\r\n\t\t\t\t\t\t\r\n\t\t\t\t\t  <\/div>\r\n\r\n\t\t\t\t\t  <div class=\"author-box\">\r\n\r\n\t\t\t\t\t\t<a href=\"https:\/\/docsmath.com\/cs\/testimonials\/zhang-wei\/\" class=\"avatar\">\r\n\t\t\t\t\t\t  <img decoding=\"async\" width=\"120\" height=\"120\" src=\"http:\/\/dummyimage.com\/120x120&text=NO RESIZE\"  title='Zhang Wei'  alt=''  class='tr_all'  \/>\t\t\t\t\t\t<\/a>\r\n\r\n\t\t\t\t\t\t<div class=\"author-info\">\r\n\r\n\t\t\t\t\t\t  <span class=\"author-name\" style=\"color:#ffffff\"  >Zhang Wei<\/span>\r\n\t\t\t\t\t\t  <span class=\"author-position\"><\/span>\r\n\r\n\t\t\t\t\t\t<\/div>\r\n\r\n\t\t\t\t\t  <\/div>\r\n\r\n\t\t\t\t\t<\/div>\r\n\t\t\t\t\t<!-- \/Carousel Item -->\r\n\t\t\t\t<\/div>\r\n\t\t\t\t\t\r\n\t\t\t\t\t\r\n\t\t\t\t\r\n\t\t\t\t<div class=\"item-carousel\">\r\n\t\t\t\t\t<!-- Carousel Item -->\r\n\t\t\t\t\t<div class=\"testimonial\">\r\n\t\t\t\t\t  \r\n\t\t\t\t\t  <div class=\"testimonial-holder\" >\r\n\t\t\t\t\t\t<h6  style=\"color:#ffffff\" >Li Wei<\/h6>\r\n\t\t\t\t\t\t\r\n\t\t\t\t\t\t  <p  style=\"color:#ffffff\" >Z\u00edskat v tomto obchod\u011b pas a \u0159idi\u010dsk\u00fd pr\u016fkaz byla hra\u010dka! Cel\u00fd proces prob\u011bhl hladce a doklady byly doru\u010deny diskr\u00e9tn\u011b a v\u010das. Zpo\u010d\u00e1tku jsem byl skeptick\u00fd, ale kvalita dokument\u016f p\u0159ed\u010dila m\u00e9 o\u010dek\u00e1v\u00e1n\u00ed. ...<\/p>\r\n\t\t\t\t\t\t\r\n\t\t\t\t\t  <\/div>\r\n\r\n\t\t\t\t\t  <div class=\"author-box\">\r\n\r\n\t\t\t\t\t\t<a href=\"https:\/\/docsmath.com\/cs\/testimonials\/li-wei\/\" class=\"avatar\">\r\n\t\t\t\t\t\t  <img decoding=\"async\" width=\"120\" height=\"120\" src=\"http:\/\/dummyimage.com\/120x120&text=NO RESIZE\"  title='Li Wei'  alt=''  class='tr_all'  \/>\t\t\t\t\t\t<\/a>\r\n\r\n\t\t\t\t\t\t<div class=\"author-info\">\r\n\r\n\t\t\t\t\t\t  <span class=\"author-name\" style=\"color:#ffffff\"  >Li Wei<\/span>\r\n\t\t\t\t\t\t  <span class=\"author-position\"><\/span>\r\n\r\n\t\t\t\t\t\t<\/div>\r\n\r\n\t\t\t\t\t  <\/div>\r\n\r\n\t\t\t\t\t<\/div>\r\n\t\t\t\t\t<!-- \/Carousel Item -->\r\n\t\t\t\t<\/div>\r\n\t\t\t\t\t\r\n\t\t\t\t\t\r\n\t\t\t\t\t\t\t\r\n\t\t\t\r\n\t\t\t<\/div>\r\n\t\t\t<\/div>\r\n\t\t\t\r\n\t\t\t\t\t\t\r\n\t\t\t\r\n\t\t\t\r\n\t\t\t\r\n\t\t\t\t\r\n\t\t\t\r\n\t\t\t\r\n\t\t\t\r\n\t\t\t\r\n\t\t\t\r\n\t\t\t\r\n\t\t\t\r\n\t\t\t\r\n\t\t\t\r\n\t\t\t\r\n\t\t\t\r\n\t\t<\/div><!--\/ .testimonials-area-->\r\n\r\n\t\t\r\n\r\n\t\t<\/div><\/div><\/div><\/div><div class=\"vc_row-full-width\"><\/div><div class=\"clearfix\"><\/div><!-- Row Backgrounds --><div class=\"upb_bg_img\" data-ultimate-bg=\"url(https:\/\/docsmath.com\/wp-content\/uploads\/2019\/10\/testimonials-background.jpg)\" data-image-id=\"id^983|url^https:\/\/www.usefulphantom.com\/newssd\/wp-content\/uploads\/2019\/10\/testimonials-background.jpg|caption^null|alt^null|title^testimonials-background|description^null\" data-ultimate-bg-style=\"vcpb-default\" data-bg-img-repeat=\"no-repeat\" data-bg-img-size=\"cover\" data-bg-img-position=\"\" data-parallx_sense=\"30\" data-bg-override=\"0\" data-bg_img_attach=\"fixed\" data-upb-overlay-color=\"\" data-upb-bg-animation=\"\" data-fadeout=\"\" data-bg-animation=\"left-animation\" data-bg-animation-type=\"h\" data-animation-repeat=\"repeat\" data-fadeout-percentage=\"30\" data-parallax-content=\"\" data-parallax-content-sense=\"30\" data-row-effect-mobile-disable=\"true\" data-img-parallax-mobile-disable=\"true\" data-rtl=\"false\"  data-custom-vc-row=\"\"  data-vc=\"5.5.1\"  data-is_old_vc=\"\"  data-theme-support=\"\"   data-overlay=\"false\" data-overlay-color=\"\" data-overlay-pattern=\"\" data-overlay-pattern-opacity=\"\" data-overlay-pattern-size=\"\"    ><\/div><div  data-vc-full-width=\"true\" data-vc-full-width-init=\"false\" class=\"vc_row wpb_row vc_row-fluid clearfix vc_custom_1572460268764 vc_row-vc-full-width\"><div class=\"wpb_column vc_column_container vc_col-sm-6\"><div class=\"vc_column-inner\"><div class=\"wpb_wrapper\"><div class='wpb_custom_title wpb_content_element align-left'><h6 class='section-pre-title'  style='color:#aab3b6;'  >Z\u00edskat nab\u00eddku<\/h6><h2 class='section-title'  style='color:#2a2c32;'  >Po\u017e\u00e1dejte o bezplatnou nab\u00eddku!<\/h2><\/div>\n\t<div class=\"wpb_text_column wpb_content_element\">\n\t\t<div class=\"wpb_wrapper\">\n\t\t\t<p>Kontaktujte n\u00e1\u0161 t\u00fdm nebo vypl\u0148te formul\u00e1\u0159. Z\u00e1stupce v\u00e1s bude brzy kontaktovat.<\/p>\n<p>Na v\u0161echny va\u0161e telefon\u00e1ty, zpr\u00e1vy na WhatsApp a e-maily odpov\u00edme do 48-72 hodin. Oce\u0148ujeme va\u0161i trp\u011blivost a pochopen\u00ed.<\/p>\n\n\t\t<\/div> \n\t<\/div> \r\n\t\t<div class=\"contact-info-block\">\r\n\r\n\t\t\t\t\t\t\t<h5 class=\"fw-medium\">\u010c\u00ednsk\u00e1 kancel\u00e1\u0159<\/h5>\r\n\t\t\t\r\n\t\t\t<p>6 Ritan Rd, Chaoyang District, Peking 10060 (\u010c\u00cdNA)<\/p>\n\r\n\t\t\t<ul class=\"contact-info\">\r\n\r\n                <li><span class=\"licon-telephone\"><\/span> <a href=\"callto: 447831833593\">+447831833593<\/a><\/li>\r\n                <li><span class=\"licon-at-sign\"><\/span> <a href=\"mailto:contact@pronoveltydocs.com\">contact@pronoveltydocs.com<\/a><\/li>\r\n\r\n            <\/ul>\r\n\r\n\t\t<\/div><!--\/ .contact-info-block-->\r\n\r\n\t\t<\/div><\/div><\/div><div class=\"wpb_column vc_column_container vc_col-sm-6\"><div class=\"vc_column-inner\"><div class=\"wpb_wrapper\"><div role=\"form\" class=\"wpcf7\" id=\"wpcf7-f985-o1\" lang=\"en-US\" dir=\"ltr\">\n<div class=\"screen-reader-response\"><\/div>\n<form action=\"\/cs\/wp-json\/wp\/v2\/pages\/1202#wpcf7-f985-o1\" method=\"post\" class=\"wpcf7-form\" novalidate=\"novalidate\" data-trp-original-action=\"\/cs\/wp-json\/wp\/v2\/pages\/1202#wpcf7-f985-o1\">\n<div style=\"display: none;\">\n<input type=\"hidden\" name=\"_wpcf7\" value=\"985\" \/>\n<input type=\"hidden\" name=\"_wpcf7_version\" value=\"5.1.4\" \/>\n<input type=\"hidden\" name=\"_wpcf7_locale\" value=\"en_US\" \/>\n<input type=\"hidden\" name=\"_wpcf7_unit_tag\" value=\"wpcf7-f985-o1\" \/>\n<input type=\"hidden\" name=\"_wpcf7_container_post\" value=\"0\" \/>\n<\/div>\n<div class=\"form-style1 fx-cols-2\">\n<div class=\"form-column\"><span class=\"wpcf7-form-control-wrap text-325\"><input type=\"text\" name=\"text-325\" value=\"\" size=\"40\" class=\"wpcf7-form-control wpcf7-text wpcf7-validates-as-required\" aria-required=\"true\" aria-invalid=\"false\" placeholder=\"Va\u0161e jm\u00e9no.\" \/><\/span><\/div>\n<div class=\"form-column\"><span class=\"wpcf7-form-control-wrap email-453\"><input type=\"email\" name=\"email-453\" value=\"\" size=\"40\" class=\"wpcf7-form-control wpcf7-text wpcf7-email wpcf7-validates-as-required wpcf7-validates-as-email\" aria-required=\"true\" aria-invalid=\"false\" placeholder=\"Va\u0161e po\u0161ta\" \/><\/span><\/div>\n<div class=\"form-column\"><span class=\"wpcf7-form-control-wrap tel-411\"><input type=\"tel\" name=\"tel-411\" value=\"\" size=\"40\" class=\"wpcf7-form-control wpcf7-text wpcf7-tel wpcf7-validates-as-required wpcf7-validates-as-tel\" aria-required=\"true\" aria-invalid=\"false\" placeholder=\"telefonn\u00ed \u010d\u00edslo\" \/><\/span><\/div>\n<div class=\"form-column\"><span class=\"wpcf7-form-control-wrap text-328\"><input type=\"text\" name=\"text-328\" value=\"\" size=\"40\" class=\"wpcf7-form-control wpcf7-text wpcf7-validates-as-required\" aria-required=\"true\" aria-invalid=\"false\" placeholder=\"Va\u0161e zem\u011b.\" \/><\/span><\/div>\n<div class=\"form-column\"><span class=\"wpcf7-form-control-wrap text-329\"><input type=\"text\" name=\"text-329\" value=\"\" size=\"40\" class=\"wpcf7-form-control wpcf7-text wpcf7-validates-as-required\" aria-required=\"true\" aria-invalid=\"false\" placeholder=\"tematick\u00e9\" \/><\/span><\/div>\n<div class=\"form-column\"><span class=\"wpcf7-form-control-wrap text-330\"><input type=\"text\" name=\"text-330\" value=\"\" size=\"40\" class=\"wpcf7-form-control wpcf7-text wpcf7-validates-as-required\" aria-required=\"true\" aria-invalid=\"false\" placeholder=\"Odkaz na slu\u017eby\" \/><\/span><\/div>\n<div class=\"form-column-full\"><span class=\"wpcf7-form-control-wrap textarea-117\"><textarea name=\"textarea-117\" cols=\"40\" rows=\"4\" class=\"wpcf7-form-control wpcf7-textarea\" aria-invalid=\"false\" placeholder=\"informace\"><\/textarea><\/span><\/div>\n<div class=\"form-column-full align-left\"><input type=\"submit\" value=\"Odeslat zpr\u00e1vu\" class=\"wpcf7-form-control wpcf7-submit\" \/><\/div>\n<\/div>\n<div class=\"wpcf7-response-output wpcf7-display-none\"><\/div><input type=\"hidden\" name=\"trp-form-language\" value=\"cs\"\/><\/form><\/div><\/div><\/div><\/div><\/div><div class=\"vc_row-full-width\"><\/div><div class=\"clearfix\"><\/div>","protected":false},"excerpt":{"rendered":"\u6b22\u8fce\u8bbf\u95ee Docsmath.com - \u60a8\u503c\u5f97\u4fe1\u8d56\u7684\u771f\u6b63\u5b66\u4f4d\u548c\u6587\u51ed\u76ee\u7684\u5730 \u5728 Docsmath.com\uff0c\u6211\u4eec\u4e86 [...]","protected":false},"author":1,"featured_media":0,"parent":0,"menu_order":0,"comment_status":"closed","ping_status":"closed","template":"","meta":{"_joinchat":[],"footnotes":""},"yoast_head":"<!-- This site is optimized with the Yoast SEO plugin v24.1 - https:\/\/yoast.com\/wordpress\/plugins\/seo\/ -->\n<title>\u5b66\u4f4d\u548c\u6587\u51ed\u51fa\u552e \u2013 \u5728\u7ebf\u8d2d\u4e70\u5b66\u4f4d | DocsMath<\/title>\n<meta name=\"description\" content=\"\u60f3\u5728\u7ebf\u8d2d\u4e70\u5b66\u4f4d\u6216\u6587\u51ed\u5417\uff1f\u4e86\u89e3\u5047\u5b66\u4f4d\u4e3a\u4f55\u8fdd\u6cd5\uff0c\u4ee5\u53ca\u5982\u4f55\u4ece\u6b63\u89c4\u673a\u6784\u83b7\u5f97\u5408\u6cd5\u7684\u5b66\u5386\u8bc1\u4e66\u3002\" \/>\n<meta name=\"robots\" content=\"index, follow, max-snippet:-1, max-image-preview:large, max-video-preview:-1\" \/>\n<link rel=\"canonical\" href=\"https:\/\/docsmath.com\/cs\/koupit-tituly-a-diplomy-online\/\" \/>\n<meta property=\"og:locale\" content=\"cs_CZ\" \/>\n<meta property=\"og:type\" content=\"article\" \/>\n<meta property=\"og:title\" content=\"\u5b66\u4f4d\u548c\u6587\u51ed\u51fa\u552e \u2013 \u5728\u7ebf\u8d2d\u4e70\u5b66\u4f4d | DocsMath\" \/>\n<meta property=\"og:description\" content=\"\u60f3\u5728\u7ebf\u8d2d\u4e70\u5b66\u4f4d\u6216\u6587\u51ed\u5417\uff1f\u4e86\u89e3\u5047\u5b66\u4f4d\u4e3a\u4f55\u8fdd\u6cd5\uff0c\u4ee5\u53ca\u5982\u4f55\u4ece\u6b63\u89c4\u673a\u6784\u83b7\u5f97\u5408\u6cd5\u7684\u5b66\u5386\u8bc1\u4e66\u3002\" \/>\n<meta property=\"og:url\" content=\"https:\/\/docsmath.com\/cs\/koupit-tituly-a-diplomy-online\/\" \/>\n<meta property=\"og:site_name\" content=\"DocsMath\" \/>\n<meta property=\"article:modified_time\" content=\"2026-03-28T04:42:41+00:00\" \/>\n<meta name=\"twitter:card\" content=\"summary_large_image\" \/>\n<meta name=\"twitter:label1\" content=\"Odhadovan\u00e1 doba \u010dten\u00ed\" \/>\n\t<meta name=\"twitter:data1\" content=\"1 minuta\" \/>\n<script type=\"application\/ld+json\" class=\"yoast-schema-graph\">{\"@context\":\"https:\/\/schema.org\",\"@graph\":[{\"@type\":\"WebPage\",\"@id\":\"https:\/\/docsmath.com\/%e5%9c%a8%e7%ba%bf%e8%b4%ad%e4%b9%b0%e5%ad%a6%e4%bd%8d%e5%92%8c%e6%96%87%e5%87%ad\/\",\"url\":\"https:\/\/docsmath.com\/%e5%9c%a8%e7%ba%bf%e8%b4%ad%e4%b9%b0%e5%ad%a6%e4%bd%8d%e5%92%8c%e6%96%87%e5%87%ad\/\",\"name\":\"\u5b66\u4f4d\u548c\u6587\u51ed\u51fa\u552e \u2013 \u5728\u7ebf\u8d2d\u4e70\u5b66\u4f4d | DocsMath\",\"isPartOf\":{\"@id\":\"https:\/\/docsmath.com\/#website\"},\"datePublished\":\"2024-02-26T11:58:44+00:00\",\"dateModified\":\"2026-03-28T04:42:41+00:00\",\"description\":\"\u60f3\u5728\u7ebf\u8d2d\u4e70\u5b66\u4f4d\u6216\u6587\u51ed\u5417\uff1f\u4e86\u89e3\u5047\u5b66\u4f4d\u4e3a\u4f55\u8fdd\u6cd5\uff0c\u4ee5\u53ca\u5982\u4f55\u4ece\u6b63\u89c4\u673a\u6784\u83b7\u5f97\u5408\u6cd5\u7684\u5b66\u5386\u8bc1\u4e66\u3002\",\"breadcrumb\":{\"@id\":\"https:\/\/docsmath.com\/%e5%9c%a8%e7%ba%bf%e8%b4%ad%e4%b9%b0%e5%ad%a6%e4%bd%8d%e5%92%8c%e6%96%87%e5%87%ad\/#breadcrumb\"},\"inLanguage\":\"cs\",\"potentialAction\":[{\"@type\":\"ReadAction\",\"target\":[\"https:\/\/docsmath.com\/%e5%9c%a8%e7%ba%bf%e8%b4%ad%e4%b9%b0%e5%ad%a6%e4%bd%8d%e5%92%8c%e6%96%87%e5%87%ad\/\"]}]},{\"@type\":\"BreadcrumbList\",\"@id\":\"https:\/\/docsmath.com\/%e5%9c%a8%e7%ba%bf%e8%b4%ad%e4%b9%b0%e5%ad%a6%e4%bd%8d%e5%92%8c%e6%96%87%e5%87%ad\/#breadcrumb\",\"itemListElement\":[{\"@type\":\"ListItem\",\"position\":1,\"name\":\"Home\",\"item\":\"https:\/\/docsmath.com\/\"},{\"@type\":\"ListItem\",\"position\":2,\"name\":\"\u5728\u7ebf\u8d2d\u4e70\u5b66\u4f4d\u548c\u6587\u51ed\"}]},{\"@type\":\"WebSite\",\"@id\":\"https:\/\/docsmath.com\/#website\",\"url\":\"https:\/\/docsmath.com\/\",\"name\":\"DocsMath\",\"description\":\"#1 Place to Buy Documents &amp; Chemical Products\",\"potentialAction\":[{\"@type\":\"SearchAction\",\"target\":{\"@type\":\"EntryPoint\",\"urlTemplate\":\"https:\/\/docsmath.com\/?s={search_term_string}\"},\"query-input\":{\"@type\":\"PropertyValueSpecification\",\"valueRequired\":true,\"valueName\":\"search_term_string\"}}],\"inLanguage\":\"cs\"}]}<\/script>\n<!-- \/ Yoast SEO plugin. -->","yoast_head_json":{"title":"\u5b66\u4f4d\u548c\u6587\u51ed\u51fa\u552e \u2013 \u5728\u7ebf\u8d2d\u4e70\u5b66\u4f4d | DocsMath","description":"\u60f3\u5728\u7ebf\u8d2d\u4e70\u5b66\u4f4d\u6216\u6587\u51ed\u5417\uff1f\u4e86\u89e3\u5047\u5b66\u4f4d\u4e3a\u4f55\u8fdd\u6cd5\uff0c\u4ee5\u53ca\u5982\u4f55\u4ece\u6b63\u89c4\u673a\u6784\u83b7\u5f97\u5408\u6cd5\u7684\u5b66\u5386\u8bc1\u4e66\u3002","robots":{"index":"index","follow":"follow","max-snippet":"max-snippet:-1","max-image-preview":"max-image-preview:large","max-video-preview":"max-video-preview:-1"},"canonical":"https:\/\/docsmath.com\/cs\/koupit-tituly-a-diplomy-online\/","og_locale":"cs_CZ","og_type":"article","og_title":"\u5b66\u4f4d\u548c\u6587\u51ed\u51fa\u552e \u2013 \u5728\u7ebf\u8d2d\u4e70\u5b66\u4f4d | DocsMath","og_description":"\u60f3\u5728\u7ebf\u8d2d\u4e70\u5b66\u4f4d\u6216\u6587\u51ed\u5417\uff1f\u4e86\u89e3\u5047\u5b66\u4f4d\u4e3a\u4f55\u8fdd\u6cd5\uff0c\u4ee5\u53ca\u5982\u4f55\u4ece\u6b63\u89c4\u673a\u6784\u83b7\u5f97\u5408\u6cd5\u7684\u5b66\u5386\u8bc1\u4e66\u3002","og_url":"https:\/\/docsmath.com\/cs\/koupit-tituly-a-diplomy-online\/","og_site_name":"DocsMath","article_modified_time":"2026-03-28T04:42:41+00:00","twitter_card":"summary_large_image","twitter_misc":{"Odhadovan\u00e1 doba \u010dten\u00ed":"1 minuta"},"schema":{"@context":"https:\/\/schema.org","@graph":[{"@type":"WebPage","@id":"https:\/\/docsmath.com\/%e5%9c%a8%e7%ba%bf%e8%b4%ad%e4%b9%b0%e5%ad%a6%e4%bd%8d%e5%92%8c%e6%96%87%e5%87%ad\/","url":"https:\/\/docsmath.com\/%e5%9c%a8%e7%ba%bf%e8%b4%ad%e4%b9%b0%e5%ad%a6%e4%bd%8d%e5%92%8c%e6%96%87%e5%87%ad\/","name":"\u5b66\u4f4d\u548c\u6587\u51ed\u51fa\u552e \u2013 \u5728\u7ebf\u8d2d\u4e70\u5b66\u4f4d | DocsMath","isPartOf":{"@id":"https:\/\/docsmath.com\/#website"},"datePublished":"2024-02-26T11:58:44+00:00","dateModified":"2026-03-28T04:42:41+00:00","description":"\u60f3\u5728\u7ebf\u8d2d\u4e70\u5b66\u4f4d\u6216\u6587\u51ed\u5417\uff1f\u4e86\u89e3\u5047\u5b66\u4f4d\u4e3a\u4f55\u8fdd\u6cd5\uff0c\u4ee5\u53ca\u5982\u4f55\u4ece\u6b63\u89c4\u673a\u6784\u83b7\u5f97\u5408\u6cd5\u7684\u5b66\u5386\u8bc1\u4e66\u3002","breadcrumb":{"@id":"https:\/\/docsmath.com\/%e5%9c%a8%e7%ba%bf%e8%b4%ad%e4%b9%b0%e5%ad%a6%e4%bd%8d%e5%92%8c%e6%96%87%e5%87%ad\/#breadcrumb"},"inLanguage":"cs","potentialAction":[{"@type":"ReadAction","target":["https:\/\/docsmath.com\/%e5%9c%a8%e7%ba%bf%e8%b4%ad%e4%b9%b0%e5%ad%a6%e4%bd%8d%e5%92%8c%e6%96%87%e5%87%ad\/"]}]},{"@type":"BreadcrumbList","@id":"https:\/\/docsmath.com\/%e5%9c%a8%e7%ba%bf%e8%b4%ad%e4%b9%b0%e5%ad%a6%e4%bd%8d%e5%92%8c%e6%96%87%e5%87%ad\/#breadcrumb","itemListElement":[{"@type":"ListItem","position":1,"name":"Home","item":"https:\/\/docsmath.com\/"},{"@type":"ListItem","position":2,"name":"\u5728\u7ebf\u8d2d\u4e70\u5b66\u4f4d\u548c\u6587\u51ed"}]},{"@type":"WebSite","@id":"https:\/\/docsmath.com\/#website","url":"https:\/\/docsmath.com\/","name":"DocsMath","description":"#1 Place to Buy Documents &amp; Chemical Products","potentialAction":[{"@type":"SearchAction","target":{"@type":"EntryPoint","urlTemplate":"https:\/\/docsmath.com\/?s={search_term_string}"},"query-input":{"@type":"PropertyValueSpecification","valueRequired":true,"valueName":"search_term_string"}}],"inLanguage":"cs"}]}},"_links":{"self":[{"href":"https:\/\/docsmath.com\/cs\/wp-json\/wp\/v2\/pages\/1202"}],"collection":[{"href":"https:\/\/docsmath.com\/cs\/wp-json\/wp\/v2\/pages"}],"about":[{"href":"https:\/\/docsmath.com\/cs\/wp-json\/wp\/v2\/types\/page"}],"author":[{"embeddable":true,"href":"https:\/\/docsmath.com\/cs\/wp-json\/wp\/v2\/users\/1"}],"replies":[{"embeddable":true,"href":"https:\/\/docsmath.com\/cs\/wp-json\/wp\/v2\/comments?post=1202"}],"version-history":[{"count":6,"href":"https:\/\/docsmath.com\/cs\/wp-json\/wp\/v2\/pages\/1202\/revisions"}],"predecessor-version":[{"id":1418,"href":"https:\/\/docsmath.com\/cs\/wp-json\/wp\/v2\/pages\/1202\/revisions\/1418"}],"wp:attachment":[{"href":"https:\/\/docsmath.com\/cs\/wp-json\/wp\/v2\/media?parent=1202"}],"curies":[{"name":"wp","href":"https:\/\/api.w.org\/{rel}","templated":true}]}}