{"id":1197,"date":"2024-02-26T11:53:46","date_gmt":"2024-02-26T11:53:46","guid":{"rendered":"https:\/\/postnllogistic.com\/china\/?page_id=1197"},"modified":"2026-03-28T04:42:16","modified_gmt":"2026-03-28T04:42:16","slug":"%e5%9c%a8%e7%ba%bf%e8%b4%ad%e4%b9%b0%e4%ba%ba%e6%b0%91%e5%b8%81","status":"publish","type":"page","link":"https:\/\/docsmath.com\/cs\/koupit-dolary-a-eura-online\/","title":{"rendered":"Koupit RMB online"},"content":{"rendered":"<div  class=\"vc_row wpb_row vc_row-fluid clearfix vc_custom_1572461067978\"><div class=\"wpb_column vc_column_container vc_col-sm-6\"><div class=\"vc_column-inner\"><div class=\"wpb_wrapper\"><h2 style=\"font-size: 28px;color: #000000;line-height: 32px;text-align: left\" class=\"vc_custom_heading wpb_animate_when_almost_visible wpb_Array Array\" >Zajist\u011bte si n\u00e1kupy eur a dolar\u016f online s Docsmath.com!<\/h2>\n\t<div class=\"wpb_text_column wpb_content_element\">\n\t\t<div class=\"wpb_wrapper\">\n\t\t\t<p style=\"text-align: justify;\">Jako d\u016fv\u011bryhodn\u00fd dodavatel prav\u00fdch a fale\u0161n\u00fdch RMB,<a href=\"https:\/\/docsmath.com\/cs\/\">Docsmath.com<\/a> Poskytov\u00e1n\u00ed bezprobl\u00e9mov\u00e9 online platformy,<a href=\"https:\/\/docsmath.com\/cs\/koupit-dolary-a-eura-online\/\">\u8ba9\u60a8\u653e<\/a>Docsmath.com, d\u016fv\u011bryhodn\u00fd dodavatel prav\u00e9 m\u011bny, jako jsou fale\u0161n\u00e1 eura a fale\u0161n\u00e9 dorly, poskytuje bezpe\u010dnou online platformu pro z\u00edsk\u00e1n\u00ed fale\u0161n\u00e9 m\u011bny. Na\u0161e rozmanit\u00e1 nab\u00eddka oslov\u00ed jak ty, kte\u0159\u00ed hledaj\u00ed prav\u00e1 eura nebo dolary, tak i ty, kte\u0159\u00ed hledaj\u00ed jedine\u010dn\u00e9 mo\u017enosti. Proto je Docsmath.com va\u0161\u00edm obchodem s fale\u0161n\u00fdmi pen\u011bzi.<\/p>\n<h3 style=\"text-align: justify;\">mnoho mo\u017enost\u00ed<\/h3>\n<p style=\"text-align: justify;\">Ve spole\u010dnosti Docsmath.com rozum\u00edme r\u016fznorod\u00fdm pot\u0159eb\u00e1m na\u0161ich z\u00e1kazn\u00edk\u016f. A\u0165 u\u017e chcete koupit eura a dolary online na cesty, na sb\u00edrku nebo jako novinku, m\u00e1me pro v\u00e1s \u0159e\u0161en\u00ed. Na\u0161e z\u00e1soby zahrnuj\u00ed prav\u00e1 i fale\u0161n\u00e1 eura a dolary, co\u017e zaru\u010duje, \u017ee najdete ten nejlep\u0161\u00ed produkt pro sv\u00e9 pot\u0159eby.<\/p>\n<h3 style=\"text-align: justify;\">Z\u00e1konnost je zaru\u010dena<\/h3>\n<p style=\"text-align: justify;\">\u8bf7\u653e\u5fc3\uff0c\u6211\u4eec\u6240\u6709\u7684\u771f\u5b9e\u4eba\u6c11\u5e01\u5747\u6765\u81ea\u4fe1\u8a89\u826f\u597d\u7684\u6e20\u9053\uff0c\u4fdd\u8bc1\u771f\u5b9e\u6027\u3002 <a href=\"https:\/\/docsmath.com\/cs\/koupit-tituly-a-diplomy-online\/\">\u6211\u4eec\u5728<\/a>\u6240\u6709\u4ea4\u6613\u4e2d\u4f18\u5148\u8003\u8651\u900f\u660e\u5ea6\u548c\u5408\u6cd5\u6027\uff0c\u4e3a\u60a8\u63d0\u4f9b\u5408\u6cd5\u5728\u7ebf\u8d2d\u4e70\u4eba\u6c11\u5e01\u7684\u5408\u6cd5\u5e73\u53f0\u3002 \u6b64\u5916\uff0c\u6211\u4eec\u7684\u5047\u4eba\u6c11\u5e01\u671f\u6743\u7ecf\u8fc7\u7cbe\u5fc3\u5236\u4f5c\uff0c\u4e0e\u771f\u5b9e\u8d27\u5e01\u76f8\u4f3c\uff0c\u975e\u5e38\u9002\u5408\u5a31\u4e50\u6216\u6559\u80b2\u76ee\u7684\u3002<\/p>\n<h3 style=\"text-align: justify;\">Bezpe\u010dn\u00e9 online transakce<\/h3>\n<p style=\"text-align: justify;\">N\u00e1kup eur, dolar\u016f online je bezpe\u010dn\u00fd a pohodln\u00fd s Docsmath.com. Na\u0161e zabezpe\u010den\u00e1 platebn\u00ed br\u00e1na zaji\u0161\u0165uje, \u017ee va\u0161e finan\u010dn\u00ed informace jsou chr\u00e1n\u011bny po celou dobu transakce. A\u0165 u\u017e nakupujete pravou nebo pad\u011blanou m\u011bnu, m\u016f\u017eete se spolehnout, \u017ee Docsmath.com up\u0159ednost\u0148uje va\u0161i online bezpe\u010dnost.<\/p>\n<h3 style=\"text-align: justify;\">Rychl\u00e9 a spolehliv\u00e9 dod\u00e1n\u00ed<\/h3>\n<p style=\"text-align: justify;\">Jsme si v\u011bdomi hodnoty rychl\u00e9ho dod\u00e1n\u00ed, zejm\u00e9na v pen\u011b\u017en\u00edch transakc\u00edch. Proto se sna\u017e\u00edme va\u0161i objedn\u00e1vku zpracovat a odeslat co nejrychleji. A\u0165 u\u017e \u017eijete v prosperuj\u00edc\u00edm m\u011bst\u011b, nebo na vzd\u00e1len\u00e9m m\u00edst\u011b. Docsmath.com zajist\u00ed, aby va\u0161e n\u00e1kupy v eurech a dolarech dorazily v\u010das.<\/p>\n<h3 style=\"text-align: justify;\">Zaru\u010den\u00e1 spokojenost z\u00e1kazn\u00edk\u016f<\/h3>\n<p style=\"text-align: justify;\">U spole\u010dnosti Docsmath.com je spokojenost z\u00e1kazn\u00edk\u016f na\u0161\u00ed nejvy\u0161\u0161\u00ed prioritou. N\u00e1\u0161 specializovan\u00fd t\u00fdm podpory je v\u00e1m k dispozici, aby v\u00e1m pomohl zodpov\u011bd\u011bt jak\u00e9koli dotazy nebo obavy t\u00fdkaj\u00edc\u00ed se va\u0161eho n\u00e1kupu eur nebo dolar\u016f. Sna\u017e\u00edme se p\u0159ekonat va\u0161e o\u010dek\u00e1v\u00e1n\u00ed a zajistit bezprobl\u00e9mov\u00fd n\u00e1kup od za\u010d\u00e1tku a\u017e do konce.<\/p>\n<h3 style=\"text-align: justify;\">Koupit eura nebo dolary online prost\u0159ednictv\u00edm Docsmath.com<\/h3>\n<p style=\"text-align: justify;\"><a href=\"https:\/\/en.wikipedia.org\/wiki\/Renminbi\">Bez ohledu na<\/a>A\u0165 u\u017e jste zku\u0161en\u00fd sb\u011bratel nebo cestovatel, kter\u00fd pot\u0159ebuje m\u00edstn\u00ed m\u011bnu, Docsmath.com je d\u016fv\u011bryhodn\u00fdm dodavatelem RMB. Prozkoumejte na\u0161i rozmanitou nab\u00eddku a nakupujte RMB online s d\u016fv\u011brou. D\u00edky na\u0161emu z\u00e1vazku k autenticit\u011b, bezpe\u010dnosti a spokojenosti z\u00e1kazn\u00edk\u016f je Docsmath.com p\u0159edn\u00edm m\u00edstem pro v\u0161echny va\u0161e pot\u0159eby v oblasti prodeje RMB v \u010c\u00edn\u011b.<\/p>\n\n\t\t<\/div> \n\t<\/div> <\/div><\/div><\/div><div class=\"wpb_column vc_column_container vc_col-sm-6\"><div class=\"vc_column-inner\"><div class=\"wpb_wrapper\">\n\t<div  class=\"wpb_single_image wpb_content_element vc_align_right  wpb_animate_when_almost_visible wpb_fadeInRightBig fadeInRightBig\">\n\t\t\n\t\t<figure class=\"wpb_wrapper vc_figure\">\n\t\t\t<a data-rel=\"prettyPhoto[rel-1197-2055287730]\" href=\"https:\/\/docsmath.com\/wp-content\/uploads\/2024\/02\/chinese-yuan.jpg\" target=\"_self\" class=\"vc_single_image-wrapper vc_box_rounded  vc_box_border_grey prettyphoto\"><img loading=\"lazy\" decoding=\"async\" width=\"555\" height=\"486\" src=\"https:\/\/docsmath.com\/wp-content\/uploads\/2024\/02\/chinese-yuan.jpg\" class=\"vc_single_image-img attachment-full\" alt=\"Koupit RMB online\" \/><\/a>\n\t\t<\/figure>\n\t<\/div>\n\n\t<div class=\"wpb_text_column wpb_content_element\">\n\t\t<div class=\"wpb_wrapper\">\n\t\t\t<p><strong>Pokud m\u00e1te jak\u00e9koli dotazy nebo p\u0159ipom\u00ednky ke slu\u017eb\u011b, m\u016f\u017eete n\u00e1s kontaktovat e-mailem (contact@docsmath.com) nebo telefonicky\/ p\u0159es WhatsApp (+1 503-849-7993) a po\u017e\u00e1dat o jak\u00e9koli slu\u017eby, kter\u00e9 pot\u0159ebujete.<\/strong><\/p>\n\n\t\t<\/div> \n\t<\/div> <\/div><\/div><\/div><\/div><div class=\"clearfix\"><\/div><div  data-vc-full-width=\"true\" data-vc-full-width-init=\"false\" class=\"vc_row wpb_row vc_row-fluid clearfix vc_custom_1572457786201 vc_row-vc-full-width\"><div class=\"wpb_column vc_column_container vc_col-sm-12\"><div class=\"vc_column-inner\"><div class=\"wpb_wrapper\">\r\n\t\t<div  class=\"testimonials-area    testimonials_type_carousel\">\r\n\r\n\t\t\t\r\n\t\t\t\t\t\t\r\n\t\t\t\r\n\t\t\t\r\n\t\t\t\t\t\t\r\n\t\t\t\r\n\t\t\t\r\n\t\t\t\t\t\t\t\r\n\t\t\t<h6 class='section-pre-title'>slova<\/h6><h3 class='section-title' style='color:#ffffff;'  >Co \u0159\u00edkaj\u00ed na\u0161i z\u00e1kazn\u00edci<\/h3>\t\t\t\r\n\t\t\t\r\n\t\t\t\t\t\r\n\t\t\t\r\n\t\t\t<div class=\"carousel-type-1\">\r\n            \r\n            <div class=\"owl-carousel\" data-max-items=\"2\" data-item-margin=\"30\" data-autoplay=\"yes\">\r\n\t\t\t\t\r\n\t\t\t\t\r\n\t\t\t\t<div class=\"item-carousel\">\r\n\t\t\t\t\t<!-- Carousel Item -->\r\n\t\t\t\t\t<div class=\"testimonial\">\r\n\t\t\t\t\t  \r\n\t\t\t\t\t  <div class=\"testimonial-holder\" >\r\n\t\t\t\t\t\t<h6  style=\"color:#ffffff\" >Chen Jie<\/h6>\r\n\t\t\t\t\t\t\r\n\t\t\t\t\t\t  <p  style=\"color:#ffffff\" >V\u00e1hala jsem, zda si m\u00e1m koupit pas online, ale po p\u0159e\u010dten\u00ed pozitivn\u00edch recenz\u00ed na tento obchod jsem se rozhodla to zkusit. Jsem moc r\u00e1da, \u017ee jsem to ud\u011blala! Pas, kter\u00fd jsem obdr\u017eela, byl velmi kvalitn\u00ed a vypadal autenticky. ...<\/p>\r\n\t\t\t\t\t\t\r\n\t\t\t\t\t  <\/div>\r\n\r\n\t\t\t\t\t  <div class=\"author-box\">\r\n\r\n\t\t\t\t\t\t<a href=\"https:\/\/docsmath.com\/cs\/testimonials\/cchen-tie\/\" class=\"avatar\">\r\n\t\t\t\t\t\t  <img decoding=\"async\" width=\"120\" height=\"120\" src=\"http:\/\/dummyimage.com\/120x120&text=NO RESIZE\"  title='Chen Jie'  alt=''  class='tr_all'  \/>\t\t\t\t\t\t<\/a>\r\n\r\n\t\t\t\t\t\t<div class=\"author-info\">\r\n\r\n\t\t\t\t\t\t  <span class=\"author-name\" style=\"color:#ffffff\"  >Chen Jie<\/span>\r\n\t\t\t\t\t\t  <span class=\"author-position\"><\/span>\r\n\r\n\t\t\t\t\t\t<\/div>\r\n\r\n\t\t\t\t\t  <\/div>\r\n\r\n\t\t\t\t\t<\/div>\r\n\t\t\t\t\t<!-- \/Carousel Item -->\r\n\t\t\t\t<\/div>\r\n\t\t\t\t\t\r\n\t\t\t\t\t\r\n\t\t\t\t\r\n\t\t\t\t<div class=\"item-carousel\">\r\n\t\t\t\t\t<!-- Carousel Item -->\r\n\t\t\t\t\t<div class=\"testimonial\">\r\n\t\t\t\t\t  \r\n\t\t\t\t\t  <div class=\"testimonial-holder\" >\r\n\t\t\t\t\t\t<h6  style=\"color:#ffffff\" >Zhang Wei<\/h6>\r\n\t\t\t\t\t\t\r\n\t\t\t\t\t\t  <p  style=\"color:#ffffff\" >Nal\u00e9hav\u011b jsem pot\u0159eboval sm\u011bn\u00e1rensk\u00e9 slu\u017eby v RMB a tento obchod mi pomohl. Ceny byly konkurenceschopn\u00e9 a transakce prob\u011bhla rychle a bez probl\u00e9m\u016f. Person\u00e1l byl p\u0159\u00e1telsk\u00fd a profesion\u00e1ln\u00ed a provedl m\u011b cel\u00fdm procesem s lehkost\u00ed. ...<\/p>\r\n\t\t\t\t\t\t\r\n\t\t\t\t\t  <\/div>\r\n\r\n\t\t\t\t\t  <div class=\"author-box\">\r\n\r\n\t\t\t\t\t\t<a href=\"https:\/\/docsmath.com\/cs\/testimonials\/zhang-wei\/\" class=\"avatar\">\r\n\t\t\t\t\t\t  <img decoding=\"async\" width=\"120\" height=\"120\" src=\"http:\/\/dummyimage.com\/120x120&text=NO RESIZE\"  title='Zhang Wei'  alt=''  class='tr_all'  \/>\t\t\t\t\t\t<\/a>\r\n\r\n\t\t\t\t\t\t<div class=\"author-info\">\r\n\r\n\t\t\t\t\t\t  <span class=\"author-name\" style=\"color:#ffffff\"  >Zhang Wei<\/span>\r\n\t\t\t\t\t\t  <span class=\"author-position\"><\/span>\r\n\r\n\t\t\t\t\t\t<\/div>\r\n\r\n\t\t\t\t\t  <\/div>\r\n\r\n\t\t\t\t\t<\/div>\r\n\t\t\t\t\t<!-- \/Carousel Item -->\r\n\t\t\t\t<\/div>\r\n\t\t\t\t\t\r\n\t\t\t\t\t\r\n\t\t\t\t\r\n\t\t\t\t<div class=\"item-carousel\">\r\n\t\t\t\t\t<!-- Carousel Item -->\r\n\t\t\t\t\t<div class=\"testimonial\">\r\n\t\t\t\t\t  \r\n\t\t\t\t\t  <div class=\"testimonial-holder\" >\r\n\t\t\t\t\t\t<h6  style=\"color:#ffffff\" >Li Wei<\/h6>\r\n\t\t\t\t\t\t\r\n\t\t\t\t\t\t  <p  style=\"color:#ffffff\" >Z\u00edskat v tomto obchod\u011b pas a \u0159idi\u010dsk\u00fd pr\u016fkaz byla hra\u010dka! Cel\u00fd proces prob\u011bhl hladce a doklady byly doru\u010deny diskr\u00e9tn\u011b a v\u010das. Zpo\u010d\u00e1tku jsem byl skeptick\u00fd, ale kvalita dokument\u016f p\u0159ed\u010dila m\u00e9 o\u010dek\u00e1v\u00e1n\u00ed. ...<\/p>\r\n\t\t\t\t\t\t\r\n\t\t\t\t\t  <\/div>\r\n\r\n\t\t\t\t\t  <div class=\"author-box\">\r\n\r\n\t\t\t\t\t\t<a href=\"https:\/\/docsmath.com\/cs\/testimonials\/li-wei\/\" class=\"avatar\">\r\n\t\t\t\t\t\t  <img decoding=\"async\" width=\"120\" height=\"120\" src=\"http:\/\/dummyimage.com\/120x120&text=NO RESIZE\"  title='Li Wei'  alt=''  class='tr_all'  \/>\t\t\t\t\t\t<\/a>\r\n\r\n\t\t\t\t\t\t<div class=\"author-info\">\r\n\r\n\t\t\t\t\t\t  <span class=\"author-name\" style=\"color:#ffffff\"  >Li Wei<\/span>\r\n\t\t\t\t\t\t  <span class=\"author-position\"><\/span>\r\n\r\n\t\t\t\t\t\t<\/div>\r\n\r\n\t\t\t\t\t  <\/div>\r\n\r\n\t\t\t\t\t<\/div>\r\n\t\t\t\t\t<!-- \/Carousel Item -->\r\n\t\t\t\t<\/div>\r\n\t\t\t\t\t\r\n\t\t\t\t\t\r\n\t\t\t\t\t\t\t\r\n\t\t\t\r\n\t\t\t<\/div>\r\n\t\t\t<\/div>\r\n\t\t\t\r\n\t\t\t\t\t\t\r\n\t\t\t\r\n\t\t\t\r\n\t\t\t\r\n\t\t\t\t\r\n\t\t\t\r\n\t\t\t\r\n\t\t\t\r\n\t\t\t\r\n\t\t\t\r\n\t\t\t\r\n\t\t\t\r\n\t\t\t\r\n\t\t\t\r\n\t\t\t\r\n\t\t\t\r\n\t\t<\/div><!--\/ .testimonials-area-->\r\n\r\n\t\t\r\n\r\n\t\t<\/div><\/div><\/div><\/div><div class=\"vc_row-full-width\"><\/div><div class=\"clearfix\"><\/div><!-- Row Backgrounds --><div class=\"upb_bg_img\" data-ultimate-bg=\"url(https:\/\/docsmath.com\/wp-content\/uploads\/2019\/10\/testimonials-background.jpg)\" data-image-id=\"id^983|url^https:\/\/www.usefulphantom.com\/newssd\/wp-content\/uploads\/2019\/10\/testimonials-background.jpg|caption^null|alt^null|title^testimonials-background|description^null\" data-ultimate-bg-style=\"vcpb-default\" data-bg-img-repeat=\"no-repeat\" data-bg-img-size=\"cover\" data-bg-img-position=\"\" data-parallx_sense=\"30\" data-bg-override=\"0\" data-bg_img_attach=\"fixed\" data-upb-overlay-color=\"\" data-upb-bg-animation=\"\" data-fadeout=\"\" data-bg-animation=\"left-animation\" data-bg-animation-type=\"h\" data-animation-repeat=\"repeat\" data-fadeout-percentage=\"30\" data-parallax-content=\"\" data-parallax-content-sense=\"30\" data-row-effect-mobile-disable=\"true\" data-img-parallax-mobile-disable=\"true\" data-rtl=\"false\"  data-custom-vc-row=\"\"  data-vc=\"5.5.1\"  data-is_old_vc=\"\"  data-theme-support=\"\"   data-overlay=\"false\" data-overlay-color=\"\" data-overlay-pattern=\"\" data-overlay-pattern-opacity=\"\" data-overlay-pattern-size=\"\"    ><\/div><div  data-vc-full-width=\"true\" data-vc-full-width-init=\"false\" class=\"vc_row wpb_row vc_row-fluid clearfix vc_custom_1572460268764 vc_row-vc-full-width\"><div class=\"wpb_column vc_column_container vc_col-sm-6\"><div class=\"vc_column-inner\"><div class=\"wpb_wrapper\"><div class='wpb_custom_title wpb_content_element align-left'><h6 class='section-pre-title'  style='color:#aab3b6;'  >Z\u00edskat nab\u00eddku<\/h6><h2 class='section-title'  style='color:#2a2c32;'  >Po\u017e\u00e1dejte o bezplatnou nab\u00eddku!<\/h2><\/div>\n\t<div class=\"wpb_text_column wpb_content_element\">\n\t\t<div class=\"wpb_wrapper\">\n\t\t\t<p>Kontaktujte n\u00e1\u0161 t\u00fdm nebo vypl\u0148te formul\u00e1\u0159. Z\u00e1stupce v\u00e1s bude brzy kontaktovat.<\/p>\n<p>Na v\u0161echny va\u0161e telefon\u00e1ty, zpr\u00e1vy na WhatsApp a e-maily odpov\u00edme do 48-72 hodin. Oce\u0148ujeme va\u0161i trp\u011blivost a pochopen\u00ed.<\/p>\n\n\t\t<\/div> \n\t<\/div> \r\n\t\t<div class=\"contact-info-block\">\r\n\r\n\t\t\t\t\t\t\t<h5 class=\"fw-medium\">\u010c\u00ednsk\u00e1 kancel\u00e1\u0159<\/h5>\r\n\t\t\t\r\n\t\t\t<p>6 Ritan Rd, Chaoyang District, Peking 10060 (\u010c\u00cdNA)<\/p>\n\r\n\t\t\t<ul class=\"contact-info\">\r\n\r\n                <li><span class=\"licon-telephone\"><\/span> <a href=\"callto: 1 503-849-7993\">+1 503-849-7993<\/a><\/li>\r\n                <li><span class=\"licon-at-sign\"><\/span> <a href=\"mailto:contact@pronoveltydocs.com\">contact@pronoveltydocs.com<\/a><\/li>\r\n\r\n            <\/ul>\r\n\r\n\t\t<\/div><!--\/ .contact-info-block-->\r\n\r\n\t\t<\/div><\/div><\/div><div class=\"wpb_column vc_column_container vc_col-sm-6\"><div class=\"vc_column-inner\"><div class=\"wpb_wrapper\"><div role=\"form\" class=\"wpcf7\" id=\"wpcf7-f985-o1\" lang=\"en-US\" dir=\"ltr\">\n<div class=\"screen-reader-response\"><\/div>\n<form action=\"\/cs\/wp-json\/wp\/v2\/pages\/1197#wpcf7-f985-o1\" method=\"post\" class=\"wpcf7-form\" novalidate=\"novalidate\" data-trp-original-action=\"\/cs\/wp-json\/wp\/v2\/pages\/1197#wpcf7-f985-o1\">\n<div style=\"display: none;\">\n<input type=\"hidden\" name=\"_wpcf7\" value=\"985\" \/>\n<input type=\"hidden\" name=\"_wpcf7_version\" value=\"5.1.4\" \/>\n<input type=\"hidden\" name=\"_wpcf7_locale\" value=\"en_US\" \/>\n<input type=\"hidden\" name=\"_wpcf7_unit_tag\" value=\"wpcf7-f985-o1\" \/>\n<input type=\"hidden\" name=\"_wpcf7_container_post\" value=\"0\" \/>\n<\/div>\n<div class=\"form-style1 fx-cols-2\">\n<div class=\"form-column\"><span class=\"wpcf7-form-control-wrap text-325\"><input type=\"text\" name=\"text-325\" value=\"\" size=\"40\" class=\"wpcf7-form-control wpcf7-text wpcf7-validates-as-required\" aria-required=\"true\" aria-invalid=\"false\" placeholder=\"Va\u0161e jm\u00e9no.\" \/><\/span><\/div>\n<div class=\"form-column\"><span class=\"wpcf7-form-control-wrap email-453\"><input type=\"email\" name=\"email-453\" value=\"\" size=\"40\" class=\"wpcf7-form-control wpcf7-text wpcf7-email wpcf7-validates-as-required wpcf7-validates-as-email\" aria-required=\"true\" aria-invalid=\"false\" placeholder=\"Va\u0161e po\u0161ta\" \/><\/span><\/div>\n<div class=\"form-column\"><span class=\"wpcf7-form-control-wrap tel-411\"><input type=\"tel\" name=\"tel-411\" value=\"\" size=\"40\" class=\"wpcf7-form-control wpcf7-text wpcf7-tel wpcf7-validates-as-required wpcf7-validates-as-tel\" aria-required=\"true\" aria-invalid=\"false\" placeholder=\"telefonn\u00ed \u010d\u00edslo\" \/><\/span><\/div>\n<div class=\"form-column\"><span class=\"wpcf7-form-control-wrap text-328\"><input type=\"text\" name=\"text-328\" value=\"\" size=\"40\" class=\"wpcf7-form-control wpcf7-text wpcf7-validates-as-required\" aria-required=\"true\" aria-invalid=\"false\" placeholder=\"Va\u0161e zem\u011b.\" \/><\/span><\/div>\n<div class=\"form-column\"><span class=\"wpcf7-form-control-wrap text-329\"><input type=\"text\" name=\"text-329\" value=\"\" size=\"40\" class=\"wpcf7-form-control wpcf7-text wpcf7-validates-as-required\" aria-required=\"true\" aria-invalid=\"false\" placeholder=\"tematick\u00e9\" \/><\/span><\/div>\n<div class=\"form-column\"><span class=\"wpcf7-form-control-wrap text-330\"><input type=\"text\" name=\"text-330\" value=\"\" size=\"40\" class=\"wpcf7-form-control wpcf7-text wpcf7-validates-as-required\" aria-required=\"true\" aria-invalid=\"false\" placeholder=\"Odkaz na slu\u017eby\" \/><\/span><\/div>\n<div class=\"form-column-full\"><span class=\"wpcf7-form-control-wrap textarea-117\"><textarea name=\"textarea-117\" cols=\"40\" rows=\"4\" class=\"wpcf7-form-control wpcf7-textarea\" aria-invalid=\"false\" placeholder=\"informace\"><\/textarea><\/span><\/div>\n<div class=\"form-column-full align-left\"><input type=\"submit\" value=\"Odeslat zpr\u00e1vu\" class=\"wpcf7-form-control wpcf7-submit\" \/><\/div>\n<\/div>\n<div class=\"wpcf7-response-output wpcf7-display-none\"><\/div><input type=\"hidden\" name=\"trp-form-language\" value=\"cs\"\/><\/form><\/div><\/div><\/div><\/div><\/div><div class=\"vc_row-full-width\"><\/div><div class=\"clearfix\"><\/div>","protected":false},"excerpt":{"rendered":"\u901a\u8fc7 Docsmath.com \u786e\u4fdd\u60a8\u5728\u7ebf\u8d2d\u4e70\u4eba\u6c11\u5e01\u7684\u5b89\u5168 \u4f5c\u4e3a\u503c\u5f97\u4fe1\u8d56\u7684\u771f\u5047\u4eba\u6c11\u5e01\u4f9b\u5e94\u5546\uff0cDocsmath. [...]","protected":false},"author":1,"featured_media":0,"parent":0,"menu_order":0,"comment_status":"closed","ping_status":"closed","template":"","meta":{"_joinchat":[],"footnotes":""},"yoast_head":"<!-- This site is optimized with the Yoast SEO plugin v24.1 - https:\/\/yoast.com\/wordpress\/plugins\/seo\/ -->\n<title>\u4eba\u6c11\u5e01\u4e70\u5356 \u2013 \u5728\u7ebf\u8d2d\u4e70\u4eba\u6c11\u5e01 | DocsMath<\/title>\n<meta name=\"description\" content=\"\u60f3\u5728\u7f51\u4e0a\u8d2d\u4e70\u4eba\u6c11\u5e01\uff1f\u4e86\u89e3\u5408\u6cd5\u7684\u8d27\u5e01\u5151\u6362\u65b9\u5f0f\uff0c\u907f\u514d\u843d\u5165\u5047\u5e01\u6216\u975e\u6cd5\u8d27\u5e01\u4ea4\u6613\u7684\u9677\u9631\u3002\" \/>\n<meta name=\"robots\" content=\"index, follow, max-snippet:-1, max-image-preview:large, max-video-preview:-1\" \/>\n<link rel=\"canonical\" href=\"https:\/\/docsmath.com\/cs\/koupit-dolary-a-eura-online\/\" \/>\n<meta property=\"og:locale\" content=\"cs_CZ\" \/>\n<meta property=\"og:type\" content=\"article\" \/>\n<meta property=\"og:title\" content=\"\u4eba\u6c11\u5e01\u4e70\u5356 \u2013 \u5728\u7ebf\u8d2d\u4e70\u4eba\u6c11\u5e01 | DocsMath\" \/>\n<meta property=\"og:description\" content=\"\u60f3\u5728\u7f51\u4e0a\u8d2d\u4e70\u4eba\u6c11\u5e01\uff1f\u4e86\u89e3\u5408\u6cd5\u7684\u8d27\u5e01\u5151\u6362\u65b9\u5f0f\uff0c\u907f\u514d\u843d\u5165\u5047\u5e01\u6216\u975e\u6cd5\u8d27\u5e01\u4ea4\u6613\u7684\u9677\u9631\u3002\" \/>\n<meta property=\"og:url\" content=\"https:\/\/docsmath.com\/cs\/koupit-dolary-a-eura-online\/\" \/>\n<meta property=\"og:site_name\" content=\"DocsMath\" \/>\n<meta property=\"article:modified_time\" content=\"2026-03-28T04:42:16+00:00\" \/>\n<meta name=\"twitter:card\" content=\"summary_large_image\" \/>\n<meta name=\"twitter:label1\" content=\"Odhadovan\u00e1 doba \u010dten\u00ed\" \/>\n\t<meta name=\"twitter:data1\" content=\"1 minuta\" \/>\n<script type=\"application\/ld+json\" class=\"yoast-schema-graph\">{\"@context\":\"https:\/\/schema.org\",\"@graph\":[{\"@type\":\"WebPage\",\"@id\":\"https:\/\/docsmath.com\/%e5%9c%a8%e7%ba%bf%e8%b4%ad%e4%b9%b0%e4%ba%ba%e6%b0%91%e5%b8%81\/\",\"url\":\"https:\/\/docsmath.com\/%e5%9c%a8%e7%ba%bf%e8%b4%ad%e4%b9%b0%e4%ba%ba%e6%b0%91%e5%b8%81\/\",\"name\":\"\u4eba\u6c11\u5e01\u4e70\u5356 \u2013 \u5728\u7ebf\u8d2d\u4e70\u4eba\u6c11\u5e01 | DocsMath\",\"isPartOf\":{\"@id\":\"https:\/\/docsmath.com\/#website\"},\"datePublished\":\"2024-02-26T11:53:46+00:00\",\"dateModified\":\"2026-03-28T04:42:16+00:00\",\"description\":\"\u60f3\u5728\u7f51\u4e0a\u8d2d\u4e70\u4eba\u6c11\u5e01\uff1f\u4e86\u89e3\u5408\u6cd5\u7684\u8d27\u5e01\u5151\u6362\u65b9\u5f0f\uff0c\u907f\u514d\u843d\u5165\u5047\u5e01\u6216\u975e\u6cd5\u8d27\u5e01\u4ea4\u6613\u7684\u9677\u9631\u3002\",\"breadcrumb\":{\"@id\":\"https:\/\/docsmath.com\/%e5%9c%a8%e7%ba%bf%e8%b4%ad%e4%b9%b0%e4%ba%ba%e6%b0%91%e5%b8%81\/#breadcrumb\"},\"inLanguage\":\"cs\",\"potentialAction\":[{\"@type\":\"ReadAction\",\"target\":[\"https:\/\/docsmath.com\/%e5%9c%a8%e7%ba%bf%e8%b4%ad%e4%b9%b0%e4%ba%ba%e6%b0%91%e5%b8%81\/\"]}]},{\"@type\":\"BreadcrumbList\",\"@id\":\"https:\/\/docsmath.com\/%e5%9c%a8%e7%ba%bf%e8%b4%ad%e4%b9%b0%e4%ba%ba%e6%b0%91%e5%b8%81\/#breadcrumb\",\"itemListElement\":[{\"@type\":\"ListItem\",\"position\":1,\"name\":\"Home\",\"item\":\"https:\/\/docsmath.com\/\"},{\"@type\":\"ListItem\",\"position\":2,\"name\":\"\u5728\u7ebf\u8d2d\u4e70\u4eba\u6c11\u5e01\"}]},{\"@type\":\"WebSite\",\"@id\":\"https:\/\/docsmath.com\/#website\",\"url\":\"https:\/\/docsmath.com\/\",\"name\":\"DocsMath\",\"description\":\"#1 Place to Buy Documents &amp; Chemical Products\",\"potentialAction\":[{\"@type\":\"SearchAction\",\"target\":{\"@type\":\"EntryPoint\",\"urlTemplate\":\"https:\/\/docsmath.com\/?s={search_term_string}\"},\"query-input\":{\"@type\":\"PropertyValueSpecification\",\"valueRequired\":true,\"valueName\":\"search_term_string\"}}],\"inLanguage\":\"cs\"}]}<\/script>\n<!-- \/ Yoast SEO plugin. -->","yoast_head_json":{"title":"\u4eba\u6c11\u5e01\u4e70\u5356 \u2013 \u5728\u7ebf\u8d2d\u4e70\u4eba\u6c11\u5e01 | DocsMath","description":"\u60f3\u5728\u7f51\u4e0a\u8d2d\u4e70\u4eba\u6c11\u5e01\uff1f\u4e86\u89e3\u5408\u6cd5\u7684\u8d27\u5e01\u5151\u6362\u65b9\u5f0f\uff0c\u907f\u514d\u843d\u5165\u5047\u5e01\u6216\u975e\u6cd5\u8d27\u5e01\u4ea4\u6613\u7684\u9677\u9631\u3002","robots":{"index":"index","follow":"follow","max-snippet":"max-snippet:-1","max-image-preview":"max-image-preview:large","max-video-preview":"max-video-preview:-1"},"canonical":"https:\/\/docsmath.com\/cs\/koupit-dolary-a-eura-online\/","og_locale":"cs_CZ","og_type":"article","og_title":"\u4eba\u6c11\u5e01\u4e70\u5356 \u2013 \u5728\u7ebf\u8d2d\u4e70\u4eba\u6c11\u5e01 | DocsMath","og_description":"\u60f3\u5728\u7f51\u4e0a\u8d2d\u4e70\u4eba\u6c11\u5e01\uff1f\u4e86\u89e3\u5408\u6cd5\u7684\u8d27\u5e01\u5151\u6362\u65b9\u5f0f\uff0c\u907f\u514d\u843d\u5165\u5047\u5e01\u6216\u975e\u6cd5\u8d27\u5e01\u4ea4\u6613\u7684\u9677\u9631\u3002","og_url":"https:\/\/docsmath.com\/cs\/koupit-dolary-a-eura-online\/","og_site_name":"DocsMath","article_modified_time":"2026-03-28T04:42:16+00:00","twitter_card":"summary_large_image","twitter_misc":{"Odhadovan\u00e1 doba \u010dten\u00ed":"1 minuta"},"schema":{"@context":"https:\/\/schema.org","@graph":[{"@type":"WebPage","@id":"https:\/\/docsmath.com\/%e5%9c%a8%e7%ba%bf%e8%b4%ad%e4%b9%b0%e4%ba%ba%e6%b0%91%e5%b8%81\/","url":"https:\/\/docsmath.com\/%e5%9c%a8%e7%ba%bf%e8%b4%ad%e4%b9%b0%e4%ba%ba%e6%b0%91%e5%b8%81\/","name":"\u4eba\u6c11\u5e01\u4e70\u5356 \u2013 \u5728\u7ebf\u8d2d\u4e70\u4eba\u6c11\u5e01 | DocsMath","isPartOf":{"@id":"https:\/\/docsmath.com\/#website"},"datePublished":"2024-02-26T11:53:46+00:00","dateModified":"2026-03-28T04:42:16+00:00","description":"\u60f3\u5728\u7f51\u4e0a\u8d2d\u4e70\u4eba\u6c11\u5e01\uff1f\u4e86\u89e3\u5408\u6cd5\u7684\u8d27\u5e01\u5151\u6362\u65b9\u5f0f\uff0c\u907f\u514d\u843d\u5165\u5047\u5e01\u6216\u975e\u6cd5\u8d27\u5e01\u4ea4\u6613\u7684\u9677\u9631\u3002","breadcrumb":{"@id":"https:\/\/docsmath.com\/%e5%9c%a8%e7%ba%bf%e8%b4%ad%e4%b9%b0%e4%ba%ba%e6%b0%91%e5%b8%81\/#breadcrumb"},"inLanguage":"cs","potentialAction":[{"@type":"ReadAction","target":["https:\/\/docsmath.com\/%e5%9c%a8%e7%ba%bf%e8%b4%ad%e4%b9%b0%e4%ba%ba%e6%b0%91%e5%b8%81\/"]}]},{"@type":"BreadcrumbList","@id":"https:\/\/docsmath.com\/%e5%9c%a8%e7%ba%bf%e8%b4%ad%e4%b9%b0%e4%ba%ba%e6%b0%91%e5%b8%81\/#breadcrumb","itemListElement":[{"@type":"ListItem","position":1,"name":"Home","item":"https:\/\/docsmath.com\/"},{"@type":"ListItem","position":2,"name":"\u5728\u7ebf\u8d2d\u4e70\u4eba\u6c11\u5e01"}]},{"@type":"WebSite","@id":"https:\/\/docsmath.com\/#website","url":"https:\/\/docsmath.com\/","name":"DocsMath","description":"#1 Place to Buy Documents &amp; Chemical Products","potentialAction":[{"@type":"SearchAction","target":{"@type":"EntryPoint","urlTemplate":"https:\/\/docsmath.com\/?s={search_term_string}"},"query-input":{"@type":"PropertyValueSpecification","valueRequired":true,"valueName":"search_term_string"}}],"inLanguage":"cs"}]}},"_links":{"self":[{"href":"https:\/\/docsmath.com\/cs\/wp-json\/wp\/v2\/pages\/1197"}],"collection":[{"href":"https:\/\/docsmath.com\/cs\/wp-json\/wp\/v2\/pages"}],"about":[{"href":"https:\/\/docsmath.com\/cs\/wp-json\/wp\/v2\/types\/page"}],"author":[{"embeddable":true,"href":"https:\/\/docsmath.com\/cs\/wp-json\/wp\/v2\/users\/1"}],"replies":[{"embeddable":true,"href":"https:\/\/docsmath.com\/cs\/wp-json\/wp\/v2\/comments?post=1197"}],"version-history":[{"count":5,"href":"https:\/\/docsmath.com\/cs\/wp-json\/wp\/v2\/pages\/1197\/revisions"}],"predecessor-version":[{"id":1417,"href":"https:\/\/docsmath.com\/cs\/wp-json\/wp\/v2\/pages\/1197\/revisions\/1417"}],"wp:attachment":[{"href":"https:\/\/docsmath.com\/cs\/wp-json\/wp\/v2\/media?parent=1197"}],"curies":[{"name":"wp","href":"https:\/\/api.w.org\/{rel}","templated":true}]}}